{"id":996,"date":"2025-03-15T21:08:06","date_gmt":"2025-03-15T21:08:06","guid":{"rendered":"https:\/\/keysdock.com\/?post_type=product&#038;p=996"},"modified":"2025-10-19T07:36:12","modified_gmt":"2025-10-19T07:36:12","slug":"avast-cleanup-premium-2025-1-dispositivo-1-ano-licencia","status":"publish","type":"product","link":"https:\/\/keysdock.tajnaveza.net\/es\/producto\/avast-cleanup-premium-2025-1-dispositivo-1-ano-licencia\/","title":{"rendered":"Avast Cleanup Premium 2025 | 1 dispositivo - 1 a\u00f1o| Key Licencia"},"content":{"rendered":"<p><strong>Avast Cleanup Premium - Optimiza y acelera tu PC sin esfuerzo<\/strong><\/p>\n<h3><strong>Descripci\u00f3n<\/strong><\/h3>\n<p>Avast Cleanup Premium es un <strong>herramienta avanzada de optimizaci\u00f3n del PC<\/strong> dise\u00f1ado para <strong>limpiar archivos basura, aumentar el rendimiento y solucionar problemas<\/strong> que ralentizan tu ordenador. Con <strong>mantenimiento automatizado, supervisi\u00f3n en tiempo real y limpieza a fondo<\/strong>ayuda a mantener su <strong>PC con Windows que funciona r\u00e1pido, sin problemas y sin desorden<\/strong>.<\/p>\n<p>Eliminando <strong>archivos innecesarios, aplicaciones obsoletas e hinchaz\u00f3n del registro.<\/strong>Avast Cleanup Premium <strong>prolonga la duraci\u00f3n de la bater\u00eda, reduce los bloqueos y mejora la eficiencia general del sistema<\/strong>.<\/p>\n<h3><strong>Caracter\u00edsticas principales<\/strong><\/h3>\n<p>\u2705 <strong>Limpiador de archivos basura y cach\u00e9<\/strong> - <strong>Elimina los archivos temporales, la cach\u00e9 del navegador y el desorden del sistema.<\/strong> para liberar almacenamiento.<br \/>\n\u2705 <strong>PC Speed Booster<\/strong> - <strong>Desactiva las aplicaciones de inicio, los procesos en segundo plano y el bloatware innecesarios.<\/strong> para que tu PC funcione m\u00e1s r\u00e1pido.<br \/>\n\u2705 <strong>Mantenimiento autom\u00e1tico<\/strong> - <strong>Escanea y limpia regularmente<\/strong> basura del sistema, cookies de rastreo y entradas de registro rotas.<br \/>\n\u2705 <strong>Modo de reposo para aplicaciones<\/strong> - <strong>Pone en pausa los programas no utilizados<\/strong> para mejorar el rendimiento sin desinstalarlos.<br \/>\n\u2705 <strong>Limpiador del Registro<\/strong> - <strong>Corrige entradas de registro rotas o da\u00f1adas<\/strong> para reducir las ca\u00eddas y los errores del sistema.<br \/>\n\u2705 <strong>Desinstalador de Bloatware<\/strong> - <strong>Detecta y elimina programas no deseados, barras de herramientas y software preinstalado.<\/strong>.<br \/>\n\u2705 <strong>Limpiador de accesos directos<\/strong> - <strong>Elimina los accesos directos rotos del escritorio<\/strong> y las entradas obsoletas del sistema.<br \/>\n\u2705 <strong>Desfragmentaci\u00f3n y optimizaci\u00f3n de disco<\/strong> - <strong>Optimiza la ubicaci\u00f3n de los archivos<\/strong> para una respuesta m\u00e1s r\u00e1pida del sistema.<br \/>\n\u2705 <strong>Extensor de vida de la bater\u00eda<\/strong> - <strong>Optimiza el consumo de energ\u00eda<\/strong> para prolongar la duraci\u00f3n de la bater\u00eda del port\u00e1til.<br \/>\n\u2705 <strong>Actualizaciones y alertas en tiempo real<\/strong> - <strong>Supervisa el rendimiento del sistema<\/strong> y <strong>le notifica posibles problemas<\/strong>.<\/p>\n<h3><strong>Requisitos m\u00ednimos del sistema<\/strong><\/h3>\n<ul>\n<li><strong>Procesador<\/strong>: 1 GHz o superior<\/li>\n<li><strong>RAM<\/strong>M\u00ednimo 256 MB<\/li>\n<li><strong>Almacenamiento<\/strong>2 GB de espacio disponible en disco<\/li>\n<li><strong>Sistema operativo<\/strong>: Windows 11, Windows 10, Windows 8.1, Windows 8, Windows 7 (SP1)<\/li>\n<li><strong>Conexi\u00f3n a Internet<\/strong>: Necesario para la activaci\u00f3n, las actualizaciones y la exploraci\u00f3n basada en la nube.<\/li>\n<\/ul>\n<h3><strong>\u00bfPor qu\u00e9 elegir Avast Cleanup Premium?<\/strong><\/h3>\n<p>\ud83d\udd39 <strong>Aumenta la velocidad y el rendimiento del PC<\/strong> - <strong>Optimiza los recursos del sistema<\/strong> para una experiencia inform\u00e1tica m\u00e1s r\u00e1pida.<br \/>\n\ud83d\udd39 <strong>Libera espacio en disco<\/strong> - <strong>Elimina archivos basura, cach\u00e9s y registros antiguos del sistema.<\/strong> para recuperar el almacenamiento.<br \/>\n\ud83d\udd39 <strong>Soluciona problemas comunes de Windows<\/strong> - <strong>Repara errores de registro, accesos directos rotos y problemas de bloatware.<\/strong>.<br \/>\n\ud83d\udd39 <strong>Mejora la duraci\u00f3n de la bater\u00eda<\/strong> - <strong>Optimiza el uso de la energ\u00eda para prolongar el rendimiento de la bater\u00eda del port\u00e1til<\/strong>.<br \/>\n\ud83d\udd39 <strong>Mantenimiento seguro y automatizado<\/strong> - <strong>Ejecuta tareas de limpieza autom\u00e1ticas<\/strong> sin interrumpir tu flujo de trabajo.<\/p>\n<p>Actualizar a <strong>Avast Cleanup Premium<\/strong> hoy y <strong>disfrutar de un PC m\u00e1s r\u00e1pido, con mayor capacidad de respuesta y sin desorden<\/strong>\u00a1! \ud83d\ude80\ud83d\udee0\ufe0f\ud83d\udcbb<\/p>","protected":false},"excerpt":{"rendered":"<p>Avast Cleanup Premium \u2013 Optimize &amp; Speed Up Your PC Effortlessly Description Avast Cleanup Premium is an advanced PC optimization tool designed to clean up junk files, boost performance, and fix issues that slow down your computer. With automated maintenance, real-time monitoring, and deep cleaning capabilities, it helps keep your Windows PC running fast, smooth, [&hellip;]<\/p>","protected":false},"featured_media":1022,"comment_status":"open","ping_status":"closed","template":"","meta":{"_gspb_post_css":""},"product_brand":[],"product_cat":[76],"product_tag":[79],"class_list":{"0":"post-996","1":"product","2":"type-product","3":"status-publish","4":"has-post-thumbnail","6":"product_cat-antivirus","7":"product_tag-avast","9":"first","10":"instock","11":"shipping-taxable","12":"product-type-external"},"_links":{"self":[{"href":"https:\/\/keysdock.tajnaveza.net\/es\/wp-json\/wp\/v2\/product\/996","targetHints":{"allow":["GET"]}}],"collection":[{"href":"https:\/\/keysdock.tajnaveza.net\/es\/wp-json\/wp\/v2\/product"}],"about":[{"href":"https:\/\/keysdock.tajnaveza.net\/es\/wp-json\/wp\/v2\/types\/product"}],"replies":[{"embeddable":true,"href":"https:\/\/keysdock.tajnaveza.net\/es\/wp-json\/wp\/v2\/comments?post=996"}],"wp:featuredmedia":[{"embeddable":true,"href":"https:\/\/keysdock.tajnaveza.net\/es\/wp-json\/wp\/v2\/media\/1022"}],"wp:attachment":[{"href":"https:\/\/keysdock.tajnaveza.net\/es\/wp-json\/wp\/v2\/media?parent=996"}],"wp:term":[{"taxonomy":"product_brand","embeddable":true,"href":"https:\/\/keysdock.tajnaveza.net\/es\/wp-json\/wp\/v2\/product_brand?post=996"},{"taxonomy":"product_cat","embeddable":true,"href":"https:\/\/keysdock.tajnaveza.net\/es\/wp-json\/wp\/v2\/product_cat?post=996"},{"taxonomy":"product_tag","embeddable":true,"href":"https:\/\/keysdock.tajnaveza.net\/es\/wp-json\/wp\/v2\/product_tag?post=996"}],"curies":[{"name":"wp","href":"https:\/\/api.w.org\/{rel}","templated":true}]}}