{"id":997,"date":"2025-03-15T21:08:06","date_gmt":"2025-03-15T21:08:06","guid":{"rendered":"https:\/\/keysdock.com\/?post_type=product&#038;p=997"},"modified":"2025-10-19T07:35:54","modified_gmt":"2025-10-19T07:35:54","slug":"bitdefender-total-security-2025-5-dispositivos-1-ano-licencia","status":"publish","type":"product","link":"https:\/\/keysdock.tajnaveza.net\/es\/producto\/bitdefender-total-security-2025-5-dispositivos-1-ano-licencia\/","title":{"rendered":"BitDefender Total Security 2025 | 5 dispositivos - 1 a\u00f1o| Key Licencia"},"content":{"rendered":"<p><strong>Compra clave BitDefender Total Security 2025 para 5 dispositivos (1 a\u00f1o) al mejor precio. Protecci\u00f3n total.<\/strong><\/p>\n<h3><strong>Descripci\u00f3n<\/strong><\/h3>\n<p>Bitdefender Total Security es un <strong>soluci\u00f3n de ciberseguridad avanzada y multicapa<\/strong> dise\u00f1ado para <strong>proteja sus dispositivos de virus, malware, ransomware, phishing y amenazas en l\u00ednea<\/strong>. En <strong>compatibilidad multiplataforma<\/strong>asegura <strong>Windows, macOS, Android e iOS<\/strong> dispositivos, garantizando <strong>privacidad total, protecci\u00f3n de la identidad y optimizaci\u00f3n del rendimiento<\/strong>.<\/p>\n<p>Equipado con <strong>Detecci\u00f3n de amenazas basada en IA, seguridad en tiempo real y VPN integrada<\/strong>Bitdefender Total Security ofrece <strong>ciberseguridad de alto nivel sin comprometer la velocidad ni la facilidad de uso<\/strong>.<\/p>\n<h3><strong>Caracter\u00edsticas principales<\/strong><\/h3>\n<p>\u2705 <strong>Protecci\u00f3n multicapa<\/strong> - Bloques de detecci\u00f3n basados en IA <strong>malware, ransomware, spyware y rootkits<\/strong> antes de que puedan infectar tu dispositivo.<br \/>\n\u2705 <strong>Seguridad multiplataforma<\/strong> - Trabaja en <strong>Windows, macOS, Android e iOS<\/strong>que ofrece una protecci\u00f3n completa en todos los dispositivos.<br \/>\n\u2705 <strong>Protecci\u00f3n avanzada contra ransomware<\/strong> - Evita <strong>cifrado no autorizado de archivos<\/strong> con supervisi\u00f3n del comportamiento en tiempo real.<br \/>\n\u2705 <strong>Protecci\u00f3n web y antiphishing<\/strong> - Bloques <strong>sitios web peligrosos, estafas y sitios bancarios fraudulentos<\/strong>.<br \/>\n\u2705 <strong>VPN integrada (200 MB\/d\u00eda)<\/strong> - <strong>Cifra el tr\u00e1fico de Internet<\/strong> para una navegaci\u00f3n an\u00f3nima y segura.<br \/>\n\u2705 <strong>Control parental<\/strong> - Supervise y limite el tiempo de pantalla, haga un seguimiento de las actividades en l\u00ednea de su hijo y filtre los contenidos inapropiados.<br \/>\n\u2705 <strong>Antirrobo y seguimiento de dispositivos<\/strong> - Localice, bloquee o borre a distancia dispositivos perdidos o robados.<br \/>\n\u2705 <strong>Cortafuegos y protecci\u00f3n de redes<\/strong> - Evita el acceso no autorizado a tu sistema y protege las conexiones Wi-Fi p\u00fablicas.<br \/>\n\u2705 <strong>Protecci\u00f3n de c\u00e1mara web y micr\u00f3fono<\/strong> - Bloques <strong>acceso no autorizado<\/strong> a tu c\u00e1mara y micr\u00f3fono para mayor privacidad.<br \/>\n\u2705 <strong>Modo Piloto Autom\u00e1tico<\/strong> - Basado en IA <strong>detecci\u00f3n y resoluci\u00f3n autom\u00e1tica de amenazas<\/strong> sin intervenci\u00f3n del usuario.<br \/>\n\u2705 <strong>Impacto m\u00ednimo en el sistema<\/strong> - Optimizado para ofrecer velocidad y rendimiento, lo que garantiza un funcionamiento fluido del dispositivo.<br \/>\n\u2705 <strong>Gestor de contrase\u00f1as<\/strong> - Almacene de forma segura y rellene autom\u00e1ticamente las credenciales de las cuentas en l\u00ednea.<\/p>\n<h3><strong>Requisitos m\u00ednimos del sistema<\/strong><\/h3>\n<h4><strong>Windows<\/strong><\/h4>\n<ul>\n<li><strong>Procesador<\/strong>: Doble n\u00facleo a 1,6 GHz o superior<\/li>\n<li><strong>RAM<\/strong>: 2 GB m\u00ednimo<\/li>\n<li><strong>Almacenamiento<\/strong>2,5 GB de espacio libre en disco<\/li>\n<li><strong>Sistema operativo<\/strong>: Windows 11, Windows 10, Windows 8.1, Windows 7 (SP1)<\/li>\n<li><strong>Conexi\u00f3n a Internet<\/strong>: Necesario para la activaci\u00f3n y las actualizaciones<\/li>\n<\/ul>\n<h4><strong>macOS<\/strong><\/h4>\n<ul>\n<li><strong>Procesador<\/strong>: Mac basado en Intel o Apple Silicon (M1\/M2)<\/li>\n<li><strong>RAM<\/strong>: 2 GB m\u00ednimo<\/li>\n<li><strong>Almacenamiento<\/strong>: 1 GB de espacio disponible en disco<\/li>\n<li><strong>Sistema operativo<\/strong>macOS 10.10 (Yosemite) o posterior<\/li>\n<\/ul>\n<h4><strong>Android<\/strong><\/h4>\n<ul>\n<li><strong>Sistema operativo<\/strong>: Android 5.0 o posterior<\/li>\n<li><strong>Conexi\u00f3n a Internet<\/strong>: Necesario para la activaci\u00f3n y la protecci\u00f3n en tiempo real<\/li>\n<\/ul>\n<h4><strong>iOS (funciones limitadas)<\/strong><\/h4>\n<ul>\n<li><strong>Sistema operativo<\/strong>iOS 12.0 o posterior<\/li>\n<li><strong>Caracter\u00edsticas disponibles<\/strong>: Protecci\u00f3n web, antirrobo, VPN y supervisi\u00f3n de la privacidad de la cuenta<\/li>\n<\/ul>\n<h3><strong>\u00bfPor qu\u00e9 elegir Bitdefender Total Security?<\/strong><\/h3>\n<p>\ud83d\udd39 <strong>Protecci\u00f3n todo en uno<\/strong> - Seguro <strong>PC, Mac, tel\u00e9fonos inteligentes y tabletas<\/strong> con una suscripci\u00f3n.<br \/>\n\ud83d\udd39 <strong>Seguridad basada en IA<\/strong> - Protecci\u00f3n en tiempo real con <strong>detecci\u00f3n de amenazas conductuales<\/strong>.<br \/>\n\ud83d\udd39 <strong>Privacidad y seguridad en l\u00ednea<\/strong> - <strong>Protecci\u00f3n de VPN, webcam y micr\u00f3fono<\/strong> para una privacidad total.<br \/>\n\ud83d\udd39 <strong>Control parental y antirrobo<\/strong> - Mantenga a sus hijos y dispositivos <strong>a salvo de los peligros de internet<\/strong>.<br \/>\n\ud83d\udd39 <strong>Impacto m\u00ednimo en el sistema<\/strong> - <strong>Optimizado para la velocidad<\/strong> sin ralentizar tus dispositivos.<\/p>\n<p>Actualizar a <strong>Bitdefender Total Security<\/strong> hoy para <strong>protecci\u00f3n digital y privacidad completas en todos sus dispositivos<\/strong>\u00a1! \ud83d\ude80\ud83d\udee1\ufe0f\ud83d\udd12<\/p>","protected":false},"excerpt":{"rendered":"<p>Bitdefender Total Security \u2013 All-in-One Protection for Your Digital Life Description Bitdefender Total Security is an advanced, multi-layered cybersecurity solution designed to protect your devices from viruses, malware, ransomware, phishing, and online threats. With cross-platform support, it secures Windows, macOS, Android, and iOS devices, ensuring complete privacy, identity protection, and performance optimization. Equipped with AI-powered [&hellip;]<\/p>","protected":false},"featured_media":1023,"comment_status":"open","ping_status":"closed","template":"","meta":{"_gspb_post_css":""},"product_brand":[],"product_cat":[76],"product_tag":[80],"class_list":{"0":"post-997","1":"product","2":"type-product","3":"status-publish","4":"has-post-thumbnail","6":"product_cat-antivirus","7":"product_tag-bitdefender","9":"first","10":"instock","11":"shipping-taxable","12":"product-type-external"},"_links":{"self":[{"href":"https:\/\/keysdock.tajnaveza.net\/es\/wp-json\/wp\/v2\/product\/997","targetHints":{"allow":["GET"]}}],"collection":[{"href":"https:\/\/keysdock.tajnaveza.net\/es\/wp-json\/wp\/v2\/product"}],"about":[{"href":"https:\/\/keysdock.tajnaveza.net\/es\/wp-json\/wp\/v2\/types\/product"}],"replies":[{"embeddable":true,"href":"https:\/\/keysdock.tajnaveza.net\/es\/wp-json\/wp\/v2\/comments?post=997"}],"wp:featuredmedia":[{"embeddable":true,"href":"https:\/\/keysdock.tajnaveza.net\/es\/wp-json\/wp\/v2\/media\/1023"}],"wp:attachment":[{"href":"https:\/\/keysdock.tajnaveza.net\/es\/wp-json\/wp\/v2\/media?parent=997"}],"wp:term":[{"taxonomy":"product_brand","embeddable":true,"href":"https:\/\/keysdock.tajnaveza.net\/es\/wp-json\/wp\/v2\/product_brand?post=997"},{"taxonomy":"product_cat","embeddable":true,"href":"https:\/\/keysdock.tajnaveza.net\/es\/wp-json\/wp\/v2\/product_cat?post=997"},{"taxonomy":"product_tag","embeddable":true,"href":"https:\/\/keysdock.tajnaveza.net\/es\/wp-json\/wp\/v2\/product_tag?post=997"}],"curies":[{"name":"wp","href":"https:\/\/api.w.org\/{rel}","templated":true}]}}