{"id":998,"date":"2025-03-15T21:08:06","date_gmt":"2025-03-15T21:08:06","guid":{"rendered":"https:\/\/keysdock.com\/?post_type=product&#038;p=998"},"modified":"2026-02-16T05:49:37","modified_gmt":"2026-02-16T05:49:37","slug":"bitdefender-antivirus-plus-2025-1-dispositivo-1-ano-licencia","status":"publish","type":"product","link":"https:\/\/keysdock.tajnaveza.net\/es\/producto\/bitdefender-antivirus-plus-2025-1-dispositivo-1-ano-licencia\/","title":{"rendered":"BitDefender Antivirus Plus 2025 | 1 dispositivo - 1 a\u00f1o| Key Licencia"},"content":{"rendered":"<p><strong>Compra clave de licencia BitDefender Antivirus Plus 2025 para 1 dispositivo (1 a\u00f1o) al mejor precio. Protecci\u00f3n b\u00e1sica.<\/strong><\/p>\n<h3><strong>Descripci\u00f3n<\/strong><\/h3>\n<p>Bitdefender Antivirus Plus es un <strong>soluci\u00f3n de seguridad ligera, potente y basada en IA<\/strong> dise\u00f1ado para <strong>Usuarios de Windows<\/strong> que necesitan <strong>protecci\u00f3n en tiempo real contra virus, malware, ransomware, phishing y amenazas en l\u00ednea<\/strong>. Ofrece <strong>funciones avanzadas de ciberseguridad<\/strong>incluyendo <strong>protecci\u00f3n multicapa contra ransomware, una VPN segura y herramientas antiphishing.<\/strong>Todo ello garantizando <strong>impacto m\u00ednimo en el rendimiento del sistema<\/strong>.<\/p>\n<p>Con <strong>detecci\u00f3n autom\u00e1tica de amenazas y seguridad web mejorada<\/strong>Bitdefender Antivirus Plus es perfecto para <strong>usuarios habituales<\/strong> que quieren un <strong>r\u00e1pido, seguro y sin preocupaciones<\/strong> experiencia inform\u00e1tica.<\/p>\n<h3><strong>Caracter\u00edsticas principales<\/strong><\/h3>\n<p>\u2705 <strong>Detecci\u00f3n de amenazas en tiempo real<\/strong> - Bloques <strong>virus, troyanos, spyware y malware avanzado<\/strong> antes de que puedan infectar su sistema.<br \/>\n\u2705 <strong>Protecci\u00f3n avanzada contra ransomware<\/strong> - La defensa multicapa evita <strong>cifrado de archivos y ataques de ransomware<\/strong>.<br \/>\n\u2705 <strong>Protecci\u00f3n web y antiphishing<\/strong> - Bloques <strong>sitios bancarios falsos, estafas de phishing y fraude en l\u00ednea<\/strong>.<br \/>\n\u2705 <strong>Bitdefender VPN (200MB\/D\u00eda)<\/strong> - Cifra el tr\u00e1fico de Internet para <strong>navegaci\u00f3n segura y privada<\/strong>.<br \/>\n\u2705 <strong>Anti-Tracker<\/strong> - Evita que los sitios web rastreen su comportamiento de navegaci\u00f3n y recopilen datos personales.<br \/>\n\u2705 <strong>Seguridad de la banca en l\u00ednea (Safepay\u2122)<\/strong> - Protege <strong>transacciones financieras y compras en l\u00ednea<\/strong> de las ciberamenazas.<br \/>\n\u2705 <strong>Modo Rescate<\/strong> - Elimina <strong>malware persistente, rootkits e infecciones del sector de arranque<\/strong> ejecutando un an\u00e1lisis seguro antes de iniciar el sistema.<br \/>\n\u2705 <strong>Piloto autom\u00e1tico y seguridad basada en inteligencia artificial<\/strong> - Autom\u00e1ticamente <strong>detecta y neutraliza<\/strong> amenazas a la seguridad sin intervenci\u00f3n manual.<br \/>\n\u2705 <strong>Impacto m\u00ednimo en el sistema<\/strong> - <strong>Velocidad y rendimiento optimizados<\/strong>para evitar ralentizaciones durante los juegos o la multitarea.<br \/>\n\u2705 <strong>Defensa contra malware en varios niveles<\/strong> - Usos <strong>an\u00e1lisis heur\u00edstico, exploraci\u00f3n basada en la nube y detecci\u00f3n de comportamientos<\/strong> para detener las amenazas de d\u00eda cero.<br \/>\n\u2705 <strong>Gestor de contrase\u00f1as<\/strong> - Almacenamiento seguro y autorrelleno <strong>credenciales de acceso<\/strong> para todas sus cuentas.<br \/>\n\u2705 <strong>Esc\u00e1ner de vulnerabilidades<\/strong> - Detecta <strong>software obsoleto, contrase\u00f1as d\u00e9biles y vulnerabilidades del sistema<\/strong> antes de que se conviertan en riesgos para la seguridad.<\/p>\n<h3><strong>Requisitos m\u00ednimos del sistema<\/strong><\/h3>\n<ul>\n<li><strong>Procesador<\/strong>: Doble n\u00facleo a 1,6 GHz o superior<\/li>\n<li><strong>RAM<\/strong>: 2 GB m\u00ednimo<\/li>\n<li><strong>Almacenamiento<\/strong>2,5 GB de espacio disponible en disco<\/li>\n<li><strong>Sistema operativo<\/strong>: Windows 11, Windows 10, Windows 8.1, Windows 7 (SP1)<\/li>\n<li><strong>Conexi\u00f3n a Internet<\/strong>: Necesario para la activaci\u00f3n, las actualizaciones y la exploraci\u00f3n basada en la nube.<\/li>\n<\/ul>\n<h3><strong>\u00bfPor qu\u00e9 elegir Bitdefender Antivirus Plus?<\/strong><\/h3>\n<p>\ud83d\udd39 <strong>Protecci\u00f3n esencial para Windows<\/strong> - Defiende contra <strong>virus, spyware, ransomware y amenazas en l\u00ednea<\/strong>.<br \/>\n\ud83d\udd39 <strong>Rendimiento ultrarr\u00e1pido<\/strong> - <strong>Motor de seguridad ligero<\/strong> que no ralentizar\u00e1 tu PC.<br \/>\n\ud83d\udd39 <strong>Transacciones en l\u00ednea seguras<\/strong> - <strong>Safepay\u2122 y antiphishing<\/strong> herramientas protegen las sesiones bancarias y de compras.<br \/>\n\ud83d\udd39 <strong>VPN para una navegaci\u00f3n segura<\/strong> - Navegar <strong>an\u00f3nimamente<\/strong> con <strong>Bitdefender VPN (200 MB\/d\u00eda incluidos)<\/strong>.<br \/>\n\ud83d\udd39 <strong>Seguridad \"configurar y olvidar<\/strong> - <strong>Modo de piloto autom\u00e1tico<\/strong> optimiza la configuraci\u00f3n de seguridad para una protecci\u00f3n sin complicaciones.<\/p>\n<p>Actualizar a <strong>Bitdefender Antivirus Plus<\/strong> hoy y <strong>disfrute de una protecci\u00f3n r\u00e1pida, inteligente y fiable para su PC con Windows<\/strong>\u00a1! \ud83d\ude80\ud83d\udee1\ufe0f\ud83d\udd12<\/p>","protected":false},"excerpt":{"rendered":"<p>Bitdefender Antivirus Plus \u2013 Essential Protection for Windows PCs Description Bitdefender Antivirus Plus is a lightweight, powerful, and AI-driven security solution designed for Windows users who need real-time protection against viruses, malware, ransomware, phishing, and online threats. It offers advanced cybersecurity features, including multi-layered ransomware protection, a secure VPN, and anti-phishing tools, all while ensuring [&hellip;]<\/p>","protected":false},"featured_media":1024,"comment_status":"open","ping_status":"closed","template":"","meta":{"_gspb_post_css":""},"product_brand":[],"product_cat":[76],"product_tag":[80],"class_list":{"0":"post-998","1":"product","2":"type-product","3":"status-publish","4":"has-post-thumbnail","6":"product_cat-antivirus","7":"product_tag-bitdefender","9":"first","10":"instock","11":"shipping-taxable","12":"product-type-external"},"_links":{"self":[{"href":"https:\/\/keysdock.tajnaveza.net\/es\/wp-json\/wp\/v2\/product\/998","targetHints":{"allow":["GET"]}}],"collection":[{"href":"https:\/\/keysdock.tajnaveza.net\/es\/wp-json\/wp\/v2\/product"}],"about":[{"href":"https:\/\/keysdock.tajnaveza.net\/es\/wp-json\/wp\/v2\/types\/product"}],"replies":[{"embeddable":true,"href":"https:\/\/keysdock.tajnaveza.net\/es\/wp-json\/wp\/v2\/comments?post=998"}],"wp:featuredmedia":[{"embeddable":true,"href":"https:\/\/keysdock.tajnaveza.net\/es\/wp-json\/wp\/v2\/media\/1024"}],"wp:attachment":[{"href":"https:\/\/keysdock.tajnaveza.net\/es\/wp-json\/wp\/v2\/media?parent=998"}],"wp:term":[{"taxonomy":"product_brand","embeddable":true,"href":"https:\/\/keysdock.tajnaveza.net\/es\/wp-json\/wp\/v2\/product_brand?post=998"},{"taxonomy":"product_cat","embeddable":true,"href":"https:\/\/keysdock.tajnaveza.net\/es\/wp-json\/wp\/v2\/product_cat?post=998"},{"taxonomy":"product_tag","embeddable":true,"href":"https:\/\/keysdock.tajnaveza.net\/es\/wp-json\/wp\/v2\/product_tag?post=998"}],"curies":[{"name":"wp","href":"https:\/\/api.w.org\/{rel}","templated":true}]}}