{"id":999,"date":"2025-03-15T21:08:06","date_gmt":"2025-03-15T21:08:06","guid":{"rendered":"https:\/\/keysdock.com\/?post_type=product&#038;p=999"},"modified":"2025-10-19T07:35:35","modified_gmt":"2025-10-19T07:35:35","slug":"bitdefender-internet-security-2025-1-dispositivo-1-ano-licencia","status":"publish","type":"product","link":"https:\/\/keysdock.tajnaveza.net\/es\/producto\/bitdefender-internet-security-2025-1-dispositivo-1-ano-licencia\/","title":{"rendered":"BitDefender Internet Security 2025 | 1 dispositivo - 1 a\u00f1o| Key Licencia"},"content":{"rendered":"<p><strong>Compra clave de licencia BitDefender Internet Security 2025 para 1 dispositivo (1 a\u00f1o) al mejor precio. Seguridad en l\u00ednea.<\/strong><\/p>\n<h3><strong>Descripci\u00f3n<\/strong><\/h3>\n<p>Bitdefender Internet Security es un <strong>soluci\u00f3n de seguridad avanzada<\/strong> dise\u00f1ado espec\u00edficamente para <strong>Usuarios de Windows<\/strong> que necesitan <strong>mayor protecci\u00f3n contra amenazas en l\u00ednea, virus, ransomware, phishing y ciberataques<\/strong>. En <strong>seguridad multicapa, cortafuegos integrado y funciones de privacidad.<\/strong>proporciona una <strong>una experiencia digital r\u00e1pida, segura y sin preocupaciones<\/strong>.<\/p>\n<p>Esta edici\u00f3n <strong>va m\u00e1s all\u00e1 de la protecci\u00f3n antivirus tradicional<\/strong> incluyendo un <strong>cortafuegos seguro, antirrastreadores, protecci\u00f3n de webcam y micr\u00f3fono y control parental<\/strong>por lo que es una excelente opci\u00f3n para <strong>tanto para usuarios particulares como para empresas<\/strong>.<\/p>\n<h3><strong>Caracter\u00edsticas principales<\/strong><\/h3>\n<p>\u2705 <strong>Protecci\u00f3n antimalware y antivirus en tiempo real<\/strong> - Usos <strong>Seguridad basada en IA<\/strong> para detectar y eliminar <strong>virus, troyanos, spyware y rootkits<\/strong> antes de que puedan causar da\u00f1os.<br \/>\n\u2705 <strong>Protecci\u00f3n multicapa contra el ransomware<\/strong> - Paradas <strong>ataques de ransomware<\/strong> y <strong>impide el cifrado de archivos personales<\/strong>.<br \/>\n\u2705 <strong>Cortafuegos bidireccional<\/strong> - <strong>Supervisa el tr\u00e1fico de red<\/strong> para bloquear el acceso no autorizado e impedir los intentos de pirateo.<br \/>\n\u2705 <strong>Protecci\u00f3n de c\u00e1mara web y micr\u00f3fono<\/strong> - <strong>Impide el acceso no autorizado<\/strong> a tu c\u00e1mara y micr\u00f3fono, protegiendo tu privacidad.<br \/>\n\u2705 <strong>Banca y compras seguras en l\u00ednea (Safepay\u2122)<\/strong> - <strong>Navegador cifrado<\/strong> para transacciones financieras seguras.<br \/>\n\u2705 <strong>Protecci\u00f3n web y antiphishing<\/strong> - Bloques <strong>sitios web fraudulentos, estafas en l\u00ednea y sitios bancarios falsos<\/strong>.<br \/>\n\u2705 <strong>Bitdefender VPN (200MB\/D\u00eda)<\/strong> - Cifra tu <strong>tr\u00e1fico de internet<\/strong> para mantener la navegaci\u00f3n segura y privada.<br \/>\n\u2705 <strong>Antispam y seguridad del correo electr\u00f3nico<\/strong> - Protege contra <strong>archivos adjuntos maliciosos, phishing y spam<\/strong>.<br \/>\n\u2705 <strong>Control parental<\/strong> - Le permite <strong>establecer l\u00edmites de tiempo de pantalla, bloquear contenidos inapropiados y realizar un seguimiento de la actividad en l\u00ednea<\/strong>.<br \/>\n\u2705 <strong>Asesor de seguridad Wi-Fi<\/strong> - Exploraciones <strong>Redes Wi-Fi<\/strong> en busca de vulnerabilidades y le alerta de posibles riesgos.<br \/>\n\u2705 <strong>Defensa avanzada contra amenazas<\/strong> - Usos <strong>detecci\u00f3n del comportamiento<\/strong> para identificar y bloquear <strong>ataques de d\u00eda cero<\/strong> antes de que puedan da\u00f1ar su sistema.<br \/>\n\u2705 <strong>Impacto m\u00ednimo en el sistema<\/strong> - Dise\u00f1ado para <strong>rendimiento r\u00e1pido<\/strong>para evitar ralentizaciones durante los juegos o la multitarea.<\/p>\n<h3><strong>Requisitos m\u00ednimos del sistema<\/strong><\/h3>\n<ul>\n<li><strong>Procesador<\/strong>: Doble n\u00facleo a 1,6 GHz o superior<\/li>\n<li><strong>RAM<\/strong>: 2 GB m\u00ednimo<\/li>\n<li><strong>Almacenamiento<\/strong>2,5 GB de espacio disponible en disco<\/li>\n<li><strong>Sistema operativo<\/strong>: Windows 11, Windows 10, Windows 8.1, Windows 7 (SP1)<\/li>\n<li><strong>Conexi\u00f3n a Internet<\/strong>: Necesario para la activaci\u00f3n, las actualizaciones y la exploraci\u00f3n basada en la nube.<\/li>\n<\/ul>\n<h3><strong>\u00bfPor qu\u00e9 elegir Bitdefender Internet Security?<\/strong><\/h3>\n<p>\ud83d\udd39 <strong>Protecci\u00f3n integral<\/strong> - <strong>Defensa contra malware, ransomware y ciberamenazas<\/strong> con capas de seguridad avanzadas.<br \/>\n\ud83d\udd39 <strong>Transacciones seguras en l\u00ednea<\/strong> - <strong>Safepay\u2122 y herramientas antiphishing<\/strong> proteger la banca y las compras en l\u00ednea.<br \/>\n\ud83d\udd39 <strong>Cortafuegos y Escudo de privacidad<\/strong> - Evita <strong>intentos de pirater\u00eda y accesos no autorizados<\/strong> a los datos personales.<br \/>\n\ud83d\udd39 <strong>Seguridad de la c\u00e1mara web y el micr\u00f3fono<\/strong> - <strong>Impide que los programas esp\u00eda accedan en secreto a tu c\u00e1mara y micr\u00f3fono<\/strong>.<br \/>\n\ud83d\udd39 <strong>Control parental y antispam<\/strong> - Mant\u00e9n tu bandeja de entrada familiar y de correo electr\u00f3nico <strong>a salvo de las amenazas en l\u00ednea<\/strong>.<\/p>\n<p>Actualizar a <strong>Bitdefender Seguridad en Internet<\/strong> hoy y disfruta <strong>una experiencia Windows segura, privada y rapid\u00edsima<\/strong>\u00a1! \ud83d\ude80\ud83d\udee1\ufe0f\ud83d\udd12<\/p>","protected":false},"excerpt":{"rendered":"<p>Bitdefender Internet Security \u2013 Advanced Protection for Windows PCs Description Bitdefender Internet Security is an advanced security solution designed specifically for Windows users who need enhanced protection against online threats, viruses, ransomware, phishing, and cyber attacks. With multi-layered security, a built-in firewall, and privacy-focused features, it provides a fast, secure, and worry-free digital experience. This [&hellip;]<\/p>","protected":false},"featured_media":1025,"comment_status":"open","ping_status":"closed","template":"","meta":{"_gspb_post_css":""},"product_brand":[],"product_cat":[76],"product_tag":[80],"class_list":{"0":"post-999","1":"product","2":"type-product","3":"status-publish","4":"has-post-thumbnail","6":"product_cat-antivirus","7":"product_tag-bitdefender","9":"first","10":"instock","11":"shipping-taxable","12":"product-type-external"},"_links":{"self":[{"href":"https:\/\/keysdock.tajnaveza.net\/es\/wp-json\/wp\/v2\/product\/999","targetHints":{"allow":["GET"]}}],"collection":[{"href":"https:\/\/keysdock.tajnaveza.net\/es\/wp-json\/wp\/v2\/product"}],"about":[{"href":"https:\/\/keysdock.tajnaveza.net\/es\/wp-json\/wp\/v2\/types\/product"}],"replies":[{"embeddable":true,"href":"https:\/\/keysdock.tajnaveza.net\/es\/wp-json\/wp\/v2\/comments?post=999"}],"wp:featuredmedia":[{"embeddable":true,"href":"https:\/\/keysdock.tajnaveza.net\/es\/wp-json\/wp\/v2\/media\/1025"}],"wp:attachment":[{"href":"https:\/\/keysdock.tajnaveza.net\/es\/wp-json\/wp\/v2\/media?parent=999"}],"wp:term":[{"taxonomy":"product_brand","embeddable":true,"href":"https:\/\/keysdock.tajnaveza.net\/es\/wp-json\/wp\/v2\/product_brand?post=999"},{"taxonomy":"product_cat","embeddable":true,"href":"https:\/\/keysdock.tajnaveza.net\/es\/wp-json\/wp\/v2\/product_cat?post=999"},{"taxonomy":"product_tag","embeddable":true,"href":"https:\/\/keysdock.tajnaveza.net\/es\/wp-json\/wp\/v2\/product_tag?post=999"}],"curies":[{"name":"wp","href":"https:\/\/api.w.org\/{rel}","templated":true}]}}