{"id":1000,"date":"2025-03-15T21:08:06","date_gmt":"2025-03-15T21:08:06","guid":{"rendered":"https:\/\/keysdock.com\/?post_type=product&#038;p=1000"},"modified":"2025-10-19T07:35:28","modified_gmt":"2025-10-19T07:35:28","slug":"bitdefender-antivirus-mac-2025-1-appareil-1-an-licence","status":"publish","type":"product","link":"https:\/\/keysdock.tajnaveza.net\/fr\/produit\/bitdefender-antivirus-mac-2025-1-appareil-1-an-licence\/","title":{"rendered":"BitDefender Antivirus MAC 2025 |1 appareil - 1 an| Key Licence"},"content":{"rendered":"<p><strong>Bitdefender Antivirus for Mac - S\u00e9curit\u00e9 et performances ultimes pour macOS<\/strong><\/p>\n<h3><strong>Description<\/strong><\/h3>\n<p>Bitdefender Antivirus for Mac est une solution de protection contre les virus. <strong>solution de s\u00e9curit\u00e9 puissante et l\u00e9g\u00e8re<\/strong> con\u00e7u pour <strong>prot\u00e9ger votre Mac contre les virus, les logiciels malveillants, les ransomwares, les attaques de phishing et les menaces en ligne<\/strong>. Avec <strong>protection en temps r\u00e9el, s\u00e9curit\u00e9 multicouche et analyse rapide<\/strong>Bitdefender fournit <strong>une cybers\u00e9curit\u00e9 compl\u00e8te sans ralentir votre syst\u00e8me<\/strong>.<\/p>\n<p>Il est optimis\u00e9 pour <strong>macOS<\/strong>, en veillant \u00e0 ce que <strong>des performances sans faille, un impact minimal sur le syst\u00e8me et une compatibilit\u00e9 totale<\/strong> avec les derniers protocoles de s\u00e9curit\u00e9 d'Apple.<\/p>\n<h3><strong>Caract\u00e9ristiques principales<\/strong><\/h3>\n<p>\u2705 <strong>Protection en temps r\u00e9el<\/strong> - Contr\u00f4le continu pour <strong>d\u00e9tecter et bloquer les virus, les ransomwares, les spywares et autres menaces<\/strong>.<br \/>\n\u2705 <strong>Protection contre les ran\u00e7ongiciels<\/strong> - Emp\u00eache les pirates de crypter vos fichiers et de demander une ran\u00e7on.<br \/>\n\u2705 <strong>Suppression des logiciels publicitaires et des logiciels malveillants<\/strong> - Nettoie les logiciels ind\u00e9sirables et prot\u00e8ge votre Mac contre les fen\u00eatres publicitaires intrusives.<br \/>\n\u2705 <strong>Protection du Web et anti-hame\u00e7onnage<\/strong> - Blocs <strong>les sites web dangereux, les faux sites bancaires et les tentatives d'hame\u00e7onnage<\/strong>.<br \/>\n\u2705 <strong>S\u00e9curit\u00e9 pilot\u00e9e par l'IA et l'autopilote<\/strong> - Utilisations <strong>intelligence artificielle<\/strong> pour d\u00e9tecter et pr\u00e9venir les menaces automatiquement.<br \/>\n\u2705 <strong>Protection de la machine \u00e0 voyager dans le temps<\/strong> - Emp\u00eache les ransomwares d'alt\u00e9rer vos sauvegardes.<br \/>\n\u2705 <strong>Num\u00e9risation ultra-rapide<\/strong> - S'ex\u00e9cute rapidement en arri\u00e8re-plan sans ralentir votre syst\u00e8me.<br \/>\n\u2705 <strong>Impact minimal sur le syst\u00e8me<\/strong> - <strong>Con\u00e7u pour macOS<\/strong> pour garantir une s\u00e9curit\u00e9 maximale avec <strong>aucune perte de performance<\/strong>.<br \/>\n\u2705 <strong>VPN inclus (200MB\/Jour)<\/strong> - Navigation s\u00e9curis\u00e9e et protection de la vie priv\u00e9e avec <strong>cryptage VPN int\u00e9gr\u00e9<\/strong>.<br \/>\n\u2705 <strong>Contr\u00f4le parental<\/strong> - G\u00e9rer et filtrer le contenu pour une navigation Internet plus s\u00fbre.<\/p>\n<h3><strong>Configuration minimale requise<\/strong><\/h3>\n<ul>\n<li><strong>Processeur<\/strong>: Mac \u00e0 base d'Intel ou Apple Silicon (M1\/M2)<\/li>\n<li><strong>RAM<\/strong>: 2 Go au minimum<\/li>\n<li><strong>Stockage<\/strong>: 1 Go d'espace disque disponible<\/li>\n<li><strong>Syst\u00e8me d'exploitation<\/strong>macOS 10.10 (Yosemite) ou version ult\u00e9rieure<\/li>\n<li><strong>Connexion Internet<\/strong>: N\u00e9cessaire pour l'installation, les mises \u00e0 jour et la d\u00e9tection des menaces bas\u00e9e sur le cloud.<\/li>\n<\/ul>\n<h3><strong>Pourquoi choisir Bitdefender Antivirus for Mac ?<\/strong><\/h3>\n<p>\ud83d\udd39 <strong>La meilleure protection contre les logiciels malveillants<\/strong> - <strong>Moteur de s\u00e9curit\u00e9 de premier ordre<\/strong> d\u00e9tecte et supprime <strong>Menaces sp\u00e9cifiques au Mac<\/strong>.<br \/>\n\ud83d\udd39 <strong>L\u00e9ger et rapide<\/strong> - <strong>Optimis\u00e9 pour macOS<\/strong> sans ralentissement du syst\u00e8me.<br \/>\n\ud83d\udd39 <strong>Bloque le phishing et les sites web dangereux<\/strong> - Prot\u00e8ge <strong>les donn\u00e9es personnelles, les mots de passe et les informations financi\u00e8res<\/strong>.<br \/>\n\ud83d\udd39 <strong>Protection contre les ransomwares et Time Machine<\/strong> - Pr\u00e9serve la s\u00e9curit\u00e9 de vos fichiers et de vos sauvegardes.<br \/>\n\ud83d\udd39 <strong>Protection de la vie priv\u00e9e avec le VPN<\/strong> - Naviguer en ligne en toute s\u00e9curit\u00e9 avec <strong>cryptage et anonymat<\/strong>.<\/p>\n<p>Passer \u00e0 <strong>Bitdefender Antivirus pour Mac<\/strong> aujourd'hui et profiter de <strong>protection rapide, puissante et compl\u00e8te de votre appareil macOS<\/strong>! \ud83d\ude80\ud83d\udee1\ufe0f\ud83d\udcbb<\/p>","protected":false},"excerpt":{"rendered":"<p>Bitdefender Antivirus for Mac \u2013 Ultimate Security &amp; Performance for macOS Description Bitdefender Antivirus for Mac is a powerful and lightweight security solution designed to protect your Mac from viruses, malware, ransomware, phishing attacks, and online threats. With real-time protection, multi-layered security, and fast scanning, Bitdefender provides complete cybersecurity without slowing down your system. It [&hellip;]<\/p>","protected":false},"featured_media":1026,"comment_status":"open","ping_status":"closed","template":"","meta":{"_gspb_post_css":""},"product_brand":[],"product_cat":[76],"product_tag":[80],"class_list":{"0":"post-1000","1":"product","2":"type-product","3":"status-publish","4":"has-post-thumbnail","6":"product_cat-antivirus","7":"product_tag-bitdefender","9":"first","10":"instock","11":"shipping-taxable","12":"product-type-external"},"_links":{"self":[{"href":"https:\/\/keysdock.tajnaveza.net\/fr\/wp-json\/wp\/v2\/product\/1000","targetHints":{"allow":["GET"]}}],"collection":[{"href":"https:\/\/keysdock.tajnaveza.net\/fr\/wp-json\/wp\/v2\/product"}],"about":[{"href":"https:\/\/keysdock.tajnaveza.net\/fr\/wp-json\/wp\/v2\/types\/product"}],"replies":[{"embeddable":true,"href":"https:\/\/keysdock.tajnaveza.net\/fr\/wp-json\/wp\/v2\/comments?post=1000"}],"wp:featuredmedia":[{"embeddable":true,"href":"https:\/\/keysdock.tajnaveza.net\/fr\/wp-json\/wp\/v2\/media\/1026"}],"wp:attachment":[{"href":"https:\/\/keysdock.tajnaveza.net\/fr\/wp-json\/wp\/v2\/media?parent=1000"}],"wp:term":[{"taxonomy":"product_brand","embeddable":true,"href":"https:\/\/keysdock.tajnaveza.net\/fr\/wp-json\/wp\/v2\/product_brand?post=1000"},{"taxonomy":"product_cat","embeddable":true,"href":"https:\/\/keysdock.tajnaveza.net\/fr\/wp-json\/wp\/v2\/product_cat?post=1000"},{"taxonomy":"product_tag","embeddable":true,"href":"https:\/\/keysdock.tajnaveza.net\/fr\/wp-json\/wp\/v2\/product_tag?post=1000"}],"curies":[{"name":"wp","href":"https:\/\/api.w.org\/{rel}","templated":true}]}}