{"id":1001,"date":"2025-03-15T21:08:06","date_gmt":"2025-03-15T21:08:06","guid":{"rendered":"https:\/\/keysdock.com\/?post_type=product&#038;p=1001"},"modified":"2025-10-19T07:35:20","modified_gmt":"2025-10-19T07:35:20","slug":"windows-server-2022-standard-key-licence","status":"publish","type":"product","link":"https:\/\/keysdock.tajnaveza.net\/fr\/produit\/windows-server-2022-standard-key-licence\/","title":{"rendered":"Windows Server 2022 Standard Product Key Licence"},"content":{"rendered":"<p><strong>Achetez Windows Server 2022 Standard licence  au meilleur prix \u2013 activation \u00e0 vie garantie.<\/strong><\/p>\n<h3><strong>Description<\/strong><\/h3>\n<p>Windows Server 2022 Standard est un <strong>syst\u00e8me d'exploitation serveur performant, s\u00e9curis\u00e9 et polyvalent<\/strong> con\u00e7u pour les petites et moyennes entreprises et organisations. Il offre <strong>une s\u00e9curit\u00e9 robuste, des capacit\u00e9s de cloud hybride et des performances applicatives am\u00e9lior\u00e9es<\/strong> tout en apportant un soutien aux <strong>la virtualisation, le travail \u00e0 distance et l'int\u00e9gration de l'informatique d\u00e9mat\u00e9rialis\u00e9e<\/strong>. Id\u00e9al pour les entreprises \u00e0 la recherche de <strong>\u00e9volutivit\u00e9, fiabilit\u00e9 et s\u00e9curit\u00e9 renforc\u00e9e<\/strong>Windows Server 2022 Standard est con\u00e7u pour g\u00e9rer les \u00e9l\u00e9ments suivants <strong>les exigences modernes en mati\u00e8re de technologies de l'information<\/strong> efficacement.<\/p>\n<h3><strong>Caract\u00e9ristiques principales<\/strong><\/h3>\n<p>\u2705 <strong>S\u00e9curit\u00e9 renforc\u00e9e avec Secured-Core<\/strong> - Avanc\u00e9 <strong>Windows Defender ATP, Secure Boot et protection des microprogrammes<\/strong>.<br \/>\n\u2705 <strong>Am\u00e9lioration de la virtualisation<\/strong> - Soutien <strong>deux machines virtuelles (VM)<\/strong> et <strong>un h\u00f4te Hyper-V<\/strong>.<br \/>\n\u2705 <strong>Soutien \u00e0 l'informatique d\u00e9mat\u00e9rialis\u00e9e hybride<\/strong> - Int\u00e9gration transparente avec <strong>Microsoft Azure<\/strong> pour les d\u00e9ploiements hybrides.<br \/>\n\u2705 <strong>Centre d'administration Windows<\/strong> - Gestion centralis\u00e9e, bas\u00e9e sur le web, pour une administration ais\u00e9e du serveur.<br \/>\n\u2705 <strong>Service de migration du stockage<\/strong> - Migrer facilement les serveurs et les donn\u00e9es des anciennes versions.<br \/>\n\u2705 <strong>Une meilleure mise en r\u00e9seau avec SMB over QUIC<\/strong> - Acc\u00e8s \u00e0 distance aux fichiers plus rapide et plus s\u00fbr.<br \/>\n\u2705 <strong>Gestion avanc\u00e9e des fichiers et du stockage<\/strong> - Soutien <strong>ReFS, Storage Spaces Direct (S2D) et d\u00e9duplication<\/strong>.<br \/>\n\u2705 <strong>Clustering de basculement et \u00e9quilibrage de charge<\/strong> - <strong>Minimise les temps d'arr\u00eat<\/strong> pour les applications critiques.<br \/>\n\u2705 <strong>Conteneurs Windows int\u00e9gr\u00e9s<\/strong> - Courir moderne <strong>applications conteneuris\u00e9es<\/strong> en utilisant <strong>Conteneurs Windows et Kubernetes<\/strong>.<br \/>\n\u2705 <strong>Prise en charge des services de bureau \u00e0 distance (RDS)<\/strong> - Acc\u00e8s s\u00e9curis\u00e9 aux postes de travail \u00e0 distance avec <strong>RDS CALs<\/strong>.<\/p>\n<h3><strong>Configuration minimale requise<\/strong><\/h3>\n<ul>\n<li><strong>Processeur<\/strong>: Processeur 64 bits de 1,4 GHz avec <strong>architecture x64<\/strong><\/li>\n<li><strong>RAM<\/strong>Capacit\u00e9 de stockage : 2 GB (exp\u00e9rience de bureau) \/ 512 MB (Server Core)<\/li>\n<li><strong>Stockage<\/strong>: 36 Go d'espace libre minimum<\/li>\n<li><strong>Graphique<\/strong>: DirectX 9 compatible avec <strong>Pilote WDDM 1.0<\/strong><\/li>\n<li><strong>Affichage<\/strong>: R\u00e9solution 1024\u00d7768 ou sup\u00e9rieure<\/li>\n<li><strong>R\u00e9seau<\/strong>: Adaptateur Gigabit Ethernet<\/li>\n<li><strong>Firmware<\/strong>: UEFI 2.3.1c avec capacit\u00e9 de d\u00e9marrage s\u00e9curis\u00e9 (recommand\u00e9)<\/li>\n<li><strong>Connexion Internet<\/strong>: N\u00e9cessaire pour les mises \u00e0 jour et l'activation<\/li>\n<\/ul>\n<h3><strong>Pourquoi choisir Windows Server 2022 Standard ?<\/strong><\/h3>\n<p>\ud83d\udd39 <strong>Parfait pour les petites et moyennes entreprises<\/strong> - \u00c9volutif, rentable et optimis\u00e9 pour les charges de travail quotidiennes.<br \/>\n\ud83d\udd39 <strong>S\u00e9curit\u00e9 et conformit\u00e9 renforc\u00e9es<\/strong> - <strong>Serveur Secured-Core<\/strong> garantit une protection contre les menaces modernes.<br \/>\n\ud83d\udd39 <strong>Infrastructure pr\u00eate pour l'informatique en nuage<\/strong> - <strong>Capacit\u00e9s hybrides Azure<\/strong> \u00e9tendre votre serveur au nuage.<br \/>\n\ud83d\udd39 <strong>Un support de virtualisation fiable<\/strong> - Permet <strong>deux machines virtuelles<\/strong> pour une meilleure gestion des ressources.<br \/>\n\ud83d\udd39 <strong>Am\u00e9lioration de la mise en r\u00e9seau et de l'acc\u00e8s \u00e0 distance<\/strong> - <strong>SMB sur QUIC et RDS<\/strong> permettre un travail \u00e0 distance s\u00e9curis\u00e9.<\/p>\n<p>Passer \u00e0 <strong>Windows Server 2022 Standard<\/strong> aujourd'hui et <strong>renforcer votre entreprise gr\u00e2ce aux performances, \u00e0 la s\u00e9curit\u00e9 et \u00e0 l'\u00e9volutivit\u00e9<\/strong>! \ud83c\udfe2\ud83d\udd12\u26a1<\/p>","protected":false},"excerpt":{"rendered":"<p>Windows Server 2022 Standard \u2013 Secure, Reliable, and Optimized for Business Workloads Description Windows Server 2022 Standard is a high-performance, secure, and versatile server operating system designed for small to medium-sized businesses and organizations. It offers robust security, hybrid cloud capabilities, and improved application performance while providing support for virtualization, remote work, and cloud integration. [&hellip;]<\/p>","protected":false},"featured_media":1027,"comment_status":"open","ping_status":"closed","template":"","meta":{"_gspb_post_css":""},"product_brand":[],"product_cat":[81],"product_tag":[82],"class_list":{"0":"post-1001","1":"product","2":"type-product","3":"status-publish","4":"has-post-thumbnail","6":"product_cat-server","7":"product_tag-server","9":"first","10":"instock","11":"shipping-taxable","12":"product-type-external"},"_links":{"self":[{"href":"https:\/\/keysdock.tajnaveza.net\/fr\/wp-json\/wp\/v2\/product\/1001","targetHints":{"allow":["GET"]}}],"collection":[{"href":"https:\/\/keysdock.tajnaveza.net\/fr\/wp-json\/wp\/v2\/product"}],"about":[{"href":"https:\/\/keysdock.tajnaveza.net\/fr\/wp-json\/wp\/v2\/types\/product"}],"replies":[{"embeddable":true,"href":"https:\/\/keysdock.tajnaveza.net\/fr\/wp-json\/wp\/v2\/comments?post=1001"}],"wp:featuredmedia":[{"embeddable":true,"href":"https:\/\/keysdock.tajnaveza.net\/fr\/wp-json\/wp\/v2\/media\/1027"}],"wp:attachment":[{"href":"https:\/\/keysdock.tajnaveza.net\/fr\/wp-json\/wp\/v2\/media?parent=1001"}],"wp:term":[{"taxonomy":"product_brand","embeddable":true,"href":"https:\/\/keysdock.tajnaveza.net\/fr\/wp-json\/wp\/v2\/product_brand?post=1001"},{"taxonomy":"product_cat","embeddable":true,"href":"https:\/\/keysdock.tajnaveza.net\/fr\/wp-json\/wp\/v2\/product_cat?post=1001"},{"taxonomy":"product_tag","embeddable":true,"href":"https:\/\/keysdock.tajnaveza.net\/fr\/wp-json\/wp\/v2\/product_tag?post=1001"}],"curies":[{"name":"wp","href":"https:\/\/api.w.org\/{rel}","templated":true}]}}