{"id":1002,"date":"2025-03-15T21:08:07","date_gmt":"2025-03-15T21:08:07","guid":{"rendered":"https:\/\/keysdock.com\/?post_type=product&#038;p=1002"},"modified":"2025-10-19T07:36:37","modified_gmt":"2025-10-19T07:36:37","slug":"windows-server-2022-datacenter-key-licence","status":"publish","type":"product","link":"https:\/\/keysdock.tajnaveza.net\/fr\/produit\/windows-server-2022-datacenter-key-licence\/","title":{"rendered":"Windows Server 2022 Datacenter Product Key Licence"},"content":{"rendered":"<p><strong>Achetez Windows Server 2022 Datacenter licence  au meilleur prix \u2013 activation \u00e0 vie garantie.<\/strong><\/p>\n<h3><strong>Description<\/strong><\/h3>\n<p>Windows Server 2022 Datacenter est un <strong>haute performance, hautement s\u00e9curis\u00e9e et \u00e9volutive<\/strong> syst\u00e8me d'exploitation pour serveurs con\u00e7u pour les entreprises, les centres de donn\u00e9es et les entreprises qui ont besoin d'un syst\u00e8me d'exploitation pour serveurs. <strong>virtualisation avanc\u00e9e, int\u00e9gration du cloud hybride et s\u00e9curit\u00e9 renforc\u00e9e<\/strong>. Construit pour <strong>charges de travail \u00e0 forte demande<\/strong>Cette \u00e9dition fournit <strong>droits de virtualisation illimit\u00e9s<\/strong>, <strong>l'infrastructure hyperconverg\u00e9e (HCI)<\/strong> le soutien, et <strong>des capacit\u00e9s pr\u00eates pour l'informatique d\u00e9mat\u00e9rialis\u00e9e<\/strong> afin de garantir des op\u00e9rations transparentes dans les environnements informatiques modernes.<\/p>\n<h3><strong>Caract\u00e9ristiques principales<\/strong><\/h3>\n<p>\u2705 <strong>Virtualisation illimit\u00e9e<\/strong> - Ex\u00e9cuter un <strong>nombre illimit\u00e9 de machines virtuelles<\/strong> avec Hyper-V.<br \/>\n\u2705 <strong>Int\u00e9gration hybride Azure<\/strong> - Connecter de mani\u00e8re transparente les serveurs sur site \u00e0 <strong>Microsoft Azure<\/strong>.<br \/>\n\u2705 <strong>S\u00e9curit\u00e9 avanc\u00e9e avec Secured-Core Server<\/strong> - Comprend <strong>Windows Defender ATP<\/strong>, <strong>d\u00e9marrage s\u00e9curis\u00e9<\/strong>et <strong>protection du micrologiciel<\/strong>.<br \/>\n\u2705 <strong>Hotpatching<\/strong> - Appliquer les mises \u00e0 jour de s\u00e9curit\u00e9 <strong>sans red\u00e9marrage<\/strong>r\u00e9duisant ainsi les temps d'arr\u00eat.<br \/>\n\u2705 <strong>Service de migration du stockage<\/strong> - <strong>Migrer facilement<\/strong> les serveurs de fichiers de <strong>anciennes versions<\/strong> \u00e0 Windows Server 2022.<br \/>\n\u2705 <strong>R\u00e9seaux d\u00e9finis par logiciel (SDN)<\/strong> - Avanc\u00e9 <strong>la s\u00e9curit\u00e9, la performance et l'automatisation des r\u00e9seaux<\/strong>.<br \/>\n\u2705 <strong>Hyper-V et machines virtuelles prot\u00e9g\u00e9es<\/strong> - Prot\u00e9ger <strong>Charges de travail des machines virtuelles<\/strong> contre les acc\u00e8s non autoris\u00e9s et les manipulations.<br \/>\n\u2705 <strong>Centre d'administration Windows<\/strong> - Une interface centralis\u00e9e, bas\u00e9e sur un navigateur, pour <strong>gestion des serveurs<\/strong>.<br \/>\n\u2705 <strong>Haute disponibilit\u00e9 et reprise apr\u00e8s sinistre<\/strong> - Int\u00e9gr\u00e9 <strong>clustering et r\u00e9plication de basculement<\/strong> pour un service ininterrompu.<br \/>\n\u2705 <strong>Am\u00e9lioration de la conteneurisation<\/strong> - Soutien <strong>Conteneurs Windows et Kubernetes<\/strong> pour les applications cloud-natives.<br \/>\n\u2705 <strong>Stockage de fichiers et d\u00e9duplication am\u00e9lior\u00e9s<\/strong> - Gestion efficace du stockage avec <strong>ReFS et Storage Spaces Direct (S2D)<\/strong>.<\/p>\n<h3><strong>Configuration minimale requise<\/strong><\/h3>\n<ul>\n<li><strong>Processeur<\/strong>: Processeur 64 bits de 1,4 GHz avec <strong>architecture x64<\/strong><\/li>\n<li><strong>RAM<\/strong>Capacit\u00e9 de stockage : 2 GB (exp\u00e9rience de bureau) \/ 512 MB (Server Core)<\/li>\n<li><strong>Stockage<\/strong>: 36 Go d'espace libre minimum<\/li>\n<li><strong>Graphique<\/strong>: DirectX 9 compatible avec <strong>Pilote WDDM 1.0<\/strong><\/li>\n<li><strong>Affichage<\/strong>: R\u00e9solution 1024\u00d7768 ou sup\u00e9rieure<\/li>\n<li><strong>R\u00e9seau<\/strong>: Adaptateur Gigabit Ethernet<\/li>\n<li><strong>Firmware<\/strong>: UEFI 2.3.1c avec capacit\u00e9 de d\u00e9marrage s\u00e9curis\u00e9 (recommand\u00e9)<\/li>\n<li><strong>Connexion Internet<\/strong>: N\u00e9cessaire pour les mises \u00e0 jour et l'activation<\/li>\n<\/ul>\n<h3><strong>Pourquoi choisir Windows Server 2022 Datacenter ?<\/strong><\/h3>\n<p>\ud83d\udd39 <strong>Le meilleur pour les entreprises et les centres de donn\u00e9es<\/strong> - Con\u00e7u pour <strong>charges de travail \u00e0 haute performance<\/strong> et <strong>environnements \u00e0 forte virtualisation<\/strong>.<br \/>\n\ud83d\udd39 <strong>Droits de virtualisation illimit\u00e9s<\/strong> - Le <strong>\u00c9dition Datacenter<\/strong> permet <strong>illimit\u00e9<\/strong> VM, ce qui le rend rentable pour les op\u00e9rations \u00e0 grande \u00e9chelle.<br \/>\n\ud83d\udd39 <strong>S\u00e9curit\u00e9 de niveau sup\u00e9rieur<\/strong> - <strong>C\u0153ur S\u00e9curis\u00e9<\/strong> protection, <strong>Windows Defender<\/strong>et <strong>Protection contre les menaces avanc\u00e9es (ATP)<\/strong>.<br \/>\n\ud83d\udd39 <strong>Pr\u00eat pour l'informatique d\u00e9mat\u00e9rialis\u00e9e hybride<\/strong> - <strong>Int\u00e9gration Azure<\/strong> pour l'\u00e9volutivit\u00e9 de l'informatique en nuage et l'infrastructure hybride.<br \/>\n\ud83d\udd39 <strong>Haute disponibilit\u00e9 et continuit\u00e9 des activit\u00e9s<\/strong> - <strong>Clustering de basculement, r\u00e9plication et SDN<\/strong> garantissent un temps d'arr\u00eat minimal.<\/p>\n<p>Passer \u00e0 <strong>Windows Server 2022 Datacenter<\/strong> aujourd'hui et faites l'exp\u00e9rience <strong>une s\u00e9curit\u00e9, des performances et une \u00e9volutivit\u00e9 in\u00e9gal\u00e9es<\/strong> pour les charges de travail informatiques modernes ! \ud83c\udfe2\ud83d\udd12\u26a1<\/p>","protected":false},"excerpt":{"rendered":"<p>Windows Server 2022 Datacenter \u2013 The Ultimate Enterprise-Grade Server Solution Description Windows Server 2022 Datacenter is a high-performance, highly secure, and scalable server operating system designed for enterprises, data centers, and businesses requiring advanced virtualization, hybrid cloud integration, and enhanced security. Built for high-demand workloads, this edition provides unlimited virtualization rights, hyper-converged infrastructure (HCI) support, [&hellip;]<\/p>","protected":false},"featured_media":1028,"comment_status":"open","ping_status":"closed","template":"","meta":{"_gspb_post_css":""},"product_brand":[],"product_cat":[81],"product_tag":[82],"class_list":{"0":"post-1002","1":"product","2":"type-product","3":"status-publish","4":"has-post-thumbnail","6":"product_cat-server","7":"product_tag-server","9":"first","10":"instock","11":"shipping-taxable","12":"product-type-external"},"_links":{"self":[{"href":"https:\/\/keysdock.tajnaveza.net\/fr\/wp-json\/wp\/v2\/product\/1002","targetHints":{"allow":["GET"]}}],"collection":[{"href":"https:\/\/keysdock.tajnaveza.net\/fr\/wp-json\/wp\/v2\/product"}],"about":[{"href":"https:\/\/keysdock.tajnaveza.net\/fr\/wp-json\/wp\/v2\/types\/product"}],"replies":[{"embeddable":true,"href":"https:\/\/keysdock.tajnaveza.net\/fr\/wp-json\/wp\/v2\/comments?post=1002"}],"wp:featuredmedia":[{"embeddable":true,"href":"https:\/\/keysdock.tajnaveza.net\/fr\/wp-json\/wp\/v2\/media\/1028"}],"wp:attachment":[{"href":"https:\/\/keysdock.tajnaveza.net\/fr\/wp-json\/wp\/v2\/media?parent=1002"}],"wp:term":[{"taxonomy":"product_brand","embeddable":true,"href":"https:\/\/keysdock.tajnaveza.net\/fr\/wp-json\/wp\/v2\/product_brand?post=1002"},{"taxonomy":"product_cat","embeddable":true,"href":"https:\/\/keysdock.tajnaveza.net\/fr\/wp-json\/wp\/v2\/product_cat?post=1002"},{"taxonomy":"product_tag","embeddable":true,"href":"https:\/\/keysdock.tajnaveza.net\/fr\/wp-json\/wp\/v2\/product_tag?post=1002"}],"curies":[{"name":"wp","href":"https:\/\/api.w.org\/{rel}","templated":true}]}}