{"id":1053,"date":"2025-03-16T08:36:10","date_gmt":"2025-03-16T08:36:10","guid":{"rendered":"https:\/\/keysdock.com\/?post_type=product&#038;p=1053"},"modified":"2025-10-19T07:36:55","modified_gmt":"2025-10-19T07:36:55","slug":"windows-11-pro-key-licence","status":"publish","type":"product","link":"https:\/\/keysdock.tajnaveza.net\/fr\/produit\/windows-11-pro-key-licence\/","title":{"rendered":"Windows 11 Pro Product Key Licence"},"content":{"rendered":"<p><strong>Achetez Windows 11 Pro licence retail &amp; OEM au meilleur prix \u2013 activation \u00e0 vie garantie.<\/strong><\/p>\n<h3><strong>Description<\/strong><\/h3>\n<p>Windows 11 Professional est un <strong>riche en fonctionnalit\u00e9s, s\u00e9curis\u00e9 et performant<\/strong> con\u00e7u pour les professionnels, les entreprises et les utilisateurs chevronn\u00e9s. Avec <strong>s\u00e9curit\u00e9 renforc\u00e9e, prise en charge de la virtualisation, acc\u00e8s au bureau \u00e0 distance et outils de gestion avanc\u00e9s<\/strong>Windows 11 Pro est le syst\u00e8me d'exploitation id\u00e9al pour ceux qui ont besoin de plus qu'une exp\u00e9rience informatique standard. Que vous g\u00e9riez une entreprise, que vous travailliez \u00e0 distance ou que vous manipuliez des donn\u00e9es sensibles, Windows 11 Pro offre les avantages suivants <strong>efficacit\u00e9, flexibilit\u00e9 et s\u00e9curit\u00e9 de niveau entreprise<\/strong>.<\/p>\n<h3><strong>Caract\u00e9ristiques principales<\/strong><\/h3>\n<p>\u2705 <strong>Interface utilisateur moderne et intuitive<\/strong> - Menu D\u00e9marrer redessin\u00e9, barre des t\u00e2ches centr\u00e9e et transitions fluides pour une exp\u00e9rience \u00e9pur\u00e9e.<br \/>\n\u2705 <strong>Snap Layouts et bureaux virtuels<\/strong> - Organisez des t\u00e2ches multiples et augmentez votre productivit\u00e9 gr\u00e2ce \u00e0 un syst\u00e8me multit\u00e2che avanc\u00e9.<br \/>\n\u2705 <strong>Chiffrement BitLocker<\/strong> - Prot\u00e8ge vos fichiers et vos lecteurs gr\u00e2ce \u00e0 une s\u00e9curit\u00e9 de niveau professionnel.<br \/>\n\u2705 <strong>Acc\u00e8s au bureau \u00e0 distance<\/strong> - Travaillez de n'importe o\u00f9 en acc\u00e9dant \u00e0 votre PC \u00e0 distance en toute s\u00e9curit\u00e9.<br \/>\n\u2705 <strong>Bac \u00e0 sable Windows et Hyper-V<\/strong> - Ex\u00e9cuter des applications ou des machines virtuelles non fiables dans un environnement isol\u00e9.<br \/>\n\u2705 <strong>Politique de groupe et gestion d'entreprise<\/strong> - G\u00e9rer les param\u00e8tres du syst\u00e8me, les utilisateurs et les politiques de s\u00e9curit\u00e9 sur plusieurs appareils.<br \/>\n\u2705 <strong>S\u00e9curit\u00e9 renforc\u00e9e avec TPM 2.0 et Secure Boot<\/strong> - Prot\u00e8ge contre les logiciels malveillants, les acc\u00e8s non autoris\u00e9s et les cybermenaces.<br \/>\n\u2705 <strong>Microsoft Defender pour les points finaux<\/strong> - Protection avanc\u00e9e en temps r\u00e9el contre les ransomwares et les cyberattaques.<br \/>\n\u2705 <strong>Int\u00e9gration transparente de Microsoft 365<\/strong> - Optimis\u00e9 pour une utilisation professionnelle avec Office, OneDrive et Teams.<br \/>\n\u2705 <strong>Soutien au travail en nuage et hybride<\/strong> - Fonctionne sans effort avec <strong>Azure Active Directory<\/strong> et <strong>Autopilote Windows<\/strong> pour un d\u00e9ploiement facile.<br \/>\n\u2705 <strong>DirectStorage et AutoHDR pour les jeux vid\u00e9o<\/strong> - Des temps de chargement plus rapides et des graphismes am\u00e9lior\u00e9s pour les utilisateurs professionnels qui jouent \u00e9galement.<\/p>\n<h3><strong>Configuration minimale requise<\/strong><\/h3>\n<ul>\n<li><strong>Processeur<\/strong>: 1 GHz ou plus avec 2+ c\u0153urs sur un processeur 64 bits compatible ou un syst\u00e8me sur puce (SoC)<\/li>\n<li><strong>RAM<\/strong>: 4 Go minimum<\/li>\n<li><strong>Stockage<\/strong>Espace libre : 64 Go minimum<\/li>\n<li><strong>Graphique<\/strong>: DirectX 12 compatible avec le pilote WDDM 2.0<\/li>\n<li><strong>Affichage<\/strong>R\u00e9solution 720p, \u00e9cran 9\u2033 ou plus grand<\/li>\n<li><strong>TPM<\/strong>: Trusted Platform Module (TPM) version 2.0 requise<\/li>\n<li><strong>D\u00e9marrage s\u00e9curis\u00e9 et micrologiciel UEFI<\/strong>: N\u00e9cessaire pour renforcer la s\u00e9curit\u00e9<\/li>\n<li><strong>Connexion Internet<\/strong>: N\u00e9cessaire pour l'activation, les mises \u00e0 jour et la configuration du compte Microsoft.<\/li>\n<\/ul>\n<h3><strong>Pourquoi choisir Windows 11 Professional ?<\/strong><\/h3>\n<p>\ud83d\udd39 <strong>Parfait pour les entreprises et les utilisateurs exp\u00e9riment\u00e9s<\/strong> - Fonctions avanc\u00e9es de s\u00e9curit\u00e9 et de gestion pour une utilisation professionnelle.<br \/>\n\ud83d\udd39 <strong>S\u00e9curit\u00e9 de niveau entreprise<\/strong> - Prot\u00e8ge les donn\u00e9es sensibles gr\u00e2ce \u00e0 <strong>BitLocker, Secure Boot et Windows Defender<\/strong>.<br \/>\n\ud83d\udd39 <strong>Travail \u00e0 distance et virtualisation<\/strong> - <strong>Bureau \u00e0 distance, Windows Sandbox et Hyper-V<\/strong> soutenir les environnements de travail flexibles.<br \/>\n\ud83d\udd39 <strong>Optimis\u00e9 pour l'efficacit\u00e9<\/strong> - Sans couture <strong>Microsoft 365, OneDrive et Teams<\/strong> pour une meilleure productivit\u00e9.<br \/>\n\ud83d\udd39 <strong>S\u00e9curis\u00e9 et \u00e0 l'\u00e9preuve du temps<\/strong> - Con\u00e7u pour r\u00e9pondre aux besoins des entreprises modernes avec <strong>travail en nuage et hybride<\/strong> des capacit\u00e9s.<\/p>\n<p>Passer \u00e0 <strong>Windows 11 Professional<\/strong> aujourd'hui et faites l'exp\u00e9rience <strong>des performances, une s\u00e9curit\u00e9 et une flexibilit\u00e9 de haut niveau<\/strong> pour les entreprises et les professionnels ! \ud83d\udcbc\ud83d\ude80\ud83d\udd12<\/p>","protected":false},"excerpt":{"rendered":"<p>Windows 11 Professional \u2013 Power, Security, and Productivity for Business Users Description Windows 11 Professional is a feature-rich, secure, and high-performance operating system designed for professionals, businesses, and power users. With enhanced security, virtualization support, remote desktop access, and advanced management tools, Windows 11 Pro is the ideal OS for those who need more than [&hellip;]<\/p>","protected":false},"featured_media":1076,"comment_status":"open","ping_status":"closed","template":"","meta":{"_gspb_post_css":""},"product_brand":[],"product_cat":[56],"product_tag":[60],"class_list":{"0":"post-1053","1":"product","2":"type-product","3":"status-publish","4":"has-post-thumbnail","6":"product_cat-operating-system","7":"product_tag-windows-11","9":"first","10":"instock","11":"shipping-taxable","12":"product-type-external"},"_links":{"self":[{"href":"https:\/\/keysdock.tajnaveza.net\/fr\/wp-json\/wp\/v2\/product\/1053","targetHints":{"allow":["GET"]}}],"collection":[{"href":"https:\/\/keysdock.tajnaveza.net\/fr\/wp-json\/wp\/v2\/product"}],"about":[{"href":"https:\/\/keysdock.tajnaveza.net\/fr\/wp-json\/wp\/v2\/types\/product"}],"replies":[{"embeddable":true,"href":"https:\/\/keysdock.tajnaveza.net\/fr\/wp-json\/wp\/v2\/comments?post=1053"}],"wp:featuredmedia":[{"embeddable":true,"href":"https:\/\/keysdock.tajnaveza.net\/fr\/wp-json\/wp\/v2\/media\/1076"}],"wp:attachment":[{"href":"https:\/\/keysdock.tajnaveza.net\/fr\/wp-json\/wp\/v2\/media?parent=1053"}],"wp:term":[{"taxonomy":"product_brand","embeddable":true,"href":"https:\/\/keysdock.tajnaveza.net\/fr\/wp-json\/wp\/v2\/product_brand?post=1053"},{"taxonomy":"product_cat","embeddable":true,"href":"https:\/\/keysdock.tajnaveza.net\/fr\/wp-json\/wp\/v2\/product_cat?post=1053"},{"taxonomy":"product_tag","embeddable":true,"href":"https:\/\/keysdock.tajnaveza.net\/fr\/wp-json\/wp\/v2\/product_tag?post=1053"}],"curies":[{"name":"wp","href":"https:\/\/api.w.org\/{rel}","templated":true}]}}