{"id":1116,"date":"2025-03-16T10:34:08","date_gmt":"2025-03-16T10:34:08","guid":{"rendered":"https:\/\/keysdock.com\/?post_type=product&#038;p=1116"},"modified":"2025-10-19T07:44:02","modified_gmt":"2025-10-19T07:44:02","slug":"office-2021-professional-plus-key-licence","status":"publish","type":"product","link":"https:\/\/keysdock.tajnaveza.net\/fr\/produit\/office-2021-professional-plus-key-licence\/","title":{"rendered":"Office 2021 Professional Plus Product Key Licence"},"content":{"rendered":"<p><strong>Microsoft Office 2021 Professional Plus - La suite de productivit\u00e9 ultime pour les entreprises et les professionnels<\/strong><\/p>\n<h3><strong>Description<\/strong><\/h3>\n<p class=\"translation-block\">Microsoft Office 2021 Professionnel Plus est une <strong>suite de productivit\u00e9 puissante et riche en fonctionnalit\u00e9s<\/strong> con\u00e7ue pour les <strong>commerces, les entreprises et les professionnels<\/strong> qui ont besoin <strong>d'outils avanc\u00e9s de cr\u00e9ation de documents, d'analyse de donn\u00e9es, de collaboration et de communication<\/strong>. Avec <strong>aucun abonnement requis<\/strong>, cet <strong>achat unique<\/strong> offre une fiabilit\u00e9 et une s\u00e9curit\u00e9 \u00e0 long terme pour les utilisateurs qui pr\u00e9f\u00e8rent une exp\u00e9rience stable et hors ligne, tout en offrant une connectivit\u00e9 au nuage pour les flux de travail modernes.<\/p>\n<p class=\"translation-block\">Cette derni\u00e8re version comprend des <strong>performances am\u00e9lior\u00e9es, de nouveaux outils de collaboration et des fonctionnalit\u00e9s pilot\u00e9es par l'IA<\/strong> pour stimuler la productivit\u00e9 et rationaliser les processus de travail.<\/p>\n<h3><strong>Applications incluses<\/strong><\/h3>\n<ul>\n<li class=\"translation-block\"><strong>Word 2021<\/strong> - Traitement de texte am\u00e9lior\u00e9 avec <strong>collaboration en temps r\u00e9el et \u00e9dition aliment\u00e9e par l'IA<\/strong>.<\/li>\n<li class=\"translation-block\">&lt;Excel 2021<\/strong> - Feuilles de calcul am\u00e9lior\u00e9es avec <strong>XLOOKUP, tableaux dynamiques, Power Query et tableaux crois\u00e9s dynamiques<\/strong>.<\/li>\n<li class=\"translation-block\"><strong>PowerPoint 2021<\/strong> - Cr\u00e9ez des pr\u00e9sentations \u00e9poustouflantes gr\u00e2ce \u00e0 la <strong>transition morphologique, aux animations am\u00e9lior\u00e9es et \u00e0 la co-cr\u00e9ation<\/strong>.<\/li>\n<li class=\"translation-block\"><strong>Outlook 2021<\/strong> - Gestion plus intelligente du courrier \u00e9lectronique et du calendrier avec <strong>une meilleure recherche, une bo\u00eete de r\u00e9ception cibl\u00e9e et des @mentions<\/strong>.<\/li>\n<li class=\"translation-block\"><strong>Access 2021<\/strong> - Un puissant outil de gestion de base de donn\u00e9es pour <strong>stocker, analyser et rapporter des donn\u00e9es<\/strong>.<\/li>\n<li class=\"translation-block\"><strong>Editeur 2021<\/strong> - Concevoir des <strong>mat\u00e9riels de marketing, des brochures et des publications<\/strong> professionnels.<\/li>\n<li class=\"translation-block\"><strong>OneNote 2021<\/strong> - Un bloc-notes num\u00e9rique avec <strong>synchronisation sur le cloud pour l'organisation et la prise de notes<\/strong>.<\/li>\n<li class=\"translation-block\"><b>Teams - <\/b>un espace de travail<b>pour la collaboration<\/b> et la communication en temps r\u00e9el, les r\u00e9unions, le partage de fichiers et d'applications.<\/li>\n<\/ul>\n<h3><strong>Caract\u00e9ristiques principales<\/strong><\/h3>\n<p class=\"translation-block\">\u2705 <strong>Achat unique, pas d'abonnement<\/strong> - <strong>Poss\u00e9dez Office 2021 de fa\u00e7on permanente<\/strong> sans co\u00fbts r\u00e9currents.<br>\r\n\u2705 <strong>Coauteur en temps r\u00e9el<\/strong> - Travaillez sur des documents <strong>simultan\u00e9ment avec des coll\u00e8gues<\/strong> gr\u00e2ce \u00e0 la collaboration en direct.<br>\r\n\u2705 <strong>Am\u00e9lioration des performances et de la vitesse<\/strong> - Des temps de lancement d'application plus rapides et une stabilit\u00e9 am\u00e9lior\u00e9e.<br>\r\n\u2705 <strong>Options de stockage cloud et local<\/strong> - Enregistrez des documents <strong>localement ou via OneDrive, SharePoint et Teams<\/strong>.<br>\r\n\u2705 <strong>Outils Excel avanc\u00e9s<\/strong> - <strong>Nouvelles fonctions (XLOOKUP, LET et tableaux dynamiques) et tableaux crois\u00e9s dynamiques am\u00e9lior\u00e9s<\/strong>.<br>\r\n\u2705 <strong>Interface utilisateur modernis\u00e9e<\/strong> - Une apparence propre et rafra\u00eechie avec <strong>une navigation et une accessibilit\u00e9 am\u00e9lior\u00e9es<\/strong>.<br>\r\n\u2705 <strong>Gestion plus intelligente des courriels et du calendrier<\/strong> - <strong>Meilleur filtrage des courriels, assistant de planification et outil de traduction Outlook<\/strong>.<br>\r\n\u2705 <strong>Mises \u00e0 jour PowerPoint<\/strong> - <strong>Reprise d'encre, enregistrement am\u00e9lior\u00e9 des diapositives et exportation vid\u00e9o 4K<\/strong>.<br>\r\n\u2705 <strong>S\u00e9curit\u00e9 renforc\u00e9e et conformit\u00e9<\/strong> - <strong>Pr\u00e9vention des pertes de donn\u00e9es (DLP), authentification multifactorielle et chiffrement avanc\u00e9<\/strong>.<br>\r\n\u2705 <strong>Meilleure prise en charge du mode sombre<\/strong> - R\u00e9duisez la fatigue oculaire gr\u00e2ce au <strong>mode sombre am\u00e9lior\u00e9 dans toutes les apps Office<\/strong>.<\/p>\n<h3><strong>Configuration minimale requise<\/strong><\/h3>\n<ul>\n<li class=\"translation-block\"><strong>Processeur<\/strong> : 1,6 GHz ou plus rapide, processeur double c\u0153ur<\/li>\n<li class=\"translation-block\"><strong>RAM<\/strong> : 4 Go (64 bits) \/ 2 Go (32 bits)<\/li>\n<li class=\"translation-block\"><strong>Stockage<\/strong> : 4 Go d'espace disque disponible<\/li>\n<li class=\"translation-block\"><strong>Affichage<\/strong> : r\u00e9solution de 1280\u00d7768 ou sup\u00e9rieure<\/li>\n<li class=\"translation-block\"><strong>Syst\u00e8me d'exploitation<\/strong> : Windows 10, Windows 11, Windows Server 2019\/2022<\/li>\n<li class=\"translation-block\"><strong>Graphique<\/strong> : DirectX 9 ou sup\u00e9rieur avec pilote WDDM 2.0+<\/li>\n<li class=\"translation-block\"><strong>Connexion internet<\/strong> : N\u00e9cessaire pour l'activation, les mises \u00e0 jour et les services en nuage<\/li>\n<\/ul>\n<h3><strong>Pourquoi choisir Microsoft Office 2021 Professional Plus ?<\/strong><\/h3>\n<p class=\"translation-block\">\ud83d\udd39 <strong>Parfait pour les entreprises<\/strong> - Une suite compl\u00e8te pour la <strong>cr\u00e9ation de documents, la gestion des donn\u00e9es et la communication<\/strong>.<br>\r\n\ud83d\udd39 <strong>Pas de frais r\u00e9currents<\/strong> - <strong>Achat unique pour une utilisation \u00e0 vie<\/strong> sans abonnement.<br>\r\n\ud83d\udd39 <strong>Collaboration transparente et acc\u00e8s au cloud<\/strong> - Travaillez efficacement gr\u00e2ce \u00e0 l'int\u00e9gration de <strong>OneDrive, SharePoint et Teams<\/strong>.<br>\r\n\ud83d\udd39 <strong>Fonctionnalit\u00e9s Excel et PowerPoint avanc\u00e9es<\/strong> - Boostez votre productivit\u00e9 avec de <strong>nouvelles fonctions et des outils visuels am\u00e9lior\u00e9s<\/strong>.<br>\r\n\ud83d\udd39 <strong>S\u00e9curit\u00e9 et fiabilit\u00e9<\/strong> - <strong>Des outils de s\u00e9curit\u00e9 et de conformit\u00e9 de niveau entreprise<\/strong> pour prot\u00e9ger les donn\u00e9es sensibles de l'entreprise.<\/p>\n<p class=\"translation-block\">Passez \u00e0 <strong>Microsoft Office 2021 Professionnel Plus<\/strong> d\u00e8s aujourd'hui et profitez <strong>d'une exp\u00e9rience de productivit\u00e9 rapide, s\u00e9curis\u00e9e et puissante<\/strong> pour les besoins des entreprises modernes ! \ud83d\ude80\ud83d\udcbb\ud83d\udcca<\/p>","protected":false},"excerpt":{"rendered":"<p>Microsoft Office 2021 Professional Plus \u2013 The Ultimate Productivity Suite for Businesses &amp; Professionals Description Microsoft Office 2021 Professional Plus is a powerful and feature-rich productivity suite designed for businesses, enterprises, and professionals who need advanced document creation, data analysis, collaboration, and communication tools. With no subscription required, this one-time purchase provides long-term reliability and [&hellip;]<\/p>","protected":false},"featured_media":1081,"comment_status":"open","ping_status":"closed","template":"","meta":{"_gspb_post_css":""},"product_brand":[],"product_cat":[62],"product_tag":[63],"class_list":{"0":"post-1116","1":"product","2":"type-product","3":"status-publish","4":"has-post-thumbnail","6":"product_cat-office","7":"product_tag-office-pc","9":"first","10":"instock","11":"shipping-taxable","12":"product-type-external"},"_links":{"self":[{"href":"https:\/\/keysdock.tajnaveza.net\/fr\/wp-json\/wp\/v2\/product\/1116","targetHints":{"allow":["GET"]}}],"collection":[{"href":"https:\/\/keysdock.tajnaveza.net\/fr\/wp-json\/wp\/v2\/product"}],"about":[{"href":"https:\/\/keysdock.tajnaveza.net\/fr\/wp-json\/wp\/v2\/types\/product"}],"replies":[{"embeddable":true,"href":"https:\/\/keysdock.tajnaveza.net\/fr\/wp-json\/wp\/v2\/comments?post=1116"}],"wp:featuredmedia":[{"embeddable":true,"href":"https:\/\/keysdock.tajnaveza.net\/fr\/wp-json\/wp\/v2\/media\/1081"}],"wp:attachment":[{"href":"https:\/\/keysdock.tajnaveza.net\/fr\/wp-json\/wp\/v2\/media?parent=1116"}],"wp:term":[{"taxonomy":"product_brand","embeddable":true,"href":"https:\/\/keysdock.tajnaveza.net\/fr\/wp-json\/wp\/v2\/product_brand?post=1116"},{"taxonomy":"product_cat","embeddable":true,"href":"https:\/\/keysdock.tajnaveza.net\/fr\/wp-json\/wp\/v2\/product_cat?post=1116"},{"taxonomy":"product_tag","embeddable":true,"href":"https:\/\/keysdock.tajnaveza.net\/fr\/wp-json\/wp\/v2\/product_tag?post=1116"}],"curies":[{"name":"wp","href":"https:\/\/api.w.org\/{rel}","templated":true}]}}