{"id":938,"date":"2025-03-15T21:07:21","date_gmt":"2025-03-15T21:07:21","guid":{"rendered":"https:\/\/keysdock.com\/?post_type=product&#038;p=938"},"modified":"2025-10-19T07:31:27","modified_gmt":"2025-10-19T07:31:27","slug":"windows-10-enterprise-key-licence","status":"publish","type":"product","link":"https:\/\/keysdock.tajnaveza.net\/fr\/produit\/windows-10-enterprise-key-licence\/","title":{"rendered":"Windows 10 Enterprise Product Key Licence"},"content":{"rendered":"<p><strong>Windows 10 Enterprise - La solution ultime pour les entreprises et la s\u00e9curit\u00e9<\/strong><\/p>\n<h3><strong>Description<\/strong><\/h3>\n<p>Windows 10 Enterprise est un syst\u00e8me d'exploitation puissant, s\u00e9curis\u00e9 et \u00e9volutif con\u00e7u pour les entreprises, les soci\u00e9t\u00e9s et les professionnels de l'informatique. Avec <strong>fonctions de s\u00e9curit\u00e9 avanc\u00e9es<\/strong>, <strong>outils de gestion \u00e0 distance<\/strong>et <strong>performance de niveau entreprise<\/strong>Cette version de Windows 10 garantit l'efficacit\u00e9, la conformit\u00e9 et la productivit\u00e9 au sein des entreprises. Cette version de Windows 10 est optimis\u00e9e pour les d\u00e9ploiements \u00e0 grande \u00e9chelle, offrant aux administrateurs informatiques un contr\u00f4le total sur les mises \u00e0 jour du syst\u00e8me, les politiques de s\u00e9curit\u00e9 et la gestion des appareils.<\/p>\n<h3><strong>Caract\u00e9ristiques principales<\/strong><\/h3>\n<p>\u2705 <strong>S\u00e9curit\u00e9 avanc\u00e9e et protection contre les menaces<\/strong> - Comprend <strong>Windows Defender Advanced Threat Protection (ATP)<\/strong>, <strong>Cryptage BitLocker<\/strong>et <strong>Windows Hello<\/strong> l'authentification biom\u00e9trique.<br \/>\n\u2705 <strong>Fili\u00e8re d'entretien \u00e0 long terme (LTSC)<\/strong> - R\u00e9duire les interruptions de mise \u00e0 jour gr\u00e2ce \u00e0 une stabilit\u00e9 accrue et \u00e0 des correctifs de s\u00e9curit\u00e9.<br \/>\n\u2705 <strong>Autopilote Windows<\/strong> - Simplifie la configuration et le d\u00e9ploiement des appareils pour les entreprises.<br \/>\n\u2705 <strong>Microsoft Defender pour les points finaux<\/strong> - S\u00e9curit\u00e9 de niveau entreprise contre les logiciels malveillants, les ransomwares et les cybermenaces.<br \/>\n\u2705 <strong>Azure Active Directory &amp; Group Policy<\/strong> - Gestion transparente des identit\u00e9s bas\u00e9e sur le cloud et contr\u00f4le centralis\u00e9 du syst\u00e8me.<br \/>\n\u2705 <strong>Bureau virtuel Windows et acc\u00e8s \u00e0 distance<\/strong> - G\u00e9rer les postes de travail de n'importe o\u00f9 gr\u00e2ce \u00e0 la fonction <strong>Services de bureau \u00e0 distance (RDS)<\/strong>.<br \/>\n\u2705 <strong>Gestion des applications et des donn\u00e9es \u00e0 l'\u00e9chelle de l'entreprise<\/strong> - Contr\u00f4lez l'acc\u00e8s, g\u00e9rez les mises \u00e0 jour et appliquez les politiques de s\u00e9curit\u00e9.<br \/>\n\u2705 <strong>Support DirectAccess et VPN<\/strong> - Connexions \u00e0 distance s\u00e9curis\u00e9es pour les employ\u00e9s travaillant en dehors du bureau.<br \/>\n\u2705 <strong>Bac \u00e0 sable Windows et Hyper-V<\/strong> - Ex\u00e9cuter des applications dans un environnement s\u00e9curis\u00e9 et isol\u00e9 \u00e0 des fins de test et de d\u00e9veloppement.<br \/>\n\u2705 <strong>Mode entreprise pour les applications patrimoniales<\/strong> - Assure la compatibilit\u00e9 avec les anciennes applications professionnelles.<\/p>\n<h3><strong>Configuration minimale requise<\/strong><\/h3>\n<ul>\n<li><strong>Processeur<\/strong>: Processeur compatible 1 GHz ou plus rapide<\/li>\n<li><strong>RAM<\/strong>2 GB (64-bit) \/ 1 GB (32-bit)<\/li>\n<li><strong>Stockage<\/strong>20 Go (64 bits) \/ 16 Go (32 bits)<\/li>\n<li><strong>Graphique<\/strong>: Compatible DirectX 9 avec le pilote WDDM 1.0<\/li>\n<li><strong>Affichage<\/strong>R\u00e9solution : 800\u00d7600 ou sup\u00e9rieure<\/li>\n<li><strong>Connexion Internet<\/strong>: N\u00e9cessaire pour l'activation, les mises \u00e0 jour et les fonctions d'entreprise<\/li>\n<\/ul>\n<h3><strong>Pourquoi choisir Windows 10 Enterprise ?<\/strong><\/h3>\n<p>\ud83d\udd39 <strong>Id\u00e9al pour les grandes entreprises et les services informatiques<\/strong> - Outils \u00e9volutifs de s\u00e9curit\u00e9, de gestion et de d\u00e9ploiement.<br \/>\n\ud83d\udd39 <strong>S\u00e9curit\u00e9 et conformit\u00e9 ultimes<\/strong> - Prot\u00e8ge contre les cybermenaces modernes gr\u00e2ce \u00e0 des solutions de s\u00e9curit\u00e9 de niveau professionnel.<br \/>\n\ud83d\udd39 <strong>D\u00e9ploiement et mises \u00e0 jour flexibles<\/strong> - Contr\u00f4ler les cycles de mise \u00e0 jour et les changements de syst\u00e8me pour maintenir la productivit\u00e9.<br \/>\n\ud83d\udd39 <strong>Int\u00e9gration transparente avec les logiciels d'entreprise<\/strong> - Optimis\u00e9 pour <strong>Microsoft 365, Azure et les services en nuage<\/strong>.<\/p>\n<p>Passer \u00e0 <strong>Windows 10 Enterprise<\/strong> pour un <strong>s\u00fbre, stable et efficace<\/strong> environnement informatique adapt\u00e9 aux <strong>les grandes organisations<\/strong> et <strong>Professionnels de l'informatique<\/strong>! \ud83c\udfe2\ud83d\udd12\ud83d\ude80<\/p>","protected":false},"excerpt":{"rendered":"<p>Windows 10 Enterprise \u2013 The Ultimate Solution for Business &amp; Security Description Windows 10 Enterprise is a powerful, secure, and scalable operating system designed for businesses, corporations, and IT professionals. With advanced security features, remote management tools, and enterprise-grade performance, it ensures efficiency, compliance, and productivity across organizations. This version of Windows 10 is optimized [&hellip;]<\/p>","protected":false},"featured_media":957,"comment_status":"open","ping_status":"closed","template":"","meta":{"_gspb_post_css":""},"product_brand":[],"product_cat":[56],"product_tag":[57],"class_list":{"0":"post-938","1":"product","2":"type-product","3":"status-publish","4":"has-post-thumbnail","6":"product_cat-operating-system","7":"product_tag-windows-10","9":"first","10":"instock","11":"shipping-taxable","12":"product-type-external"},"_links":{"self":[{"href":"https:\/\/keysdock.tajnaveza.net\/fr\/wp-json\/wp\/v2\/product\/938","targetHints":{"allow":["GET"]}}],"collection":[{"href":"https:\/\/keysdock.tajnaveza.net\/fr\/wp-json\/wp\/v2\/product"}],"about":[{"href":"https:\/\/keysdock.tajnaveza.net\/fr\/wp-json\/wp\/v2\/types\/product"}],"replies":[{"embeddable":true,"href":"https:\/\/keysdock.tajnaveza.net\/fr\/wp-json\/wp\/v2\/comments?post=938"}],"wp:featuredmedia":[{"embeddable":true,"href":"https:\/\/keysdock.tajnaveza.net\/fr\/wp-json\/wp\/v2\/media\/957"}],"wp:attachment":[{"href":"https:\/\/keysdock.tajnaveza.net\/fr\/wp-json\/wp\/v2\/media?parent=938"}],"wp:term":[{"taxonomy":"product_brand","embeddable":true,"href":"https:\/\/keysdock.tajnaveza.net\/fr\/wp-json\/wp\/v2\/product_brand?post=938"},{"taxonomy":"product_cat","embeddable":true,"href":"https:\/\/keysdock.tajnaveza.net\/fr\/wp-json\/wp\/v2\/product_cat?post=938"},{"taxonomy":"product_tag","embeddable":true,"href":"https:\/\/keysdock.tajnaveza.net\/fr\/wp-json\/wp\/v2\/product_tag?post=938"}],"curies":[{"name":"wp","href":"https:\/\/api.w.org\/{rel}","templated":true}]}}