{"id":939,"date":"2025-03-15T21:07:21","date_gmt":"2025-03-15T21:07:21","guid":{"rendered":"https:\/\/keysdock.com\/?post_type=product&#038;p=939"},"modified":"2025-10-19T07:31:16","modified_gmt":"2025-10-19T07:31:16","slug":"windows-11-enterprise-key-licence","status":"publish","type":"product","link":"https:\/\/keysdock.tajnaveza.net\/fr\/produit\/windows-11-enterprise-key-licence\/","title":{"rendered":"Windows 11 Enterprise Product Key Licence"},"content":{"rendered":"<p><strong>Achetez Windows 11 Enterprise licence retail &amp; OEM au meilleur prix \u2013 activation \u00e0 vie garantie.<\/strong><\/p>\n<h3><strong>Description<\/strong><\/h3>\n<p>Windows 11 Enterprise est un <strong>puissant, s\u00e9curis\u00e9 et \u00e9volutif<\/strong> Syst\u00e8me d'exploitation con\u00e7u pour les entreprises, les soci\u00e9t\u00e9s et les professionnels de l'informatique qui ont besoin d'un syst\u00e8me d'exploitation de qualit\u00e9. <strong>s\u00e9curit\u00e9 avanc\u00e9e, gestion \u00e0 distance et performances au niveau de l'entreprise<\/strong>. Avec des fonctionnalit\u00e9s con\u00e7ues pour un d\u00e9ploiement \u00e0 grande \u00e9chelle, Windows 11 Enterprise offre <strong>une s\u00e9curit\u00e9 solide, une gestion simplifi\u00e9e et une int\u00e9gration flexible dans le nuage<\/strong> pour que votre organisation reste productive et prot\u00e9g\u00e9e contre les cybermenaces modernes.<\/p>\n<h3><strong>Caract\u00e9ristiques principales<\/strong><\/h3>\n<p>\u2705 <strong>S\u00e9curit\u00e9 et conformit\u00e9 au niveau de l'entreprise<\/strong> - Comprend <strong>Windows Defender Advanced Threat Protection (ATP)<\/strong>, <strong>Cryptage BitLocker<\/strong>et <strong>Cadre de s\u00e9curit\u00e9 \"Zero Trust\" (confiance z\u00e9ro)<\/strong>.<br \/>\n\u2705 <strong>Windows Autopilot et d\u00e9ploiement dans le nuage<\/strong> - Automatiser la configuration et le d\u00e9ploiement des appareils avec <strong>gestion informatique bas\u00e9e sur l'informatique en nuage<\/strong>.<br \/>\n\u2705 <strong>Fili\u00e8re d'entretien \u00e0 long terme (LTSC)<\/strong> - R\u00e9duire les interruptions de mise \u00e0 jour tout en maintenant la s\u00e9curit\u00e9 et la stabilit\u00e9.<br \/>\n\u2705 <strong>Microsoft Defender pour les points finaux<\/strong> - S\u00e9curit\u00e9 au niveau de l'entreprise contre <strong>ransomware, logiciels malveillants et cybermenaces<\/strong>.<br \/>\n\u2705 <strong>Azure Active Directory &amp; Group Policy<\/strong> - <strong>Gestion transparente des identit\u00e9s et des acc\u00e8s<\/strong> pour les administrateurs informatiques.<br \/>\n\u2705 <strong>Bureau virtuel Windows et travail \u00e0 distance<\/strong> - G\u00e9rer les postes de travail \u00e0 distance avec <strong>Services de bureau \u00e0 distance (RDS) int\u00e9gr\u00e9s<\/strong>.<br \/>\n\u2705 <strong>Bac \u00e0 sable Windows et Hyper-V<\/strong> - Ex\u00e9cuter des applications et des machines virtuelles dans un environnement <strong>isol\u00e9, s\u00e9curis\u00e9<\/strong> l'environnement.<br \/>\n\u2705 <strong>DirectAccess &amp; Always-On VPN<\/strong> - <strong>Connexions \u00e0 distance s\u00e9curis\u00e9es<\/strong> pour les employ\u00e9s travaillant en dehors du bureau.<br \/>\n\u2705 <strong>Mode entreprise pour les applications patrimoniales<\/strong> - Garantit <strong>compatibilit\u00e9 avec les anciennes applications professionnelles<\/strong>.<br \/>\n\u2705 <strong>Contr\u00f4le avanc\u00e9 des appareils et des applications<\/strong> - Appliquer les politiques de s\u00e9curit\u00e9 et <strong>contr\u00f4ler l'acc\u00e8s au dispositif<\/strong> dans l'ensemble de l'organisation.<br \/>\n\u2705 <strong>Mise \u00e0 jour de Windows pour les entreprises<\/strong> - <strong>Contr\u00f4ler les mises \u00e0 jour et les politiques de d\u00e9ploiement<\/strong> pour \u00e9viter les temps d'arr\u00eat.<\/p>\n<h3><strong>Configuration minimale requise<\/strong><\/h3>\n<ul>\n<li><strong>Processeur<\/strong>: 1 GHz ou plus avec 2+ c\u0153urs sur un processeur 64 bits compatible ou un syst\u00e8me sur puce (SoC)<\/li>\n<li><strong>RAM<\/strong>: 4 Go (minimum)<\/li>\n<li><strong>Stockage<\/strong>Espace libre : 64 Go (espace libre minimum)<\/li>\n<li><strong>Graphique<\/strong>: DirectX 12 compatible avec le pilote WDDM 2.0<\/li>\n<li><strong>Affichage<\/strong>R\u00e9solution 720p, \u00e9cran 9\u2033 ou plus grand<\/li>\n<li><strong>TPM<\/strong>: Trusted Platform Module (TPM) version 2.0 requise<\/li>\n<li><strong>D\u00e9marrage s\u00e9curis\u00e9 et micrologiciel UEFI<\/strong>: N\u00e9cessaire pour la s\u00e9curit\u00e9 avanc\u00e9e<\/li>\n<li><strong>Connexion Internet<\/strong>: N\u00e9cessaire pour l'activation, les mises \u00e0 jour et les services cloud de Microsoft<\/li>\n<\/ul>\n<h3><strong>Pourquoi choisir Windows 11 Enterprise ?<\/strong><\/h3>\n<p>\ud83d\udd39 <strong>Con\u00e7u pour les grandes entreprises et les professionnels de l'informatique<\/strong> - Au niveau de l'entreprise <strong>s\u00e9curit\u00e9, gestion et \u00e9volutivit\u00e9<\/strong>.<br \/>\n\ud83d\udd39 <strong>Une s\u00e9curit\u00e9 de premier ordre<\/strong> - Prot\u00e8ge les donn\u00e9es sensibles de l'entreprise gr\u00e2ce \u00e0 <strong>BitLocker, Secure Boot et Advanced Threat Protection<\/strong>.<br \/>\n\ud83d\udd39 <strong>Optimisation du travail en nuage et hybride<\/strong> - Int\u00e9gration compl\u00e8te avec <strong>Microsoft 365, Azure et la gestion informatique bas\u00e9e sur le cloud.<\/strong>.<br \/>\n\ud83d\udd39 <strong>D\u00e9ploiement flexible et \u00e9volutif<\/strong> - D\u00e9ployer facilement et <strong>g\u00e9rer plusieurs appareils<\/strong> avec <strong>Autopilote et politique de groupe<\/strong>.<br \/>\n\ud83d\udd39 <strong>Construit pour l'avenir<\/strong> - <strong>S\u00e9curit\u00e9, conformit\u00e9 et travail \u00e0 distance de niveau entreprise<\/strong>.<\/p>\n<p>Passer \u00e0 <strong>Windows 11 Enterprise<\/strong> pour les plus <strong>s\u00e9curis\u00e9, efficace et \u00e9volutif<\/strong> l'exp\u00e9rience de l'informatique d'entreprise ! \ud83c\udfe2\ud83d\udd12\ud83d\ude80<\/p>","protected":false},"excerpt":{"rendered":"<p>Windows 11 Enterprise \u2013 The Ultimate Business-Grade Operating System Description Windows 11 Enterprise is a powerful, secure, and scalable operating system designed for businesses, corporations, and IT professionals who require advanced security, remote management, and enterprise-level performance. With features tailored for large-scale deployment, Windows 11 Enterprise provides robust security, streamlined management, and flexible cloud integration [&hellip;]<\/p>","protected":false},"featured_media":958,"comment_status":"open","ping_status":"closed","template":"","meta":{"_gspb_post_css":""},"product_brand":[],"product_cat":[56],"product_tag":[60],"class_list":{"0":"post-939","1":"product","2":"type-product","3":"status-publish","4":"has-post-thumbnail","6":"product_cat-operating-system","7":"product_tag-windows-11","9":"first","10":"instock","11":"shipping-taxable","12":"product-type-external"},"_links":{"self":[{"href":"https:\/\/keysdock.tajnaveza.net\/fr\/wp-json\/wp\/v2\/product\/939","targetHints":{"allow":["GET"]}}],"collection":[{"href":"https:\/\/keysdock.tajnaveza.net\/fr\/wp-json\/wp\/v2\/product"}],"about":[{"href":"https:\/\/keysdock.tajnaveza.net\/fr\/wp-json\/wp\/v2\/types\/product"}],"replies":[{"embeddable":true,"href":"https:\/\/keysdock.tajnaveza.net\/fr\/wp-json\/wp\/v2\/comments?post=939"}],"wp:featuredmedia":[{"embeddable":true,"href":"https:\/\/keysdock.tajnaveza.net\/fr\/wp-json\/wp\/v2\/media\/958"}],"wp:attachment":[{"href":"https:\/\/keysdock.tajnaveza.net\/fr\/wp-json\/wp\/v2\/media?parent=939"}],"wp:term":[{"taxonomy":"product_brand","embeddable":true,"href":"https:\/\/keysdock.tajnaveza.net\/fr\/wp-json\/wp\/v2\/product_brand?post=939"},{"taxonomy":"product_cat","embeddable":true,"href":"https:\/\/keysdock.tajnaveza.net\/fr\/wp-json\/wp\/v2\/product_cat?post=939"},{"taxonomy":"product_tag","embeddable":true,"href":"https:\/\/keysdock.tajnaveza.net\/fr\/wp-json\/wp\/v2\/product_tag?post=939"}],"curies":[{"name":"wp","href":"https:\/\/api.w.org\/{rel}","templated":true}]}}