{"id":941,"date":"2025-03-15T21:07:21","date_gmt":"2025-03-15T21:07:21","guid":{"rendered":"https:\/\/keysdock.com\/?post_type=product&#038;p=941"},"modified":"2025-10-19T07:30:36","modified_gmt":"2025-10-19T07:30:36","slug":"office-2016-professional-plus-key-licence","status":"publish","type":"product","link":"https:\/\/keysdock.tajnaveza.net\/fr\/produit\/office-2016-professional-plus-key-licence\/","title":{"rendered":"Office 2016 Professional Plus Product Key Licence"},"content":{"rendered":"<p><strong>Microsoft Office 2016 Professional Plus - Suite de productivit\u00e9 puissante pour les entreprises et les professionnels<\/strong><\/p>\n<h3><strong>Description<\/strong><\/h3>\n<p>Microsoft Office 2016 Professionnel Plus est un <strong>suite de productivit\u00e9 compl\u00e8te et efficace<\/strong> con\u00e7u pour <strong>les entreprises, les professionnels et les utilisateurs exp\u00e9riment\u00e9s<\/strong> qui ont besoin <strong>des outils robustes de cr\u00e9ation de documents, de gestion des donn\u00e9es et de communication<\/strong>. Avec <strong>des fonctions de collaboration am\u00e9lior\u00e9es, une int\u00e9gration dans le nuage et une s\u00e9curit\u00e9 renforc\u00e9e<\/strong>Office 2016 Professional Plus permet de rationaliser les flux de travail et de renforcer l'efficacit\u00e9 des \u00e9quipes et des organisations.<\/p>\n<h3><strong>Applications incluses<\/strong><\/h3>\n<ul>\n<li><strong>Word 2016<\/strong> - Traitement de texte avanc\u00e9 avec de nouveaux outils de collaboration.<\/li>\n<li><strong>Excel 2016<\/strong> - Am\u00e9lioration des capacit\u00e9s des feuilles de calcul avec <strong>Power Query, Power Pivot et nouveaux types de graphiques<\/strong>.<\/li>\n<li><strong>PowerPoint 2016<\/strong> - Cr\u00e9ation de pr\u00e9sentations professionnelles avec <strong>Transition morphologique et fonction Designer<\/strong>.<\/li>\n<li><strong>Outlook 2016<\/strong> - Am\u00e9lioration de la gestion du courrier \u00e9lectronique et du calendrier gr\u00e2ce \u00e0 <strong>bo\u00eete de r\u00e9ception cibl\u00e9e et recherche plus rapide<\/strong>.<\/li>\n<li><strong>Acc\u00e8s 2016<\/strong> - Gestion de bases de donn\u00e9es pour le suivi, l'analyse et la communication de donn\u00e9es.<\/li>\n<li><strong>\u00c9diteur 2016<\/strong> - Concevoir du mat\u00e9riel de marketing et des publications de qualit\u00e9 professionnelle.<\/li>\n<li><strong>OneNote 2016<\/strong> - Prise de notes num\u00e9rique avec <strong>synchronisation dans le nuage sur plusieurs appareils<\/strong>.<\/li>\n<li><strong>Skype pour les entreprises<\/strong> - Communication int\u00e9gr\u00e9e pour les appels vid\u00e9o, la messagerie et les r\u00e9unions en ligne.<\/li>\n<\/ul>\n<h3><strong>Caract\u00e9ristiques principales<\/strong><\/h3>\n<p>\u2705 <strong>Am\u00e9lioration de la collaboration<\/strong> - <strong>Co-cr\u00e9ation en temps r\u00e9el<\/strong> dans Word, PowerPoint et OneNote.<br \/>\n\u2705 <strong>Int\u00e9gration dans le nuage<\/strong> - Connectivit\u00e9 transparente avec <strong>OneDrive, SharePoint et les services Microsoft 365<\/strong>.<br \/>\n\u2705 <strong>Am\u00e9lioration de l'analyse des donn\u00e9es dans Excel<\/strong> - Nouvelles fonctions, nouveaux graphiques et nouveaux outils de visualisation des donn\u00e9es.<br \/>\n\u2705 <strong>Meilleure gestion des courriels dans Outlook<\/strong> - <strong>Bo\u00eete de r\u00e9ception cibl\u00e9e, pi\u00e8ces jointes plus intelligentes et filtrage am\u00e9lior\u00e9<\/strong>.<br \/>\n\u2705 <strong>Recherche intelligente<\/strong> - Int\u00e9gr\u00e9 <strong>Outil de recherche aliment\u00e9 par Bing<\/strong> pour une recherche rapide d'informations.<br \/>\n\u2705 <strong>Tell Me Feature<\/strong> - A <strong>assistant d'aide int\u00e9gr\u00e9<\/strong> pour trouver des caract\u00e9ristiques plus rapidement.<br \/>\n\u2705 <strong>Am\u00e9lioration de la s\u00e9curit\u00e9 et de la conformit\u00e9<\/strong> - <strong>Pr\u00e9vention des pertes de donn\u00e9es (DLP)<\/strong> et <strong>authentification multifactorielle<\/strong> pour une s\u00e9curit\u00e9 renforc\u00e9e.<br \/>\n\u2705 <strong>Ruban et interface personnalisables<\/strong> - Personnalisez facilement les barres d'outils et les commandes pour am\u00e9liorer l'efficacit\u00e9 du flux de travail.<br \/>\n\u2705 <strong>Achat unique<\/strong> - Aucun abonnement n'est requis, ce qui en fait un <strong>solution rentable<\/strong> pour les entreprises.<\/p>\n<h3><strong>Configuration minimale requise<\/strong><\/h3>\n<ul>\n<li><strong>Processeur<\/strong>: 1 GHz ou plus rapide, processeur x86 ou x64 bits avec jeu d'instructions SSE2<\/li>\n<li><strong>RAM<\/strong>2 GB (32-bit) \/ 4 GB (64-bit)<\/li>\n<li><strong>Stockage<\/strong>: 3 Go d'espace disque disponible<\/li>\n<li><strong>Affichage<\/strong>: R\u00e9solution de 1280\u00d7800 ou plus<\/li>\n<li><strong>Syst\u00e8me d'exploitation<\/strong>: Windows 7, Windows 8, Windows 8.1, Windows 10, Windows Server 2008 R2, Windows Server 2012<\/li>\n<li><strong>Graphique<\/strong>: GPU compatible DirectX 10 recommand\u00e9<\/li>\n<li><strong>Connexion Internet<\/strong>: N\u00e9cessaire pour l'activation, les mises \u00e0 jour et les services en ligne<\/li>\n<\/ul>\n<h3><strong>Pourquoi choisir Microsoft Office 2016 Professionnel Plus ?<\/strong><\/h3>\n<p>\ud83d\udd39 <strong>Parfait pour les entreprises et les professionnels<\/strong> - Outils riches en fonctionnalit\u00e9s pour la cr\u00e9ation de documents, la gestion de donn\u00e9es et la communication.<br \/>\n\ud83d\udd39 <strong>Stable et fiable<\/strong> - Des performances \u00e9prouv\u00e9es avec une assistance \u00e0 long terme et des mises \u00e0 jour de s\u00e9curit\u00e9.<br \/>\n\ud83d\udd39 <strong>Cloud et collaboration sans faille<\/strong> - Se connecter avec <strong>OneDrive, SharePoint et Skype for Business<\/strong>.<br \/>\n\ud83d\udd39 <strong>Gestion avanc\u00e9e des donn\u00e9es et des courriels<\/strong> - <strong>Power Query et Power Pivot d'Excel, et le filtrage plus intelligent d'Outlook<\/strong>.<br \/>\n\ud83d\udd39 <strong>Achat unique<\/strong> - Pas de frais r\u00e9currents, ce qui offre une valeur \u00e0 long terme aux entreprises.<\/p>\n<p>Passer \u00e0 <strong>Microsoft Office 2016 Professionnel Plus<\/strong> aujourd'hui et <strong>Augmentez votre productivit\u00e9 gr\u00e2ce \u00e0 des fonctions avanc\u00e9es de gestion des documents, de collaboration et de s\u00e9curit\u00e9.<\/strong>! \ud83d\ude80\ud83d\udcca\ud83d\udce7<\/p>","protected":false},"excerpt":{"rendered":"<p>Microsoft Office 2016 Professional Plus \u2013 Powerful Productivity Suite for Businesses &amp; Professionals Description Microsoft Office 2016 Professional Plus is a comprehensive and efficient productivity suite designed for businesses, professionals, and power users who need robust document creation, data management, and communication tools. With enhanced collaboration features, cloud integration, and improved security, Office 2016 Professional [&hellip;]<\/p>","protected":false},"featured_media":1079,"comment_status":"open","ping_status":"closed","template":"","meta":{"_gspb_post_css":""},"product_brand":[],"product_cat":[62],"product_tag":[63],"class_list":{"0":"post-941","1":"product","2":"type-product","3":"status-publish","4":"has-post-thumbnail","6":"product_cat-office","7":"product_tag-office-pc","9":"first","10":"instock","11":"shipping-taxable","12":"product-type-external"},"_links":{"self":[{"href":"https:\/\/keysdock.tajnaveza.net\/fr\/wp-json\/wp\/v2\/product\/941","targetHints":{"allow":["GET"]}}],"collection":[{"href":"https:\/\/keysdock.tajnaveza.net\/fr\/wp-json\/wp\/v2\/product"}],"about":[{"href":"https:\/\/keysdock.tajnaveza.net\/fr\/wp-json\/wp\/v2\/types\/product"}],"replies":[{"embeddable":true,"href":"https:\/\/keysdock.tajnaveza.net\/fr\/wp-json\/wp\/v2\/comments?post=941"}],"wp:featuredmedia":[{"embeddable":true,"href":"https:\/\/keysdock.tajnaveza.net\/fr\/wp-json\/wp\/v2\/media\/1079"}],"wp:attachment":[{"href":"https:\/\/keysdock.tajnaveza.net\/fr\/wp-json\/wp\/v2\/media?parent=941"}],"wp:term":[{"taxonomy":"product_brand","embeddable":true,"href":"https:\/\/keysdock.tajnaveza.net\/fr\/wp-json\/wp\/v2\/product_brand?post=941"},{"taxonomy":"product_cat","embeddable":true,"href":"https:\/\/keysdock.tajnaveza.net\/fr\/wp-json\/wp\/v2\/product_cat?post=941"},{"taxonomy":"product_tag","embeddable":true,"href":"https:\/\/keysdock.tajnaveza.net\/fr\/wp-json\/wp\/v2\/product_tag?post=941"}],"curies":[{"name":"wp","href":"https:\/\/api.w.org\/{rel}","templated":true}]}}