{"id":944,"date":"2025-03-15T21:07:21","date_gmt":"2025-03-15T21:07:21","guid":{"rendered":"https:\/\/keysdock.com\/?post_type=product&#038;p=944"},"modified":"2025-10-19T07:30:19","modified_gmt":"2025-10-19T07:30:19","slug":"office-2016-home-business-mac-key-licence","status":"publish","type":"product","link":"https:\/\/keysdock.tajnaveza.net\/fr\/produit\/office-2016-home-business-mac-key-licence\/","title":{"rendered":"Office 2016 Home &#038; Business MAC Product Key Lifetime License"},"content":{"rendered":"<div class=\"woocommerce-tabs wc-tabs-wrapper\">\n<div id=\"tab-description\" class=\"woocommerce-Tabs-panel woocommerce-Tabs-panel--description panel entry-content wc-tab\" role=\"tabpanel\" aria-labelledby=\"tab-title-description\">\n<div class=\"vc_row wpb_row vc_row-fluid\">\n<div class=\"wpb_column vc_column_container vc_col-sm-12\">\n<div class=\"vc_column-inner\">\n<div class=\"wpb_wrapper\">\n<div class=\"wpb_text_column wpb_content_element\">\n<div class=\"wpb_wrapper\"><\/div>\n<\/div>\n<\/div>\n<\/div>\n<\/div>\n<\/div>\n<\/div>\n<\/div>\n<div id=\"judgeme_product_reviews\" class=\"jdgm-widget jdgm-review-widget jdgm--done-setup-widget\" data-product-title=\"Microsoft Office 2016 Home &amp; Business for MAC Bind\" data-id=\"2274\" data-widget-name=\"review_widget\" data-impressions-tracked=\"true\" data-views-tracked=\"true\">\n<div class=\"jdgm-rev-widg\" data-updated-at=\"2025-02-10T10:37:55Z\" data-average-rating=\"4.78\" data-number-of-reviews=\"36\" data-number-of-questions=\"0\">\n<div class=\"jdgm-rev-widg__header\">\n<p><strong>Microsoft Office 2016 Home &amp; Business pour Mac - Suite de productivit\u00e9 essentielle pour les professionnels<\/strong><\/p>\n<h3><strong>Description<\/strong><\/h3>\n<p>Microsoft Office 2016 Home &amp; Business pour Mac est un logiciel de gestion des ressources humaines. <strong>suite de productivit\u00e9 puissante et polyvalente<\/strong> con\u00e7u pour <strong>les professionnels, les petites entreprises et les particuliers<\/strong> qui ont besoin des applications Office essentielles pour la cr\u00e9ation de documents, la communication et la gestion des donn\u00e9es. Optimis\u00e9 pour <strong>macOS<\/strong>Cette \u00e9dition offre une interface famili\u00e8re mais moderne, <strong>int\u00e9gration transparente dans l'\u00e9cosyst\u00e8me d'Apple<\/strong>et am\u00e9lior\u00e9e <strong>connectivit\u00e9 dans le nuage<\/strong> pour un flux de travail plus productif.<\/p>\n<h3><strong>Applications incluses<\/strong><\/h3>\n<ul>\n<li><strong>Word 2016 pour Mac<\/strong> - Traitement de texte avanc\u00e9 avec des outils de formatage et d'\u00e9dition professionnels.<\/li>\n<li><strong>Excel 2016 pour Mac<\/strong> - Gestion puissante des feuilles de calcul avec de nouveaux types de graphiques et de formules.<\/li>\n<li><strong>PowerPoint 2016 pour Mac<\/strong> - Cr\u00e9ez des pr\u00e9sentations \u00e9poustouflantes avec des transitions de diapositives et des outils de conception.<\/li>\n<li><strong>Outlook 2016 pour Mac<\/strong> - G\u00e9rer efficacement les courriels, les calendriers et les contacts.<\/li>\n<li><strong>OneNote 2016 pour Mac<\/strong> - Prise de notes num\u00e9riques et organisation avec synchronisation dans le nuage sur tous les appareils.<\/li>\n<\/ul>\n<h3><strong>Caract\u00e9ristiques principales<\/strong><\/h3>\n<p>\u2705 <strong>Optimis\u00e9 pour macOS<\/strong> - Prise en charge native des <strong>Mac Retina Display<\/strong>, l'affichage plein \u00e9cran et les gestes Multi-Touch.<br \/>\n\u2705 <strong>Int\u00e9gration transparente dans l'informatique en nuage<\/strong> - Enregistrez vos documents et acc\u00e9dez-y \u00e0 tout moment gr\u00e2ce \u00e0 <strong>OneDrive et SharePoint<\/strong> le soutien.<br \/>\n\u2705 <strong>Am\u00e9lioration de la collaboration<\/strong> - La co-\u00e9criture en temps r\u00e9el dans <strong>Word, Excel et PowerPoint<\/strong> pour la productivit\u00e9 de l'\u00e9quipe.<br \/>\n\u2705 <strong>Fonctionnalit\u00e9s am\u00e9lior\u00e9es d'Outlook<\/strong> - <strong>Meilleure gestion des courriels, meilleure programmation et bo\u00eete de r\u00e9ception cibl\u00e9e<\/strong>.<br \/>\n\u2705 <strong>Analyse de donn\u00e9es dans Excel<\/strong> - Nouveau <strong>Trancheurs de tableaux crois\u00e9s dynamiques, graphiques et outils de formule<\/strong> pour une meilleure compr\u00e9hension.<br \/>\n\u2705 <strong>Outil de recherche intelligent<\/strong> - Recherche rapide d'informations pertinentes directement dans les documents.<br \/>\n\u2705 <strong>Nouvelle interface du ruban<\/strong> - Une barre d'outils simplifi\u00e9e pour une meilleure navigation et une plus grande efficacit\u00e9.<br \/>\n\u2705 <strong>AutoSave &amp; Historique des versions<\/strong> - Sauvegarde et restauration automatiques des versions ant\u00e9rieures des fichiers.<br \/>\n\u2705 <strong>Achat unique<\/strong> - Une licence permanente avec <strong>pas de frais d'abonnement<\/strong>.<\/p>\n<h3><strong>Configuration minimale requise<\/strong><\/h3>\n<ul>\n<li><strong>Processeur<\/strong>: Processeur Mac bas\u00e9 sur Intel<\/li>\n<li><strong>RAM<\/strong>: 4 Go ou plus<\/li>\n<li><strong>Stockage<\/strong>Espace disque disponible : 6 Go<\/li>\n<li><strong>Affichage<\/strong>: R\u00e9solution de 1280\u00d7800 ou plus<\/li>\n<li><strong>Syst\u00e8me d'exploitation<\/strong>macOS 10.10 (Yosemite) ou version ult\u00e9rieure<\/li>\n<li><strong>Connexion Internet<\/strong>: N\u00e9cessaire pour l'activation, les mises \u00e0 jour et les fonctions cloud<\/li>\n<\/ul>\n<h3><strong>Pourquoi choisir Microsoft Office 2016 Home &amp; Business pour Mac ?<\/strong><\/h3>\n<p>\ud83d\udd39 <strong>Id\u00e9al pour les particuliers et les petites entreprises<\/strong> - Une suite de qualit\u00e9 professionnelle pour <strong>la cr\u00e9ation de documents, la gestion des donn\u00e9es et la communication<\/strong>.<br \/>\n\ud83d\udd39 <strong>Int\u00e9gration transparente du Mac<\/strong> - Con\u00e7u pour fonctionner <strong>s'int\u00e8gre parfaitement \u00e0 l'\u00e9cosyst\u00e8me d'Apple<\/strong> et de macOS.<br \/>\n\ud83d\udd39 <strong>Collaboration am\u00e9lior\u00e9e et acc\u00e8s au nuage<\/strong> - Travaillez sur tous les appareils avec <strong>Prise en charge de OneDrive et SharePoint<\/strong>.<br \/>\n\ud83d\udd39 <strong>Achat unique, pas d'abonnement<\/strong> - Poss\u00e9der Office 2016 pour Mac <strong>pour toujours sans co\u00fbts r\u00e9currents<\/strong>.<br \/>\n\ud83d\udd39 <strong>Fiabilit\u00e9 et s\u00e9curit\u00e9<\/strong> - Prot\u00e9gez vos fichiers et vos communications avec <strong>des mises \u00e0 jour r\u00e9guli\u00e8res de la s\u00e9curit\u00e9<\/strong>.<\/p>\n<p>Passer \u00e0 <strong>Microsoft Office 2016 Home &amp; Business pour Mac<\/strong> aujourd'hui et <strong>am\u00e9liorer votre productivit\u00e9 gr\u00e2ce \u00e0 une suite Office riche en fonctionnalit\u00e9s, s\u00e9curis\u00e9e et optimis\u00e9e pour macOS<\/strong>! \ud83d\ude80\ud83d\udcbb\ud83d\udcca<\/p>\n<\/div>\n<\/div>\n<\/div>","protected":false},"excerpt":{"rendered":"<p>Microsoft Office 2016 Home &amp; Business for Mac \u2013 Essential Productivity Suite for Professionals Description Microsoft Office 2016 Home &amp; Business for Mac is a powerful and versatile productivity suite designed for professionals, small businesses, and home users who need essential Office applications for document creation, communication, and data management. Optimized for macOS, this edition [&hellip;]<\/p>","protected":false},"featured_media":962,"comment_status":"open","ping_status":"closed","template":"","meta":{"_gspb_post_css":""},"product_brand":[],"product_cat":[62],"product_tag":[64],"class_list":{"0":"post-944","1":"product","2":"type-product","3":"status-publish","4":"has-post-thumbnail","6":"product_cat-office","7":"product_tag-office-mac","9":"first","10":"instock","11":"shipping-taxable","12":"product-type-external"},"_links":{"self":[{"href":"https:\/\/keysdock.tajnaveza.net\/fr\/wp-json\/wp\/v2\/product\/944","targetHints":{"allow":["GET"]}}],"collection":[{"href":"https:\/\/keysdock.tajnaveza.net\/fr\/wp-json\/wp\/v2\/product"}],"about":[{"href":"https:\/\/keysdock.tajnaveza.net\/fr\/wp-json\/wp\/v2\/types\/product"}],"replies":[{"embeddable":true,"href":"https:\/\/keysdock.tajnaveza.net\/fr\/wp-json\/wp\/v2\/comments?post=944"}],"wp:featuredmedia":[{"embeddable":true,"href":"https:\/\/keysdock.tajnaveza.net\/fr\/wp-json\/wp\/v2\/media\/962"}],"wp:attachment":[{"href":"https:\/\/keysdock.tajnaveza.net\/fr\/wp-json\/wp\/v2\/media?parent=944"}],"wp:term":[{"taxonomy":"product_brand","embeddable":true,"href":"https:\/\/keysdock.tajnaveza.net\/fr\/wp-json\/wp\/v2\/product_brand?post=944"},{"taxonomy":"product_cat","embeddable":true,"href":"https:\/\/keysdock.tajnaveza.net\/fr\/wp-json\/wp\/v2\/product_cat?post=944"},{"taxonomy":"product_tag","embeddable":true,"href":"https:\/\/keysdock.tajnaveza.net\/fr\/wp-json\/wp\/v2\/product_tag?post=944"}],"curies":[{"name":"wp","href":"https:\/\/api.w.org\/{rel}","templated":true}]}}