{"id":949,"date":"2025-03-15T21:07:21","date_gmt":"2025-03-15T21:07:21","guid":{"rendered":"https:\/\/keysdock.com\/?post_type=product&#038;p=949"},"modified":"2025-10-19T07:29:23","modified_gmt":"2025-10-19T07:29:23","slug":"office-2019-professional-plus-key-licence","status":"publish","type":"product","link":"https:\/\/keysdock.tajnaveza.net\/fr\/produit\/office-2019-professional-plus-key-licence\/","title":{"rendered":"Office 2019 Professional Plus Product Key Licence"},"content":{"rendered":"<p><strong>Microsoft Office 2019 Professionnel Plus - La suite de productivit\u00e9 ultime pour les entreprises et les professionnels<\/strong><\/p>\n<h3><strong>Description<\/strong><\/h3>\n<p>Microsoft Office 2019 Professionnel Plus est un <strong>une suite de productivit\u00e9 puissante, riche en fonctionnalit\u00e9s et adapt\u00e9e aux entreprises<\/strong> con\u00e7u pour <strong>les entreprises, les professionnels et les organisations<\/strong> qui requi\u00e8rent <strong>des outils avanc\u00e9s de cr\u00e9ation de documents, de gestion de donn\u00e9es et de collaboration<\/strong>. Gr\u00e2ce \u00e0 l'am\u00e9lioration de la <strong>s\u00e9curit\u00e9, connectivit\u00e9 au cloud et fonctions de productivit\u00e9<\/strong>Office 2019 Professionnel Plus offre une solution transparente de gestion de l'information. <strong>exp\u00e9rience professionnelle en ligne et hors ligne<\/strong> sans abonnement.<\/p>\n<p>Le pr\u00e9sent <strong>achat unique<\/strong> L'\u00e9dition est parfaite pour ceux qui ont besoin <strong>fiabilit\u00e9 \u00e0 long terme et applications Office puissantes<\/strong> sans mises \u00e0 jour fr\u00e9quentes ni d\u00e9pendance \u00e0 l'\u00e9gard des nuages.<\/p>\n<h3><strong>Applications incluses<\/strong><\/h3>\n<ul>\n<li><strong>Word 2019<\/strong> - Traitement de texte avanc\u00e9 avec des outils de collaboration et de formatage am\u00e9lior\u00e9s.<\/li>\n<li><strong>Excel 2019<\/strong> - Feuilles de calcul am\u00e9lior\u00e9es avec <strong>de nouvelles fonctions d'analyse de donn\u00e9es, Power Query, Power Pivot et des graphiques<\/strong>.<\/li>\n<li><strong>PowerPoint 2019<\/strong> - Cr\u00e9ez des pr\u00e9sentations attrayantes avec <strong>Transition morphologique, exportation de vid\u00e9os 4K et fonction zoom<\/strong>.<\/li>\n<li><strong>Outlook 2019<\/strong> - Gestion efficace du courrier \u00e9lectronique et du calendrier avec <strong>bo\u00eete de r\u00e9ception cibl\u00e9e et recherche am\u00e9lior\u00e9e<\/strong>.<\/li>\n<li><strong>Access 2019<\/strong> - Un puissant syst\u00e8me de gestion de base de donn\u00e9es pour <strong>le suivi des donn\u00e9es, l'automatisation et l'\u00e9tablissement de rapports<\/strong>.<\/li>\n<li><strong>\u00c9diteur 2019<\/strong> - Cr\u00e9er du mat\u00e9riel de marketing et des publications professionnelles de qualit\u00e9 professionnelle.<\/li>\n<li><strong>OneNote<\/strong> - Prise de notes num\u00e9rique avec <strong>synchronisation dans le nuage pour l'organisation et l'accessibilit\u00e9<\/strong>.<\/li>\n<li><strong>Skype pour les entreprises<\/strong> - Outils de communication int\u00e9gr\u00e9s pour <strong>vid\u00e9oconf\u00e9rence et messagerie<\/strong>.<\/li>\n<\/ul>\n<h3><strong>Caract\u00e9ristiques principales<\/strong><\/h3>\n<p>\u2705 <strong>Achat unique, pas d'abonnement<\/strong> - <strong>Poss\u00e9der d\u00e9finitivement Office 2019<\/strong> sans frais r\u00e9currents.<br \/>\n\u2705 <strong>Outils de productivit\u00e9 am\u00e9lior\u00e9s<\/strong> - <strong>Fonctionnalit\u00e9s bas\u00e9es sur l'IA<\/strong> dans Word, Excel et Outlook pour une meilleure efficacit\u00e9.<br \/>\n\u2705 <strong>Options de stockage local et dans le nuage<\/strong> - Sauvegarde et acc\u00e8s aux documents <strong>localement ou via OneDrive &amp; SharePoint<\/strong>.<br \/>\n\u2705 <strong>Analyse avanc\u00e9e des donn\u00e9es dans Excel<\/strong> - Utilisation <strong>XLOOKUP, nouveaux graphiques et Power Query<\/strong> pour une meilleure compr\u00e9hension des donn\u00e9es.<br \/>\n\u2705 <strong>Gestion plus intelligente des courriels dans Outlook<\/strong> - <strong>Bo\u00eete de r\u00e9ception cibl\u00e9e, @mentions et fonctions de calendrier am\u00e9lior\u00e9es<\/strong>.<br \/>\n\u2705 <strong>Fonctionnalit\u00e9s de collaboration am\u00e9lior\u00e9es<\/strong> - <strong>Co-cr\u00e9ation en temps r\u00e9el<\/strong> en Word et PowerPoint pour le travail en \u00e9quipe.<br \/>\n\u2705 <strong>S\u00e9curit\u00e9 et conformit\u00e9 renforc\u00e9es<\/strong> - <strong>Pr\u00e9vention de la perte de donn\u00e9es (DLP), authentification multifactorielle et chiffrement des fichiers int\u00e9gr\u00e9s.<\/strong>.<br \/>\n\u2705 <strong>Interface utilisateur modernis\u00e9e<\/strong> - A <strong>un design plus propre et plus intuitif<\/strong> pour une productivit\u00e9 accrue.<br \/>\n\u2705 <strong>Meilleures performances et stabilit\u00e9<\/strong> - R\u00e9ponse plus rapide de l'application, <strong>optimisation des temps de d\u00e9marrage et am\u00e9lioration du multit\u00e2che<\/strong>.<\/p>\n<h3><strong>Configuration minimale requise<\/strong><\/h3>\n<ul>\n<li class=\"translation-block\"><strong>Processeur<\/strong> : 1,6 GHz ou plus rapide, processeur double c\u0153ur<\/li>\n<li class=\"translation-block\"><strong>RAM<\/strong> : 4 Go (64 bits) \/ 2 Go (32 bits)<\/li>\n<li class=\"translation-block\"><strong>Stockage<\/strong> : 4 Go d'espace disque disponible<\/li>\n<li class=\"translation-block\"><strong>Affichage<\/strong> : r\u00e9solution de 1280\u00d7768 ou sup\u00e9rieure<\/li>\n<li><strong>Syst\u00e8me d'exploitation<\/strong>: Windows 10, Windows 11, Windows Server 2019<\/li>\n<li class=\"translation-block\"><strong>Graphique<\/strong> : DirectX 9 ou sup\u00e9rieur avec pilote WDDM 2.0+<\/li>\n<li class=\"translation-block\"><strong>Connexion internet<\/strong> : N\u00e9cessaire pour l'activation, les mises \u00e0 jour et les services en nuage<\/li>\n<\/ul>\n<h3><strong>Pourquoi choisir Microsoft Office 2019 Professionnel Plus ?<\/strong><\/h3>\n<p>\ud83d\udd39 <strong>Id\u00e9al pour les entreprises et les utilisateurs intensifs<\/strong> - Une fonction compl\u00e8te pour les <strong>la cr\u00e9ation de documents, la gestion de donn\u00e9es et la communication professionnelle<\/strong>.<br \/>\n\ud83d\udd39 <strong>Pas de frais r\u00e9currents<\/strong> - <strong>Achat unique<\/strong> garantit un bon rapport co\u00fbt-efficacit\u00e9 au fil du temps.<br \/>\n\ud83d\udd39 <strong>Int\u00e9gration transparente<\/strong> - Fonctionne avec <strong>OneDrive, SharePoint et Exchange<\/strong> pour la productivit\u00e9 des entreprises.<br \/>\n\ud83d\udd39 <strong>Des outils de donn\u00e9es puissants<\/strong> - Avanc\u00e9 <strong>Fonctions Excel, transitions PowerPoint et automatisation Outlook<\/strong>.<br \/>\n\ud83d\udd39 <strong>Fiabilit\u00e9 et s\u00e9curit\u00e9<\/strong> - <strong>S\u00e9curit\u00e9 et conformit\u00e9 au niveau de l'entreprise<\/strong> pour prot\u00e9ger les donn\u00e9es sensibles des entreprises.<\/p>\n<p>Passer \u00e0 <strong>Microsoft Office 2019 Professionnel Plus<\/strong> aujourd'hui et faites l'exp\u00e9rience <strong>une suite de productivit\u00e9 puissante, s\u00e9curis\u00e9e et efficace<\/strong> con\u00e7u pour les entreprises modernes ! \ud83d\ude80\ud83d\udcbb\ud83d\udcca<\/p>","protected":false},"excerpt":{"rendered":"<p>Microsoft Office 2019 Professional Plus \u2013 The Ultimate Productivity Suite for Businesses &amp; Professionals Description Microsoft Office 2019 Professional Plus is a powerful, feature-rich, and enterprise-level productivity suite designed for businesses, professionals, and organizations that require advanced document creation, data management, and collaboration tools. With enhanced security, cloud connectivity, and productivity features, Office 2019 Professional [&hellip;]<\/p>","protected":false},"featured_media":1080,"comment_status":"open","ping_status":"closed","template":"","meta":{"_gspb_post_css":""},"product_brand":[],"product_cat":[62],"product_tag":[63],"class_list":{"0":"post-949","1":"product","2":"type-product","3":"status-publish","4":"has-post-thumbnail","6":"product_cat-office","7":"product_tag-office-pc","9":"first","10":"instock","11":"shipping-taxable","12":"product-type-external"},"_links":{"self":[{"href":"https:\/\/keysdock.tajnaveza.net\/fr\/wp-json\/wp\/v2\/product\/949","targetHints":{"allow":["GET"]}}],"collection":[{"href":"https:\/\/keysdock.tajnaveza.net\/fr\/wp-json\/wp\/v2\/product"}],"about":[{"href":"https:\/\/keysdock.tajnaveza.net\/fr\/wp-json\/wp\/v2\/types\/product"}],"replies":[{"embeddable":true,"href":"https:\/\/keysdock.tajnaveza.net\/fr\/wp-json\/wp\/v2\/comments?post=949"}],"wp:featuredmedia":[{"embeddable":true,"href":"https:\/\/keysdock.tajnaveza.net\/fr\/wp-json\/wp\/v2\/media\/1080"}],"wp:attachment":[{"href":"https:\/\/keysdock.tajnaveza.net\/fr\/wp-json\/wp\/v2\/media?parent=949"}],"wp:term":[{"taxonomy":"product_brand","embeddable":true,"href":"https:\/\/keysdock.tajnaveza.net\/fr\/wp-json\/wp\/v2\/product_brand?post=949"},{"taxonomy":"product_cat","embeddable":true,"href":"https:\/\/keysdock.tajnaveza.net\/fr\/wp-json\/wp\/v2\/product_cat?post=949"},{"taxonomy":"product_tag","embeddable":true,"href":"https:\/\/keysdock.tajnaveza.net\/fr\/wp-json\/wp\/v2\/product_tag?post=949"}],"curies":[{"name":"wp","href":"https:\/\/api.w.org\/{rel}","templated":true}]}}