{"id":955,"date":"2025-03-15T21:07:21","date_gmt":"2025-03-15T21:07:21","guid":{"rendered":"https:\/\/keysdock.com\/?post_type=product&#038;p=955"},"modified":"2025-10-19T07:25:56","modified_gmt":"2025-10-19T07:25:56","slug":"visio-2019-professional-key-licence","status":"publish","type":"product","link":"https:\/\/keysdock.tajnaveza.net\/fr\/produit\/visio-2019-professional-key-licence\/","title":{"rendered":"Visio 2019 Professional Product Key Licence"},"content":{"rendered":"<p><strong>Microsoft Visio 2019 Professional - Diagrammes et visualisation de donn\u00e9es avanc\u00e9s<\/strong><\/p>\n<h3><strong>Description<\/strong><\/h3>\n<p>Microsoft Visio 2019 Professional est un <strong>un puissant logiciel de cr\u00e9ation de diagrammes et de visualisation<\/strong> con\u00e7u pour <strong>les professionnels des affaires, les sp\u00e9cialistes des technologies de l'information, les ing\u00e9nieurs et les concepteurs<\/strong> qui doivent cr\u00e9er <strong>des organigrammes d\u00e9taill\u00e9s, des diagrammes d'organisation, des diagrammes de r\u00e9seau, des plans d'\u00e9tage et des sch\u00e9mas de processus<\/strong>. Avec <strong>l'automatisation intelligente, les mod\u00e8les avanc\u00e9s et l'int\u00e9gration transparente avec Microsoft 365.<\/strong>Il aide les utilisateurs \u00e0 <strong>concevoir, visualiser et partager efficacement des informations complexes<\/strong>.<\/p>\n<p>Cette \u00e9dition comprend <strong>collaboration en temps r\u00e9el, personnalisation avanc\u00e9e des formes et am\u00e9lioration des fonctions de liaison des donn\u00e9es<\/strong>Il s'agit donc d'une solution id\u00e9ale pour <strong>des \u00e9quipes travaillant sur des projets techniques et commerciaux<\/strong>.<\/p>\n<h3><strong>Caract\u00e9ristiques principales<\/strong><\/h3>\n<p>\u2705 <strong>Outils de sch\u00e9matisation de niveau professionnel<\/strong> - Cr\u00e9er <strong>les organigrammes, les cartes mentales, les organigrammes et les diagrammes de r\u00e9seau<\/strong> avec facilit\u00e9.<br \/>\n\u2705 <strong>Visuels bas\u00e9s sur des donn\u00e9es<\/strong> - <strong>Connexion \u00e0 des sources de donn\u00e9es en temps r\u00e9el telles qu'Excel, SQL Server et SharePoint<\/strong> pour une visualisation dynamique.<br \/>\n\u2705 <strong>Collaboration et co\u00e9criture am\u00e9lior\u00e9es<\/strong> - Travail sur les diagrammes <strong>simultan\u00e9ment avec les membres de l'\u00e9quipe en temps r\u00e9el<\/strong>.<br \/>\n\u2705 <strong>SmartShapes et AutoConnect<\/strong> - <strong>Ajustement automatique des formes et des connecteurs<\/strong> pour un design plus professionnel.<br \/>\n\u2705 <strong>Outils UML et Wireframing int\u00e9gr\u00e9s<\/strong> - Cr\u00e9er <strong>l'architecture logicielle, les sch\u00e9mas d'application et la mod\u00e9lisation des bases de donn\u00e9es<\/strong> en utilisant des outils UML standard.<br \/>\n\u2705 <strong>Int\u00e9gration dans le nuage et compatibilit\u00e9 avec Microsoft 365<\/strong> - Partager et modifier facilement des diagrammes avec <strong>OneDrive, SharePoint et Teams<\/strong>.<br \/>\n\u2705 <strong>Mod\u00e8les et pochoirs avanc\u00e9s<\/strong> - Pr\u00e9-construit <strong>mod\u00e8les de plans d'affaires, de plans informatiques, de plans d'ing\u00e9nierie et de plans d'\u00e9tage<\/strong> pour la cr\u00e9ation rapide de diagrammes.<br \/>\n\u2705 <strong>Options d'exportation et de compatibilit\u00e9<\/strong> - Enregistrer et exporter les diagrammes dans plusieurs formats, notamment <strong>Fichiers PDF, PNG et AutoCAD<\/strong>.<br \/>\n\u2705 <strong>S\u00e9curit\u00e9 et conformit\u00e9 au niveau de l'entreprise<\/strong> - Prot\u00e9gez les donn\u00e9es de vos projets avec <strong>caract\u00e9ristiques de s\u00e9curit\u00e9 int\u00e9gr\u00e9es<\/strong>.<br \/>\n\u2705 <strong>Visualisation et \u00e9dition de Visio en ligne<\/strong> - <strong>Collaborer via un navigateur web<\/strong> sans avoir besoin de l'application de bureau.<\/p>\n<h3><strong>Editions disponibles<\/strong><\/h3>\n<p>\ud83d\udd39 <strong>Visio Standard 2019<\/strong> - Id\u00e9al pour <strong>utilisateurs individuels<\/strong> avoir besoin d'outils de diagramme de base.<br \/>\n\ud83d\udd39 <strong>Visio Professional 2019<\/strong> - Comprend <strong>collaboration en \u00e9quipe, int\u00e9gration des donn\u00e9es et fonctions avanc\u00e9es de cr\u00e9ation de diagrammes<\/strong>Il s'agit donc de la meilleure solution pour <strong>les entreprises et les professionnels de l'informatique<\/strong>.<\/p>\n<h3><strong>Configuration minimale requise<\/strong><\/h3>\n<ul>\n<li class=\"translation-block\"><strong>Processeur<\/strong> : 1,6 GHz ou plus rapide, processeur double c\u0153ur<\/li>\n<li class=\"translation-block\"><strong>RAM<\/strong> : 4 Go (64 bits) \/ 2 Go (32 bits)<\/li>\n<li class=\"translation-block\"><strong>Stockage<\/strong> : 4 Go d'espace disque disponible<\/li>\n<li class=\"translation-block\"><strong>Affichage<\/strong> : r\u00e9solution de 1280\u00d7768 ou sup\u00e9rieure<\/li>\n<li><strong>Syst\u00e8me d'exploitation<\/strong>: Windows 10, Windows 11, Windows Server 2019<\/li>\n<li class=\"translation-block\"><strong>Graphique<\/strong> : DirectX 9 ou sup\u00e9rieur avec pilote WDDM 2.0+<\/li>\n<li><strong>Connexion Internet<\/strong>: N\u00e9cessaire pour l'activation, les mises \u00e0 jour et la collaboration dans le nuage<\/li>\n<\/ul>\n<h3><strong>Pourquoi choisir Microsoft Visio 2019 Professional ?<\/strong><\/h3>\n<p>\ud83d\udd39 <strong>Capacit\u00e9s avanc\u00e9es de sch\u00e9matisation<\/strong> - <strong>Cr\u00e9er des visuels professionnels d\u00e9taill\u00e9s et fond\u00e9s sur des donn\u00e9es<\/strong>.<br \/>\n\ud83d\udd39 <strong>Collaboration en temps r\u00e9el et assistance en nuage<\/strong> - <strong>Travailler en \u00e9quipe sans effort gr\u00e2ce \u00e0 l'int\u00e9gration de Microsoft 365<\/strong>.<br \/>\n\ud83d\udd39 <strong>Liaison intelligente des donn\u00e9es et automatisation<\/strong> - <strong>Mise \u00e0 jour automatique des diagrammes sur la base de sources de donn\u00e9es externes<\/strong>.<br \/>\n\ud83d\udd39 <strong>Id\u00e9al pour les utilisateurs professionnels et techniques<\/strong> - Meilleur pour <strong>Professionnels de l'informatique, ing\u00e9nieurs, concepteurs et chefs de projet<\/strong>.<br \/>\n\ud83d\udd39 <strong>Achat unique, pas d'abonnement requis<\/strong> - <strong>Acc\u00e8s \u00e0 vie<\/strong> en un seul achat.<\/p>\n<p>Passer \u00e0 <strong>Microsoft Visio 2019 Professionnel<\/strong> aujourd'hui et <strong>transformer des donn\u00e9es complexes en diagrammes visuels clairs et professionnels<\/strong>! \ud83d\ude80\ud83d\udcca\ud83d\udccc<\/p>","protected":false},"excerpt":{"rendered":"<p>Microsoft Visio 2019 Professional \u2013 Advanced Diagramming &amp; Data Visualization Description Microsoft Visio 2019 Professional is a powerful diagramming and visualization software designed for business professionals, IT specialists, engineers, and designers who need to create detailed flowcharts, organizational charts, network diagrams, floor plans, and process maps. With intelligent automation, advanced templates, and seamless integration with [&hellip;]<\/p>","protected":false},"featured_media":990,"comment_status":"open","ping_status":"closed","template":"","meta":{"_gspb_post_css":""},"product_brand":[],"product_cat":[65],"product_tag":[66],"class_list":{"0":"post-955","1":"product","2":"type-product","3":"status-publish","4":"has-post-thumbnail","6":"product_cat-misc","7":"product_tag-visio","9":"first","10":"instock","11":"shipping-taxable","12":"product-type-external"},"_links":{"self":[{"href":"https:\/\/keysdock.tajnaveza.net\/fr\/wp-json\/wp\/v2\/product\/955","targetHints":{"allow":["GET"]}}],"collection":[{"href":"https:\/\/keysdock.tajnaveza.net\/fr\/wp-json\/wp\/v2\/product"}],"about":[{"href":"https:\/\/keysdock.tajnaveza.net\/fr\/wp-json\/wp\/v2\/types\/product"}],"replies":[{"embeddable":true,"href":"https:\/\/keysdock.tajnaveza.net\/fr\/wp-json\/wp\/v2\/comments?post=955"}],"wp:featuredmedia":[{"embeddable":true,"href":"https:\/\/keysdock.tajnaveza.net\/fr\/wp-json\/wp\/v2\/media\/990"}],"wp:attachment":[{"href":"https:\/\/keysdock.tajnaveza.net\/fr\/wp-json\/wp\/v2\/media?parent=955"}],"wp:term":[{"taxonomy":"product_brand","embeddable":true,"href":"https:\/\/keysdock.tajnaveza.net\/fr\/wp-json\/wp\/v2\/product_brand?post=955"},{"taxonomy":"product_cat","embeddable":true,"href":"https:\/\/keysdock.tajnaveza.net\/fr\/wp-json\/wp\/v2\/product_cat?post=955"},{"taxonomy":"product_tag","embeddable":true,"href":"https:\/\/keysdock.tajnaveza.net\/fr\/wp-json\/wp\/v2\/product_tag?post=955"}],"curies":[{"name":"wp","href":"https:\/\/api.w.org\/{rel}","templated":true}]}}