{"id":964,"date":"2025-03-15T21:07:43","date_gmt":"2025-03-15T21:07:43","guid":{"rendered":"https:\/\/keysdock.com\/?post_type=product&#038;p=964"},"modified":"2025-10-19T07:33:43","modified_gmt":"2025-10-19T07:33:43","slug":"visio-2021-professional-key-licence","status":"publish","type":"product","link":"https:\/\/keysdock.tajnaveza.net\/fr\/produit\/visio-2021-professional-key-licence\/","title":{"rendered":"Visio 2021 Professional Product Key Licence"},"content":{"rendered":"<p><strong>Microsoft Visio 2021 Professional - L'outil ultime de sch\u00e9matisation et de visualisation<\/strong><\/p>\n<h3><strong>Description<\/strong><\/h3>\n<p>Microsoft Visio 2021 Professional est un <strong>un puissant logiciel de cr\u00e9ation de diagrammes et de visualisation<\/strong> con\u00e7u pour <strong>les entreprises, les professionnels de l'informatique, les ing\u00e9nieurs et les \u00e9quipes<\/strong> qui doivent cr\u00e9er <strong>des organigrammes d\u00e9taill\u00e9s, des diagrammes organisationnels, des diagrammes de r\u00e9seau, des plans d'\u00e9tage, des conceptions techniques et des mod\u00e9lisations de processus d'entreprise<\/strong>.<\/p>\n<p>Avec <strong>des outils de collaboration am\u00e9lior\u00e9s, une interface modernis\u00e9e et une int\u00e9gration transparente avec Microsoft 365 et les services en nuage<\/strong>Visio 2021 Professional aide les utilisateurs \u00e0 <strong>concevoir, visualiser et communiquer efficacement des informations complexes<\/strong>.<\/p>\n<h3><strong>Caract\u00e9ristiques principales<\/strong><\/h3>\n<p>\u2705 <strong>Cr\u00e9ation avanc\u00e9e de diagrammes et de graphiques<\/strong> - Conception <strong>les organigrammes, les cartes mentales, les organigrammes et les diagrammes techniques<\/strong> avec facilit\u00e9.<br \/>\n\u2705 <strong>Am\u00e9lioration de l'interface utilisateur et des mod\u00e8les<\/strong> - Une interface rafra\u00eechie et <strong>des mod\u00e8les pr\u00e9construits<\/strong> pour une cr\u00e9ation plus rapide des diagrammes.<br \/>\n\u2705 <strong>Diagrammes bas\u00e9s sur des donn\u00e9es<\/strong> - <strong>Liaison de donn\u00e9es en temps r\u00e9el \u00e0 partir d'Excel, de SQL et de SharePoint<\/strong> pour cr\u00e9er des visuels dynamiques.<br \/>\n\u2705 <strong>Collaboration et co-auteur<\/strong> - <strong>Plusieurs utilisateurs peuvent modifier les diagrammes en temps r\u00e9el<\/strong>am\u00e9liorer le travail d'\u00e9quipe.<br \/>\n\u2705 <strong>Outils sp\u00e9cifiques \u00e0 l'industrie<\/strong> - Comprend <strong>mod\u00e8les pour les r\u00e9seaux informatiques, les processus d'entreprise, l'ing\u00e9nierie et la conception de logiciels<\/strong>.<br \/>\n\u2705 <strong>AutoConnect et SmartShapes<\/strong> - Automatiquement <strong>relier des objets et ajuster des dispositions<\/strong> pour cr\u00e9er plus rapidement des dessins professionnels.<br \/>\n\u2705 <strong>Int\u00e9gration dans le nuage et compatibilit\u00e9 avec Microsoft 365<\/strong> - Fonctionne en toute transparence avec <strong>OneDrive, SharePoint et Teams<\/strong>.<br \/>\n\u2705 <strong>Support UML et Wireframing<\/strong> - Conception <strong>l'architecture logicielle, les sch\u00e9mas d'application et la mod\u00e9lisation des bases de donn\u00e9es<\/strong> avec des outils UML int\u00e9gr\u00e9s.<br \/>\n\u2705 <strong>S\u00e9curit\u00e9 et conformit\u00e9 renforc\u00e9es<\/strong> - <strong>S\u00e9curit\u00e9 de niveau entreprise<\/strong> pour prot\u00e9ger les donn\u00e9es sensibles du projet.<br \/>\n\u2705 <strong>Prise en charge de la visualisation de Visio en ligne<\/strong> - Partager et <strong>collaborer sur des diagrammes via un navigateur web<\/strong>.<\/p>\n<h3><strong>Editions disponibles<\/strong><\/h3>\n<p>\ud83d\udd39 <strong>Visio Standard 2021<\/strong> - Meilleur pour <strong>les utilisateurs individuels qui ont besoin d'outils de diagramme de base<\/strong>.<br \/>\n\ud83d\udd39 <strong>Visio Professional 2021<\/strong> - Comprend <strong>mod\u00e8les avanc\u00e9s, collaboration en temps r\u00e9el, int\u00e9gration dans le nuage et visualisation am\u00e9lior\u00e9e des donn\u00e9es<\/strong>Id\u00e9al pour les entreprises et les professionnels de l'informatique.<\/p>\n<h3><strong>Configuration minimale requise<\/strong><\/h3>\n<ul>\n<li class=\"translation-block\"><strong>Processeur<\/strong> : 1,6 GHz ou plus rapide, processeur double c\u0153ur<\/li>\n<li class=\"translation-block\"><strong>RAM<\/strong> : 4 Go (64 bits) \/ 2 Go (32 bits)<\/li>\n<li class=\"translation-block\"><strong>Stockage<\/strong> : 4 Go d'espace disque disponible<\/li>\n<li class=\"translation-block\"><strong>Affichage<\/strong> : r\u00e9solution de 1280\u00d7768 ou sup\u00e9rieure<\/li>\n<li><strong>Syst\u00e8me d'exploitation<\/strong>: Windows 10, Windows 11<\/li>\n<li class=\"translation-block\"><strong>Graphique<\/strong> : DirectX 9 ou sup\u00e9rieur avec pilote WDDM 2.0+<\/li>\n<li><strong>Connexion Internet<\/strong>: N\u00e9cessaire pour l'activation, les mises \u00e0 jour et la collaboration dans le nuage<\/li>\n<\/ul>\n<h3><strong>Pourquoi choisir Microsoft Visio 2021 Professional ?<\/strong><\/h3>\n<p>\ud83d\udd39 <strong>Diagrammes avanc\u00e9s pour les entreprises et l'informatique<\/strong> - Parfait pour <strong>cr\u00e9er des diagrammes d\u00e9taill\u00e9s de qualit\u00e9 professionnelle<\/strong>.<br \/>\n\ud83d\udd39 <strong>Collaboration en temps r\u00e9el et int\u00e9gration dans le nuage<\/strong> - <strong>Modifier et partager instantan\u00e9ment des diagrammes avec des \u00e9quipes<\/strong>.<br \/>\n\ud83d\udd39 <strong>Diagrammes bas\u00e9s sur des donn\u00e9es<\/strong> - Lien <strong>des sources de donn\u00e9es en temps r\u00e9el pour une visualisation pr\u00e9cise<\/strong>.<br \/>\n\ud83d\udd39 <strong>Compatibilit\u00e9 avec Microsoft 365 et l'informatique en nuage<\/strong> - Fonctionne en toute transparence avec <strong>Excel, Teams, SharePoint et OneDrive<\/strong>.<br \/>\n\ud83d\udd39 <strong>Achat unique, pas d'abonnement requis<\/strong> - <strong>Acc\u00e8s \u00e0 vie<\/strong> sans frais r\u00e9currents.<\/p>\n<p>Passer \u00e0 <strong>Microsoft Visio 2021 Professionnel<\/strong> aujourd'hui et <strong>transformer des donn\u00e9es complexes en diagrammes visuels faciles \u00e0 comprendre<\/strong>! \ud83d\ude80\ud83d\udcca\ud83d\udccc<\/p>","protected":false},"excerpt":{"rendered":"<p>Microsoft Visio 2021 Professional \u2013 The Ultimate Diagramming &amp; Visualization Tool Description Microsoft Visio 2021 Professional is a powerful diagramming and visualization software designed for businesses, IT professionals, engineers, and teams who need to create detailed flowcharts, organizational charts, network diagrams, floor plans, engineering designs, and business process modeling. With enhanced collaboration tools, a modernized [&hellip;]<\/p>","protected":false},"featured_media":991,"comment_status":"open","ping_status":"closed","template":"","meta":{"_gspb_post_css":""},"product_brand":[],"product_cat":[65],"product_tag":[66],"class_list":{"0":"post-964","1":"product","2":"type-product","3":"status-publish","4":"has-post-thumbnail","6":"product_cat-misc","7":"product_tag-visio","9":"first","10":"instock","11":"shipping-taxable","12":"product-type-external"},"_links":{"self":[{"href":"https:\/\/keysdock.tajnaveza.net\/fr\/wp-json\/wp\/v2\/product\/964","targetHints":{"allow":["GET"]}}],"collection":[{"href":"https:\/\/keysdock.tajnaveza.net\/fr\/wp-json\/wp\/v2\/product"}],"about":[{"href":"https:\/\/keysdock.tajnaveza.net\/fr\/wp-json\/wp\/v2\/types\/product"}],"replies":[{"embeddable":true,"href":"https:\/\/keysdock.tajnaveza.net\/fr\/wp-json\/wp\/v2\/comments?post=964"}],"wp:featuredmedia":[{"embeddable":true,"href":"https:\/\/keysdock.tajnaveza.net\/fr\/wp-json\/wp\/v2\/media\/991"}],"wp:attachment":[{"href":"https:\/\/keysdock.tajnaveza.net\/fr\/wp-json\/wp\/v2\/media?parent=964"}],"wp:term":[{"taxonomy":"product_brand","embeddable":true,"href":"https:\/\/keysdock.tajnaveza.net\/fr\/wp-json\/wp\/v2\/product_brand?post=964"},{"taxonomy":"product_cat","embeddable":true,"href":"https:\/\/keysdock.tajnaveza.net\/fr\/wp-json\/wp\/v2\/product_cat?post=964"},{"taxonomy":"product_tag","embeddable":true,"href":"https:\/\/keysdock.tajnaveza.net\/fr\/wp-json\/wp\/v2\/product_tag?post=964"}],"curies":[{"name":"wp","href":"https:\/\/api.w.org\/{rel}","templated":true}]}}