{"id":965,"date":"2025-03-15T21:07:43","date_gmt":"2025-03-15T21:07:43","guid":{"rendered":"https:\/\/keysdock.com\/?post_type=product&#038;p=965"},"modified":"2025-10-19T07:33:34","modified_gmt":"2025-10-19T07:33:34","slug":"project-2019-professional-key-licence","status":"publish","type":"product","link":"https:\/\/keysdock.tajnaveza.net\/fr\/produit\/project-2019-professional-key-licence\/","title":{"rendered":"Project 2019 Professional Product Key Licence"},"content":{"rendered":"<p><strong>Microsoft Project 2019 Professional - Gestion de projet avanc\u00e9e pour les entreprises et les \u00e9quipes<\/strong><\/p>\n<h3><strong>Description<\/strong><\/h3>\n<p>Microsoft Project 2019 Professional est un <strong>une solution puissante de gestion de projet<\/strong> con\u00e7u pour <strong>les entreprises, les chefs de projet et les \u00e9quipes<\/strong> qui ont besoin d'\u00eatre efficaces <strong>planifier, suivre et g\u00e9rer des projets<\/strong> de toutes tailles. Avec <strong>des outils am\u00e9lior\u00e9s de planification, de collaboration et d'\u00e9tablissement de rapports<\/strong>il assure <strong>une meilleure affectation des ressources, une productivit\u00e9 accrue et un travail d'\u00e9quipe sans faille<\/strong>.<\/p>\n<p>Cette \u00e9dition propose <strong>l'int\u00e9gration dans le nuage, la co-\u00e9criture en temps r\u00e9el et l'analyse avanc\u00e9e<\/strong>Il est donc id\u00e9al pour les organisations qui ont besoin de <strong>pr\u00e9cision et efficacit\u00e9 dans l'ex\u00e9cution des projets<\/strong>.<\/p>\n<h3><strong>Caract\u00e9ristiques principales<\/strong><\/h3>\n<p>\u2705 <strong>Programmation intelligente et automatisation des t\u00e2ches<\/strong> - Automatise <strong>les d\u00e9pendances des t\u00e2ches, les dates de d\u00e9but et les flux de travail du projet<\/strong>.<br \/>\n\u2705 <strong>Graphiques de Gantt avanc\u00e9s et vues chronologiques<\/strong> - Visualiser <strong>l'\u00e9tat d'avancement du projet, les \u00e9tapes et les s\u00e9quences de t\u00e2ches<\/strong>.<br \/>\n\u2705 <strong>Gestion des ressources et du budget<\/strong> - Poursuivre <strong>les heures de travail, les donn\u00e9es financi\u00e8res et l'affectation des ressources<\/strong> effectivement.<br \/>\n\u2705 <strong>Collaboration et int\u00e9gration dans le nuage<\/strong> - Fonctionne avec <strong>Microsoft Teams, SharePoint et OneDrive<\/strong> pour une meilleure coordination des projets.<br \/>\n\u2705 <strong>Mod\u00e8les de projets pr\u00e9construits<\/strong> - Commencez rapidement avec <strong>des mod\u00e8les conformes aux normes de l'industrie<\/strong> pour diff\u00e9rents types de projets.<br \/>\n\u2705 <strong>Rapports et tableaux de bord personnalisables<\/strong> - G\u00e9n\u00e9rer <strong>des informations en temps r\u00e9el, un suivi des co\u00fbts et des r\u00e9sum\u00e9s des performances<\/strong>.<br \/>\n\u2705 <strong>Vues de projets multiples<\/strong> - Utilisation <strong>Grille, tableau, chronologie et Kanban<\/strong> pour une meilleure organisation.<br \/>\n\u2705 <strong>Priorit\u00e9 aux t\u00e2ches pilot\u00e9e par l'IA<\/strong> - <strong>Se concentrer sur les t\u00e2ches essentielles<\/strong> avec une aide \u00e0 la programmation automatis\u00e9e.<br \/>\n\u2705 <strong>Co-auteurs et mises \u00e0 jour en temps r\u00e9el<\/strong> - Plusieurs utilisateurs peuvent <strong>\u00e9diter des projets simultan\u00e9ment<\/strong> avec synchronisation dans le nuage.<br \/>\n\u2705 <strong>S\u00e9curit\u00e9 de niveau entreprise<\/strong> - Prot\u00e8ge <strong>les donn\u00e9es sensibles des projets gr\u00e2ce \u00e0 des fonctions de s\u00e9curit\u00e9 avanc\u00e9es<\/strong>.<\/p>\n<h3><strong>Quelle est la diff\u00e9rence entre Project 2019 Standard et Professional ?<\/strong><\/h3>\n<p>\ud83d\udd39 <strong>Projet Standard 2019<\/strong> - Meilleur pour <strong>les utilisateurs individuels qui g\u00e8rent des projets de petite ou moyenne envergure<\/strong>.<br \/>\n\ud83d\udd39 <strong>Project Professional 2019<\/strong> - Comprend <strong>outils de collaboration, int\u00e9gration dans le nuage, gestion avanc\u00e9e des ressources<\/strong>id\u00e9al pour les \u00e9quipes et les entreprises.<\/p>\n<h3><strong>Configuration minimale requise<\/strong><\/h3>\n<ul>\n<li class=\"translation-block\"><strong>Processeur<\/strong> : 1,6 GHz ou plus rapide, processeur double c\u0153ur<\/li>\n<li class=\"translation-block\"><strong>RAM<\/strong> : 4 Go (64 bits) \/ 2 Go (32 bits)<\/li>\n<li class=\"translation-block\"><strong>Stockage<\/strong> : 4 Go d'espace disque disponible<\/li>\n<li class=\"translation-block\"><strong>Affichage<\/strong> : r\u00e9solution de 1280\u00d7768 ou sup\u00e9rieure<\/li>\n<li><strong>Syst\u00e8me d'exploitation<\/strong>: Windows 10, Windows 11, Windows Server 2019<\/li>\n<li class=\"translation-block\"><strong>Graphique<\/strong> : DirectX 9 ou sup\u00e9rieur avec pilote WDDM 2.0+<\/li>\n<li><strong>Connexion Internet<\/strong>: N\u00e9cessaire pour l'activation, les mises \u00e0 jour et la collaboration bas\u00e9e sur le cloud.<\/li>\n<\/ul>\n<h3><strong>Pourquoi choisir Microsoft Project 2019 Professional ?<\/strong><\/h3>\n<p>\ud83d\udd39 <strong>Meilleure solution pour les entreprises<\/strong> - Soutien <strong>projets complexes, coordination de plusieurs \u00e9quipes et mises \u00e0 jour en temps r\u00e9el<\/strong>.<br \/>\n\ud83d\udd39 <strong>Gestion rationalis\u00e9e des t\u00e2ches<\/strong> - Facile <strong>assigner, suivre et ajuster les t\u00e2ches<\/strong> avec l'automatisation.<br \/>\n\ud83d\udd39 <strong>Rapports visuels et analytiques puissants<\/strong> - Cr\u00e9er <strong>des graphiques interactifs, des ventilations de co\u00fbts et des r\u00e9sum\u00e9s de projets<\/strong>.<br \/>\n\ud83d\udd39 <strong>Collaborer en temps r\u00e9el<\/strong> - Se connecter avec <strong>Teams, SharePoint et Microsoft 365 pour un travail d'\u00e9quipe transparent<\/strong>.<br \/>\n\ud83d\udd39 <strong>Achat unique, pas d'abonnement<\/strong> - <strong>Acc\u00e8s \u00e0 vie<\/strong> avec un paiement unique.<\/p>\n<p>Passer \u00e0 <strong>Microsoft Project 2019 Professionnel<\/strong> aujourd'hui et <strong>am\u00e9liorer la planification, le suivi et l'ex\u00e9cution de vos projets gr\u00e2ce \u00e0 des outils de classe mondiale<\/strong>! \ud83d\ude80\ud83d\udcca\ud83d\udcc5<\/p>","protected":false},"excerpt":{"rendered":"<p>Microsoft Project 2019 Professional \u2013 Advanced Project Management for Businesses &amp; Teams Description Microsoft Project 2019 Professional is a powerful project management solution designed for businesses, project managers, and teams who need to efficiently plan, track, and manage projects of all sizes. With enhanced scheduling, collaboration, and reporting tools, it ensures better resource allocation, improved [&hellip;]<\/p>","protected":false},"featured_media":992,"comment_status":"open","ping_status":"closed","template":"","meta":{"_gspb_post_css":""},"product_brand":[],"product_cat":[65],"product_tag":[69],"class_list":{"0":"post-965","1":"product","2":"type-product","3":"status-publish","4":"has-post-thumbnail","6":"product_cat-misc","7":"product_tag-project","9":"first","10":"instock","11":"shipping-taxable","12":"product-type-external"},"_links":{"self":[{"href":"https:\/\/keysdock.tajnaveza.net\/fr\/wp-json\/wp\/v2\/product\/965","targetHints":{"allow":["GET"]}}],"collection":[{"href":"https:\/\/keysdock.tajnaveza.net\/fr\/wp-json\/wp\/v2\/product"}],"about":[{"href":"https:\/\/keysdock.tajnaveza.net\/fr\/wp-json\/wp\/v2\/types\/product"}],"replies":[{"embeddable":true,"href":"https:\/\/keysdock.tajnaveza.net\/fr\/wp-json\/wp\/v2\/comments?post=965"}],"wp:featuredmedia":[{"embeddable":true,"href":"https:\/\/keysdock.tajnaveza.net\/fr\/wp-json\/wp\/v2\/media\/992"}],"wp:attachment":[{"href":"https:\/\/keysdock.tajnaveza.net\/fr\/wp-json\/wp\/v2\/media?parent=965"}],"wp:term":[{"taxonomy":"product_brand","embeddable":true,"href":"https:\/\/keysdock.tajnaveza.net\/fr\/wp-json\/wp\/v2\/product_brand?post=965"},{"taxonomy":"product_cat","embeddable":true,"href":"https:\/\/keysdock.tajnaveza.net\/fr\/wp-json\/wp\/v2\/product_cat?post=965"},{"taxonomy":"product_tag","embeddable":true,"href":"https:\/\/keysdock.tajnaveza.net\/fr\/wp-json\/wp\/v2\/product_tag?post=965"}],"curies":[{"name":"wp","href":"https:\/\/api.w.org\/{rel}","templated":true}]}}