{"id":966,"date":"2025-03-15T21:07:43","date_gmt":"2025-03-15T21:07:43","guid":{"rendered":"https:\/\/keysdock.com\/?post_type=product&#038;p=966"},"modified":"2025-10-19T07:32:55","modified_gmt":"2025-10-19T07:32:55","slug":"project-2021-professional-key-licence","status":"publish","type":"product","link":"https:\/\/keysdock.tajnaveza.net\/fr\/produit\/project-2021-professional-key-licence\/","title":{"rendered":"Project 2021 Professional Product Key Licence"},"content":{"rendered":"<p><strong>Achetez Project 2021 Professional licence  au meilleur prix \u2013 activation \u00e0 vie garantie.<\/strong><\/p>\n<h3><strong>Description<\/strong><\/h3>\n<p>Microsoft Project 2021 Professional est un <strong>logiciel de gestion de projet avanc\u00e9<\/strong> con\u00e7u pour <strong>les entreprises, les soci\u00e9t\u00e9s et les gestionnaires de projets professionnels<\/strong> qui ont besoin <strong>planification, suivi et ex\u00e9cution efficaces des projets<\/strong>. Avec <strong>Planification aliment\u00e9e par l'IA, int\u00e9gration dans le cloud, collaboration en temps r\u00e9el et analyses am\u00e9lior\u00e9es.<\/strong>Il pr\u00e9voit <strong>des outils puissants pour respecter le calendrier et le budget des projets<\/strong>.<\/p>\n<p>Cette \u00e9dition est <strong>id\u00e9al pour les \u00e9quipes travaillant sur des projets complexes ou \u00e0 grande \u00e9chelle<\/strong>qui offre une int\u00e9gration transparente avec <strong>Microsoft Teams, SharePoint et Microsoft 365<\/strong> pour une meilleure collaboration.<\/p>\n<h3><strong>Caract\u00e9ristiques principales<\/strong><\/h3>\n<p>\u2705 <strong>Planification et automatisation des t\u00e2ches am\u00e9lior\u00e9es par l'IA<\/strong> - D\u00e9finit automatiquement <strong>les d\u00e9pendances, les dur\u00e9es et les chemins critiques des t\u00e2ches<\/strong>.<br \/>\n\u2705 <strong>Graphiques de Gantt interactifs et vues chronologiques<\/strong> - Fournit <strong>le suivi visuel de l'avancement du projet, des \u00e9tapes et des \u00e9ch\u00e9ances<\/strong>.<br \/>\n\u2705 <strong>Gestion avanc\u00e9e des ressources et des co\u00fbts<\/strong> - Assigner et contr\u00f4ler <strong>les budgets, les charges de travail et l'utilisation des ressources<\/strong>.<br \/>\n\u2705 <strong>Collaboration transparente et int\u00e9gration dans le nuage<\/strong> - Fonctionne avec <strong>Microsoft Teams, SharePoint et OneDrive<\/strong> pour am\u00e9liorer la coordination des projets.<br \/>\n\u2705 <strong>Mod\u00e8les de projets int\u00e9gr\u00e9s<\/strong> - D\u00e9marrer rapidement les projets avec <strong>des mod\u00e8les pr\u00e9construits<\/strong> pour diff\u00e9rentes industries.<br \/>\n\u2705 <strong>Outils puissants de rapport et de tableau de bord<\/strong> - G\u00e9n\u00e9rer <strong>des r\u00e9sum\u00e9s des progr\u00e8s r\u00e9alis\u00e9s, des informations financi\u00e8res et des \u00e9valuations des risques<\/strong>.<br \/>\n\u2705 <strong>Vues de projets multiples<\/strong> - Choisissez entre <strong>Grille, tableau Kanban, Gantt et ligne de temps<\/strong> des vues pour plus de flexibilit\u00e9.<br \/>\n\u2705 <strong>Co-\u00e9criture et \u00e9dition en temps r\u00e9el<\/strong> - Plusieurs membres de l'\u00e9quipe peuvent <strong>modifier et mettre \u00e0 jour simultan\u00e9ment les fichiers du projet<\/strong>.<br \/>\n\u2705 <strong>S\u00e9curit\u00e9 avanc\u00e9e et conformit\u00e9<\/strong> - Garantit <strong>une protection de niveau entreprise pour les donn\u00e9es sensibles des projets<\/strong>.<br \/>\n\u2705 <strong>Int\u00e9gration de l'intelligence \u00e9conomique<\/strong> - Compatible avec <strong>Power BI pour des informations approfondies sur les projets et des rapports personnalis\u00e9s<\/strong>.<\/p>\n<h3><strong>Editions disponibles<\/strong><\/h3>\n<p>\ud83d\udd39 <strong>Norme de projet 2021<\/strong> - Meilleur pour <strong>les personnes qui g\u00e8rent des projets de petite ou moyenne envergure<\/strong>.<br \/>\n\ud83d\udd39 <strong>Professionnel du projet 2021<\/strong> - Comprend <strong>collaboration en \u00e9quipe, gestion avanc\u00e9e des ressources et prise en charge de l'informatique d\u00e9mat\u00e9rialis\u00e9e<\/strong>ce qui en fait un outil id\u00e9al pour les entreprises et les grandes \u00e9quipes.<\/p>\n<h3><strong>Configuration minimale requise<\/strong><\/h3>\n<ul>\n<li class=\"translation-block\"><strong>Processeur<\/strong> : 1,6 GHz ou plus rapide, processeur double c\u0153ur<\/li>\n<li class=\"translation-block\"><strong>RAM<\/strong> : 4 Go (64 bits) \/ 2 Go (32 bits)<\/li>\n<li class=\"translation-block\"><strong>Stockage<\/strong> : 4 Go d'espace disque disponible<\/li>\n<li class=\"translation-block\"><strong>Affichage<\/strong> : r\u00e9solution de 1280\u00d7768 ou sup\u00e9rieure<\/li>\n<li><strong>Syst\u00e8me d'exploitation<\/strong>: Windows 10, Windows 11<\/li>\n<li class=\"translation-block\"><strong>Graphique<\/strong> : DirectX 9 ou sup\u00e9rieur avec pilote WDDM 2.0+<\/li>\n<li><strong>Connexion Internet<\/strong>: N\u00e9cessaire pour l'activation, les mises \u00e0 jour et la collaboration dans le nuage<\/li>\n<\/ul>\n<h3><strong>Pourquoi choisir Microsoft Project 2021 Professional ?<\/strong><\/h3>\n<p>\ud83d\udd39 <strong>Id\u00e9al pour les \u00e9quipes et les entreprises<\/strong> - <strong>G\u00e9rer des projets complexes et multi-\u00e9quipes avec une collaboration en temps r\u00e9el<\/strong>.<br \/>\n\ud83d\udd39 <strong>Automatisation intelligente des t\u00e2ches<\/strong> - <strong>La planification pilot\u00e9e par l'IA optimise les d\u00e9lais et l'efficacit\u00e9 des projets.<\/strong>.<br \/>\n\ud83d\udd39 <strong>Suivi complet des performances<\/strong> - <strong>Contr\u00f4ler efficacement les budgets, les d\u00e9lais et la charge de travail.<\/strong>.<br \/>\n\ud83d\udd39 <strong>Int\u00e9gration transparente de Microsoft 365<\/strong> - Fonctionne avec <strong>Excel, Outlook, Power BI et Microsoft Teams<\/strong>.<br \/>\n\ud83d\udd39 <strong>Achat unique, pas d'abonnement<\/strong> - <strong>Acc\u00e8s \u00e0 vie<\/strong> sans frais r\u00e9currents.<\/p>\n<p>Passer \u00e0 <strong>Microsoft Project 2021 Professionnel<\/strong> aujourd'hui et prendre <strong>votre gestion de projet \u00e0 un niveau sup\u00e9rieur<\/strong> avec de puissants outils de planification, de suivi et de collaboration ! \ud83d\ude80\ud83d\udcca\ud83d\udcc5<\/p>","protected":false},"excerpt":{"rendered":"<p>Microsoft Project 2021 Professional \u2013 The Ultimate Project Management Solution Description Microsoft Project 2021 Professional is an advanced project management software designed for businesses, enterprises, and professional project managers who require efficient planning, tracking, and execution of projects. With AI-powered scheduling, cloud integration, real-time collaboration, and enhanced analytics, it provides powerful tools to keep projects [&hellip;]<\/p>","protected":false},"featured_media":993,"comment_status":"open","ping_status":"closed","template":"","meta":{"_gspb_post_css":""},"product_brand":[],"product_cat":[65],"product_tag":[69],"class_list":{"0":"post-966","1":"product","2":"type-product","3":"status-publish","4":"has-post-thumbnail","6":"product_cat-misc","7":"product_tag-project","9":"first","10":"instock","11":"shipping-taxable","12":"product-type-external"},"_links":{"self":[{"href":"https:\/\/keysdock.tajnaveza.net\/fr\/wp-json\/wp\/v2\/product\/966","targetHints":{"allow":["GET"]}}],"collection":[{"href":"https:\/\/keysdock.tajnaveza.net\/fr\/wp-json\/wp\/v2\/product"}],"about":[{"href":"https:\/\/keysdock.tajnaveza.net\/fr\/wp-json\/wp\/v2\/types\/product"}],"replies":[{"embeddable":true,"href":"https:\/\/keysdock.tajnaveza.net\/fr\/wp-json\/wp\/v2\/comments?post=966"}],"wp:featuredmedia":[{"embeddable":true,"href":"https:\/\/keysdock.tajnaveza.net\/fr\/wp-json\/wp\/v2\/media\/993"}],"wp:attachment":[{"href":"https:\/\/keysdock.tajnaveza.net\/fr\/wp-json\/wp\/v2\/media?parent=966"}],"wp:term":[{"taxonomy":"product_brand","embeddable":true,"href":"https:\/\/keysdock.tajnaveza.net\/fr\/wp-json\/wp\/v2\/product_brand?post=966"},{"taxonomy":"product_cat","embeddable":true,"href":"https:\/\/keysdock.tajnaveza.net\/fr\/wp-json\/wp\/v2\/product_cat?post=966"},{"taxonomy":"product_tag","embeddable":true,"href":"https:\/\/keysdock.tajnaveza.net\/fr\/wp-json\/wp\/v2\/product_tag?post=966"}],"curies":[{"name":"wp","href":"https:\/\/api.w.org\/{rel}","templated":true}]}}