{"id":967,"date":"2025-03-15T21:07:43","date_gmt":"2025-03-15T21:07:43","guid":{"rendered":"https:\/\/keysdock.com\/?post_type=product&#038;p=967"},"modified":"2025-10-19T07:32:47","modified_gmt":"2025-10-19T07:32:47","slug":"visual-studio-professional-2019-key-licence","status":"publish","type":"product","link":"https:\/\/keysdock.tajnaveza.net\/fr\/produit\/visual-studio-professional-2019-key-licence\/","title":{"rendered":"Visual Studio Professional 2019 Product Key Licence"},"content":{"rendered":"<p><strong>Achetez Visual Studio Professional 2019 licence  au meilleur prix \u2013 activation \u00e0 vie garantie.<\/strong><\/p>\n<h3><strong>Description<\/strong><\/h3>\n<p>Visual Studio Professional 2019 est un <strong>un environnement de d\u00e9veloppement int\u00e9gr\u00e9 (IDE) complet<\/strong> con\u00e7u pour <strong>d\u00e9veloppeurs professionnels<\/strong> qui ont besoin <strong>des outils avanc\u00e9s pour le codage, le d\u00e9bogage et la collaboration<\/strong>. Gr\u00e2ce \u00e0 la prise en charge de plusieurs langages de programmation, \u00e0 l'int\u00e9gration dans le nuage et \u00e0 une interface hautement productive, il permet aux d\u00e9veloppeurs de construire des syst\u00e8mes de gestion de l'information et de la communication. <strong>des applications modernes pour le web, le bureau, le mobile et l'informatique d\u00e9mat\u00e9rialis\u00e9e<\/strong> avec efficacit\u00e9 et pr\u00e9cision.<\/p>\n<h3><strong>Caract\u00e9ristiques principales<\/strong><\/h3>\n<p>\u2705 <strong>\u00c9diteur de code am\u00e9lior\u00e9<\/strong> - <strong>IntelliSense aliment\u00e9 par l'IA<\/strong>, le remaniement du code et la collaboration en temps r\u00e9el.<br \/>\n\u2705 <strong>D\u00e9bogage et diagnostic avanc\u00e9s<\/strong> - D\u00e9finir des points d'arr\u00eat, inspecter des variables et d\u00e9boguer avec <strong>Live Share et IntelliTrace<\/strong>.<br \/>\n\u2705 <strong>Int\u00e9gration transparente de Git<\/strong> - <strong>D\u00e9p\u00f4ts Git int\u00e9gr\u00e9s<\/strong> pour faciliter le contr\u00f4le des versions et la collaboration.<br \/>\n\u2705 <strong>D\u00e9veloppement multiplateforme<\/strong> - D\u00e9velopper des applications pour <strong>Windows, macOS, Android, iOS, Linux et le web<\/strong>.<br \/>\n\u2705 <strong>D\u00e9veloppement en nuage avec Azure<\/strong> - <strong>Int\u00e9gration transparente avec Microsoft Azure<\/strong> pour les applications bas\u00e9es sur l'informatique en nuage.<br \/>\n\u2705 <strong>Visual Studio Live Share<\/strong> - Collaboration en temps r\u00e9el pour <strong>la programmation en bin\u00f4me et le d\u00e9veloppement d'\u00e9quipes<\/strong>.<br \/>\n\u2705 <strong>Des outils de test puissants<\/strong> - Comprend <strong>les tests unitaires, la couverture du code et le profilage des performances<\/strong>.<br \/>\n\u2705 <strong>Support complet de la base de donn\u00e9es<\/strong> - Se connecter avec <strong>SQL Server, MySQL, PostgreSQL<\/strong>et d'autres bases de donn\u00e9es.<br \/>\n\u2705 <strong>Fonctionnalit\u00e9 de CodeLens<\/strong> - Fournit des informations sur <strong>modifications du code, r\u00e9f\u00e9rences et travaux<\/strong>.<br \/>\n\u2705 <strong>March\u00e9 \u00e9tendu des extensions<\/strong> - Personnalisez votre environnement de d\u00e9veloppement avec <strong>des milliers d'extensions<\/strong>.<\/p>\n<h3><strong>Configuration minimale requise<\/strong><\/h3>\n<ul>\n<li><strong>Processeur<\/strong>: 1,8 GHz ou plus rapide, 64 bits recommand\u00e9<\/li>\n<li><strong>RAM<\/strong>2 Go (8 Go recommand\u00e9s)<\/li>\n<li><strong>Stockage<\/strong>: Minimum <strong>20 GB<\/strong> espace disponible<\/li>\n<li><strong>Graphique<\/strong>: Compatible DirectX 9 avec le pilote WDDM 1.0<\/li>\n<li><strong>Affichage<\/strong>: R\u00e9solution de 1366\u00d7768 ou sup\u00e9rieure<\/li>\n<li><strong>Syst\u00e8me d'exploitation<\/strong>: Windows 10, Windows Server 2016\/2019<\/li>\n<li><strong>Connexion Internet<\/strong>: N\u00e9cessaire pour les mises \u00e0 jour, l'activation et les services en ligne<\/li>\n<\/ul>\n<h3><strong>Pourquoi choisir Visual Studio Professional 2019 ?<\/strong><\/h3>\n<p>\ud83d\udd39 <strong>Parfait pour les d\u00e9veloppeurs professionnels<\/strong> - Des fonctions puissantes pour <strong>entreprise et commerce<\/strong> le d\u00e9veloppement de logiciels.<br \/>\n\ud83d\udd39 <strong>Collaboration rationalis\u00e9e<\/strong> - <strong>Live Share, GitHub et Azure DevOps<\/strong> am\u00e9liorer la productivit\u00e9 de l'\u00e9quipe.<br \/>\n\ud83d\udd39 <strong>D\u00e9bogage et tests complets<\/strong> - Des outils comme <strong>IntelliTrace, CodeLens et tests unitaires<\/strong> assurer la qualit\u00e9 du code.<br \/>\n\ud83d\udd39 <strong>Pr\u00eat pour l'informatique en nuage et \u00e9volutif<\/strong> - D\u00e9velopper <strong>applications cloud-natives<\/strong> avec <strong>Support Microsoft Azure<\/strong>.<br \/>\n\ud83d\udd39 <strong>Flexible et extensible<\/strong> - <strong>Prise en charge de plusieurs langages de programmation<\/strong> y compris <strong>C#, C++, Python, JavaScript, etc.<\/strong>.<\/p>\n<p>Passer \u00e0 <strong>Visual Studio Professional 2019<\/strong> et <strong>Augmentez votre productivit\u00e9 gr\u00e2ce \u00e0 un environnement de d\u00e9veloppement avanc\u00e9, \u00e9volutif et connect\u00e9 au cloud.<\/strong>! \ud83d\ude80\ud83d\udc68\u200d\ud83d\udcbb\ud83d\udca1<\/p>","protected":false},"excerpt":{"rendered":"<p>Visual Studio Professional 2019 \u2013 Powerful Development Environment for Professionals Description Visual Studio Professional 2019 is a comprehensive integrated development environment (IDE) designed for professional developers who need advanced tools for coding, debugging, and collaboration. With support for multiple programming languages, cloud integration, and a highly productive interface, it enables developers to build modern applications [&hellip;]<\/p>","protected":false},"featured_media":1003,"comment_status":"open","ping_status":"closed","template":"","meta":{"_gspb_post_css":""},"product_brand":[],"product_cat":[65],"product_tag":[70],"class_list":{"0":"post-967","1":"product","2":"type-product","3":"status-publish","4":"has-post-thumbnail","6":"product_cat-misc","7":"product_tag-visual-studio","9":"first","10":"instock","11":"shipping-taxable","12":"product-type-external"},"_links":{"self":[{"href":"https:\/\/keysdock.tajnaveza.net\/fr\/wp-json\/wp\/v2\/product\/967","targetHints":{"allow":["GET"]}}],"collection":[{"href":"https:\/\/keysdock.tajnaveza.net\/fr\/wp-json\/wp\/v2\/product"}],"about":[{"href":"https:\/\/keysdock.tajnaveza.net\/fr\/wp-json\/wp\/v2\/types\/product"}],"replies":[{"embeddable":true,"href":"https:\/\/keysdock.tajnaveza.net\/fr\/wp-json\/wp\/v2\/comments?post=967"}],"wp:featuredmedia":[{"embeddable":true,"href":"https:\/\/keysdock.tajnaveza.net\/fr\/wp-json\/wp\/v2\/media\/1003"}],"wp:attachment":[{"href":"https:\/\/keysdock.tajnaveza.net\/fr\/wp-json\/wp\/v2\/media?parent=967"}],"wp:term":[{"taxonomy":"product_brand","embeddable":true,"href":"https:\/\/keysdock.tajnaveza.net\/fr\/wp-json\/wp\/v2\/product_brand?post=967"},{"taxonomy":"product_cat","embeddable":true,"href":"https:\/\/keysdock.tajnaveza.net\/fr\/wp-json\/wp\/v2\/product_cat?post=967"},{"taxonomy":"product_tag","embeddable":true,"href":"https:\/\/keysdock.tajnaveza.net\/fr\/wp-json\/wp\/v2\/product_tag?post=967"}],"curies":[{"name":"wp","href":"https:\/\/api.w.org\/{rel}","templated":true}]}}