{"id":968,"date":"2025-03-15T21:07:43","date_gmt":"2025-03-15T21:07:43","guid":{"rendered":"https:\/\/keysdock.com\/?post_type=product&#038;p=968"},"modified":"2025-10-19T07:32:36","modified_gmt":"2025-10-19T07:32:36","slug":"visual-studio-professional-2022-key-licence","status":"publish","type":"product","link":"https:\/\/keysdock.tajnaveza.net\/fr\/produit\/visual-studio-professional-2022-key-licence\/","title":{"rendered":"Visual Studio Professional 2022 Product Key Licence"},"content":{"rendered":"<p><strong>Achetez Visual Studio Professional 2022 licence  au meilleur prix \u2013 activation \u00e0 vie garantie.<\/strong><\/p>\n<h3><strong>Description<\/strong><\/h3>\n<p>Visual Studio Professional 2022 est un <strong>un environnement de d\u00e9veloppement int\u00e9gr\u00e9 (IDE) puissant, \u00e9volutif et assist\u00e9 par l'IA<\/strong> con\u00e7u pour <strong>les d\u00e9veloppeurs professionnels, les \u00e9quipes et les entreprises<\/strong>. Avec <strong>d\u00e9bogage am\u00e9lior\u00e9, collaboration en temps r\u00e9el, int\u00e9gration dans le cloud et IntelliCode aliment\u00e9 par l'IA<\/strong>Il offre une exp\u00e9rience de d\u00e9veloppement rationalis\u00e9e pour les <strong>cr\u00e9er des applications modernes pour le web, le bureau, le mobile et le cloud<\/strong>.<\/p>\n<p>Cette version est <strong>64 bits<\/strong>Il s'agit donc de l'outil le plus efficace et le plus performant du march\u00e9. <strong>haute performance<\/strong> Visual Studio, capable de g\u00e9rer <strong>des projets de plus grande envergure et des solutions complexes<\/strong> sans ralentissement.<\/p>\n<h3><strong>Caract\u00e9ristiques principales<\/strong><\/h3>\n<p>\u2705 <strong>Architecture 64 bits<\/strong> - Poign\u00e9es <strong>des projets plus importants avec des performances et une stabilit\u00e9 am\u00e9lior\u00e9es<\/strong>.<br \/>\n\u2705 <strong>IntelliCode aliment\u00e9 par l'IA<\/strong> - Aide \u00e0 <strong>suggestions de code, remaniement et pr\u00e9vention des erreurs<\/strong>.<br \/>\n\u2705 <strong>D\u00e9bogage et diagnostic avanc\u00e9s<\/strong> - Comprend <strong>D\u00e9bogage en direct, IntelliTrace et d\u00e9bogage par d\u00e9placement dans le temps<\/strong>.<br \/>\n\u2705 <strong>Int\u00e9gration transparente de Git et GitHub<\/strong> - Int\u00e9gr\u00e9 <strong>contr\u00f4le des versions<\/strong> et <strong>outils de collaboration en \u00e9quipe<\/strong>.<br \/>\n\u2705 <strong>D\u00e9veloppement multiplateforme<\/strong> - Soutien <strong>Windows, macOS, Android, iOS, Linux et Web<\/strong> des applications.<br \/>\n\u2705 <strong>D\u00e9veloppement en nuage avec Azure<\/strong> - Construire, d\u00e9ployer et faire \u00e9voluer les applications avec <strong>Int\u00e9gration de Microsoft Azure<\/strong>.<br \/>\n\u2705 <strong>Collaboration Live Share<\/strong> - Programme en bin\u00f4me et code de r\u00e9vision en <strong>en temps r\u00e9el avec les membres de l'\u00e9quipe<\/strong>.<br \/>\n\u2705 <strong>Des outils de test puissants<\/strong> - Comprend <strong>les tests unitaires, les tests de charge et les cadres de test de l'interface utilisateur<\/strong>.<br \/>\n\u2705 <strong>Prise en charge de Blazor et de .NET 6+<\/strong> - Moderne <strong>d\u00e9veloppement web et cloud<\/strong> avec <strong>ASP.NET Core, C# et Razor<\/strong>.<br \/>\n\u2705 <strong>Support complet de la base de donn\u00e9es<\/strong> - Se connecter avec <strong>SQL Server, MySQL, PostgreSQL<\/strong>et bien d'autres choses encore.<br \/>\n\u2705 <strong>Place de march\u00e9 \u00e9tendue et extensions<\/strong> - Personnaliser l'IDE avec <strong>des milliers de plugins et d'outils<\/strong>.<\/p>\n<h3><strong>Configuration minimale requise<\/strong><\/h3>\n<ul>\n<li><strong>Processeur<\/strong>: 1,8 GHz ou plus rapide, 64 bits recommand\u00e9<\/li>\n<li><strong>RAM<\/strong>: 4 Go minimum (16 Go recommand\u00e9s)<\/li>\n<li><strong>Stockage<\/strong>Espace libre : 20 Go minimum<\/li>\n<li><strong>Graphique<\/strong>: Compatible DirectX 9 avec le pilote WDDM 1.0<\/li>\n<li><strong>Affichage<\/strong>: R\u00e9solution de 1366\u00d7768 ou sup\u00e9rieure<\/li>\n<li><strong>Syst\u00e8me d'exploitation<\/strong>: Windows 10 (version 1909+) \/ Windows 11 \/ Windows Server 2016, 2019, 2022<\/li>\n<li><strong>Connexion Internet<\/strong>: N\u00e9cessaire pour l'activation, les mises \u00e0 jour et les services en ligne<\/li>\n<\/ul>\n<h3><strong>Pourquoi choisir Visual Studio Professional 2022 ?<\/strong><\/h3>\n<p>\ud83d\udd39 <strong>Optimis\u00e9 pour les grands projets<\/strong> - L'architecture 64 bits garantit <strong>de meilleures performances et une meilleure \u00e9volutivit\u00e9<\/strong>.<br \/>\n\ud83d\udd39 <strong>Productivit\u00e9 assist\u00e9e par l'IA<\/strong> - <strong>IntelliCode<\/strong> acc\u00e9l\u00e8re le d\u00e9veloppement avec <strong>suggestions de codes intelligents<\/strong>.<br \/>\n\ud83d\udd39 <strong>D\u00e9bogage et test am\u00e9lior\u00e9s<\/strong> - <strong>D\u00e9bogage puissant, diagnostics en direct et tests unitaires<\/strong> pour des logiciels de haute qualit\u00e9.<br \/>\n\ud83d\udd39 <strong>Int\u00e9gration transparente dans l'informatique en nuage<\/strong> - <strong>Cr\u00e9er des applications cloud-natives<\/strong> avec <strong>Prise en charge d'Azure, de Docker et de Kubernetes<\/strong>.<br \/>\n\ud83d\udd39 <strong>Le meilleur pour les \u00e9quipes et les entreprises<\/strong> - <strong>Live Share, GitHub et DevOps<\/strong> am\u00e9liorent la collaboration et l'efficacit\u00e9.<br \/>\n\ud83d\udd39 <strong>Prise en charge des technologies les plus r\u00e9centes<\/strong> - <strong>.NET 6+, C#, Python, JavaScript, TypeScript, etc.<\/strong>.<\/p>\n<p>Passer \u00e0 <strong>Visual Studio Professional 2022<\/strong> aujourd'hui et faites l'exp\u00e9rience <strong>un d\u00e9veloppement plus rapide, plus intelligent et plus efficace<\/strong>! \ud83d\ude80\ud83d\udcbb\u26a1<\/p>","protected":false},"excerpt":{"rendered":"<p>Visual Studio Professional 2022 \u2013 The Ultimate IDE for Professional Developers Description Visual Studio Professional 2022 is a powerful, scalable, and AI-assisted integrated development environment (IDE) designed for professional developers, teams, and enterprises. With enhanced debugging, real-time collaboration, cloud integration, and AI-powered IntelliCode, it provides a streamlined development experience for building modern applications for web, [&hellip;]<\/p>","protected":false},"featured_media":1004,"comment_status":"open","ping_status":"closed","template":"","meta":{"_gspb_post_css":""},"product_brand":[],"product_cat":[65],"product_tag":[70],"class_list":{"0":"post-968","1":"product","2":"type-product","3":"status-publish","4":"has-post-thumbnail","6":"product_cat-misc","7":"product_tag-visual-studio","9":"first","10":"instock","11":"shipping-taxable","12":"product-type-external"},"_links":{"self":[{"href":"https:\/\/keysdock.tajnaveza.net\/fr\/wp-json\/wp\/v2\/product\/968","targetHints":{"allow":["GET"]}}],"collection":[{"href":"https:\/\/keysdock.tajnaveza.net\/fr\/wp-json\/wp\/v2\/product"}],"about":[{"href":"https:\/\/keysdock.tajnaveza.net\/fr\/wp-json\/wp\/v2\/types\/product"}],"replies":[{"embeddable":true,"href":"https:\/\/keysdock.tajnaveza.net\/fr\/wp-json\/wp\/v2\/comments?post=968"}],"wp:featuredmedia":[{"embeddable":true,"href":"https:\/\/keysdock.tajnaveza.net\/fr\/wp-json\/wp\/v2\/media\/1004"}],"wp:attachment":[{"href":"https:\/\/keysdock.tajnaveza.net\/fr\/wp-json\/wp\/v2\/media?parent=968"}],"wp:term":[{"taxonomy":"product_brand","embeddable":true,"href":"https:\/\/keysdock.tajnaveza.net\/fr\/wp-json\/wp\/v2\/product_brand?post=968"},{"taxonomy":"product_cat","embeddable":true,"href":"https:\/\/keysdock.tajnaveza.net\/fr\/wp-json\/wp\/v2\/product_cat?post=968"},{"taxonomy":"product_tag","embeddable":true,"href":"https:\/\/keysdock.tajnaveza.net\/fr\/wp-json\/wp\/v2\/product_tag?post=968"}],"curies":[{"name":"wp","href":"https:\/\/api.w.org\/{rel}","templated":true}]}}