{"id":971,"date":"2025-03-15T21:07:43","date_gmt":"2025-03-15T21:07:43","guid":{"rendered":"https:\/\/keysdock.com\/?post_type=product&#038;p=971"},"modified":"2025-10-19T07:32:26","modified_gmt":"2025-10-19T07:32:26","slug":"outlook-2019-key-licence","status":"publish","type":"product","link":"https:\/\/keysdock.tajnaveza.net\/fr\/produit\/outlook-2019-key-licence\/","title":{"rendered":"Outlook 2019 Product Key Licence"},"content":{"rendered":"<p><strong>Microsoft Outlook 2019 - La solution ultime de messagerie et de productivit\u00e9<\/strong><\/p>\n<h3><strong>Description<\/strong><\/h3>\n<p>Microsoft Outlook 2019 est un <strong>puissante application de courrier \u00e9lectronique et de calendrier<\/strong> con\u00e7u pour <strong>les professionnels, les entreprises et les particuliers<\/strong> qui ont besoin <strong>une communication, une programmation et une gestion des t\u00e2ches transparentes<\/strong>. Avec une interface conviviale, <strong>des fonctions de s\u00e9curit\u00e9 renforc\u00e9es et des performances am\u00e9lior\u00e9es<\/strong>Outlook 2019 est la solution id\u00e9ale pour g\u00e9rer <strong>les courriels, les rendez-vous, les contacts et les t\u00e2ches de mani\u00e8re efficace<\/strong>.<\/p>\n<p>Que vous travailliez dans un bureau ou \u00e0 distance, Outlook 2019 garantit <strong>une collaboration et une organisation harmonieuses<\/strong>pour que vous restiez connect\u00e9 et productif.<\/p>\n<h3><strong>Caract\u00e9ristiques principales<\/strong><\/h3>\n<p>\u2705 <strong>Gestion rationalis\u00e9e des courriels<\/strong> - Organisez votre bo\u00eete de r\u00e9ception avec <strong>Bo\u00eete de r\u00e9ception cibl\u00e9e, cat\u00e9gories et filtres<\/strong>.<br \/>\n\u2705 <strong>Calendrier et programmation am\u00e9lior\u00e9s<\/strong> - Planifiez facilement des r\u00e9unions, d\u00e9finissez des rappels et synchronisez vos calendriers.<br \/>\n\u2705 <strong>S\u00e9curit\u00e9 avanc\u00e9e et protection de la vie priv\u00e9e<\/strong> - Protection int\u00e9gr\u00e9e contre <strong>l'hame\u00e7onnage, les logiciels malveillants et le spam<\/strong>.<br \/>\n\u2705 <strong>Prise en charge du mode hors ligne<\/strong> - Acc\u00e8s aux courriels, au calendrier et aux t\u00e2ches <strong>sans connexion internet<\/strong>.<br \/>\n\u2705 <strong>Centre de contacts et de personnes int\u00e9gr\u00e9<\/strong> - G\u00e9rer efficacement les contacts avec <strong>carnets d'adresses unifi\u00e9s<\/strong>.<br \/>\n\u2705 <strong>Fonctionnalit\u00e9 de recherche am\u00e9lior\u00e9e<\/strong> - Trouvez rapidement les courriels, les pi\u00e8ces jointes et les \u00e9v\u00e9nements du calendrier.<br \/>\n\u2705 <strong>Int\u00e9gration des t\u00e2ches et des notes<\/strong> - Restez productif avec <strong>listes de t\u00e2ches, notes autocollantes et rappels<\/strong>.<br \/>\n\u2705 <strong>Prise en charge transparente de Microsoft 365 et d'Exchange<\/strong> - Fonctionne avec <strong>Microsoft Exchange, OneDrive et SharePoint<\/strong>.<br \/>\n\u2705 <strong>Prise en charge de plusieurs comptes de messagerie<\/strong> - G\u00e9rer facilement <strong>Comptes Gmail, Yahoo, Outlook.com et IMAP\/POP<\/strong>.<br \/>\n\u2705 <strong>Automatisation des r\u00e9ponses automatiques et des r\u00e8gles<\/strong> - Mise en place <strong>les r\u00e9ponses en dehors du bureau, les filtres et les r\u00e8gles d'automatisation<\/strong>.<br \/>\n\u2705 <strong>Interface utilisateur mise \u00e0 jour<\/strong> - A <strong>une interface utilisateur moderne et claire<\/strong> pour une meilleure lisibilit\u00e9 et efficacit\u00e9.<\/p>\n<h3><strong>Configuration minimale requise<\/strong><\/h3>\n<ul>\n<li><strong>Processeur<\/strong>: 1,6 GHz ou plus rapide, processeur \u00e0 2 c\u0153urs<\/li>\n<li class=\"translation-block\"><strong>RAM<\/strong> : 4 Go (64 bits) \/ 2 Go (32 bits)<\/li>\n<li class=\"translation-block\"><strong>Stockage<\/strong> : 4 Go d'espace disque disponible<\/li>\n<li class=\"translation-block\"><strong>Affichage<\/strong> : r\u00e9solution de 1280\u00d7768 ou sup\u00e9rieure<\/li>\n<li><strong>Syst\u00e8me d'exploitation<\/strong>: Windows 10 \/ Windows 11 \/ Windows Server 2019<\/li>\n<li class=\"translation-block\"><strong>Graphique<\/strong> : DirectX 9 ou sup\u00e9rieur avec pilote WDDM 2.0+<\/li>\n<li><strong>Connexion Internet<\/strong>: N\u00e9cessaire pour l'activation, les mises \u00e0 jour et l'int\u00e9gration dans le nuage<\/li>\n<\/ul>\n<h3><strong>Pourquoi choisir Microsoft Outlook 2019 ?<\/strong><\/h3>\n<p>\ud83d\udd39 <strong>Gestion professionnelle des courriels<\/strong> - <strong>Rester organis\u00e9<\/strong> avec un tri intelligent de la bo\u00eete de r\u00e9ception, des filtres et un suivi des e-mails.<br \/>\n\ud83d\udd39 <strong>Int\u00e9gration transparente du calendrier<\/strong> - Calendrier <strong>r\u00e9unions, rappels et \u00e9v\u00e9nements<\/strong> avec facilit\u00e9.<br \/>\n\ud83d\udd39 <strong>S\u00e9curit\u00e9 renforc\u00e9e<\/strong> - Int\u00e9gr\u00e9 <strong>anti-phishing, protection contre les logiciels malveillants et filtrage du spam<\/strong>.<br \/>\n\ud83d\udd39 <strong>Parfait pour les entreprises et les particuliers<\/strong> - Soutien <strong>plusieurs comptes de messagerie et les services Microsoft 365<\/strong>.<br \/>\n\ud83d\udd39 <strong>Acc\u00e8s hors ligne et outils de productivit\u00e9<\/strong> - Travailler n'importe o\u00f9, n'importe quand, avec <strong>mode hors ligne, t\u00e2ches et notes<\/strong>.<\/p>\n<p>Passer \u00e0 <strong>Microsoft Outlook 2019<\/strong> aujourd'hui et faites l'exp\u00e9rience <strong>am\u00e9lioration de la communication par courrier \u00e9lectronique, de la programmation et de la productivit\u00e9<\/strong>! \ud83d\udce7\ud83d\udcc5\ud83d\ude80<\/p>","protected":false},"excerpt":{"rendered":"<p>Microsoft Outlook 2019 \u2013 The Ultimate Email &amp; Productivity Solution Description Microsoft Outlook 2019 is a powerful email and calendar application designed for professionals, businesses, and individuals who need seamless communication, scheduling, and task management. With a user-friendly interface, enhanced security features, and improved performance, Outlook 2019 is the perfect solution for managing emails, appointments, [&hellip;]<\/p>","protected":false},"featured_media":1007,"comment_status":"open","ping_status":"closed","template":"","meta":{"_gspb_post_css":""},"product_brand":[],"product_cat":[62],"product_tag":[74],"class_list":{"0":"post-971","1":"product","2":"type-product","3":"status-publish","4":"has-post-thumbnail","6":"product_cat-office","7":"product_tag-outlook","9":"first","10":"instock","11":"shipping-taxable","12":"product-type-external"},"_links":{"self":[{"href":"https:\/\/keysdock.tajnaveza.net\/fr\/wp-json\/wp\/v2\/product\/971","targetHints":{"allow":["GET"]}}],"collection":[{"href":"https:\/\/keysdock.tajnaveza.net\/fr\/wp-json\/wp\/v2\/product"}],"about":[{"href":"https:\/\/keysdock.tajnaveza.net\/fr\/wp-json\/wp\/v2\/types\/product"}],"replies":[{"embeddable":true,"href":"https:\/\/keysdock.tajnaveza.net\/fr\/wp-json\/wp\/v2\/comments?post=971"}],"wp:featuredmedia":[{"embeddable":true,"href":"https:\/\/keysdock.tajnaveza.net\/fr\/wp-json\/wp\/v2\/media\/1007"}],"wp:attachment":[{"href":"https:\/\/keysdock.tajnaveza.net\/fr\/wp-json\/wp\/v2\/media?parent=971"}],"wp:term":[{"taxonomy":"product_brand","embeddable":true,"href":"https:\/\/keysdock.tajnaveza.net\/fr\/wp-json\/wp\/v2\/product_brand?post=971"},{"taxonomy":"product_cat","embeddable":true,"href":"https:\/\/keysdock.tajnaveza.net\/fr\/wp-json\/wp\/v2\/product_cat?post=971"},{"taxonomy":"product_tag","embeddable":true,"href":"https:\/\/keysdock.tajnaveza.net\/fr\/wp-json\/wp\/v2\/product_tag?post=971"}],"curies":[{"name":"wp","href":"https:\/\/api.w.org\/{rel}","templated":true}]}}