{"id":972,"date":"2025-03-15T21:07:43","date_gmt":"2025-03-15T21:07:43","guid":{"rendered":"https:\/\/keysdock.com\/?post_type=product&#038;p=972"},"modified":"2025-10-19T07:32:18","modified_gmt":"2025-10-19T07:32:18","slug":"outlook-2021-key-licence","status":"publish","type":"product","link":"https:\/\/keysdock.tajnaveza.net\/fr\/produit\/outlook-2021-key-licence\/","title":{"rendered":"Outlook 2021 Product Key Licence"},"content":{"rendered":"<p><strong>Microsoft Outlook 2021 - La solution ultime de gestion des courriels et du calendrier<\/strong><\/p>\n<h3><strong>Description<\/strong><\/h3>\n<p>Microsoft Outlook 2021 est un <strong>une gestion puissante et efficace du courrier \u00e9lectronique, du calendrier et des t\u00e2ches<\/strong> application con\u00e7ue pour <strong>les professionnels, les entreprises et les particuliers<\/strong>. Avec <strong>une s\u00e9curit\u00e9 renforc\u00e9e, une organisation plus intelligente de la messagerie et une int\u00e9gration transparente avec Microsoft 365 et les services cloud.<\/strong>Outlook 2021 offre une exp\u00e9rience plus intuitive et plus productive. Que vous g\u00e9riez plusieurs comptes de messagerie, planifiez des r\u00e9unions ou collaboriez avec des \u00e9quipes, Outlook 2021 vous permet de rester organis\u00e9 et connect\u00e9.<\/p>\n<h3><strong>Caract\u00e9ristiques principales<\/strong><\/h3>\n<p>\u2705 <strong>Gestion rationalis\u00e9e des courriels<\/strong> - <strong>Bo\u00eete de r\u00e9ception cibl\u00e9e, filtres intelligents et recherche am\u00e9lior\u00e9e<\/strong> pour faciliter l'organisation des courriels.<br \/>\n\u2705 <strong>Calendrier et programmation modernis\u00e9s<\/strong> - <strong>Fixez des rappels, organisez des r\u00e9unions et synchronisez plusieurs calendriers de mani\u00e8re transparente.<\/strong>.<br \/>\n\u2705 <strong>S\u00e9curit\u00e9 avanc\u00e9e et protection anti-hame\u00e7onnage<\/strong> - <strong>Fonctions de s\u00e9curit\u00e9 int\u00e9gr\u00e9es<\/strong> prot\u00e9ger contre le spam, le phishing et les logiciels malveillants.<br \/>\n\u2705 <strong>Acc\u00e8s hors ligne et synchronisation<\/strong> - Lire, composer et g\u00e9rer des courriels m\u00eame <strong>sans connexion internet<\/strong>.<br \/>\n\u2705 <strong>Int\u00e9gration transparente avec Microsoft 365<\/strong> - Fonctionne sans probl\u00e8me avec <strong>Exchange, OneDrive, SharePoint et Teams<\/strong>.<br \/>\n\u2705 <strong>Prise en charge de plusieurs comptes de messagerie<\/strong> - G\u00e9rer <strong>Comptes Gmail, Yahoo, Outlook.com, IMAP\/POP<\/strong> en un seul endroit.<br \/>\n\u2705 <strong>Fonctionnalit\u00e9 de recherche am\u00e9lior\u00e9e<\/strong> - <strong>Une recherche plus rapide et plus intelligente<\/strong> utiliser l'intelligence artificielle de Microsoft pour trouver des courriels, des pi\u00e8ces jointes et des \u00e9v\u00e9nements.<br \/>\n\u2705 <strong>Int\u00e9gration des t\u00e2ches et des listes de t\u00e2ches<\/strong> - Garder une trace de <strong>t\u00e2ches importantes, notes autocollantes et rappels<\/strong>.<br \/>\n\u2705 <strong>R\u00e8gles de r\u00e9ponse automatique et d'envoi d'e-mails<\/strong> - <strong>Mise en place de messages en dehors du bureau, de r\u00e8gles d'automatisation et de mod\u00e8les d'e-mails<\/strong>.<br \/>\n\u2705 <strong>Interface utilisateur mise \u00e0 jour<\/strong> - A <strong>un design moderne et plus \u00e9pur\u00e9 avec des options de rubans personnalisables<\/strong> pour une meilleure exp\u00e9rience utilisateur.<br \/>\n\u2705 <strong>Fonctions de traduction et de dict\u00e9e<\/strong> - Facile <strong>traduire les courriels en temps r\u00e9el<\/strong> et utiliser <strong>saisie vocale<\/strong> pour plus d'efficacit\u00e9.<br \/>\n\u2705 <strong>Am\u00e9lioration des performances et de la stabilit\u00e9<\/strong> - Plus rapide <strong>temps de d\u00e9marrage, meilleure r\u00e9activit\u00e9 et r\u00e9duction des pannes<\/strong>.<\/p>\n<h3><strong>Configuration minimale requise<\/strong><\/h3>\n<ul>\n<li><strong>Processeur<\/strong>: 1,6 GHz ou plus rapide, processeur \u00e0 2 c\u0153urs<\/li>\n<li class=\"translation-block\"><strong>RAM<\/strong> : 4 Go (64 bits) \/ 2 Go (32 bits)<\/li>\n<li class=\"translation-block\"><strong>Stockage<\/strong> : 4 Go d'espace disque disponible<\/li>\n<li class=\"translation-block\"><strong>Affichage<\/strong> : r\u00e9solution de 1280\u00d7768 ou sup\u00e9rieure<\/li>\n<li><strong>Syst\u00e8me d'exploitation<\/strong>: Windows 10 \/ Windows 11<\/li>\n<li class=\"translation-block\"><strong>Graphique<\/strong> : DirectX 9 ou sup\u00e9rieur avec pilote WDDM 2.0+<\/li>\n<li><strong>Connexion Internet<\/strong>: N\u00e9cessaire pour l'activation, les mises \u00e0 jour et les services Microsoft 365.<\/li>\n<\/ul>\n<h3><strong>Pourquoi choisir Microsoft Outlook 2021 ?<\/strong><\/h3>\n<p>\ud83d\udd39 <strong>Id\u00e9al pour les particuliers et les entreprises<\/strong> - G\u00e9rez efficacement les e-mails, les calendriers et les t\u00e2ches dans une seule application.<br \/>\n\ud83d\udd39 <strong>Int\u00e9gration transparente dans l'informatique en nuage<\/strong> - Synchroniser les courriels et les fichiers entre les appareils avec <strong>OneDrive et Microsoft 365<\/strong>.<br \/>\n\ud83d\udd39 <strong>Gestion intelligente et s\u00e9curis\u00e9e des courriels<\/strong> - <strong>Antiphishing, protection contre les logiciels malveillants et filtrage am\u00e9lior\u00e9<\/strong> pour une bo\u00eete de r\u00e9ception plus s\u00fbre.<br \/>\n\ud83d\udd39 <strong>Des performances plus rapides et des fonctionnalit\u00e9s aliment\u00e9es par l'IA<\/strong> - Am\u00e9lior\u00e9e <strong>outils de recherche, de dict\u00e9e et de traduction<\/strong> stimuler la productivit\u00e9.<br \/>\n\ud83d\udd39 <strong>Mode hors ligne et prise en charge de plusieurs comptes<\/strong> - <strong>Restez productif o\u00f9 que vous soyez<\/strong>m\u00eame sans connexion internet.<\/p>\n<p>Passer \u00e0 <strong>Microsoft Outlook 2021<\/strong> aujourd'hui et profiter d'une <strong>plus rapide, plus intelligent et plus s\u00fbr<\/strong> exp\u00e9rience en mati\u00e8re de courrier \u00e9lectronique et de planification ! \ud83d\udce7\ud83d\udcc5\ud83d\ude80<\/p>","protected":false},"excerpt":{"rendered":"<p>Microsoft Outlook 2021 \u2013 The Ultimate Email &amp; Calendar Management Solution Description Microsoft Outlook 2021 is a powerful and efficient email, calendar, and task management application designed for professionals, businesses, and personal users. With enhanced security, smarter email organization, and seamless integration with Microsoft 365 and cloud services, Outlook 2021 offers a more intuitive and [&hellip;]<\/p>","protected":false},"featured_media":1008,"comment_status":"open","ping_status":"closed","template":"","meta":{"_gspb_post_css":""},"product_brand":[],"product_cat":[62],"product_tag":[74],"class_list":{"0":"post-972","1":"product","2":"type-product","3":"status-publish","4":"has-post-thumbnail","6":"product_cat-office","7":"product_tag-outlook","9":"first","10":"instock","11":"shipping-taxable","12":"product-type-external"},"_links":{"self":[{"href":"https:\/\/keysdock.tajnaveza.net\/fr\/wp-json\/wp\/v2\/product\/972","targetHints":{"allow":["GET"]}}],"collection":[{"href":"https:\/\/keysdock.tajnaveza.net\/fr\/wp-json\/wp\/v2\/product"}],"about":[{"href":"https:\/\/keysdock.tajnaveza.net\/fr\/wp-json\/wp\/v2\/types\/product"}],"replies":[{"embeddable":true,"href":"https:\/\/keysdock.tajnaveza.net\/fr\/wp-json\/wp\/v2\/comments?post=972"}],"wp:featuredmedia":[{"embeddable":true,"href":"https:\/\/keysdock.tajnaveza.net\/fr\/wp-json\/wp\/v2\/media\/1008"}],"wp:attachment":[{"href":"https:\/\/keysdock.tajnaveza.net\/fr\/wp-json\/wp\/v2\/media?parent=972"}],"wp:term":[{"taxonomy":"product_brand","embeddable":true,"href":"https:\/\/keysdock.tajnaveza.net\/fr\/wp-json\/wp\/v2\/product_brand?post=972"},{"taxonomy":"product_cat","embeddable":true,"href":"https:\/\/keysdock.tajnaveza.net\/fr\/wp-json\/wp\/v2\/product_cat?post=972"},{"taxonomy":"product_tag","embeddable":true,"href":"https:\/\/keysdock.tajnaveza.net\/fr\/wp-json\/wp\/v2\/product_tag?post=972"}],"curies":[{"name":"wp","href":"https:\/\/api.w.org\/{rel}","templated":true}]}}