{"id":974,"date":"2025-03-15T21:07:43","date_gmt":"2025-03-15T21:07:43","guid":{"rendered":"https:\/\/keysdock.com\/?post_type=product&#038;p=974"},"modified":"2025-10-19T07:31:55","modified_gmt":"2025-10-19T07:31:55","slug":"access-2021-key-licence","status":"publish","type":"product","link":"https:\/\/keysdock.tajnaveza.net\/fr\/produit\/access-2021-key-licence\/","title":{"rendered":"Access 2021 Product Key Licence"},"content":{"rendered":"<p><strong>Achetez Access 2021 licence  au meilleur prix \u2013 activation \u00e0 vie garantie.<\/strong><\/p>\n<h3><strong>Description<\/strong><\/h3>\n<p>Microsoft Access 2021 est un <strong>un syst\u00e8me de gestion de base de donn\u00e9es (SGBD) puissant et convivial<\/strong> con\u00e7u pour <strong>les entreprises, les professionnels et les d\u00e9veloppeurs<\/strong> qui ont besoin <strong>le stockage, l'organisation et l'analyse efficaces des donn\u00e9es<\/strong>. Avec <strong>am\u00e9lioration des performances, renforcement de la s\u00e9curit\u00e9 et int\u00e9gration transparente avec Microsoft 365<\/strong>Access 2021 simplifie le processus de <strong>la cr\u00e9ation, la gestion et l'automatisation des bases de donn\u00e9es<\/strong> pour des besoins commerciaux, financiers ou op\u00e9rationnels.<\/p>\n<p>Qu'il s'agisse de suivre les stocks, de g\u00e9rer les dossiers des clients ou de g\u00e9n\u00e9rer des rapports, <strong>Microsoft Access 2021<\/strong> fournit <strong>outils avanc\u00e9s pour les bases de donn\u00e9es relationnelles, les requ\u00eates et l'automatisation<\/strong>ce qui en fait la solution id\u00e9ale pour les flux de travail ax\u00e9s sur les donn\u00e9es.<\/p>\n<h3><strong>Caract\u00e9ristiques principales<\/strong><\/h3>\n<p>\u2705 <strong>Mod\u00e8les de base de donn\u00e9es faciles \u00e0 utiliser<\/strong> - Commencez rapidement avec <strong>des mod\u00e8les pr\u00e9construits<\/strong> pour diff\u00e9rents secteurs et cas d'utilisation.<br \/>\n\u2705 <strong>Outils avanc\u00e9s d'interrogation et de rapport<\/strong> - Utiliser <strong>SQL, macros et Visual Basic for Applications (VBA)<\/strong> pour les op\u00e9rations de donn\u00e9es complexes.<br \/>\n\u2705 <strong>Am\u00e9lioration des performances et de la stabilit\u00e9<\/strong> - <strong>Des vitesses de traitement plus rapides, des requ\u00eates optimis\u00e9es et des d\u00e9lais r\u00e9duits<\/strong>.<br \/>\n\u2705 <strong>S\u00e9curit\u00e9 renforc\u00e9e et cryptage des donn\u00e9es<\/strong> - Prot\u00e9ger les bases de donn\u00e9es avec <strong>protection par mot de passe, cryptage et autorisations multi-utilisateurs<\/strong>.<br \/>\n\u2705 <strong>Int\u00e9gration transparente de Microsoft 365 et de l'informatique en nuage<\/strong> - Synchroniser les donn\u00e9es avec <strong>Excel, SharePoint, SQL Server et OneDrive<\/strong>.<br \/>\n\u2705 <strong>Modernisation des graphiques et de la visualisation des donn\u00e9es<\/strong> - Cr\u00e9er <strong>des rapports interactifs, des tableaux de bord et des analyses en temps r\u00e9el<\/strong>.<br \/>\n\u2705 <strong>Connectivit\u00e9 \u00e9largie des donn\u00e9es<\/strong> - Importer\/exporter des donn\u00e9es de <strong>Excel, XML, ODBC, SQL et services web<\/strong>.<br \/>\n\u2705 <strong>Collaboration multi-utilisateurs<\/strong> - <strong>Partager et modifier des bases de donn\u00e9es simultan\u00e9ment<\/strong> entre les \u00e9quipes et les d\u00e9partements.<br \/>\n\u2705 <strong>VBA et automatisation des macros<\/strong> - <strong>Automatiser les t\u00e2ches r\u00e9p\u00e9titives<\/strong>Les utilisateurs ont la possibilit\u00e9 d'am\u00e9liorer leur efficacit\u00e9 et de rationaliser les flux de travail.<br \/>\n\u2705 <strong>Interface utilisateur mise \u00e0 jour<\/strong> - Un design rafra\u00eechi pour une meilleure <strong>navigation et accessibilit\u00e9<\/strong>.<\/p>\n<h3><strong>Configuration minimale requise<\/strong><\/h3>\n<ul>\n<li class=\"translation-block\"><strong>Processeur<\/strong> : 1,6 GHz ou plus rapide, processeur double c\u0153ur<\/li>\n<li class=\"translation-block\"><strong>RAM<\/strong> : 4 Go (64 bits) \/ 2 Go (32 bits)<\/li>\n<li class=\"translation-block\"><strong>Stockage<\/strong> : 4 Go d'espace disque disponible<\/li>\n<li class=\"translation-block\"><strong>Affichage<\/strong> : r\u00e9solution de 1280\u00d7768 ou sup\u00e9rieure<\/li>\n<li><strong>Syst\u00e8me d'exploitation<\/strong>: Windows 10 \/ Windows 11<\/li>\n<li class=\"translation-block\"><strong>Graphique<\/strong> : DirectX 9 ou sup\u00e9rieur avec pilote WDDM 2.0+<\/li>\n<li><strong>Connexion Internet<\/strong>: N\u00e9cessaire pour l'activation, les mises \u00e0 jour et les services Microsoft 365.<\/li>\n<\/ul>\n<h3><strong>Pourquoi choisir Microsoft Access 2021 ?<\/strong><\/h3>\n<p>\ud83d\udd39 <strong>Con\u00e7u pour les entreprises et les professionnels<\/strong> - G\u00e9rer facilement <strong>les donn\u00e9es sur les clients, l'inventaire, les finances et les dossiers op\u00e9rationnels<\/strong>.<br \/>\n\ud83d\udd39 <strong>Gestion des donn\u00e9es robuste et \u00e9volutive<\/strong> - <strong>Prise en charge de grands ensembles de donn\u00e9es<\/strong>les bases de donn\u00e9es relationnelles et les environnements multi-utilisateurs.<br \/>\n\ud83d\udd39 <strong>Pr\u00eat pour le cloud et Microsoft 365<\/strong> - S'int\u00e8gre en toute transparence avec <strong>Excel, Power BI, SQL Server et SharePoint<\/strong>.<br \/>\n\ud83d\udd39 <strong>Rapports avanc\u00e9s et automatisation<\/strong> - Cr\u00e9er <strong>des rapports personnalis\u00e9s, l'automatisation des flux de travail et l'augmentation de la productivit\u00e9<\/strong>.<br \/>\n\ud83d\udd39 <strong>Hautement s\u00e9curis\u00e9 et fiable<\/strong> - <strong>Prot\u00e9ger les donn\u00e9es sensibles<\/strong> avec un syst\u00e8me int\u00e9gr\u00e9 <strong>fonctions de cryptage et de s\u00e9curit\u00e9<\/strong>.<\/p>\n<p>Passer \u00e0 <strong>Microsoft Access 2021<\/strong> aujourd'hui et <strong>prendre le contr\u00f4le de vos donn\u00e9es gr\u00e2ce \u00e0 des outils avanc\u00e9s de gestion, d'automatisation et d'analyse<\/strong>! \ud83d\udcca\ud83d\udcbe\ud83d\ude80<\/p>","protected":false},"excerpt":{"rendered":"<p>Microsoft Access 2021 \u2013 The Ultimate Database Management Solution Description Microsoft Access 2021 is a powerful and user-friendly database management system (DBMS) designed for businesses, professionals, and developers who need efficient data storage, organization, and analysis. With improved performance, enhanced security, and seamless integration with Microsoft 365, Access 2021 simplifies the process of creating, managing, [&hellip;]<\/p>","protected":false},"featured_media":1010,"comment_status":"open","ping_status":"closed","template":"","meta":{"_gspb_post_css":""},"product_brand":[],"product_cat":[62],"product_tag":[75],"class_list":{"0":"post-974","1":"product","2":"type-product","3":"status-publish","4":"has-post-thumbnail","6":"product_cat-office","7":"product_tag-access","9":"first","10":"instock","11":"shipping-taxable","12":"product-type-external"},"_links":{"self":[{"href":"https:\/\/keysdock.tajnaveza.net\/fr\/wp-json\/wp\/v2\/product\/974","targetHints":{"allow":["GET"]}}],"collection":[{"href":"https:\/\/keysdock.tajnaveza.net\/fr\/wp-json\/wp\/v2\/product"}],"about":[{"href":"https:\/\/keysdock.tajnaveza.net\/fr\/wp-json\/wp\/v2\/types\/product"}],"replies":[{"embeddable":true,"href":"https:\/\/keysdock.tajnaveza.net\/fr\/wp-json\/wp\/v2\/comments?post=974"}],"wp:featuredmedia":[{"embeddable":true,"href":"https:\/\/keysdock.tajnaveza.net\/fr\/wp-json\/wp\/v2\/media\/1010"}],"wp:attachment":[{"href":"https:\/\/keysdock.tajnaveza.net\/fr\/wp-json\/wp\/v2\/media?parent=974"}],"wp:term":[{"taxonomy":"product_brand","embeddable":true,"href":"https:\/\/keysdock.tajnaveza.net\/fr\/wp-json\/wp\/v2\/product_brand?post=974"},{"taxonomy":"product_cat","embeddable":true,"href":"https:\/\/keysdock.tajnaveza.net\/fr\/wp-json\/wp\/v2\/product_cat?post=974"},{"taxonomy":"product_tag","embeddable":true,"href":"https:\/\/keysdock.tajnaveza.net\/fr\/wp-json\/wp\/v2\/product_tag?post=974"}],"curies":[{"name":"wp","href":"https:\/\/api.w.org\/{rel}","templated":true}]}}