{"id":975,"date":"2025-03-15T21:07:43","date_gmt":"2025-03-15T21:07:43","guid":{"rendered":"https:\/\/keysdock.com\/?post_type=product&#038;p=975"},"modified":"2026-02-07T05:56:36","modified_gmt":"2026-02-07T05:56:36","slug":"kaspersky-premium-2025-1-appareil-1-an-licence","status":"publish","type":"product","link":"https:\/\/keysdock.tajnaveza.net\/fr\/produit\/kaspersky-premium-2025-1-appareil-1-an-licence\/","title":{"rendered":"Kaspersky Premium 2025 |1 appareil - 1 an| Key Licence"},"content":{"rendered":"<p><strong>Kaspersky Premium Antivirus - Protection ultime de la s\u00e9curit\u00e9 et de la vie priv\u00e9e<\/strong><\/p>\n<h3><strong>Description<\/strong><\/h3>\n<p>Kaspersky Premium Antivirus est un <strong>solution de s\u00e9curit\u00e9 avanc\u00e9e, tout-en-un<\/strong> con\u00e7u pour <strong>protection compl\u00e8te, respect de la vie priv\u00e9e et optimisation des performances<\/strong>. Il offre <strong>protection antivirus en temps r\u00e9el, d\u00e9fense contre les ran\u00e7ongiciels, pr\u00e9vention du vol d'identit\u00e9 et outils de protection de la vie priv\u00e9e<\/strong>et de garantir une <strong>s\u00fbr et souple<\/strong> l'exp\u00e9rience num\u00e9rique \u00e0 travers <strong>Appareils Windows, macOS, Android et iOS<\/strong>.<\/p>\n<p>Avec <strong>D\u00e9tection des menaces aliment\u00e9e par l'IA, navigation chiffr\u00e9e et VPN int\u00e9gr\u00e9.<\/strong>Kaspersky Premium Antivirus est id\u00e9al pour <strong>les particuliers, les professionnels et les familles<\/strong> qui ont besoin <strong>s\u00e9curit\u00e9 maximale, respect de la vie priv\u00e9e et optimisation des performances de l'appareil<\/strong>.<\/p>\n<h3><strong>Caract\u00e9ristiques principales<\/strong><\/h3>\n<p>\u2705 <strong>Protection contre les menaces en temps r\u00e9el<\/strong> - D\u00e9tecte et supprime <strong>les virus, les logiciels malveillants, les logiciels espions, les logiciels ran\u00e7onneurs et les cybermenaces avanc\u00e9es<\/strong>.<br \/>\n\u2705 <strong>Une d\u00e9fense multicouche contre les ransomwares<\/strong> - Prot\u00e8ge <strong>les donn\u00e9es sensibles du cryptage<\/strong> et pr\u00e9vient les attaques de ransomware.<br \/>\n\u2705 <strong>Protection Web et anti-hame\u00e7onnage aliment\u00e9s par l'IA<\/strong> - Blocs <strong>les sites web frauduleux, les escroqueries en ligne et les t\u00e9l\u00e9chargements malveillants<\/strong>.<br \/>\n\u2705 <strong>Pare-feu s\u00e9curis\u00e9 et protection du r\u00e9seau<\/strong> - Moniteurs <strong>le trafic entrant et sortant<\/strong> pour emp\u00eacher tout acc\u00e8s non autoris\u00e9.<br \/>\n\u2705 <strong>VPN illimit\u00e9 (navigation s\u00e9curis\u00e9e)<\/strong> - Chiffre <strong>trafic internet<\/strong> pour une navigation anonyme et priv\u00e9e.<br \/>\n\u2705 <strong>Protection de l'identit\u00e9 et gestionnaire de mots de passe<\/strong> - <strong>Stockage s\u00e9curis\u00e9 des mots de passe<\/strong> et prot\u00e8ge les donn\u00e9es personnelles contre le vol.<br \/>\n\u2705 <strong>Protection de la webcam et du microphone<\/strong> - Emp\u00eache <strong>les logiciels espions qui acc\u00e8dent secr\u00e8tement \u00e0 votre cam\u00e9ra et \u00e0 votre microphone<\/strong>.<br \/>\n\u2705 <strong>Surveillance du Dark Web<\/strong> - Scans <strong>le dark web \u00e0 la recherche d'informations personnelles vol\u00e9es et vous alerte en cas de violation de la loi<\/strong>.<br \/>\n\u2705 <strong>Contr\u00f4le parental et mode s\u00e9curis\u00e9 pour les enfants<\/strong> - Moniteurs <strong>temps d'\u00e9cran, blocage des contenus nuisibles et suivi de la localisation de l'appareil<\/strong>.<br \/>\n\u2705 <strong>Nettoyage intelligent et optimisation des performances<\/strong> - <strong>Am\u00e9lioration des performances du syst\u00e8me<\/strong> en supprimant les fichiers ind\u00e9sirables et les applications inutilis\u00e9es.<br \/>\n\u2705 <strong>Protection des lecteurs USB et externes<\/strong> - Scans <strong>les dispositifs de stockage amovibles<\/strong> pour pr\u00e9venir les infections par des logiciels malveillants.<br \/>\n\u2705 <strong>Mises \u00e0 jour automatiques des logiciels<\/strong> - Garantit <strong>les applications install\u00e9es restent s\u00e9curis\u00e9es et \u00e0 jour<\/strong>.<\/p>\n<h3><strong>Configuration minimale requise<\/strong><\/h3>\n<h4><strong>Windows<\/strong><\/h4>\n<ul>\n<li><strong>Processeur<\/strong>: 1 GHz ou plus rapide<\/li>\n<li><strong>RAM<\/strong>: 2 Go au minimum<\/li>\n<li><strong>Stockage<\/strong>Espace disque disponible : 2 Go<\/li>\n<li><strong>Syst\u00e8me d'exploitation<\/strong>: Windows 11, Windows 10, Windows 8.1, Windows 8, Windows 7 (SP1)<\/li>\n<li><strong>Connexion Internet<\/strong>: N\u00e9cessaire pour l'activation, les mises \u00e0 jour et la s\u00e9curit\u00e9 bas\u00e9e sur le cloud.<\/li>\n<\/ul>\n<h4><strong>macOS<\/strong><\/h4>\n<ul>\n<li><strong>Processeur<\/strong>: Mac \u00e0 base d'Intel ou Apple Silicon (M1\/M2)<\/li>\n<li><strong>RAM<\/strong>: 2 Go au minimum<\/li>\n<li><strong>Stockage<\/strong>: 1,5 Go d'espace disque disponible<\/li>\n<li><strong>Syst\u00e8me d'exploitation<\/strong>: macOS 10.12 (Sierra) ou version ult\u00e9rieure<\/li>\n<\/ul>\n<h4><strong>Android et iOS<\/strong><\/h4>\n<ul>\n<li><strong>Syst\u00e8me d'exploitation<\/strong>: Android 6.0 ou version ult\u00e9rieure \/ iOS 12.0 ou version ult\u00e9rieure<\/li>\n<li><strong>Caract\u00e9ristiques disponibles<\/strong>: Antivirus, antivol, VPN et protection de la vie priv\u00e9e<\/li>\n<\/ul>\n<h3><strong>Pourquoi choisir Kaspersky Premium Antivirus ?<\/strong><\/h3>\n<p>\ud83d\udd39 <strong>S\u00e9curit\u00e9 compl\u00e8te sur tous les appareils<\/strong> - Couvertures <strong>Windows, Mac, Android et iOS<\/strong>.<br \/>\n\ud83d\udd39 <strong>Protection contre les logiciels malveillants et les ransomwares gr\u00e2ce \u00e0 l'IA<\/strong> - D\u00e9tecte <strong>les cybermenaces instantan\u00e9ment<\/strong> avec une s\u00e9curit\u00e9 IA avanc\u00e9e.<br \/>\n\ud83d\udd39 <strong>Protection renforc\u00e9e de la vie priv\u00e9e et de l'identit\u00e9<\/strong> - <strong>VPN, surveillance du Dark Web et gestionnaire de mots de passe<\/strong> assurer la s\u00e9curit\u00e9 des donn\u00e9es \u00e0 caract\u00e8re personnel.<br \/>\n\ud83d\udd39 <strong>Optimisation intelligente des performances<\/strong> - Boosters <strong>vitesse et efficacit\u00e9<\/strong> tout en s\u00e9curisant vos appareils.<br \/>\n\ud83d\udd39 <strong>S\u00e9curit\u00e9 des enfants et contr\u00f4le parental<\/strong> - Garantit <strong>la s\u00e9curit\u00e9 des familles gr\u00e2ce \u00e0 la surveillance des \u00e9crans et au filtrage en ligne<\/strong>.<\/p>\n<p>Passer \u00e0 <strong>Kaspersky Premium Antivirus<\/strong> aujourd'hui pour <strong>le plus haut niveau de s\u00e9curit\u00e9, de confidentialit\u00e9 et d'optimisation des performances<\/strong>! \ud83d\ude80\ud83d\udee1\ufe0f\ud83d\udd12<\/p>","protected":false},"excerpt":{"rendered":"<p>Kaspersky Premium Antivirus \u2013 Ultimate Security &amp; Privacy Protection Description Kaspersky Premium Antivirus is an advanced, all-in-one security solution designed for comprehensive protection, privacy, and performance optimization. It offers real-time antivirus protection, anti-ransomware defense, identity theft prevention, and privacy tools, ensuring a secure and smooth digital experience across Windows, macOS, Android, and iOS devices. With [&hellip;]<\/p>","protected":false},"featured_media":1011,"comment_status":"open","ping_status":"closed","template":"","meta":{"_gspb_post_css":""},"product_brand":[],"product_cat":[76],"product_tag":[77],"class_list":{"0":"post-975","1":"product","2":"type-product","3":"status-publish","4":"has-post-thumbnail","6":"product_cat-antivirus","7":"product_tag-kaspersky","9":"first","10":"instock","11":"shipping-taxable","12":"product-type-external"},"_links":{"self":[{"href":"https:\/\/keysdock.tajnaveza.net\/fr\/wp-json\/wp\/v2\/product\/975","targetHints":{"allow":["GET"]}}],"collection":[{"href":"https:\/\/keysdock.tajnaveza.net\/fr\/wp-json\/wp\/v2\/product"}],"about":[{"href":"https:\/\/keysdock.tajnaveza.net\/fr\/wp-json\/wp\/v2\/types\/product"}],"replies":[{"embeddable":true,"href":"https:\/\/keysdock.tajnaveza.net\/fr\/wp-json\/wp\/v2\/comments?post=975"}],"wp:featuredmedia":[{"embeddable":true,"href":"https:\/\/keysdock.tajnaveza.net\/fr\/wp-json\/wp\/v2\/media\/1011"}],"wp:attachment":[{"href":"https:\/\/keysdock.tajnaveza.net\/fr\/wp-json\/wp\/v2\/media?parent=975"}],"wp:term":[{"taxonomy":"product_brand","embeddable":true,"href":"https:\/\/keysdock.tajnaveza.net\/fr\/wp-json\/wp\/v2\/product_brand?post=975"},{"taxonomy":"product_cat","embeddable":true,"href":"https:\/\/keysdock.tajnaveza.net\/fr\/wp-json\/wp\/v2\/product_cat?post=975"},{"taxonomy":"product_tag","embeddable":true,"href":"https:\/\/keysdock.tajnaveza.net\/fr\/wp-json\/wp\/v2\/product_tag?post=975"}],"curies":[{"name":"wp","href":"https:\/\/api.w.org\/{rel}","templated":true}]}}