{"id":976,"date":"2025-03-15T21:07:43","date_gmt":"2025-03-15T21:07:43","guid":{"rendered":"https:\/\/keysdock.com\/?post_type=product&#038;p=976"},"modified":"2025-10-19T07:31:38","modified_gmt":"2025-10-19T07:31:38","slug":"kaspersky-plus-2025-1-appareil-1-an-licence","status":"publish","type":"product","link":"https:\/\/keysdock.tajnaveza.net\/fr\/produit\/kaspersky-plus-2025-1-appareil-1-an-licence\/","title":{"rendered":"Kaspersky plus 2025 |1 appareil - 1 an| Key Licence"},"content":{"rendered":"<p><strong>Kaspersky Plus Antivirus - S\u00e9curit\u00e9 avanc\u00e9e, confidentialit\u00e9 et performance<\/strong><\/p>\n<h3><strong>Description<\/strong><\/h3>\n<p>Kaspersky Plus Antivirus est un <strong>suite de s\u00e9curit\u00e9 riche en fonctionnalit\u00e9s<\/strong> con\u00e7u pour fournir <strong>protection renforc\u00e9e, respect de la vie priv\u00e9e et optimisation du syst\u00e8me<\/strong> pour <strong>Appareils Windows, macOS, Android et iOS<\/strong>. Il offre <strong>une protection antivirus en temps r\u00e9el, des outils antiphishing avanc\u00e9s, un VPN int\u00e9gr\u00e9 et des fonctions d'optimisation des performances.<\/strong>et de garantir une <strong>une exp\u00e9rience num\u00e9rique s\u00fbre, priv\u00e9e et fluide<\/strong>.<\/p>\n<p>Avec <strong>D\u00e9tection de logiciels malveillants, navigation s\u00e9curis\u00e9e et protection de l'identit\u00e9 pilot\u00e9es par l'IA<\/strong>Kaspersky Plus est parfait pour <strong>les utilisateurs qui ont besoin d'une cybers\u00e9curit\u00e9 de haut niveau sans ralentir leurs appareils<\/strong>.<\/p>\n<h3><strong>Caract\u00e9ristiques principales<\/strong><\/h3>\n<p>\u2705 <strong>Protection contre les menaces en temps r\u00e9el<\/strong> - <strong>Bloque les virus, les logiciels malveillants, les logiciels espions et les logiciels ran\u00e7onneurs.<\/strong> avant qu'ils n'endommagent votre appareil.<br \/>\n\u2705 <strong>Bouclier contre les ransomwares \u00e0 plusieurs niveaux<\/strong> - Emp\u00eache <strong>le cryptage des fichiers attaque et prot\u00e8ge les donn\u00e9es importantes<\/strong>.<br \/>\n\u2705 <strong>Protection Web et anti-hame\u00e7onnage aliment\u00e9s par l'IA<\/strong> - D\u00e9tecte et bloque <strong>les sites web frauduleux, les courriels d'hame\u00e7onnage et les faux sites bancaires<\/strong>.<br \/>\n\u2705 <strong>VPN illimit\u00e9 (navigation s\u00e9curis\u00e9e)<\/strong> - Chiffre <strong>trafic internet<\/strong> pour l'anonymat et <strong>naviguer en toute s\u00e9curit\u00e9 sur les r\u00e9seaux Wi-Fi publics<\/strong>.<br \/>\n\u2705 <strong>Pare-feu et surveillance du r\u00e9seau<\/strong> - Emp\u00eache <strong>acc\u00e8s non autoris\u00e9<\/strong> et <strong>emp\u00eache les pirates informatiques d'entrer<\/strong> de votre syst\u00e8me.<br \/>\n\u2705 <strong>Protection de la webcam et du microphone<\/strong> - Arr\u00eats <strong>les logiciels espions qui acc\u00e8dent secr\u00e8tement \u00e0 votre webcam et \u00e0 votre microphone<\/strong>.<br \/>\n\u2705 <strong>Optimisation intelligente des performances<\/strong> - Nettoie <strong>les fichiers inutiles, acc\u00e9l\u00e8re le temps de d\u00e9marrage et am\u00e9liore les performances de l'appareil<\/strong>.<br \/>\n\u2705 <strong>Surveillance du Dark Web<\/strong> - Scans <strong>le dark web pour les donn\u00e9es personnelles vol\u00e9es<\/strong> et vous avertit des failles de s\u00e9curit\u00e9.<br \/>\n\u2705 <strong>Services bancaires et achats en ligne s\u00e9curis\u00e9s<\/strong> - <strong>Cryptage des transactions financi\u00e8res<\/strong> et pr\u00e9vient la fraude.<br \/>\n\u2705 <strong>Gestionnaire de mots de passe<\/strong> - En toute s\u00e9curit\u00e9 <strong>stocke, remplit automatiquement et g\u00e9n\u00e8re des mots de passe forts<\/strong>.<br \/>\n\u2705 <strong>Contr\u00f4le parental et mode s\u00e9curis\u00e9 pour les enfants<\/strong> - Filtres <strong>les contenus pr\u00e9judiciables et limite le temps pass\u00e9 devant l'\u00e9cran par les enfants<\/strong>.<br \/>\n\u2705 <strong>Protection des dispositifs USB<\/strong> - Scans <strong>les dispositifs de stockage externes<\/strong> pour les logiciels malveillants et les risques de s\u00e9curit\u00e9.<\/p>\n<h3><strong>Configuration minimale requise<\/strong><\/h3>\n<h4><strong>Windows<\/strong><\/h4>\n<ul>\n<li><strong>Processeur<\/strong>: 1 GHz ou plus rapide<\/li>\n<li><strong>RAM<\/strong>: 2 Go au minimum<\/li>\n<li><strong>Stockage<\/strong>Espace disque disponible : 2 Go<\/li>\n<li><strong>Syst\u00e8me d'exploitation<\/strong>: Windows 11, Windows 10, Windows 8.1, Windows 8, Windows 7 (SP1)<\/li>\n<li><strong>Connexion Internet<\/strong>: N\u00e9cessaire pour l'activation, les mises \u00e0 jour et la s\u00e9curit\u00e9 bas\u00e9e sur le cloud.<\/li>\n<\/ul>\n<h4><strong>macOS<\/strong><\/h4>\n<ul>\n<li><strong>Processeur<\/strong>: Mac \u00e0 base d'Intel ou Apple Silicon (M1\/M2)<\/li>\n<li><strong>RAM<\/strong>: 2 Go au minimum<\/li>\n<li><strong>Stockage<\/strong>: 1,5 Go d'espace disque disponible<\/li>\n<li><strong>Syst\u00e8me d'exploitation<\/strong>: macOS 10.12 (Sierra) ou version ult\u00e9rieure<\/li>\n<\/ul>\n<h4><strong>Android et iOS<\/strong><\/h4>\n<ul>\n<li><strong>Syst\u00e8me d'exploitation<\/strong>: Android 6.0 ou version ult\u00e9rieure \/ iOS 12.0 ou version ult\u00e9rieure<\/li>\n<li><strong>Caract\u00e9ristiques disponibles<\/strong>: Antivirus, antivol, VPN et protection de la vie priv\u00e9e<\/li>\n<\/ul>\n<h3><strong>Pourquoi choisir Kaspersky Plus Antivirus ?<\/strong><\/h3>\n<p>\ud83d\udd39 <strong>Suite tout-en-un pour la s\u00e9curit\u00e9 et la performance<\/strong> - <strong>Combine antivirus, VPN et outils d'optimisation<\/strong> en un seul paquet.<br \/>\n\ud83d\udd39 <strong>Protection puissante gr\u00e2ce \u00e0 l'IA<\/strong> - D\u00e9tecte et neutralise <strong>les cybermenaces en temps r\u00e9el<\/strong>.<br \/>\n\ud83d\udd39 <strong>Protection de la vie priv\u00e9e et de l'identit\u00e9<\/strong> - Conserve <strong>la s\u00e9curit\u00e9 des donn\u00e9es personnelles<\/strong> avec <strong>VPN, anti-tracking et gestion des mots de passe<\/strong>.<br \/>\n\ud83d\udd39 <strong>Am\u00e9liore les performances des PC et des t\u00e9l\u00e9phones portables<\/strong> - <strong>Nettoie le syst\u00e8me<\/strong> et am\u00e9liore <strong>vitesse et efficacit\u00e9<\/strong>.<br \/>\n\ud83d\udd39 <strong>Navigation et transactions s\u00e9curis\u00e9es<\/strong> - <strong>Prot\u00e8ge vos donn\u00e9es financi\u00e8res et pr\u00e9vient les attaques de phishing<\/strong>.<\/p>\n<p>Passer \u00e0 <strong>Kaspersky Plus Antivirus<\/strong> aujourd'hui pour <strong>s\u00e9curit\u00e9, confidentialit\u00e9 et optimisation du syst\u00e8me de niveau sup\u00e9rieur<\/strong>! \ud83d\ude80\ud83d\udee1\ufe0f\ud83d\udd12<\/p>","protected":false},"excerpt":{"rendered":"<p>Kaspersky Plus Antivirus \u2013 Advanced Security, Privacy &amp; Performance Description Kaspersky Plus Antivirus is a feature-rich security suite designed to provide enhanced protection, privacy, and system optimization for Windows, macOS, Android, and iOS devices. It offers real-time antivirus protection, advanced anti-phishing tools, a built-in VPN, and performance-boosting features, ensuring a safe, private, and smooth digital [&hellip;]<\/p>","protected":false},"featured_media":1012,"comment_status":"open","ping_status":"closed","template":"","meta":{"_gspb_post_css":""},"product_brand":[],"product_cat":[76],"product_tag":[77],"class_list":{"0":"post-976","1":"product","2":"type-product","3":"status-publish","4":"has-post-thumbnail","6":"product_cat-antivirus","7":"product_tag-kaspersky","9":"first","10":"instock","11":"shipping-taxable","12":"product-type-external"},"_links":{"self":[{"href":"https:\/\/keysdock.tajnaveza.net\/fr\/wp-json\/wp\/v2\/product\/976","targetHints":{"allow":["GET"]}}],"collection":[{"href":"https:\/\/keysdock.tajnaveza.net\/fr\/wp-json\/wp\/v2\/product"}],"about":[{"href":"https:\/\/keysdock.tajnaveza.net\/fr\/wp-json\/wp\/v2\/types\/product"}],"replies":[{"embeddable":true,"href":"https:\/\/keysdock.tajnaveza.net\/fr\/wp-json\/wp\/v2\/comments?post=976"}],"wp:featuredmedia":[{"embeddable":true,"href":"https:\/\/keysdock.tajnaveza.net\/fr\/wp-json\/wp\/v2\/media\/1012"}],"wp:attachment":[{"href":"https:\/\/keysdock.tajnaveza.net\/fr\/wp-json\/wp\/v2\/media?parent=976"}],"wp:term":[{"taxonomy":"product_brand","embeddable":true,"href":"https:\/\/keysdock.tajnaveza.net\/fr\/wp-json\/wp\/v2\/product_brand?post=976"},{"taxonomy":"product_cat","embeddable":true,"href":"https:\/\/keysdock.tajnaveza.net\/fr\/wp-json\/wp\/v2\/product_cat?post=976"},{"taxonomy":"product_tag","embeddable":true,"href":"https:\/\/keysdock.tajnaveza.net\/fr\/wp-json\/wp\/v2\/product_tag?post=976"}],"curies":[{"name":"wp","href":"https:\/\/api.w.org\/{rel}","templated":true}]}}