{"id":977,"date":"2025-03-15T21:07:44","date_gmt":"2025-03-15T21:07:44","guid":{"rendered":"https:\/\/keysdock.com\/?post_type=product&#038;p=977"},"modified":"2025-10-19T07:35:10","modified_gmt":"2025-10-19T07:35:10","slug":"kaspersky-plus-2025-1-appareil-1-an-licence-2","status":"publish","type":"product","link":"https:\/\/keysdock.tajnaveza.net\/fr\/produit\/kaspersky-plus-2025-1-appareil-1-an-licence-2\/","title":{"rendered":"Kaspersky Standard 2025 |1 appareil - 1 an| Key Licence"},"content":{"rendered":"<p><strong>Achetez Kaspersky plus 2025 cl\u00e9 de licence 1 appareil (1 an) au meilleur prix. Protection antivirus plus.<\/strong><\/p>\n<h3><strong>Description<\/strong><\/h3>\n<p>Kaspersky Standard Antivirus est un <strong>une solution de s\u00e9curit\u00e9 l\u00e9g\u00e8re et puissante<\/strong> con\u00e7u pour fournir <strong>protection essentielle<\/strong> contre <strong>les virus, les logiciels malveillants, les logiciels ran\u00e7onneurs, les attaques par hame\u00e7onnage et les menaces en ligne<\/strong>. Avec <strong>d\u00e9tection des menaces en temps r\u00e9el, s\u00e9curit\u00e9 web avanc\u00e9e et outils d'optimisation des performances<\/strong>Il garantit que votre <strong>Les appareils Windows et macOS restent s\u00e9curis\u00e9s et rapides<\/strong> sans les ralentir.<\/p>\n<p>Kaspersky Standard Antivirus offre <strong>S\u00e9curit\u00e9 aliment\u00e9e par l'IA<\/strong>, <strong>protection du r\u00e9seau<\/strong>et <strong>outils de protection de la vie priv\u00e9e<\/strong>Il s'agit donc d'un choix id\u00e9al pour <strong>les particuliers, les professionnels et les joueurs<\/strong> qui souhaitent une <strong>une solution de s\u00e9curit\u00e9 efficace et simple<\/strong>.<\/p>\n<h3><strong>Caract\u00e9ristiques principales<\/strong><\/h3>\n<p>\u2705 <strong>Protection antivirus en temps r\u00e9el<\/strong> - D\u00e9tecte et supprime <strong>les virus, les logiciels malveillants, les chevaux de Troie, les logiciels ran\u00e7onneurs et les rootkits<\/strong>.<br \/>\n\u2705 <strong>D\u00e9fense avanc\u00e9e contre les ransomwares<\/strong> - Emp\u00eache <strong>le cryptage non autoris\u00e9 de fichiers et les attaques de ransomware<\/strong>.<br \/>\n\u2705 <strong>Protection du Web et anti-hame\u00e7onnage<\/strong> - Blocs <strong>les faux sites web, les t\u00e9l\u00e9chargements malveillants et les tentatives d'hame\u00e7onnage<\/strong>.<br \/>\n\u2705 <strong>S\u00e9curit\u00e9 du r\u00e9seau et pare-feu<\/strong> - Moniteurs <strong>le trafic entrant et sortant<\/strong> pour pr\u00e9venir les cybermenaces.<br \/>\n\u2705 <strong>Des performances optimis\u00e9es<\/strong> - Courses <strong>silencieusement en arri\u00e8re-plan<\/strong>, en veillant \u00e0 ce que <strong>impact minimal sur la vitesse du syst\u00e8me<\/strong>.<br \/>\n\u2705 <strong>Mode jeux et streaming<\/strong> - Pr\u00e9venir les interruptions <strong>en jouant \u00e0 des jeux ou en regardant des vid\u00e9os<\/strong>.<br \/>\n\u2705 <strong>Num\u00e9risation intelligente et mises \u00e0 jour automatiques<\/strong> - <strong>Mises \u00e0 jour automatiques de la base de donn\u00e9es virale et analyses programm\u00e9es<\/strong> prot\u00e9gez votre appareil.<br \/>\n\u2705 <strong>Naviguer en toute s\u00e9curit\u00e9<\/strong> - Blocs <strong>les liens malveillants, les traqueurs et les logiciels publicitaires<\/strong> pour une navigation plus s\u00fbre.<br \/>\n\u2705 <strong>Protection des dispositifs USB<\/strong> - Scans <strong>lecteurs externes et USB<\/strong> pour pr\u00e9venir les infections par des logiciels malveillants.<\/p>\n<h3><strong>Configuration minimale requise<\/strong><\/h3>\n<h4><strong>Windows<\/strong><\/h4>\n<ul>\n<li><strong>Processeur<\/strong>: 1 GHz ou plus rapide<\/li>\n<li><strong>RAM<\/strong>: 2 Go au minimum<\/li>\n<li><strong>Stockage<\/strong>: 1,5 Go d'espace disque disponible<\/li>\n<li><strong>Syst\u00e8me d'exploitation<\/strong>: Windows 11, Windows 10, Windows 8.1, Windows 8, Windows 7 (SP1)<\/li>\n<li><strong>Connexion Internet<\/strong>: N\u00e9cessaire pour l'activation, les mises \u00e0 jour et la s\u00e9curit\u00e9 bas\u00e9e sur le cloud.<\/li>\n<\/ul>\n<h4><strong>macOS<\/strong><\/h4>\n<ul>\n<li><strong>Processeur<\/strong>: Mac \u00e0 base d'Intel ou Apple Silicon (M1\/M2)<\/li>\n<li><strong>RAM<\/strong>: 2 Go au minimum<\/li>\n<li><strong>Stockage<\/strong>: 1,5 Go d'espace disque disponible<\/li>\n<li><strong>Syst\u00e8me d'exploitation<\/strong>: macOS 10.12 (Sierra) ou version ult\u00e9rieure<\/li>\n<\/ul>\n<h3><strong>Pourquoi choisir Kaspersky Standard Antivirus ?<\/strong><\/h3>\n<p>\ud83d\udd39 <strong>S\u00e9curit\u00e9 l\u00e9g\u00e8re et rapide<\/strong> - <strong>Fonctionnement efficace<\/strong> sans ralentir votre PC ou votre Mac.<br \/>\n\ud83d\udd39 <strong>Protection avanc\u00e9e contre les logiciels malveillants et les ransomwares<\/strong> - <strong>Bloque les virus, les logiciels espions et les menaces de ransomware<\/strong> en temps r\u00e9el.<br \/>\n\ud83d\udd39 <strong>Navigation s\u00e9curis\u00e9e et d\u00e9fense contre le phishing<\/strong> - Prot\u00e8ge contre <strong>liens malveillants et escroqueries en ligne<\/strong>.<br \/>\n\ud83d\udd39 <strong>Mises \u00e0 jour automatiques et analyse intelligente<\/strong> - <strong>Maintenir la s\u00e9curit\u00e9 \u00e0 jour<\/strong> avec des mises \u00e0 jour en temps r\u00e9el.<br \/>\n\ud83d\udd39 <strong>Parfait pour une utilisation domestique et professionnelle<\/strong> - Id\u00e9al pour <strong>navigation quotidienne, jeux et t\u00e2ches professionnelles<\/strong>.<\/p>\n<p>Passer \u00e0 <strong>Kaspersky Standard Antivirus<\/strong> aujourd'hui pour <strong>une protection rapide, fiable et puissante<\/strong>! \ud83d\ude80\ud83d\udee1\ufe0f\ud83d\udd12<\/p>","protected":false},"excerpt":{"rendered":"<p>Kaspersky Standard Antivirus \u2013 Essential Protection for Your Digital Life Description Kaspersky Standard Antivirus is a lightweight yet powerful security solution designed to provide essential protection against viruses, malware, ransomware, phishing attacks, and online threats. With real-time threat detection, advanced web security, and performance optimization tools, it ensures your Windows and macOS devices remain secure [&hellip;]<\/p>","protected":false},"featured_media":1013,"comment_status":"open","ping_status":"closed","template":"","meta":{"_gspb_post_css":""},"product_brand":[],"product_cat":[76],"product_tag":[77],"class_list":{"0":"post-977","1":"product","2":"type-product","3":"status-publish","4":"has-post-thumbnail","6":"product_cat-antivirus","7":"product_tag-kaspersky","9":"first","10":"instock","11":"shipping-taxable","12":"product-type-external"},"_links":{"self":[{"href":"https:\/\/keysdock.tajnaveza.net\/fr\/wp-json\/wp\/v2\/product\/977","targetHints":{"allow":["GET"]}}],"collection":[{"href":"https:\/\/keysdock.tajnaveza.net\/fr\/wp-json\/wp\/v2\/product"}],"about":[{"href":"https:\/\/keysdock.tajnaveza.net\/fr\/wp-json\/wp\/v2\/types\/product"}],"replies":[{"embeddable":true,"href":"https:\/\/keysdock.tajnaveza.net\/fr\/wp-json\/wp\/v2\/comments?post=977"}],"wp:featuredmedia":[{"embeddable":true,"href":"https:\/\/keysdock.tajnaveza.net\/fr\/wp-json\/wp\/v2\/media\/1013"}],"wp:attachment":[{"href":"https:\/\/keysdock.tajnaveza.net\/fr\/wp-json\/wp\/v2\/media?parent=977"}],"wp:term":[{"taxonomy":"product_brand","embeddable":true,"href":"https:\/\/keysdock.tajnaveza.net\/fr\/wp-json\/wp\/v2\/product_brand?post=977"},{"taxonomy":"product_cat","embeddable":true,"href":"https:\/\/keysdock.tajnaveza.net\/fr\/wp-json\/wp\/v2\/product_cat?post=977"},{"taxonomy":"product_tag","embeddable":true,"href":"https:\/\/keysdock.tajnaveza.net\/fr\/wp-json\/wp\/v2\/product_tag?post=977"}],"curies":[{"name":"wp","href":"https:\/\/api.w.org\/{rel}","templated":true}]}}