{"id":978,"date":"2025-03-15T21:07:44","date_gmt":"2025-03-15T21:07:44","guid":{"rendered":"https:\/\/keysdock.com\/?post_type=product&#038;p=978"},"modified":"2025-10-31T17:20:45","modified_gmt":"2025-10-31T17:20:45","slug":"kaspersky-total-security-antivirus-product-key-activation-1year-1pc","status":"publish","type":"product","link":"https:\/\/keysdock.tajnaveza.net\/fr\/produit\/kaspersky-total-security-antivirus-product-key-activation-1year-1pc\/","title":{"rendered":"Kaspersky Total Security 2025 |1 appareil - 1 an| \n Key Licence"},"content":{"rendered":"<p><strong>Achetez la cl\u00e9 de licence Kaspersky Total Security 2025 pour 1 appareil (1 an) au meilleur prix. Protection compl\u00e8te.<\/strong><\/p>\n<h3><strong>Description<\/strong><\/h3>\n<p>Kaspersky Total Security est un <strong>suite de cybers\u00e9curit\u00e9 tout-en-un<\/strong> con\u00e7u pour fournir <strong>protection maximale, respect de la vie priv\u00e9e et optimisation des performances<\/strong> pour <strong>Appareils Windows, macOS, Android et iOS<\/strong>. Il offre <strong>d\u00e9fense antivirus en temps r\u00e9el, protection contre les ransomwares, VPN s\u00e9curis\u00e9, gestion des mots de passe, contr\u00f4le parental et surveillance du dark web<\/strong>, en veillant \u00e0 ce que <strong>une exp\u00e9rience num\u00e9rique s\u00fbre et fluide<\/strong> pour les individus et les familles.<\/p>\n<p>Avec <strong>s\u00e9curit\u00e9 multicouche, d\u00e9tection des menaces par l'IA et outils d'am\u00e9lioration de la confidentialit\u00e9.<\/strong>Kaspersky Total Security est parfait pour <strong>les utilisateurs qui ont besoin d'une protection de haut niveau contre les cybermenaces sans compromettre les performances du syst\u00e8me<\/strong>.<\/p>\n<h3><strong>Caract\u00e9ristiques principales<\/strong><\/h3>\n<p>\u2705 <strong>Protection en temps r\u00e9el contre les virus et les logiciels malveillants<\/strong> - Blocs <strong>les virus, les logiciels malveillants, les logiciels espions, les logiciels ran\u00e7onneurs et les attaques de type \"zero-day\".<\/strong>.<br \/>\n\u2705 <strong>Bouclier anti-ransomware avanc\u00e9<\/strong> - Emp\u00eache <strong>le cryptage des fichiers attaque et prot\u00e8ge les donn\u00e9es sensibles<\/strong>.<br \/>\n\u2705 <strong>Protection Web et anti-hame\u00e7onnage aliment\u00e9s par l'IA<\/strong> - D\u00e9tecte et bloque <strong>les faux sites web, les courriels d'hame\u00e7onnage et les sites bancaires frauduleux<\/strong>.<br \/>\n\u2705 <strong>VPN s\u00e9curis\u00e9 (donn\u00e9es illimit\u00e9es)<\/strong> - Chiffre <strong>trafic internet<\/strong> pour les entreprises priv\u00e9es et <strong>navigation s\u00e9curis\u00e9e sur les r\u00e9seaux Wi-Fi publics<\/strong>.<br \/>\n\u2705 <strong>Pare-feu et surveillance du r\u00e9seau<\/strong> - Blocs <strong>les intrusions, les tentatives de piratage et les acc\u00e8s non autoris\u00e9s<\/strong>.<br \/>\n\u2705 <strong>Protection de la webcam et du microphone<\/strong> - Emp\u00eache <strong>emp\u00eacher les logiciels espions de d\u00e9tourner votre webcam et votre microphone<\/strong>.<br \/>\n\u2705 <strong>Surveillance du Dark Web<\/strong> - Scans <strong>le dark web pour les donn\u00e9es personnelles vol\u00e9es<\/strong> et vous avertit en cas de violation.<br \/>\n\u2705 <strong>S\u00e9curit\u00e9 des op\u00e9rations bancaires et des achats en ligne<\/strong> - Chiffre <strong>les transactions financi\u00e8res<\/strong> et pr\u00e9vient la fraude.<br \/>\n\u2705 <strong>Gestionnaire de mots de passe<\/strong> - Magasins <strong>des mots de passe forts<\/strong> en toute s\u00e9curit\u00e9 et remplit automatiquement les informations d'identification.<br \/>\n\u2705 <strong>Contr\u00f4le parental et mode s\u00e9curis\u00e9 pour les enfants<\/strong> - Filtres <strong>les contenus pr\u00e9judiciables, le suivi du temps pass\u00e9 devant l'\u00e9cran et la localisation des appareils des enfants.<\/strong>.<br \/>\n\u2705 <strong>Nettoyage et optimisation intelligents du syst\u00e8me<\/strong> - Supprime <strong>les fichiers inutiles, acc\u00e9l\u00e8re le temps de d\u00e9marrage et am\u00e9liore les performances<\/strong>.<br \/>\n\u2705 <strong>Protection des p\u00e9riph\u00e9riques USB et externes<\/strong> - Scans <strong>les dispositifs de stockage amovibles<\/strong> pour pr\u00e9venir les infections par des logiciels malveillants.<br \/>\n\u2705 <strong>Mises \u00e0 jour automatiques des logiciels<\/strong> - Garantit <strong>les applications install\u00e9es restent s\u00e9curis\u00e9es et \u00e0 jour<\/strong>.<\/p>\n<h3><strong>Configuration minimale requise<\/strong><\/h3>\n<h4><strong>Windows<\/strong><\/h4>\n<ul>\n<li><strong>Processeur<\/strong>: 1 GHz ou plus rapide<\/li>\n<li><strong>RAM<\/strong>: 2 Go au minimum<\/li>\n<li><strong>Stockage<\/strong>Espace disque disponible : 2 Go<\/li>\n<li><strong>Syst\u00e8me d'exploitation<\/strong>: Windows 11, Windows 10, Windows 8.1, Windows 8, Windows 7 (SP1)<\/li>\n<li><strong>Connexion Internet<\/strong>: N\u00e9cessaire pour l'activation, les mises \u00e0 jour et la s\u00e9curit\u00e9 bas\u00e9e sur le cloud.<\/li>\n<\/ul>\n<h4><strong>macOS<\/strong><\/h4>\n<ul>\n<li><strong>Processeur<\/strong>: Mac \u00e0 base d'Intel ou Apple Silicon (M1\/M2)<\/li>\n<li><strong>RAM<\/strong>: 2 Go au minimum<\/li>\n<li><strong>Stockage<\/strong>: 1,5 Go d'espace disque disponible<\/li>\n<li><strong>Syst\u00e8me d'exploitation<\/strong>: macOS 10.12 (Sierra) ou version ult\u00e9rieure<\/li>\n<\/ul>\n<h4><strong>Android et iOS<\/strong><\/h4>\n<ul>\n<li><strong>Syst\u00e8me d'exploitation<\/strong>: Android 6.0 ou version ult\u00e9rieure \/ iOS 12.0 ou version ult\u00e9rieure<\/li>\n<li><strong>Caract\u00e9ristiques disponibles<\/strong>: Antivirus, antivol, VPN et protection de la vie priv\u00e9e<\/li>\n<\/ul>\n<h3><strong>Pourquoi choisir Kaspersky Total Security ?<\/strong><\/h3>\n<p>\ud83d\udd39 <strong>S\u00e9curit\u00e9 tout-en-un pour chaque appareil<\/strong> - Couvertures <strong>Windows, Mac, Android et iOS<\/strong> dans un <strong>abonnement unique<\/strong>.<br \/>\n\ud83d\udd39 <strong>Protection maximale de la cybers\u00e9curit\u00e9<\/strong> - Blocs <strong>les virus, les ran\u00e7ongiciels, les logiciels espions et les tentatives d'hame\u00e7onnage<\/strong> en temps r\u00e9el.<br \/>\n\ud83d\udd39 <strong>Renforcement de la protection de la vie priv\u00e9e et de la s\u00e9curit\u00e9 de l'identit\u00e9<\/strong> - Comprend <strong>VPN, anti-tracking et surveillance du dark web<\/strong>.<br \/>\n\ud83d\udd39 <strong>Optimisation intelligente des performances<\/strong> - Am\u00e9liore <strong>vitesse et efficacit\u00e9 du syst\u00e8me<\/strong> tout en s\u00e9curisant vos appareils.<br \/>\n\ud83d\udd39 <strong>S\u00e9curit\u00e9 des enfants et contr\u00f4le parental<\/strong> - Fournit <strong>contr\u00f4le du temps d'\u00e9cran et filtrage du web<\/strong> pour la s\u00e9curit\u00e9 des enfants.<\/p>\n<p>Passer \u00e0 <strong>Kaspersky Total Security<\/strong> aujourd'hui pour <strong>le plus haut niveau de s\u00e9curit\u00e9, de confidentialit\u00e9 et d'optimisation des performances<\/strong>! \ud83d\ude80\ud83d\udee1\ufe0f\ud83d\udd12<\/p>","protected":false},"excerpt":{"rendered":"<p>Kaspersky Total Security \u2013 Ultimate Protection for Your Digital Life Description Kaspersky Total Security is an all-in-one cybersecurity suite designed to provide maximum protection, privacy, and performance optimization for Windows, macOS, Android, and iOS devices. It offers real-time antivirus defense, ransomware protection, secure VPN, password management, parental controls, and dark web monitoring, ensuring a safe [&hellip;]<\/p>","protected":false},"featured_media":1014,"comment_status":"open","ping_status":"closed","template":"","meta":{"_gspb_post_css":""},"product_brand":[],"product_cat":[76],"product_tag":[77],"class_list":{"0":"post-978","1":"product","2":"type-product","3":"status-publish","4":"has-post-thumbnail","6":"product_cat-antivirus","7":"product_tag-kaspersky","9":"first","10":"instock","11":"shipping-taxable","12":"product-type-external"},"_links":{"self":[{"href":"https:\/\/keysdock.tajnaveza.net\/fr\/wp-json\/wp\/v2\/product\/978","targetHints":{"allow":["GET"]}}],"collection":[{"href":"https:\/\/keysdock.tajnaveza.net\/fr\/wp-json\/wp\/v2\/product"}],"about":[{"href":"https:\/\/keysdock.tajnaveza.net\/fr\/wp-json\/wp\/v2\/types\/product"}],"replies":[{"embeddable":true,"href":"https:\/\/keysdock.tajnaveza.net\/fr\/wp-json\/wp\/v2\/comments?post=978"}],"wp:featuredmedia":[{"embeddable":true,"href":"https:\/\/keysdock.tajnaveza.net\/fr\/wp-json\/wp\/v2\/media\/1014"}],"wp:attachment":[{"href":"https:\/\/keysdock.tajnaveza.net\/fr\/wp-json\/wp\/v2\/media?parent=978"}],"wp:term":[{"taxonomy":"product_brand","embeddable":true,"href":"https:\/\/keysdock.tajnaveza.net\/fr\/wp-json\/wp\/v2\/product_brand?post=978"},{"taxonomy":"product_cat","embeddable":true,"href":"https:\/\/keysdock.tajnaveza.net\/fr\/wp-json\/wp\/v2\/product_cat?post=978"},{"taxonomy":"product_tag","embeddable":true,"href":"https:\/\/keysdock.tajnaveza.net\/fr\/wp-json\/wp\/v2\/product_tag?post=978"}],"curies":[{"name":"wp","href":"https:\/\/api.w.org\/{rel}","templated":true}]}}