{"id":979,"date":"2025-03-15T21:07:44","date_gmt":"2025-03-15T21:07:44","guid":{"rendered":"https:\/\/keysdock.com\/?post_type=product&#038;p=979"},"modified":"2026-02-19T09:22:55","modified_gmt":"2026-02-19T09:22:55","slug":"eset-nod32-antivirus-2025-1-appareil-1-an-licence","status":"publish","type":"product","link":"https:\/\/keysdock.tajnaveza.net\/fr\/produit\/eset-nod32-antivirus-2025-1-appareil-1-an-licence\/","title":{"rendered":"Eset Nod32 Antivirus 2025 |1 appareil - 1 an| Key Licence"},"content":{"rendered":"<p><strong>ESET NOD32 Antivirus - Cybers\u00e9curit\u00e9 l\u00e9g\u00e8re et puissante pour votre PC<\/strong><\/p>\n<h3><strong>Description<\/strong><\/h3>\n<p>ESET NOD32 Antivirus est un <strong>solution de s\u00e9curit\u00e9 rapide, l\u00e9g\u00e8re et efficace<\/strong> con\u00e7u pour prot\u00e9ger <strong>Windows, macOS et Linux<\/strong> contre les <strong>les virus, les logiciels malveillants, les logiciels ran\u00e7onneurs, les attaques par hame\u00e7onnage et les menaces de type \"zero-day\".<\/strong>. Avec <strong>faible impact sur le syst\u00e8me et heuristique avanc\u00e9e<\/strong>ESET assure <strong>une performance sans heurts<\/strong> sans ralentir votre appareil, ce qui en fait la solution id\u00e9ale pour les utilisateurs de l'Internet. <strong>les joueurs, les professionnels et les utilisateurs quotidiens<\/strong>.<\/p>\n<p>Avec son <strong>Technologie de d\u00e9tection des menaces, de blocage des exploits et de lutte contre le phishing pilot\u00e9e par l'IA<\/strong>ESET NOD32 fournit <strong>s\u00e9curit\u00e9 en temps r\u00e9el sans bloatware ni ralentissement inutiles<\/strong>.<\/p>\n<h3><strong>Caract\u00e9ristiques principales<\/strong><\/h3>\n<p>\u2705 <strong>Protection antivirus en temps r\u00e9el<\/strong> - Blocs <strong>les virus, chevaux de Troie, ransomwares, rootkits et spywares<\/strong> avant qu'ils n'endommagent votre syst\u00e8me.<br \/>\n\u2705 <strong>Apprentissage automatique avanc\u00e9 et d\u00e9fense de l'IA<\/strong> - Utilisations <strong>heuristique et analyse comportementale<\/strong> pour stopper les menaces de type \"zero-day\".<br \/>\n\u2705 <strong>Bouclier contre les ransomwares \u00e0 plusieurs niveaux<\/strong> - Emp\u00eache <strong>le cryptage non autoris\u00e9 de vos fichiers personnels<\/strong>.<br \/>\n\u2705 <strong>Faible impact sur le syst\u00e8me et analyse rapide<\/strong> - Courses <strong>silencieusement en arri\u00e8re-plan<\/strong> sans ralentir le jeu ou le travail.<br \/>\n\u2705 <strong>Bloqueur d'exploits<\/strong> - Prot\u00e8ge contre <strong>les attaques avanc\u00e9es ciblant les navigateurs, les lecteurs de documents et les clients de courrier \u00e9lectronique<\/strong>.<br \/>\n\u2705 <strong>Anti-hame\u00e7onnage et protection du Web<\/strong> - Blocs <strong>les sites web frauduleux et les faux sites bancaires<\/strong> pour prot\u00e9ger vos informations d'identification.<br \/>\n\u2705 <strong>Contr\u00f4le des dispositifs et protection USB<\/strong> - Scans <strong>disques externes et emp\u00eache les infections par des logiciels malveillants<\/strong> \u00e0 partir de p\u00e9riph\u00e9riques USB.<br \/>\n\u2705 <strong>Pop-Ups et notifications minimales<\/strong> - Fournit <strong>jeu sans distraction et mode plein \u00e9cran<\/strong>.<br \/>\n\u2705 <strong>HIPS avanc\u00e9 (syst\u00e8me de pr\u00e9vention des intrusions bas\u00e9 sur l'h\u00f4te)<\/strong> - R\u00e8gles de s\u00e9curit\u00e9 personnalis\u00e9es pour <strong>un meilleur contr\u00f4le des processus du syst\u00e8me<\/strong>.<br \/>\n\u2705 <strong>Mises \u00e0 jour r\u00e9guli\u00e8res et silencieuses<\/strong> - Veille \u00e0 ce que votre appareil soit <strong>toujours prot\u00e9g\u00e9 par les derni\u00e8res d\u00e9finitions de virus<\/strong>.<\/p>\n<h3><strong>Configuration minimale requise<\/strong><\/h3>\n<h4><strong>Windows<\/strong><\/h4>\n<ul>\n<li><strong>Processeur<\/strong>: 1 GHz ou plus rapide<\/li>\n<li><strong>RAM<\/strong>: 2 Go au minimum<\/li>\n<li><strong>Stockage<\/strong>: 1 Go d'espace disque disponible<\/li>\n<li><strong>Syst\u00e8me d'exploitation<\/strong>: Windows 11, Windows 10, Windows 8.1, Windows 8, Windows 7 (SP1)<\/li>\n<li><strong>Connexion Internet<\/strong>: N\u00e9cessaire pour l'activation, les mises \u00e0 jour et l'analyse bas\u00e9e sur le cloud.<\/li>\n<\/ul>\n<h4><strong>macOS<\/strong><\/h4>\n<ul>\n<li><strong>Processeur<\/strong>: Mac \u00e0 base d'Intel ou Apple Silicon (M1\/M2)<\/li>\n<li><strong>RAM<\/strong>: 2 Go au minimum<\/li>\n<li><strong>Stockage<\/strong>: 1,5 Go d'espace disque disponible<\/li>\n<li><strong>Syst\u00e8me d'exploitation<\/strong>: macOS 10.12 (Sierra) ou version ult\u00e9rieure<\/li>\n<\/ul>\n<h4><strong>Linux<\/strong><\/h4>\n<ul>\n<li><strong>Distributions soutenues<\/strong>: Ubuntu, Fedora, Debian, OpenSUSE (syst\u00e8mes 64 bits)<\/li>\n<\/ul>\n<h3><strong>Pourquoi choisir ESET NOD32 Antivirus ?<\/strong><\/h3>\n<p>\ud83d\udd39 <strong>S\u00e9curit\u00e9 l\u00e9g\u00e8re et rapide<\/strong> - <strong>Con\u00e7u pour la performance<\/strong> avec un impact minimal sur le syst\u00e8me.<br \/>\n\ud83d\udd39 <strong>D\u00e9tection puissante des menaces bas\u00e9e sur l'IA<\/strong> - Prot\u00e8ge contre <strong>les logiciels malveillants avanc\u00e9s, les attaques de type \"zero-day\" et les menaces sans fichier<\/strong>.<br \/>\n\ud83d\udd39 <strong>S\u00e9curit\u00e9 des services bancaires en ligne et protection contre l'hame\u00e7onnage<\/strong> - <strong>Bloque les faux sites web<\/strong> qui volent des donn\u00e9es personnelles et financi\u00e8res.<br \/>\n\ud83d\udd39 <strong>Parfait pour les joueurs et les professionnels<\/strong> - <strong>Un minimum de pop-ups, des mises \u00e0 jour silencieuses et une utilisation optimis\u00e9e du syst\u00e8me<\/strong>.<br \/>\n\ud83d\udd39 <strong>Protection des p\u00e9riph\u00e9riques USB et externes<\/strong> - <strong>Analyse des supports amovibles<\/strong> pour les menaces de logiciels malveillants.<\/p>\n<p>Passer \u00e0 <strong>ESET NOD32 Antivirus<\/strong> aujourd'hui pour <strong>une protection l\u00e9g\u00e8re, rapide et puissante contre les cybermenaces modernes<\/strong>! \ud83d\ude80\ud83d\udee1\ufe0f\ud83d\udd12<\/p>","protected":false},"excerpt":{"rendered":"<p>ESET NOD32 Antivirus \u2013 Lightweight &amp; Powerful Cybersecurity for Your PC Description ESET NOD32 Antivirus is a fast, lightweight, and effective security solution designed to protect Windows, macOS, and Linux systems against viruses, malware, ransomware, phishing attacks, and zero-day threats. With low system impact and advanced heuristics, ESET ensures smooth performance without slowing down your [&hellip;]<\/p>","protected":false},"featured_media":1015,"comment_status":"open","ping_status":"closed","template":"","meta":{"_gspb_post_css":""},"product_brand":[],"product_cat":[76],"product_tag":[78],"class_list":{"0":"post-979","1":"product","2":"type-product","3":"status-publish","4":"has-post-thumbnail","6":"product_cat-antivirus","7":"product_tag-eset","9":"first","10":"instock","11":"shipping-taxable","12":"product-type-external"},"_links":{"self":[{"href":"https:\/\/keysdock.tajnaveza.net\/fr\/wp-json\/wp\/v2\/product\/979","targetHints":{"allow":["GET"]}}],"collection":[{"href":"https:\/\/keysdock.tajnaveza.net\/fr\/wp-json\/wp\/v2\/product"}],"about":[{"href":"https:\/\/keysdock.tajnaveza.net\/fr\/wp-json\/wp\/v2\/types\/product"}],"replies":[{"embeddable":true,"href":"https:\/\/keysdock.tajnaveza.net\/fr\/wp-json\/wp\/v2\/comments?post=979"}],"wp:featuredmedia":[{"embeddable":true,"href":"https:\/\/keysdock.tajnaveza.net\/fr\/wp-json\/wp\/v2\/media\/1015"}],"wp:attachment":[{"href":"https:\/\/keysdock.tajnaveza.net\/fr\/wp-json\/wp\/v2\/media?parent=979"}],"wp:term":[{"taxonomy":"product_brand","embeddable":true,"href":"https:\/\/keysdock.tajnaveza.net\/fr\/wp-json\/wp\/v2\/product_brand?post=979"},{"taxonomy":"product_cat","embeddable":true,"href":"https:\/\/keysdock.tajnaveza.net\/fr\/wp-json\/wp\/v2\/product_cat?post=979"},{"taxonomy":"product_tag","embeddable":true,"href":"https:\/\/keysdock.tajnaveza.net\/fr\/wp-json\/wp\/v2\/product_tag?post=979"}],"curies":[{"name":"wp","href":"https:\/\/api.w.org\/{rel}","templated":true}]}}