{"id":980,"date":"2025-03-15T21:07:44","date_gmt":"2025-03-15T21:07:44","guid":{"rendered":"https:\/\/keysdock.com\/?post_type=product&#038;p=980"},"modified":"2025-10-19T07:34:36","modified_gmt":"2025-10-19T07:34:36","slug":"eset-internet-security-2025-1-appareil-1-an-licence","status":"publish","type":"product","link":"https:\/\/keysdock.tajnaveza.net\/fr\/produit\/eset-internet-security-2025-1-appareil-1-an-licence\/","title":{"rendered":"Eset Internet Security 2025 |1 appareil - 1 an| Key Licence"},"content":{"rendered":"<p><strong>ESET Internet Security - Protection avanc\u00e9e pour la s\u00e9curit\u00e9 et la confidentialit\u00e9 en ligne<\/strong><\/p>\n<h3><strong>Description<\/strong><\/h3>\n<p>ESET Internet Security est un <strong>suite de s\u00e9curit\u00e9 compl\u00e8te<\/strong> con\u00e7u pour <strong>Utilisateurs de Windows, macOS et Android<\/strong> qui ont besoin <strong>une protection renforc\u00e9e contre les virus, les ransomwares, le phishing et les menaces en ligne<\/strong>. Il pr\u00e9voit <strong>protection en temps r\u00e9el, s\u00e9curit\u00e9 par pare-feu, outils anti-phishing et protection de la webcam<\/strong>et de garantir une <strong>une exp\u00e9rience num\u00e9rique s\u00fbre, priv\u00e9e et optimis\u00e9e<\/strong>.<\/p>\n<p>Avec <strong>D\u00e9tection des menaces, protection des r\u00e9seaux et s\u00e9curit\u00e9 bancaire pilot\u00e9es par l'IA.<\/strong>ESET Internet Security est parfait pour <strong>les particuliers, les professionnels et les joueurs<\/strong> qui veulent une s\u00e9curit\u00e9 avanc\u00e9e sans ralentissement des performances.<\/p>\n<h3><strong>Caract\u00e9ristiques principales<\/strong><\/h3>\n<p>\u2705 <strong>Protection en temps r\u00e9el contre les logiciels malveillants et les antivirus<\/strong> - D\u00e9tecte et bloque <strong>les virus, les ran\u00e7ongiciels, les logiciels espions, les rootkits et les chevaux de Troie<\/strong> avant qu'ils n'infectent votre appareil.<br \/>\n\u2705 <strong>Bouclier anti-ransomware avanc\u00e9<\/strong> - Emp\u00eache <strong>le cryptage non autoris\u00e9 de fichiers<\/strong> et stoppe les attaques de ransomware.<br \/>\n\u2705 <strong>Pare-feu et protection du r\u00e9seau<\/strong> - Blocs <strong>les intrusions, les tentatives de piratage et les acc\u00e8s non autoris\u00e9s<\/strong> \u00e0 votre PC et \u00e0 votre r\u00e9seau Wi-Fi domestique.<br \/>\n\u2705 <strong>Protection de la webcam et du microphone<\/strong> - Emp\u00eache <strong>l'acc\u00e8s non autoris\u00e9 \u00e0 votre appareil photo et \u00e0 votre microphone<\/strong> pour prot\u00e9ger la vie priv\u00e9e.<br \/>\n\u2705 <strong>S\u00e9curit\u00e9 des services bancaires en ligne et protection des paiements<\/strong> - Chiffre <strong>les transactions financi\u00e8res et prot\u00e8ge les sites web bancaires<\/strong> des enregistreurs de frappe et des fraudeurs.<br \/>\n\u2705 <strong>Protection Web et anti-hame\u00e7onnage aliment\u00e9s par l'IA<\/strong> - Arr\u00eats <strong>faux sites web, courriels d'hame\u00e7onnage et transactions frauduleuses<\/strong>.<br \/>\n\u2705 <strong>Scanner de s\u00e9curit\u00e9 Wi-Fi<\/strong> - D\u00e9tecte <strong>les mots de passe faibles et les failles de s\u00e9curit\u00e9<\/strong> dans votre r\u00e9seau domestique.<br \/>\n\u2705 <strong>Contr\u00f4le parental<\/strong> - Vous permet de <strong>restreindre les contenus inappropri\u00e9s, fixer des limites d'utilisation et surveiller les activit\u00e9s en ligne<\/strong>.<br \/>\n\u2705 <strong>Mode joueur<\/strong> - <strong>Minimise l'impact sur le syst\u00e8me et les notifications<\/strong> pendant les jeux ou les activit\u00e9s en plein \u00e9cran.<br \/>\n\u2705 <strong>Bloqueur d'exploits<\/strong> - Prot\u00e8ge contre <strong>les vuln\u00e9rabilit\u00e9s des navigateurs et des logiciels utilis\u00e9es par les cybercriminels<\/strong>.<br \/>\n\u2705 <strong>Protection des lecteurs USB et externes<\/strong> - Scans <strong>P\u00e9riph\u00e9riques USB et stockage amovible<\/strong> pour les menaces de logiciels malveillants.<br \/>\n\u2705 <strong>Impact minimal sur le syst\u00e8me et performances rapides<\/strong> - Courses <strong>silencieusement en arri\u00e8re-plan<\/strong> sans ralentir votre syst\u00e8me.<\/p>\n<h3><strong>Configuration minimale requise<\/strong><\/h3>\n<h4><strong>Windows<\/strong><\/h4>\n<ul>\n<li><strong>Processeur<\/strong>: 1 GHz ou plus rapide<\/li>\n<li><strong>RAM<\/strong>: 2 Go au minimum<\/li>\n<li><strong>Stockage<\/strong>: 1 Go d'espace disque disponible<\/li>\n<li><strong>Syst\u00e8me d'exploitation<\/strong>: Windows 11, Windows 10, Windows 8.1, Windows 8, Windows 7 (SP1)<\/li>\n<li><strong>Connexion Internet<\/strong>: N\u00e9cessaire pour l'activation, les mises \u00e0 jour et la d\u00e9tection des menaces bas\u00e9e sur le cloud.<\/li>\n<\/ul>\n<h4><strong>macOS<\/strong><\/h4>\n<ul>\n<li><strong>Processeur<\/strong>: Mac \u00e0 base d'Intel ou Apple Silicon (M1\/M2)<\/li>\n<li><strong>RAM<\/strong>: 2 Go au minimum<\/li>\n<li><strong>Stockage<\/strong>: 1,5 Go d'espace disque disponible<\/li>\n<li><strong>Syst\u00e8me d'exploitation<\/strong>: macOS 10.12 (Sierra) ou version ult\u00e9rieure<\/li>\n<\/ul>\n<h4><strong>Android<\/strong><\/h4>\n<ul>\n<li><strong>Syst\u00e8me d'exploitation<\/strong>: Android 6.0 ou version ult\u00e9rieure<\/li>\n<li><strong>Caract\u00e9ristiques disponibles<\/strong>: <strong>Antivirus, antivol, verrouillage des applications et protection Web<\/strong><\/li>\n<\/ul>\n<h3><strong>Pourquoi choisir ESET Internet Security ?<\/strong><\/h3>\n<p>\ud83d\udd39 <strong>Protection compl\u00e8te en ligne<\/strong> - <strong>Protection contre les logiciels malveillants, le phishing et la fraude financi\u00e8re<\/strong> en temps r\u00e9el.<br \/>\n\ud83d\udd39 <strong>S\u00e9curit\u00e9 avanc\u00e9e de la vie priv\u00e9e et de l'identit\u00e9<\/strong> - Blocs <strong>tentatives de piratage, webcam espionne et enregistreurs de frappe<\/strong>.<br \/>\n\ud83d\udd39 <strong>Optimis\u00e9 pour la vitesse et la performance<\/strong> - <strong>Fonctionne silencieusement avec un impact minimal sur le syst\u00e8me<\/strong>.<br \/>\n\ud83d\udd39 <strong>Id\u00e9al pour les particuliers et les entreprises<\/strong> - Garantit <strong>transactions s\u00e9curis\u00e9es, navigation s\u00e9curis\u00e9e et contr\u00f4le parental<\/strong>.<br \/>\n\ud83d\udd39 <strong>S\u00e9curit\u00e9 multiplateforme<\/strong> - <strong>Prot\u00e8ge les appareils Windows, Mac et Android<\/strong> en un seul abonnement.<\/p>\n<p>Passer \u00e0 <strong>ESET Internet Security<\/strong> aujourd'hui pour <strong>cybers\u00e9curit\u00e9 avanc\u00e9e, protection de la vie priv\u00e9e et optimisation des performances<\/strong>! \ud83d\ude80\ud83d\udee1\ufe0f\ud83d\udd12<\/p>","protected":false},"excerpt":{"rendered":"<p>ESET Internet Security \u2013 Advanced Protection for Online Safety &amp; Privacy Description ESET Internet Security is a comprehensive security suite designed for Windows, macOS, and Android users who need enhanced protection against viruses, ransomware, phishing, and online threats. It provides real-time protection, firewall security, anti-phishing tools, and webcam protection, ensuring a safe, private, and optimized [&hellip;]<\/p>","protected":false},"featured_media":1016,"comment_status":"open","ping_status":"closed","template":"","meta":{"_gspb_post_css":""},"product_brand":[],"product_cat":[76],"product_tag":[78],"class_list":{"0":"post-980","1":"product","2":"type-product","3":"status-publish","4":"has-post-thumbnail","6":"product_cat-antivirus","7":"product_tag-eset","9":"first","10":"instock","11":"shipping-taxable","12":"product-type-external"},"_links":{"self":[{"href":"https:\/\/keysdock.tajnaveza.net\/fr\/wp-json\/wp\/v2\/product\/980","targetHints":{"allow":["GET"]}}],"collection":[{"href":"https:\/\/keysdock.tajnaveza.net\/fr\/wp-json\/wp\/v2\/product"}],"about":[{"href":"https:\/\/keysdock.tajnaveza.net\/fr\/wp-json\/wp\/v2\/types\/product"}],"replies":[{"embeddable":true,"href":"https:\/\/keysdock.tajnaveza.net\/fr\/wp-json\/wp\/v2\/comments?post=980"}],"wp:featuredmedia":[{"embeddable":true,"href":"https:\/\/keysdock.tajnaveza.net\/fr\/wp-json\/wp\/v2\/media\/1016"}],"wp:attachment":[{"href":"https:\/\/keysdock.tajnaveza.net\/fr\/wp-json\/wp\/v2\/media?parent=980"}],"wp:term":[{"taxonomy":"product_brand","embeddable":true,"href":"https:\/\/keysdock.tajnaveza.net\/fr\/wp-json\/wp\/v2\/product_brand?post=980"},{"taxonomy":"product_cat","embeddable":true,"href":"https:\/\/keysdock.tajnaveza.net\/fr\/wp-json\/wp\/v2\/product_cat?post=980"},{"taxonomy":"product_tag","embeddable":true,"href":"https:\/\/keysdock.tajnaveza.net\/fr\/wp-json\/wp\/v2\/product_tag?post=980"}],"curies":[{"name":"wp","href":"https:\/\/api.w.org\/{rel}","templated":true}]}}