{"id":982,"date":"2025-03-15T21:07:44","date_gmt":"2025-03-15T21:07:44","guid":{"rendered":"https:\/\/keysdock.com\/?post_type=product&#038;p=982"},"modified":"2025-10-19T07:34:12","modified_gmt":"2025-10-19T07:34:12","slug":"avast-premium-security-2025-1-appareil-1-an-licence","status":"publish","type":"product","link":"https:\/\/keysdock.tajnaveza.net\/fr\/produit\/avast-premium-security-2025-1-appareil-1-an-licence\/","title":{"rendered":"Avast Premium Security 2025 |1 appareil - 1 an| Key Licence"},"content":{"rendered":"<p><strong>Achetez la cl\u00e9 de licence Avast Premium Security 2025 pour 1 appareil (1 an) au meilleur prix. Protection compl\u00e8te.<\/strong><\/p>\n<h3><strong>Description<\/strong><\/h3>\n<p>Avast Premium Security est un <strong>solution compl\u00e8te de cybers\u00e9curit\u00e9<\/strong> con\u00e7u pour prot\u00e9ger votre <strong>PC, Mac, appareils Android et iOS<\/strong> de <strong>les virus, les logiciels malveillants, les logiciels ran\u00e7onneurs, les attaques par hame\u00e7onnage et les menaces en ligne<\/strong>. Avec <strong>protection en temps r\u00e9el, pare-feu int\u00e9gr\u00e9, bouclier anti-ransomware et outils de s\u00e9curit\u00e9 avanc\u00e9s<\/strong>Avast Premium Security garantit <strong>navigation s\u00e9curis\u00e9e, services bancaires en ligne s\u00e9curis\u00e9s et protection de la vie priv\u00e9e<\/strong>.<\/p>\n<p>Cette version premium va au-del\u00e0 de la protection antivirus de base, en fournissant <strong>couches de s\u00e9curit\u00e9 avanc\u00e9es<\/strong> pour <strong>une navigation internet plus s\u00fbre, la s\u00e9curit\u00e9 des appareils et des contr\u00f4les de confidentialit\u00e9<\/strong>.<\/p>\n<h3><strong>Caract\u00e9ristiques principales<\/strong><\/h3>\n<p>\u2705 <strong>Protection contre les menaces en temps r\u00e9el<\/strong> - Blocs <strong>les virus, les logiciels espions, les logiciels malveillants, les logiciels ran\u00e7onneurs et les menaces de type \"zero-day\".<\/strong> instantan\u00e9ment.<br \/>\n\u2705 <strong>Bouclier anti-ransomware avanc\u00e9<\/strong> - Emp\u00eache les pirates informatiques de <strong>le cryptage de vos fichiers personnels<\/strong> et demander une ran\u00e7on.<br \/>\n\u2705 <strong>Protection du Web et anti-hame\u00e7onnage<\/strong> - D\u00e9tecte et bloque <strong>les faux sites web, les courriels d'hame\u00e7onnage et les escroqueries en ligne<\/strong>.<br \/>\n\u2705 <strong>Pare-feu bidirectionnel<\/strong> - Moniteurs <strong>le trafic r\u00e9seau entrant et sortant<\/strong> pour emp\u00eacher tout acc\u00e8s non autoris\u00e9.<br \/>\n\u2705 <strong>Scanner de s\u00e9curit\u00e9 Wi-Fi<\/strong> - Identifie <strong>les r\u00e9seaux faibles et les vuln\u00e9rabilit\u00e9s potentielles en mati\u00e8re de s\u00e9curit\u00e9<\/strong>.<br \/>\n\u2705 <strong>S\u00e9curit\u00e9 des op\u00e9rations bancaires et des achats en ligne<\/strong> - Chiffre <strong>les transactions financi\u00e8res<\/strong> et prot\u00e8ge contre la fraude bancaire.<br \/>\n\u2705 <strong>S\u00e9curit\u00e9 avanc\u00e9e du courrier \u00e9lectronique<\/strong> - Blocs <strong>les pi\u00e8ces jointes dangereuses et les tentatives d'hame\u00e7onnage<\/strong>.<br \/>\n\u2705 <strong>Protection de la webcam et du microphone<\/strong> - Emp\u00eache <strong>emp\u00eacher les logiciels espions d'acc\u00e9der \u00e0 votre webcam et \u00e0 votre microphone<\/strong>.<br \/>\n\u2705 <strong>Secure VPN (optionnel)<\/strong> - Fournit <strong>navigation anonyme et cryptage de votre connexion internet<\/strong>.<br \/>\n\u2705 <strong>Contr\u00f4le parental et bouclier de protection de la vie priv\u00e9e<\/strong> - Restrictions <strong>contenu pr\u00e9judiciable et suivi de l'activit\u00e9 de l'appareil pour une navigation plus s\u00fbre<\/strong>.<br \/>\n\u2705 <strong>Mises \u00e0 jour automatiques des logiciels<\/strong> - D\u00e9tecte <strong>applications obsol\u00e8tes et failles de s\u00e9curit\u00e9<\/strong> dans les logiciels install\u00e9s.<br \/>\n\u2705 <strong>Impact minimal sur le syst\u00e8me<\/strong> - Optimis\u00e9 pour <strong>des performances rapides sans ralentir votre appareil<\/strong>.<\/p>\n<h3><strong>Configuration minimale requise<\/strong><\/h3>\n<h4><strong>Windows<\/strong><\/h4>\n<ul>\n<li><strong>Processeur<\/strong>: 1 GHz ou plus rapide<\/li>\n<li><strong>RAM<\/strong>: 2 Go au minimum<\/li>\n<li><strong>Stockage<\/strong>Espace disque disponible : 2 Go<\/li>\n<li><strong>Syst\u00e8me d'exploitation<\/strong>: Windows 11, Windows 10, Windows 8.1, Windows 8, Windows 7 (SP1)<\/li>\n<li><strong>Connexion Internet<\/strong>: N\u00e9cessaire pour l'activation, les mises \u00e0 jour et la d\u00e9tection des menaces bas\u00e9e sur le cloud.<\/li>\n<\/ul>\n<h4><strong>macOS<\/strong><\/h4>\n<ul>\n<li><strong>Processeur<\/strong>: Mac \u00e0 base d'Intel ou Apple Silicon (M1\/M2)<\/li>\n<li><strong>RAM<\/strong>: 2 Go au minimum<\/li>\n<li><strong>Stockage<\/strong>: 1 Go d'espace disque disponible<\/li>\n<li><strong>Syst\u00e8me d'exploitation<\/strong>macOS 10.10 (Yosemite) ou version ult\u00e9rieure<\/li>\n<\/ul>\n<h4><strong>Android et iOS<\/strong><\/h4>\n<ul>\n<li><strong>Syst\u00e8me d'exploitation<\/strong>: Android 6.0 ou version ult\u00e9rieure \/ iOS 12.0 ou version ult\u00e9rieure<\/li>\n<li><strong>Caract\u00e9ristiques disponibles<\/strong>: Antivirus, antivol, VPN et protection Web<\/li>\n<\/ul>\n<h3><strong>Pourquoi choisir Avast Premium Security ?<\/strong><\/h3>\n<p>\ud83d\udd39 <strong>Protection compl\u00e8te de tous les appareils<\/strong> - Soutien <strong>Windows, Mac, Android et iOS<\/strong>.<br \/>\n\ud83d\udd39 <strong>Protection avanc\u00e9e contre les ransomwares et le web<\/strong> - Arr\u00eats <strong>les pirates informatiques, les attaques par hame\u00e7onnage et la fraude financi\u00e8re<\/strong>.<br \/>\n\ud83d\udd39 <strong>Transactions en ligne s\u00fbres<\/strong> - Prot\u00e8ge <strong>les services bancaires et les achats<\/strong> contre les cybermenaces.<br \/>\n\ud83d\udd39 <strong>Confidentialit\u00e9 et s\u00e9curit\u00e9 des webcams<\/strong> - Emp\u00eache <strong>l'acc\u00e8s non autoris\u00e9 aux donn\u00e9es personnelles et aux cam\u00e9ras<\/strong>.<br \/>\n\ud83d\udd39 <strong>Contr\u00f4le parental et antivol<\/strong> - Garantit <strong>la s\u00e9curit\u00e9 de la famille gr\u00e2ce \u00e0 la surveillance en ligne et au suivi des appareils<\/strong>.<\/p>\n<p>Passer \u00e0 <strong>Avast Premium Security<\/strong> aujourd'hui et faites l'exp\u00e9rience <strong>une protection compl\u00e8te et performante pour votre vie num\u00e9rique<\/strong>! \ud83d\ude80\ud83d\udee1\ufe0f\ud83d\udd12<\/p>","protected":false},"excerpt":{"rendered":"<p>Avast Premium Security \u2013 Ultimate Online Protection for Your Devices Description Avast Premium Security is a comprehensive cybersecurity solution designed to protect your PC, Mac, Android, and iOS devices from viruses, malware, ransomware, phishing attacks, and online threats. With real-time protection, a built-in firewall, anti-ransomware shield, and advanced security tools, Avast Premium Security ensures safe [&hellip;]<\/p>","protected":false},"featured_media":1018,"comment_status":"open","ping_status":"closed","template":"","meta":{"_gspb_post_css":""},"product_brand":[],"product_cat":[76],"product_tag":[79],"class_list":{"0":"post-982","1":"product","2":"type-product","3":"status-publish","4":"has-post-thumbnail","6":"product_cat-antivirus","7":"product_tag-avast","9":"first","10":"instock","11":"shipping-taxable","12":"product-type-external"},"_links":{"self":[{"href":"https:\/\/keysdock.tajnaveza.net\/fr\/wp-json\/wp\/v2\/product\/982","targetHints":{"allow":["GET"]}}],"collection":[{"href":"https:\/\/keysdock.tajnaveza.net\/fr\/wp-json\/wp\/v2\/product"}],"about":[{"href":"https:\/\/keysdock.tajnaveza.net\/fr\/wp-json\/wp\/v2\/types\/product"}],"replies":[{"embeddable":true,"href":"https:\/\/keysdock.tajnaveza.net\/fr\/wp-json\/wp\/v2\/comments?post=982"}],"wp:featuredmedia":[{"embeddable":true,"href":"https:\/\/keysdock.tajnaveza.net\/fr\/wp-json\/wp\/v2\/media\/1018"}],"wp:attachment":[{"href":"https:\/\/keysdock.tajnaveza.net\/fr\/wp-json\/wp\/v2\/media?parent=982"}],"wp:term":[{"taxonomy":"product_brand","embeddable":true,"href":"https:\/\/keysdock.tajnaveza.net\/fr\/wp-json\/wp\/v2\/product_brand?post=982"},{"taxonomy":"product_cat","embeddable":true,"href":"https:\/\/keysdock.tajnaveza.net\/fr\/wp-json\/wp\/v2\/product_cat?post=982"},{"taxonomy":"product_tag","embeddable":true,"href":"https:\/\/keysdock.tajnaveza.net\/fr\/wp-json\/wp\/v2\/product_tag?post=982"}],"curies":[{"name":"wp","href":"https:\/\/api.w.org\/{rel}","templated":true}]}}