{"id":983,"date":"2025-03-15T21:07:44","date_gmt":"2025-03-15T21:07:44","guid":{"rendered":"https:\/\/keysdock.com\/?post_type=product&#038;p=983"},"modified":"2025-10-19T07:33:52","modified_gmt":"2025-10-19T07:33:52","slug":"avast-ultimate-2025-1-appareil-1-an-licence","status":"publish","type":"product","link":"https:\/\/keysdock.tajnaveza.net\/fr\/produit\/avast-ultimate-2025-1-appareil-1-an-licence\/","title":{"rendered":"Avast Ultimate 2025 |1 appareil - 1 an| Key Licence"},"content":{"rendered":"<p><strong>Avast Ultimate - La suite tout-en-un pour la s\u00e9curit\u00e9, la performance et la protection de la vie priv\u00e9e<\/strong><\/p>\n<h3><strong>Description<\/strong><\/h3>\n<p>Avast Ultimate est un <strong>suite de s\u00e9curit\u00e9 premium tout-en-un<\/strong> qui pr\u00e9voit <strong>protection compl\u00e8te, optimisation du syst\u00e8me et outils de protection de la vie priv\u00e9e<\/strong> pour votre <strong>Appareils Windows, macOS, Android et iOS<\/strong>. Il comprend <strong>Avast Premium Security, Avast Cleanup Premium, Avast SecureLine VPN, et Avast AntiTrack<\/strong>, en veillant \u00e0 ce que <strong>une s\u00e9curit\u00e9 en ligne totale, de meilleures performances de l'appareil et une confidentialit\u00e9 accrue<\/strong>.<\/p>\n<p>Avec <strong>protection en temps r\u00e9el contre les logiciels malveillants, les ran\u00e7ongiciels, les attaques de phishing et les cybermenaces<\/strong>, ainsi que <strong>Outils de cryptage VPN et d'optimisation du syst\u00e8me<\/strong>Avast Ultimate est la solution id\u00e9ale pour <strong>les utilisateurs qui souhaitent b\u00e9n\u00e9ficier d'une s\u00e9curit\u00e9, d'une vitesse et d'une confidentialit\u00e9 en ligne maximales<\/strong>.<\/p>\n<h3><strong>Produits inclus<\/strong><\/h3>\n<ul>\n<li><strong>Avast Premium Security<\/strong> - Avanc\u00e9 <strong>antivirus, pare-feu, protection contre les ransomwares et s\u00e9curit\u00e9 web<\/strong>.<\/li>\n<li><strong>Avast Cleanup Premium<\/strong> - Optimise <strong>Performances de l'ordinateur, suppression des fichiers inutiles et acc\u00e9l\u00e9ration de la vitesse<\/strong>.<\/li>\n<li><strong>Avast SecureLine VPN<\/strong> - Cryptage du trafic internet pour <strong>navigation priv\u00e9e et anonyme<\/strong>.<\/li>\n<li><strong>Avast AntiTrack<\/strong> - Blocs <strong>les traceurs en ligne, emp\u00eache les annonceurs d'\u00e9tablir votre profil et renforce la protection de la vie priv\u00e9e dans le domaine num\u00e9rique<\/strong>.<\/li>\n<\/ul>\n<h3><strong>Caract\u00e9ristiques principales<\/strong><\/h3>\n<p>\u2705 <strong>Protection compl\u00e8te contre les virus et les ransomwares<\/strong> - Blocs <strong>les virus, les logiciels malveillants, les logiciels espions et les menaces d'hame\u00e7onnage<\/strong>.<br \/>\n\u2705 <strong>Pare-feu avanc\u00e9 et s\u00e9curit\u00e9 Web<\/strong> - <strong>Pare-feu bidirectionnel, protection contre l'hame\u00e7onnage et la navigation s\u00e9curis\u00e9e<\/strong>.<br \/>\n\u2705 <strong>Suppression du courrier ind\u00e9sirable et des bloatwares<\/strong> - <strong>Nettoie le cache, les fichiers en double et les applications ind\u00e9sirables<\/strong> pour lib\u00e9rer de l'espace disque.<br \/>\n\u2705 <strong>Mises \u00e0 jour automatiques des logiciels et des pilotes<\/strong> - Garantit que votre <strong>Le PC reste optimis\u00e9 et s\u00e9curis\u00e9<\/strong>.<br \/>\n\u2705 <strong>Protection de la webcam et du microphone<\/strong> - Emp\u00eache <strong>l'acc\u00e8s non autoris\u00e9 \u00e0 votre webcam et \u00e0 votre microphone<\/strong>.<br \/>\n\u2705 <strong>VPN s\u00e9curis\u00e9 (donn\u00e9es illimit\u00e9es)<\/strong> - <strong>Cryptage de vos activit\u00e9s en ligne<\/strong> pour une navigation priv\u00e9e et des connexions plus s\u00fbres.<br \/>\n\u2705 <strong>Protection contre le pistage<\/strong> - Blocs <strong>les traqueurs web et les r\u00e9seaux publicitaires de surveiller votre activit\u00e9<\/strong>.<br \/>\n\u2705 <strong>Des performances PC plus rapides<\/strong> - <strong>D\u00e9sactive les programmes de d\u00e9marrage inutiles<\/strong> et optimise les ressources du syst\u00e8me.<br \/>\n\u2705 <strong>S\u00e9curit\u00e9 des op\u00e9rations bancaires et des achats en ligne<\/strong> - Prot\u00e8ge <strong>les transactions financi\u00e8res et la pr\u00e9vention de la fraude bancaire<\/strong>.<br \/>\n\u2705 <strong>Contr\u00f4le parental et fonctions antivol<\/strong> - Garantit <strong>la s\u00e9curit\u00e9 de la famille et la protection des appareils contre le vol<\/strong>.<\/p>\n<h3><strong>Configuration minimale requise<\/strong><\/h3>\n<h4><strong>Windows<\/strong><\/h4>\n<ul>\n<li><strong>Processeur<\/strong>: 1 GHz ou plus rapide<\/li>\n<li><strong>RAM<\/strong>: 2 Go au minimum<\/li>\n<li><strong>Stockage<\/strong>Espace disque disponible : 2 Go<\/li>\n<li><strong>Syst\u00e8me d'exploitation<\/strong>: Windows 11, Windows 10, Windows 8.1, Windows 8, Windows 7 (SP1)<\/li>\n<li><strong>Connexion Internet<\/strong>: N\u00e9cessaire pour l'activation, les mises \u00e0 jour et la d\u00e9tection des menaces bas\u00e9e sur le cloud.<\/li>\n<\/ul>\n<h4><strong>macOS<\/strong><\/h4>\n<ul>\n<li><strong>Processeur<\/strong>: Mac \u00e0 base d'Intel ou Apple Silicon (M1\/M2)<\/li>\n<li><strong>RAM<\/strong>: 2 Go au minimum<\/li>\n<li><strong>Stockage<\/strong>: 1 Go d'espace disque disponible<\/li>\n<li><strong>Syst\u00e8me d'exploitation<\/strong>macOS 10.10 (Yosemite) ou version ult\u00e9rieure<\/li>\n<\/ul>\n<h4><strong>Android et iOS<\/strong><\/h4>\n<ul>\n<li><strong>Syst\u00e8me d'exploitation<\/strong>: Android 6.0 ou version ult\u00e9rieure \/ iOS 12.0 ou version ult\u00e9rieure<\/li>\n<li><strong>Caract\u00e9ristiques disponibles<\/strong>: Antivirus, antivol, VPN et protection Web<\/li>\n<\/ul>\n<h3><strong>Pourquoi choisir Avast Ultimate ?<\/strong><\/h3>\n<p>\ud83d\udd39 <strong>Protection compl\u00e8te de tous les appareils<\/strong> - A <strong>l'abonnement unique couvre Windows, Mac, Android et iOS<\/strong>.<br \/>\n\ud83d\udd39 <strong>Suite tout-en-un pour la s\u00e9curit\u00e9 et la performance<\/strong> - Combinaisons <strong>outils d'antivirus, d'optimisation, de VPN et de protection de la vie priv\u00e9e<\/strong>.<br \/>\n\ud83d\udd39 <strong>VPN s\u00e9curis\u00e9 illimit\u00e9<\/strong> - <strong>Naviguer anonymement<\/strong> et <strong>prot\u00e9ger les informations sensibles<\/strong> avec <strong>cryptage de niveau militaire<\/strong>.<br \/>\n\ud83d\udd39 <strong>Un PC plus rapide, plus propre et plus s\u00fbr<\/strong> - Boosters <strong>performance, suppression des d\u00e9chets et r\u00e9solution des probl\u00e8mes du syst\u00e8me<\/strong>.<br \/>\n\ud83d\udd39 <strong>Protection maximale de la vie priv\u00e9e<\/strong> - Blocs <strong>les traqueurs, les publicit\u00e9s et les cybercriminels de collecter des donn\u00e9es personnelles<\/strong>.<\/p>\n<p>Passer \u00e0 <strong>Avast Ultimate<\/strong> aujourd'hui et profiter de <strong>le plus haut niveau de s\u00e9curit\u00e9, de confidentialit\u00e9 et de performance pour tous vos appareils<\/strong>! \ud83d\ude80\ud83d\udee1\ufe0f\ud83d\udd12<\/p>","protected":false},"excerpt":{"rendered":"<p>Avast Ultimate \u2013 The All-in-One Security, Performance &amp; Privacy Suite Description Avast Ultimate is a premium all-in-one security suite that provides comprehensive protection, system optimization, and privacy tools for your Windows, macOS, Android, and iOS devices. It includes Avast Premium Security, Avast Cleanup Premium, Avast SecureLine VPN, and Avast AntiTrack, ensuring complete online safety, better [&hellip;]<\/p>","protected":false},"featured_media":1019,"comment_status":"open","ping_status":"closed","template":"","meta":{"_gspb_post_css":""},"product_brand":[],"product_cat":[76],"product_tag":[79],"class_list":{"0":"post-983","1":"product","2":"type-product","3":"status-publish","4":"has-post-thumbnail","6":"product_cat-antivirus","7":"product_tag-avast","9":"first","10":"instock","11":"shipping-taxable","12":"product-type-external"},"_links":{"self":[{"href":"https:\/\/keysdock.tajnaveza.net\/fr\/wp-json\/wp\/v2\/product\/983","targetHints":{"allow":["GET"]}}],"collection":[{"href":"https:\/\/keysdock.tajnaveza.net\/fr\/wp-json\/wp\/v2\/product"}],"about":[{"href":"https:\/\/keysdock.tajnaveza.net\/fr\/wp-json\/wp\/v2\/types\/product"}],"replies":[{"embeddable":true,"href":"https:\/\/keysdock.tajnaveza.net\/fr\/wp-json\/wp\/v2\/comments?post=983"}],"wp:featuredmedia":[{"embeddable":true,"href":"https:\/\/keysdock.tajnaveza.net\/fr\/wp-json\/wp\/v2\/media\/1019"}],"wp:attachment":[{"href":"https:\/\/keysdock.tajnaveza.net\/fr\/wp-json\/wp\/v2\/media?parent=983"}],"wp:term":[{"taxonomy":"product_brand","embeddable":true,"href":"https:\/\/keysdock.tajnaveza.net\/fr\/wp-json\/wp\/v2\/product_brand?post=983"},{"taxonomy":"product_cat","embeddable":true,"href":"https:\/\/keysdock.tajnaveza.net\/fr\/wp-json\/wp\/v2\/product_cat?post=983"},{"taxonomy":"product_tag","embeddable":true,"href":"https:\/\/keysdock.tajnaveza.net\/fr\/wp-json\/wp\/v2\/product_tag?post=983"}],"curies":[{"name":"wp","href":"https:\/\/api.w.org\/{rel}","templated":true}]}}