{"id":995,"date":"2025-03-15T21:08:06","date_gmt":"2025-03-15T21:08:06","guid":{"rendered":"https:\/\/keysdock.com\/?post_type=product&#038;p=995"},"modified":"2025-10-19T07:36:20","modified_gmt":"2025-10-19T07:36:20","slug":"avast-driver-updater-2025-1-appareil-1-an-licence","status":"publish","type":"product","link":"https:\/\/keysdock.tajnaveza.net\/fr\/produit\/avast-driver-updater-2025-1-appareil-1-an-licence\/","title":{"rendered":"Avast Driver Updater 2025 |1 appareil - 1 an| Key Licence"},"content":{"rendered":"<p><strong>Achetez la cl\u00e9 de licence Avast Driver Updater 2025 pour 1 appareil (1 an) au meilleur prix. Mettez \u00e0 jour les pilotes facilement.<\/strong><\/p>\n<h3><strong>Description<\/strong><\/h3>\n<p>Avast Driver Updater est un <strong>outil de gestion automatis\u00e9e des conducteurs<\/strong> qui garantit que votre <strong>Composants mat\u00e9riels et p\u00e9riph\u00e9riques du PC<\/strong> sont toujours en cours d'ex\u00e9cution avec le <strong>les pilotes les plus r\u00e9cents et les plus stables<\/strong>. Il <strong>analyse, met \u00e0 jour et corrige les pilotes obsol\u00e8tes, cass\u00e9s ou manquants<\/strong>, en am\u00e9liorant le syst\u00e8me <strong>performance, stabilit\u00e9 et s\u00e9curit\u00e9<\/strong>.<\/p>\n<p>Avec un <strong>grande base de donn\u00e9es de conducteurs<\/strong> et <strong>des mises \u00e0 jour en temps r\u00e9el<\/strong>Avast Driver Updater aide \u00e0 pr\u00e9venir <strong>les conflits mat\u00e9riels, les pannes de syst\u00e8me, les performances m\u00e9diocres et les probl\u00e8mes de compatibilit\u00e9<\/strong>. Que vous soyez un joueur, un professionnel ou un utilisateur occasionnel, cet outil vous permet de . <strong>efficacit\u00e9 optimale du syst\u00e8me<\/strong>.<\/p>\n<h3><strong>Caract\u00e9ristiques principales<\/strong><\/h3>\n<p>\u2705 <strong>Analyse et mise \u00e0 jour automatiques des pilotes<\/strong> - Identifie et met \u00e0 jour <strong>plus de 25 millions de conducteurs<\/strong> pour <strong>graphiques, son, r\u00e9seau et p\u00e9riph\u00e9riques<\/strong>.<br \/>\n\u2705 <strong>R\u00e9duit les pannes et les erreurs du syst\u00e8me<\/strong> - Maintient les pilotes \u00e0 jour, <strong>r\u00e9soudre les probl\u00e8mes qui provoquent des ralentissements du syst\u00e8me, des BSOD et de l'instabilit\u00e9<\/strong>.<br \/>\n\u2705 <strong>Am\u00e9liore les performances graphiques et de jeu<\/strong> - Mises \u00e0 jour <strong>Pilotes de GPU<\/strong> pour <strong>un meilleur FPS, un rendu plus fluide et des performances optimis\u00e9es<\/strong>.<br \/>\n\u2705 <strong>Am\u00e9liore la qualit\u00e9 du son et de l'audio<\/strong> - Garantit <strong>un son plus clair, moins de pertes audio et moins de distorsion<\/strong>.<br \/>\n\u2705 <strong>Renforce la stabilit\u00e9 du r\u00e9seau et de la connectivit\u00e9<\/strong> - Corrections <strong>Probl\u00e8mes li\u00e9s aux pilotes Wi-Fi, Bluetooth et Ethernet<\/strong> pour une plus grande <strong>une connexion internet stable<\/strong>.<br \/>\n\u2705 <strong>Mise \u00e0 jour en un clic<\/strong> - Met \u00e0 jour tous les pilotes avec un <strong>simple clic<\/strong> pour plus de commodit\u00e9.<br \/>\n\u2705 <strong>Sauvegarde et restauration des pilotes<\/strong> - Cr\u00e9e automatiquement <strong>points de restauration<\/strong> avant les mises \u00e0 jour, ce qui vous permet <strong>revenir en arri\u00e8re<\/strong> si n\u00e9cessaire.<br \/>\n\u2705 <strong>Suivi des conducteurs en temps r\u00e9el<\/strong> - D\u00e9tecte <strong>pilotes obsol\u00e8tes en temps r\u00e9el<\/strong> et vous avertit des mises \u00e0 jour.<br \/>\n\u2705 <strong>Pilotes s\u00e9curis\u00e9s et certifi\u00e9s WHQL<\/strong> - <strong>Veiller \u00e0 ce que seuls les conducteurs de confiance<\/strong> sont install\u00e9s pour \u00e9viter les probl\u00e8mes de compatibilit\u00e9.<br \/>\n\u2705 <strong>Optimis\u00e9 pour les performances de Windows<\/strong> - Emp\u00eache <strong>des ralentissements du syst\u00e8me, des blocages et des erreurs li\u00e9es aux pilotes<\/strong>.<\/p>\n<h3><strong>Configuration minimale requise<\/strong><\/h3>\n<ul>\n<li><strong>Processeur<\/strong>: 1 GHz ou plus rapide<\/li>\n<li><strong>RAM<\/strong>256 Mo au minimum<\/li>\n<li><strong>Stockage<\/strong>: 400 Mo d'espace disque disponible<\/li>\n<li><strong>Syst\u00e8me d'exploitation<\/strong>: Windows 11, Windows 10, Windows 8.1, Windows 8, Windows 7 (SP1)<\/li>\n<li><strong>Connexion Internet<\/strong>: N\u00e9cessaire pour les mises \u00e0 jour et les analyses de pilotes<\/li>\n<\/ul>\n<h3><strong>Pourquoi choisir Avast Driver Updater ?<\/strong><\/h3>\n<p>\ud83d\udd39 <strong>Maintenance automatis\u00e9e des conducteurs<\/strong> - <strong>Scanne, met \u00e0 jour et corrige les pilotes sans effort<\/strong>.<br \/>\n\ud83d\udd39 <strong>Am\u00e9liore les performances et la stabilit\u00e9<\/strong> - Emp\u00eache <strong>les pannes, les ralentissements et les dysfonctionnements de l'ordinateur<\/strong>.<br \/>\n\ud83d\udd39 <strong>Des jeux et des graphiques de meilleure qualit\u00e9<\/strong> - Mises \u00e0 jour <strong>Pilotes de GPU<\/strong> pour <strong>un gameplay plus fluide et des visuels de haute qualit\u00e9<\/strong>.<br \/>\n\ud83d\udd39 <strong>Mises \u00e0 jour et retours en arri\u00e8re en un clic<\/strong> - Facile <strong>restaurer les versions pr\u00e9c\u00e9dentes<\/strong> si n\u00e9cessaire.<br \/>\n\ud83d\udd39 <strong>Conducteurs s\u00fbrs et v\u00e9rifi\u00e9s<\/strong> - T\u00e9l\u00e9chargements uniquement <strong>pilotes officiels certifi\u00e9s WHQL<\/strong>.<\/p>\n<p>Passer \u00e0 <strong>Avast Driver Updater<\/strong> aujourd'hui et <strong>un PC plus rapide, plus stable et plus performant<\/strong>! \ud83d\ude80\ud83d\udd27\ud83d\udcbb<\/p>","protected":false},"excerpt":{"rendered":"<p>Avast Driver Updater \u2013 Keep Your PC Running Smoothly with Updated Drivers Description Avast Driver Updater is an automated driver management tool that ensures your PC&#8217;s hardware components and peripherals are always running with the latest and most stable drivers. It scans, updates, and fixes outdated, broken, or missing drivers, enhancing system performance, stability, and [&hellip;]<\/p>","protected":false},"featured_media":1021,"comment_status":"open","ping_status":"closed","template":"","meta":{"_gspb_post_css":""},"product_brand":[],"product_cat":[76],"product_tag":[79],"class_list":{"0":"post-995","1":"product","2":"type-product","3":"status-publish","4":"has-post-thumbnail","6":"product_cat-antivirus","7":"product_tag-avast","9":"first","10":"instock","11":"shipping-taxable","12":"product-type-external"},"_links":{"self":[{"href":"https:\/\/keysdock.tajnaveza.net\/fr\/wp-json\/wp\/v2\/product\/995","targetHints":{"allow":["GET"]}}],"collection":[{"href":"https:\/\/keysdock.tajnaveza.net\/fr\/wp-json\/wp\/v2\/product"}],"about":[{"href":"https:\/\/keysdock.tajnaveza.net\/fr\/wp-json\/wp\/v2\/types\/product"}],"replies":[{"embeddable":true,"href":"https:\/\/keysdock.tajnaveza.net\/fr\/wp-json\/wp\/v2\/comments?post=995"}],"wp:featuredmedia":[{"embeddable":true,"href":"https:\/\/keysdock.tajnaveza.net\/fr\/wp-json\/wp\/v2\/media\/1021"}],"wp:attachment":[{"href":"https:\/\/keysdock.tajnaveza.net\/fr\/wp-json\/wp\/v2\/media?parent=995"}],"wp:term":[{"taxonomy":"product_brand","embeddable":true,"href":"https:\/\/keysdock.tajnaveza.net\/fr\/wp-json\/wp\/v2\/product_brand?post=995"},{"taxonomy":"product_cat","embeddable":true,"href":"https:\/\/keysdock.tajnaveza.net\/fr\/wp-json\/wp\/v2\/product_cat?post=995"},{"taxonomy":"product_tag","embeddable":true,"href":"https:\/\/keysdock.tajnaveza.net\/fr\/wp-json\/wp\/v2\/product_tag?post=995"}],"curies":[{"name":"wp","href":"https:\/\/api.w.org\/{rel}","templated":true}]}}