{"id":997,"date":"2025-03-15T21:08:06","date_gmt":"2025-03-15T21:08:06","guid":{"rendered":"https:\/\/keysdock.com\/?post_type=product&#038;p=997"},"modified":"2025-10-19T07:35:54","modified_gmt":"2025-10-19T07:35:54","slug":"bitdefender-total-security-2025-5-appareils-1-an-licence","status":"publish","type":"product","link":"https:\/\/keysdock.tajnaveza.net\/fr\/produit\/bitdefender-total-security-2025-5-appareils-1-an-licence\/","title":{"rendered":"BitDefender Total Security 2025 |5 appareils - 1 an| Key Licence"},"content":{"rendered":"<p><strong>Achetez la cl\u00e9 BitDefender Total Security 2025 pour 5 appareils (1 an) au meilleur prix. Protection compl\u00e8te.<\/strong><\/p>\n<h3><strong>Description<\/strong><\/h3>\n<p>Bitdefender Total Security est un <strong>une solution de cybers\u00e9curit\u00e9 avanc\u00e9e et multicouche<\/strong> con\u00e7u pour <strong>prot\u00e9ger vos appareils contre les virus, les logiciels malveillants, les ransomwares, le phishing et les menaces en ligne<\/strong>. Avec <strong>support multiplateforme<\/strong>Il garantit <strong>Windows, macOS, Android et iOS<\/strong> des dispositifs, en garantissant <strong>confidentialit\u00e9 totale, protection de l'identit\u00e9 et optimisation des performances<\/strong>.<\/p>\n<p>\u00c9quip\u00e9 de <strong>D\u00e9tection des menaces aliment\u00e9e par l'IA, s\u00e9curit\u00e9 en temps r\u00e9el et VPN int\u00e9gr\u00e9.<\/strong>Bitdefender Total Security livre <strong>une cybers\u00e9curit\u00e9 de haut niveau sans compromettre la rapidit\u00e9 ou la convivialit\u00e9<\/strong>.<\/p>\n<h3><strong>Caract\u00e9ristiques principales<\/strong><\/h3>\n<p>\u2705 <strong>Protection multicouche<\/strong> - Blocs de d\u00e9tection pilot\u00e9s par l'IA <strong>les logiciels malveillants, les logiciels ran\u00e7onneurs, les logiciels espions et les rootkits<\/strong> avant qu'ils n'infectent votre appareil.<br \/>\n\u2705 <strong>S\u00e9curit\u00e9 multiplateforme<\/strong> - Travaux sur <strong>Windows, macOS, Android et iOS<\/strong>offrant une protection compl\u00e8te sur tous les appareils.<br \/>\n\u2705 <strong>Protection avanc\u00e9e contre les ransomwares<\/strong> - Emp\u00eache <strong>le cryptage non autoris\u00e9 de fichiers<\/strong> avec un suivi comportemental en temps r\u00e9el.<br \/>\n\u2705 <strong>Protection du Web et anti-hame\u00e7onnage<\/strong> - Blocs <strong>les sites web dangereux, les escroqueries et les sites bancaires frauduleux<\/strong>.<br \/>\n\u2705 <strong>VPN int\u00e9gr\u00e9 (200MB\/Jour)<\/strong> - <strong>Cryptage du trafic internet<\/strong> pour une navigation anonyme et s\u00e9curis\u00e9e.<br \/>\n\u2705 <strong>Contr\u00f4le parental<\/strong> - Surveillez et limitez le temps pass\u00e9 devant l'\u00e9cran, suivez les activit\u00e9s en ligne de votre enfant et filtrez les contenus inappropri\u00e9s.<br \/>\n\u2705 <strong>Antivol et suivi des appareils<\/strong> - Localiser, verrouiller ou effacer \u00e0 distance les appareils perdus ou vol\u00e9s.<br \/>\n\u2705 <strong>Pare-feu et protection du r\u00e9seau<\/strong> - Emp\u00eache tout acc\u00e8s non autoris\u00e9 \u00e0 votre syst\u00e8me et s\u00e9curise les connexions Wi-Fi publiques.<br \/>\n\u2705 <strong>Protection de la webcam et du microphone<\/strong> - Blocs <strong>acc\u00e8s non autoris\u00e9<\/strong> \u00e0 votre appareil photo et \u00e0 votre microphone pour garantir la confidentialit\u00e9.<br \/>\n\u2705 <strong>Mode Autopilote<\/strong> - pilot\u00e9 par l'IA <strong>d\u00e9tection et r\u00e9solution automatiques des menaces<\/strong> sans intervention de l'utilisateur.<br \/>\n\u2705 <strong>Impact minimal sur le syst\u00e8me<\/strong> - Optimis\u00e9 pour la vitesse et la performance, il garantit le bon fonctionnement de l'appareil.<br \/>\n\u2705 <strong>Gestionnaire de mots de passe<\/strong> - Stocker en toute s\u00e9curit\u00e9 et remplir automatiquement les informations d'identification pour les comptes en ligne.<\/p>\n<h3><strong>Configuration minimale requise<\/strong><\/h3>\n<h4><strong>Windows<\/strong><\/h4>\n<ul>\n<li><strong>Processeur<\/strong>: Double c\u0153ur 1,6 GHz ou plus rapide<\/li>\n<li><strong>RAM<\/strong>: 2 Go au minimum<\/li>\n<li><strong>Stockage<\/strong>Espace disque disponible : 2,5 Go<\/li>\n<li><strong>Syst\u00e8me d'exploitation<\/strong>: Windows 11, Windows 10, Windows 8.1, Windows 7 (SP1)<\/li>\n<li><strong>Connexion Internet<\/strong>: N\u00e9cessaire pour l'activation et les mises \u00e0 jour<\/li>\n<\/ul>\n<h4><strong>macOS<\/strong><\/h4>\n<ul>\n<li><strong>Processeur<\/strong>: Mac \u00e0 base d'Intel ou Apple Silicon (M1\/M2)<\/li>\n<li><strong>RAM<\/strong>: 2 Go au minimum<\/li>\n<li><strong>Stockage<\/strong>: 1 Go d'espace disque disponible<\/li>\n<li><strong>Syst\u00e8me d'exploitation<\/strong>macOS 10.10 (Yosemite) ou version ult\u00e9rieure<\/li>\n<\/ul>\n<h4><strong>Android<\/strong><\/h4>\n<ul>\n<li><strong>Syst\u00e8me d'exploitation<\/strong>: Android 5.0 ou version ult\u00e9rieure<\/li>\n<li><strong>Connexion Internet<\/strong>: N\u00e9cessaire pour l'activation et la protection en temps r\u00e9el<\/li>\n<\/ul>\n<h4><strong>iOS (fonctionnalit\u00e9s limit\u00e9es)<\/strong><\/h4>\n<ul>\n<li><strong>Syst\u00e8me d'exploitation<\/strong>iOS 12.0 ou version ult\u00e9rieure<\/li>\n<li><strong>Caract\u00e9ristiques disponibles<\/strong>: Protection du Web, antivol, VPN et surveillance de la confidentialit\u00e9 des comptes<\/li>\n<\/ul>\n<h3><strong>Pourquoi choisir Bitdefender Total Security ?<\/strong><\/h3>\n<p>\ud83d\udd39 <strong>Protection tout-en-un<\/strong> - S\u00e9curis\u00e9 <strong>PC, Mac, smartphones et tablettes<\/strong> avec un seul abonnement.<br \/>\n\ud83d\udd39 <strong>S\u00e9curit\u00e9 aliment\u00e9e par l'IA<\/strong> - Protection en temps r\u00e9el avec <strong>d\u00e9tection des menaces comportementales<\/strong>.<br \/>\n\ud83d\udd39 <strong>Vie priv\u00e9e et s\u00e9curit\u00e9 en ligne<\/strong> - <strong>Protection du VPN, de la webcam et du microphone<\/strong> pour une confidentialit\u00e9 totale.<br \/>\n\ud83d\udd39 <strong>Contr\u00f4le parental et antivol<\/strong> - Gardez vos enfants et vos appareils <strong>\u00e0 l'abri des dangers en ligne<\/strong>.<br \/>\n\ud83d\udd39 <strong>Impact minimal sur le syst\u00e8me<\/strong> - <strong>Optimis\u00e9 pour la vitesse<\/strong> sans ralentir vos appareils.<\/p>\n<p>Passer \u00e0 <strong>Bitdefender Total Security<\/strong> aujourd'hui pour <strong>protection num\u00e9rique compl\u00e8te et confidentialit\u00e9 sur tous vos appareils<\/strong>! \ud83d\ude80\ud83d\udee1\ufe0f\ud83d\udd12<\/p>","protected":false},"excerpt":{"rendered":"<p>Bitdefender Total Security \u2013 All-in-One Protection for Your Digital Life Description Bitdefender Total Security is an advanced, multi-layered cybersecurity solution designed to protect your devices from viruses, malware, ransomware, phishing, and online threats. With cross-platform support, it secures Windows, macOS, Android, and iOS devices, ensuring complete privacy, identity protection, and performance optimization. Equipped with AI-powered [&hellip;]<\/p>","protected":false},"featured_media":1023,"comment_status":"open","ping_status":"closed","template":"","meta":{"_gspb_post_css":""},"product_brand":[],"product_cat":[76],"product_tag":[80],"class_list":{"0":"post-997","1":"product","2":"type-product","3":"status-publish","4":"has-post-thumbnail","6":"product_cat-antivirus","7":"product_tag-bitdefender","9":"first","10":"instock","11":"shipping-taxable","12":"product-type-external"},"_links":{"self":[{"href":"https:\/\/keysdock.tajnaveza.net\/fr\/wp-json\/wp\/v2\/product\/997","targetHints":{"allow":["GET"]}}],"collection":[{"href":"https:\/\/keysdock.tajnaveza.net\/fr\/wp-json\/wp\/v2\/product"}],"about":[{"href":"https:\/\/keysdock.tajnaveza.net\/fr\/wp-json\/wp\/v2\/types\/product"}],"replies":[{"embeddable":true,"href":"https:\/\/keysdock.tajnaveza.net\/fr\/wp-json\/wp\/v2\/comments?post=997"}],"wp:featuredmedia":[{"embeddable":true,"href":"https:\/\/keysdock.tajnaveza.net\/fr\/wp-json\/wp\/v2\/media\/1023"}],"wp:attachment":[{"href":"https:\/\/keysdock.tajnaveza.net\/fr\/wp-json\/wp\/v2\/media?parent=997"}],"wp:term":[{"taxonomy":"product_brand","embeddable":true,"href":"https:\/\/keysdock.tajnaveza.net\/fr\/wp-json\/wp\/v2\/product_brand?post=997"},{"taxonomy":"product_cat","embeddable":true,"href":"https:\/\/keysdock.tajnaveza.net\/fr\/wp-json\/wp\/v2\/product_cat?post=997"},{"taxonomy":"product_tag","embeddable":true,"href":"https:\/\/keysdock.tajnaveza.net\/fr\/wp-json\/wp\/v2\/product_tag?post=997"}],"curies":[{"name":"wp","href":"https:\/\/api.w.org\/{rel}","templated":true}]}}