{"id":998,"date":"2025-03-15T21:08:06","date_gmt":"2025-03-15T21:08:06","guid":{"rendered":"https:\/\/keysdock.com\/?post_type=product&#038;p=998"},"modified":"2026-02-16T05:49:37","modified_gmt":"2026-02-16T05:49:37","slug":"bitdefender-antivirus-plus-2025-1-appareil-1-an-licence","status":"publish","type":"product","link":"https:\/\/keysdock.tajnaveza.net\/fr\/produit\/bitdefender-antivirus-plus-2025-1-appareil-1-an-licence\/","title":{"rendered":"BitDefender Antivirus Plus 2025 |1 appareil - 1 an| Key Licence"},"content":{"rendered":"<p><strong>Achetez la cl\u00e9 de licence BitDefender Antivirus Plus 2025 pour 1 appareil (1 an) au meilleur prix. Protection de base.<\/strong><\/p>\n<h3><strong>Description<\/strong><\/h3>\n<p>Bitdefender Antivirus Plus est un <strong>solution de s\u00e9curit\u00e9 l\u00e9g\u00e8re, puissante et pilot\u00e9e par l'IA<\/strong> con\u00e7u pour <strong>Utilisateurs de Windows<\/strong> qui ont besoin <strong>protection en temps r\u00e9el contre les virus, les logiciels malveillants, les ransomwares, le phishing et les menaces en ligne<\/strong>. Il offre <strong>caract\u00e9ristiques de cybers\u00e9curit\u00e9 avanc\u00e9es<\/strong>, y compris <strong>une protection multicouche contre les ransomwares, un VPN s\u00e9curis\u00e9 et des outils anti-phishing<\/strong>tout en garantissant <strong>impact minimal sur les performances du syst\u00e8me<\/strong>.<\/p>\n<p>Avec <strong>d\u00e9tection automatique des menaces et s\u00e9curit\u00e9 web renforc\u00e9e<\/strong>Bitdefender Antivirus Plus est parfait pour <strong>utilisateurs quotidiens<\/strong> qui souhaitent une <strong>rapide, s\u00fbr et sans souci<\/strong> exp\u00e9rience informatique.<\/p>\n<h3><strong>Caract\u00e9ristiques principales<\/strong><\/h3>\n<p>\u2705 <strong>D\u00e9tection des menaces en temps r\u00e9el<\/strong> - Blocs <strong>les virus, chevaux de Troie, logiciels espions et logiciels malveillants avanc\u00e9s<\/strong> avant qu'ils n'infectent votre syst\u00e8me.<br \/>\n\u2705 <strong>Protection avanc\u00e9e contre les ransomwares<\/strong> - La d\u00e9fense multicouche pr\u00e9vient <strong>le cryptage des fichiers et les attaques de ransomware<\/strong>.<br \/>\n\u2705 <strong>Protection du Web et anti-hame\u00e7onnage<\/strong> - Blocs <strong>faux sites bancaires, escroqueries par hame\u00e7onnage et fraude en ligne<\/strong>.<br \/>\n\u2705 <strong>Bitdefender VPN (200MB\/Jour)<\/strong> - Cryptage de votre trafic internet pour <strong>navigation s\u00e9curis\u00e9e et priv\u00e9e<\/strong>.<br \/>\n\u2705 <strong>Anti-Tracker<\/strong> - Emp\u00eache les sites web de suivre votre comportement de navigation et de collecter des donn\u00e9es personnelles.<br \/>\n\u2705 <strong>S\u00e9curit\u00e9 de la banque en ligne (Safepay\u2122)<\/strong> - Prot\u00e8ge <strong>transactions financi\u00e8res et achats en ligne<\/strong> contre les cybermenaces.<br \/>\n\u2705 <strong>Mode sauvetage<\/strong> - \u00c9limine <strong>les logiciels malveillants tenaces, les rootkits et les infections du secteur d'amor\u00e7age<\/strong> en effectuant une analyse s\u00e9curis\u00e9e avant le d\u00e9marrage du syst\u00e8me.<br \/>\n\u2705 <strong>S\u00e9curit\u00e9 pilot\u00e9e par l'IA et l'autopilote<\/strong> - Automatiquement <strong>d\u00e9tecte et neutralise<\/strong> les menaces de s\u00e9curit\u00e9 sans intervention manuelle.<br \/>\n\u2705 <strong>Impact minimal sur le syst\u00e8me<\/strong> - <strong>Optimis\u00e9 pour la vitesse et la performance<\/strong>La technologie de l'ordinateur de bureau permet d'\u00e9viter les ralentissements pendant les jeux ou les activit\u00e9s multit\u00e2ches.<br \/>\n\u2705 <strong>D\u00e9fense multicouche contre les logiciels malveillants<\/strong> - Utilisations <strong>l'analyse heuristique, le balayage en nuage et la d\u00e9tection des comportements<\/strong> pour stopper les menaces de type \"zero-day\".<br \/>\n\u2705 <strong>Gestionnaire de mots de passe<\/strong> - Stockage s\u00e9curis\u00e9 et remplissage automatique <strong>identifiants de connexion<\/strong> pour tous vos comptes.<br \/>\n\u2705 <strong>Scanner de vuln\u00e9rabilit\u00e9<\/strong> - D\u00e9tecte <strong>les logiciels obsol\u00e8tes, les mots de passe faibles et les vuln\u00e9rabilit\u00e9s du syst\u00e8me<\/strong> avant qu'ils ne deviennent des risques pour la s\u00e9curit\u00e9.<\/p>\n<h3><strong>Configuration minimale requise<\/strong><\/h3>\n<ul>\n<li><strong>Processeur<\/strong>: Double c\u0153ur 1,6 GHz ou plus rapide<\/li>\n<li><strong>RAM<\/strong>: 2 Go au minimum<\/li>\n<li><strong>Stockage<\/strong>Espace disque disponible : 2,5 Go<\/li>\n<li><strong>Syst\u00e8me d'exploitation<\/strong>: Windows 11, Windows 10, Windows 8.1, Windows 7 (SP1)<\/li>\n<li><strong>Connexion Internet<\/strong>: N\u00e9cessaire pour l'activation, les mises \u00e0 jour et l'analyse bas\u00e9e sur le cloud.<\/li>\n<\/ul>\n<h3><strong>Pourquoi choisir Bitdefender Antivirus Plus ?<\/strong><\/h3>\n<p>\ud83d\udd39 <strong>Protection essentielle pour Windows<\/strong> - D\u00e9fend contre <strong>les virus, les logiciels espions, les logiciels ran\u00e7onneurs et les menaces en ligne<\/strong>.<br \/>\n\ud83d\udd39 <strong>Performance ultra-rapide<\/strong> - <strong>Moteur de s\u00e9curit\u00e9 l\u00e9ger<\/strong> qui ne ralentira pas votre PC.<br \/>\n\ud83d\udd39 <strong>Transactions en ligne s\u00e9curis\u00e9es<\/strong> - <strong>Safepay\u2122 et l'anti-phishing<\/strong> prot\u00e8gent les sessions de banque et d'achat.<br \/>\n\ud83d\udd39 <strong>VPN pour une navigation s\u00e9curis\u00e9e<\/strong> - Parcourir <strong>anonymement<\/strong> avec <strong>Bitdefender VPN (200MB\/jour inclus)<\/strong>.<br \/>\n\ud83d\udd39 <strong>Une s\u00e9curit\u00e9 \u00e0 toute \u00e9preuve<\/strong> - <strong>Mode autopilote automatique<\/strong> optimise les param\u00e8tres de s\u00e9curit\u00e9 pour une protection sans faille.<\/p>\n<p>Passer \u00e0 <strong>Bitdefender Antivirus Plus<\/strong> aujourd'hui et <strong>une protection rapide, intelligente et fiable pour votre PC Windows<\/strong>! \ud83d\ude80\ud83d\udee1\ufe0f\ud83d\udd12<\/p>","protected":false},"excerpt":{"rendered":"<p>Bitdefender Antivirus Plus \u2013 Essential Protection for Windows PCs Description Bitdefender Antivirus Plus is a lightweight, powerful, and AI-driven security solution designed for Windows users who need real-time protection against viruses, malware, ransomware, phishing, and online threats. It offers advanced cybersecurity features, including multi-layered ransomware protection, a secure VPN, and anti-phishing tools, all while ensuring [&hellip;]<\/p>","protected":false},"featured_media":1024,"comment_status":"open","ping_status":"closed","template":"","meta":{"_gspb_post_css":""},"product_brand":[],"product_cat":[76],"product_tag":[80],"class_list":{"0":"post-998","1":"product","2":"type-product","3":"status-publish","4":"has-post-thumbnail","6":"product_cat-antivirus","7":"product_tag-bitdefender","9":"first","10":"instock","11":"shipping-taxable","12":"product-type-external"},"_links":{"self":[{"href":"https:\/\/keysdock.tajnaveza.net\/fr\/wp-json\/wp\/v2\/product\/998","targetHints":{"allow":["GET"]}}],"collection":[{"href":"https:\/\/keysdock.tajnaveza.net\/fr\/wp-json\/wp\/v2\/product"}],"about":[{"href":"https:\/\/keysdock.tajnaveza.net\/fr\/wp-json\/wp\/v2\/types\/product"}],"replies":[{"embeddable":true,"href":"https:\/\/keysdock.tajnaveza.net\/fr\/wp-json\/wp\/v2\/comments?post=998"}],"wp:featuredmedia":[{"embeddable":true,"href":"https:\/\/keysdock.tajnaveza.net\/fr\/wp-json\/wp\/v2\/media\/1024"}],"wp:attachment":[{"href":"https:\/\/keysdock.tajnaveza.net\/fr\/wp-json\/wp\/v2\/media?parent=998"}],"wp:term":[{"taxonomy":"product_brand","embeddable":true,"href":"https:\/\/keysdock.tajnaveza.net\/fr\/wp-json\/wp\/v2\/product_brand?post=998"},{"taxonomy":"product_cat","embeddable":true,"href":"https:\/\/keysdock.tajnaveza.net\/fr\/wp-json\/wp\/v2\/product_cat?post=998"},{"taxonomy":"product_tag","embeddable":true,"href":"https:\/\/keysdock.tajnaveza.net\/fr\/wp-json\/wp\/v2\/product_tag?post=998"}],"curies":[{"name":"wp","href":"https:\/\/api.w.org\/{rel}","templated":true}]}}