{"id":1001,"date":"2025-03-15T21:08:06","date_gmt":"2025-03-15T21:08:06","guid":{"rendered":"https:\/\/keysdock.com\/?post_type=product&#038;p=1001"},"modified":"2025-10-19T07:35:20","modified_gmt":"2025-10-19T07:35:20","slug":"windows-server-2022-standard-key-licenca","status":"publish","type":"product","link":"https:\/\/keysdock.tajnaveza.net\/hr\/proizvod\/windows-server-2022-standard-key-licenca\/","title":{"rendered":"Windows Server 2022 Standard Product Key Licenca"},"content":{"rendered":"<p><strong>Kupi Windows Server 2022 Standard licencu  po najboljoj cijeni \u2013 trajna aktivacija zajam\u010dena.<\/strong><\/p>\n<h3><strong>Opis<\/strong><\/h3>\n<p>Windows Server 2022 Standard je a <strong>operativni sustav za poslu\u017eitelje visokih performansi, siguran i svestran<\/strong> dizajniran za mala i srednja poduze\u0107a i organizacije. Nudi se <strong>sna\u017ena sigurnost, mogu\u0107nosti hibridnog oblaka i pobolj\u0161ane performanse aplikacija<\/strong> dok pru\u017ea podr\u0161ku za <strong>virtualizacija, daljinski rad i integracija u oblak<\/strong>. Idealno za tvrtke koje tra\u017ee <strong>skalabilnost, pouzdanost i pobolj\u0161ana sigurnost<\/strong>, Windows Server 2022 Standard napravljen je za rukovanje <strong>modernim IT zahtjevima<\/strong> efikasno.<\/p>\n<h3><strong>Klju\u010dne zna\u010dajke<\/strong><\/h3>\n<p>\u2705 <strong>Pobolj\u0161ana sigurnost uz Secured-Core<\/strong> \u2013 Napredno <strong>Windows Defender ATP, Secure Boot i za\u0161tita firmvera<\/strong>.<br \/>\n\u2705 <strong>Pobolj\u0161ana virtualizacija<\/strong> \u2013 Podr\u017eava <strong>dva virtualna ra\u010dunala (VM)<\/strong> i <strong>jedan Hyper-V host<\/strong>.<br \/>\n\u2705 <strong>Podr\u0161ka za hibridni oblak<\/strong> \u2013 Besprijekorna integracija s <strong>Microsoft Azure<\/strong> za hibridne implementacije.<br \/>\n\u2705 <strong>Windows Admin Center<\/strong> \u2013 Centralizirano upravljanje temeljeno na webu za jednostavnu administraciju poslu\u017eitelja.<br \/>\n\u2705 <strong>Usluga migracije pohrane<\/strong> \u2013 Jednostavno premjestite poslu\u017eitelje i podatke iz starijih verzija.<br \/>\n\u2705 <strong>Bolje umre\u017eavanje s malim i srednjim poduze\u0107ima u odnosu na QUIC<\/strong> \u2013 Br\u017ei i sigurniji udaljeni pristup datotekama.<br \/>\n\u2705 <strong>Napredno upravljanje datotekama i pohranom<\/strong> \u2013 Podr\u017eava <strong>ReFS, Storage Spaces Direct (S2D) i deduplikacija<\/strong>.<br \/>\n\u2705 <strong>Failover Clustering &amp; Load Balancing<\/strong> \u2013 <strong>Minimizira vrijeme zastoja<\/strong> za poslovne aplikacije.<br \/>\n\u2705 <strong>Ugra\u0111eni Windows kontejneri<\/strong> \u2013 Vodite moderno <strong>aplikacije u kontejnerima<\/strong> kori\u0161tenjem <strong>Windows kontejneri i Kubernetes<\/strong>.<br \/>\n\u2705 <strong>Podr\u0161ka za usluge udaljene radne povr\u0161ine (RDS)<\/strong> \u2013 Siguran udaljeni pristup radnim stanicama s <strong>RDS CAL-ovi<\/strong>.<\/p>\n<h3><strong>Minimalni sistemski zahtjevi<\/strong><\/h3>\n<ul>\n<li><strong>Procesor<\/strong>: 1,4 GHz 64-bitni procesor sa <strong>x64 arhitektura<\/strong><\/li>\n<li><strong>OVAN<\/strong>: 2 GB (desktop iskustvo) \/ 512 MB (Server Core)<\/li>\n<li><strong>Skladi\u0161tenje<\/strong>: 36 GB minimalno slobodnog prostora<\/li>\n<li><strong>Grafika<\/strong>: DirectX 9 kompatibilan sa <strong>WDDM 1.0 drajver<\/strong><\/li>\n<li><strong>Prikaz<\/strong>: rezolucija 1024\u00d7768 ili ve\u0107a<\/li>\n<li><strong>Mre\u017ea<\/strong>: Gigabit Ethernet adapter<\/li>\n<li><strong>Firmware<\/strong>: UEFI 2.3.1c s mogu\u0107no\u0161\u0107u sigurnog pokretanja (preporu\u010deno)<\/li>\n<li><strong>Internetska veza<\/strong>: Potrebno za a\u017euriranja i aktivaciju<\/li>\n<\/ul>\n<h3><strong>Za\u0161to odabrati Windows Server 2022 Standard?<\/strong><\/h3>\n<p>\ud83d\udd39 <strong>Savr\u0161eno za mala i srednja poduze\u0107a<\/strong> \u2013 Skalabilan, isplativ i optimiziran za svakodnevna radna optere\u0107enja.<br \/>\n\ud83d\udd39 <strong>Jaka sigurnost i uskla\u0111enost<\/strong> \u2013 <strong>Secured-Core poslu\u017eitelj<\/strong> osigurava za\u0161titu od suvremenih prijetnji.<br \/>\n\ud83d\udd39 <strong>Infrastruktura spremna za oblak<\/strong> \u2013 <strong>Azure hibridne mogu\u0107nosti<\/strong> pro\u0161irite svoj poslu\u017eitelj na oblak.<br \/>\n\ud83d\udd39 <strong>Pouzdana podr\u0161ka za virtualizaciju<\/strong> \u2013 Dopu\u0161ta <strong>dva virtualna stroja<\/strong> za bolje upravljanje resursima.<br \/>\n\ud83d\udd39 <strong>Pobolj\u0161ano umre\u017eavanje i daljinski pristup<\/strong> \u2013 <strong>SMB preko QUIC i RDS<\/strong> omogu\u0107iti siguran rad na daljinu.<\/p>\n<p>Nadogradite na <strong>Windows Server 2022 Standard<\/strong> danas i <strong>osna\u017eite svoje poslovanje performansama, sigurno\u0161\u0107u i skalabilno\u0161\u0107u<\/strong>! \ud83c\udfe2\ud83d\udd12\u26a1<\/p>","protected":false},"excerpt":{"rendered":"<p>Windows Server 2022 Standard \u2013 Secure, Reliable, and Optimized for Business Workloads Description Windows Server 2022 Standard is a high-performance, secure, and versatile server operating system designed for small to medium-sized businesses and organizations. It offers robust security, hybrid cloud capabilities, and improved application performance while providing support for virtualization, remote work, and cloud integration. [&hellip;]<\/p>","protected":false},"featured_media":1027,"comment_status":"open","ping_status":"closed","template":"","meta":{"_gspb_post_css":""},"product_brand":[],"product_cat":[81],"product_tag":[82],"class_list":{"0":"post-1001","1":"product","2":"type-product","3":"status-publish","4":"has-post-thumbnail","6":"product_cat-server","7":"product_tag-server","9":"first","10":"instock","11":"shipping-taxable","12":"product-type-external"},"_links":{"self":[{"href":"https:\/\/keysdock.tajnaveza.net\/hr\/wp-json\/wp\/v2\/product\/1001","targetHints":{"allow":["GET"]}}],"collection":[{"href":"https:\/\/keysdock.tajnaveza.net\/hr\/wp-json\/wp\/v2\/product"}],"about":[{"href":"https:\/\/keysdock.tajnaveza.net\/hr\/wp-json\/wp\/v2\/types\/product"}],"replies":[{"embeddable":true,"href":"https:\/\/keysdock.tajnaveza.net\/hr\/wp-json\/wp\/v2\/comments?post=1001"}],"wp:featuredmedia":[{"embeddable":true,"href":"https:\/\/keysdock.tajnaveza.net\/hr\/wp-json\/wp\/v2\/media\/1027"}],"wp:attachment":[{"href":"https:\/\/keysdock.tajnaveza.net\/hr\/wp-json\/wp\/v2\/media?parent=1001"}],"wp:term":[{"taxonomy":"product_brand","embeddable":true,"href":"https:\/\/keysdock.tajnaveza.net\/hr\/wp-json\/wp\/v2\/product_brand?post=1001"},{"taxonomy":"product_cat","embeddable":true,"href":"https:\/\/keysdock.tajnaveza.net\/hr\/wp-json\/wp\/v2\/product_cat?post=1001"},{"taxonomy":"product_tag","embeddable":true,"href":"https:\/\/keysdock.tajnaveza.net\/hr\/wp-json\/wp\/v2\/product_tag?post=1001"}],"curies":[{"name":"wp","href":"https:\/\/api.w.org\/{rel}","templated":true}]}}