{"id":1002,"date":"2025-03-15T21:08:07","date_gmt":"2025-03-15T21:08:07","guid":{"rendered":"https:\/\/keysdock.com\/?post_type=product&#038;p=1002"},"modified":"2025-10-19T07:36:37","modified_gmt":"2025-10-19T07:36:37","slug":"windows-server-2022-datacenter-key-licenca","status":"publish","type":"product","link":"https:\/\/keysdock.tajnaveza.net\/hr\/proizvod\/windows-server-2022-datacenter-key-licenca\/","title":{"rendered":"Windows Server 2022 Datacenter Product Key Licenca"},"content":{"rendered":"<p><strong>Kupi Windows Server 2022 Datacenter licencu  po najboljoj cijeni \u2013 trajna aktivacija zajam\u010dena.<\/strong><\/p>\n<h3><strong>Opis<\/strong><\/h3>\n<p>Windows Server 2022 Datacenter je a <strong>visokih performansi, visoke sigurnosti i skalabilnosti<\/strong> poslu\u017eiteljski operativni sustav dizajniran za poduze\u0107a, podatkovne centre i tvrtke koje zahtijevaju <strong>napredna virtualizacija, integracija hibridnog oblaka i pobolj\u0161ana sigurnost<\/strong>. Izgra\u0111en za <strong>zahtjevna radna optere\u0107enja<\/strong>, nudi ovo izdanje <strong>neograni\u010dena prava virtualizacije<\/strong>, <strong>hiperkonvergentna infrastruktura (HCI)<\/strong> podr\u0161ka, i <strong>mogu\u0107nosti za rad u oblaku<\/strong> za osiguranje besprijekornog rada u modernim IT okru\u017eenjima.<\/p>\n<h3><strong>Klju\u010dne zna\u010dajke<\/strong><\/h3>\n<p>\u2705 <strong>Neograni\u010dena virtualizacija<\/strong> \u2013 Pokreni <strong>neograni\u010den broj virtualnih strojeva<\/strong> s Hyper-V.<br \/>\n\u2705 <strong>Azure hibridna integracija<\/strong> \u2013 Besprijekorno se pove\u017eite s lokalnim poslu\u017eiteljima <strong>Microsoft Azure<\/strong>.<br \/>\n\u2705 <strong>Napredna sigurnost uz Secured-Core poslu\u017eitelj<\/strong> \u2013 Uklju\u010duje <strong>Windows Defender ATP<\/strong>, <strong>osigurano dizanje<\/strong>, i <strong>firmware za\u0161tita<\/strong>.<br \/>\n\u2705 <strong>Hotpatching<\/strong> \u2013 Primijenite sigurnosna a\u017euriranja <strong>bez ponovnog pokretanja<\/strong>, smanjuju\u0107i vrijeme zastoja.<br \/>\n\u2705 <strong>Usluga migracije pohrane<\/strong> \u2013 <strong>Lako migrirajte<\/strong> poslu\u017eitelji datoteka iz <strong>starije verzije<\/strong> na Windows Server 2022.<br \/>\n\u2705 <strong>Softverski definirano umre\u017eavanje (SDN)<\/strong> \u2013 Napredno <strong>sigurnost mre\u017ee, performanse i automatizacija<\/strong>.<br \/>\n\u2705 <strong>Hyper-V i za\u0161ti\u0107eni virtualni strojevi<\/strong> \u2013 Za\u0161tititi <strong>VM radna optere\u0107enja<\/strong> protiv neovla\u0161tenog pristupa i diranja.<br \/>\n\u2705 <strong>Windows Admin Center<\/strong> \u2013 Centralizirano su\u010delje temeljeno na pregledniku za <strong>upravljanje poslu\u017eiteljem<\/strong>.<br \/>\n\u2705 <strong>Visoka dostupnost i oporavak od katastrofe<\/strong> \u2013 Ugra\u0111eni <strong>failover klasteriranje i replikacija<\/strong> za nesmetanu uslugu.<br \/>\n\u2705 <strong>Pobolj\u0161ana kontejnerizacija<\/strong> \u2013 Podr\u017eava <strong>Windows kontejneri i Kubernetes<\/strong> za aplikacije izvorne u oblaku.<br \/>\n\u2705 <strong>Pobolj\u0161ana pohrana datoteka i deduplikacija<\/strong> \u2013 U\u010dinkovito upravljanje pohranom s <strong>ReFS i Storage Spaces Direct (S2D)<\/strong>.<\/p>\n<h3><strong>Minimalni sistemski zahtjevi<\/strong><\/h3>\n<ul>\n<li><strong>Procesor<\/strong>: 1,4 GHz 64-bitni procesor sa <strong>x64 arhitektura<\/strong><\/li>\n<li><strong>OVAN<\/strong>: 2 GB (desktop iskustvo) \/ 512 MB (Server Core)<\/li>\n<li><strong>Skladi\u0161tenje<\/strong>: 36 GB minimalno slobodnog prostora<\/li>\n<li><strong>Grafika<\/strong>: DirectX 9 kompatibilan sa <strong>WDDM 1.0 drajver<\/strong><\/li>\n<li><strong>Prikaz<\/strong>: rezolucija 1024\u00d7768 ili ve\u0107a<\/li>\n<li><strong>Mre\u017ea<\/strong>: Gigabit Ethernet adapter<\/li>\n<li><strong>Firmware<\/strong>: UEFI 2.3.1c s mogu\u0107no\u0161\u0107u sigurnog pokretanja (preporu\u010deno)<\/li>\n<li><strong>Internetska veza<\/strong>: Potrebno za a\u017euriranja i aktivaciju<\/li>\n<\/ul>\n<h3><strong>Za\u0161to odabrati Windows Server 2022 Datacenter?<\/strong><\/h3>\n<p>\ud83d\udd39 <strong>Najbolje za poduze\u0107a i podatkovne centre<\/strong> \u2013 Dizajniran za <strong>radna optere\u0107enja visokih performansi<\/strong> i <strong>okru\u017eenja s velikim brojem virtualizacija<\/strong>.<br \/>\n\ud83d\udd39 <strong>Neograni\u010dena prava na virtualizaciju<\/strong> \u2013 The <strong>Datacenter izdanje<\/strong> dopu\u0161ta <strong>neograni\u010den<\/strong> VM, \u0161to ga \u010dini isplativim za operacije velikih razmjera.<br \/>\n\ud83d\udd39 <strong>Sigurnost sljede\u0107e razine<\/strong> \u2013 <strong>Secured-Core<\/strong> za\u0161tita, <strong>Windows Defender<\/strong>, i <strong>Napredna za\u0161tita od prijetnji (ATP)<\/strong>.<br \/>\n\ud83d\udd39 <strong>Spremno za hibridni oblak<\/strong> \u2013 <strong>Azure integracija<\/strong> za skalabilnost oblaka i hibridnu infrastrukturu.<br \/>\n\ud83d\udd39 <strong>Visoka dostupnost i kontinuitet poslovanja<\/strong> \u2013 <strong>Failover clustering, replikacija i SDN<\/strong> osigurati minimalno vrijeme zastoja.<\/p>\n<p>Nadogradite na <strong>Windows Server 2022 Datacenter<\/strong> danas i iskustvo <strong>sigurnost, performanse i skalabilnost bez premca<\/strong> za moderna IT optere\u0107enja! \ud83c\udfe2\ud83d\udd12\u26a1<\/p>","protected":false},"excerpt":{"rendered":"<p>Windows Server 2022 Datacenter \u2013 The Ultimate Enterprise-Grade Server Solution Description Windows Server 2022 Datacenter is a high-performance, highly secure, and scalable server operating system designed for enterprises, data centers, and businesses requiring advanced virtualization, hybrid cloud integration, and enhanced security. Built for high-demand workloads, this edition provides unlimited virtualization rights, hyper-converged infrastructure (HCI) support, [&hellip;]<\/p>","protected":false},"featured_media":1028,"comment_status":"open","ping_status":"closed","template":"","meta":{"_gspb_post_css":""},"product_brand":[],"product_cat":[81],"product_tag":[82],"class_list":{"0":"post-1002","1":"product","2":"type-product","3":"status-publish","4":"has-post-thumbnail","6":"product_cat-server","7":"product_tag-server","9":"first","10":"instock","11":"shipping-taxable","12":"product-type-external"},"_links":{"self":[{"href":"https:\/\/keysdock.tajnaveza.net\/hr\/wp-json\/wp\/v2\/product\/1002","targetHints":{"allow":["GET"]}}],"collection":[{"href":"https:\/\/keysdock.tajnaveza.net\/hr\/wp-json\/wp\/v2\/product"}],"about":[{"href":"https:\/\/keysdock.tajnaveza.net\/hr\/wp-json\/wp\/v2\/types\/product"}],"replies":[{"embeddable":true,"href":"https:\/\/keysdock.tajnaveza.net\/hr\/wp-json\/wp\/v2\/comments?post=1002"}],"wp:featuredmedia":[{"embeddable":true,"href":"https:\/\/keysdock.tajnaveza.net\/hr\/wp-json\/wp\/v2\/media\/1028"}],"wp:attachment":[{"href":"https:\/\/keysdock.tajnaveza.net\/hr\/wp-json\/wp\/v2\/media?parent=1002"}],"wp:term":[{"taxonomy":"product_brand","embeddable":true,"href":"https:\/\/keysdock.tajnaveza.net\/hr\/wp-json\/wp\/v2\/product_brand?post=1002"},{"taxonomy":"product_cat","embeddable":true,"href":"https:\/\/keysdock.tajnaveza.net\/hr\/wp-json\/wp\/v2\/product_cat?post=1002"},{"taxonomy":"product_tag","embeddable":true,"href":"https:\/\/keysdock.tajnaveza.net\/hr\/wp-json\/wp\/v2\/product_tag?post=1002"}],"curies":[{"name":"wp","href":"https:\/\/api.w.org\/{rel}","templated":true}]}}