{"id":939,"date":"2025-03-15T21:07:21","date_gmt":"2025-03-15T21:07:21","guid":{"rendered":"https:\/\/keysdock.com\/?post_type=product&#038;p=939"},"modified":"2025-10-19T07:31:16","modified_gmt":"2025-10-19T07:31:16","slug":"windows-11-enterprise-key-licenca","status":"publish","type":"product","link":"https:\/\/keysdock.tajnaveza.net\/hr\/proizvod\/windows-11-enterprise-key-licenca\/","title":{"rendered":"Windows 11 Enterprise Product Key Licenca"},"content":{"rendered":"<p><strong>Kupi Windows 11 Enterprise licencu (retail &amp; OEM) po najboljoj cijeni \u2013 trajna aktivacija zajam\u010dena.<\/strong><\/p>\n<h3><strong>Opis<\/strong><\/h3>\n<p>Windows 11 Enterprise je a <strong>sna\u017ean, siguran i skalabilan<\/strong> operativni sustav dizajniran za tvrtke, korporacije i IT profesionalce kojima je potrebna <strong>napredna sigurnost, daljinsko upravljanje i performanse na razini poduze\u0107a<\/strong>. Windows 11 Enterprise pru\u017ea zna\u010dajke prilago\u0111ene za \u0161iroku implementaciju <strong>sna\u017ena sigurnost, pojednostavljeno upravljanje i fleksibilna integracija u oblak<\/strong> kako bi va\u0161a organizacija bila produktivna i za\u0161ti\u0107ena od modernih cyber prijetnji.<\/p>\n<h3><strong>Klju\u010dne zna\u010dajke<\/strong><\/h3>\n<p>\u2705 <strong>Sigurnost i uskla\u0111enost na nivou poduze\u0107a<\/strong> \u2013 Uklju\u010duje <strong>Windows Defender Advanced Threat Protection (ATP)<\/strong>, <strong>BitLocker enkripcija<\/strong>, i <strong>Sigurnosni okvir Zero Trust<\/strong>.<br \/>\n\u2705 <strong>Windows Autopilot &amp; Cloud Deployment<\/strong> \u2013 Automatizirajte postavljanje i implementaciju ure\u0111aja s <strong>IT upravljanje temeljeno na oblaku<\/strong>.<br \/>\n\u2705 <strong>Dugoro\u010dni servisni kanal (LTSC)<\/strong> \u2013 Smanjite prekide a\u017euriranja uz odr\u017eavanje sigurnosti i stabilnosti.<br \/>\n\u2705 <strong>Microsoft Defender za krajnju to\u010dku<\/strong> \u2013 Sigurnost na razini poduze\u0107a protiv <strong>ransomware, malware i cyber prijetnje<\/strong>.<br \/>\n\u2705 <strong>Azure Active Directory i pravila grupe<\/strong> \u2013 <strong>Besprijekorno upravljanje identitetom i pristupom<\/strong> za IT administratore.<br \/>\n\u2705 <strong>Windows virtualna radna povr\u0161ina i rad na daljinu<\/strong> \u2013 Upravljajte radnim stanicama na daljinu s <strong>ugra\u0111ene usluge udaljene radne povr\u0161ine (RDS)<\/strong>.<br \/>\n\u2705 <strong>Windows Sandbox &amp; Hyper-V<\/strong> \u2013 Pokretanje aplikacija i virtualnih strojeva u <strong>izolirano, sigurno<\/strong> okru\u017eenje.<br \/>\n\u2705 <strong>DirectAccess &amp; Always-On VPN<\/strong> \u2013 <strong>Sigurne daljinske veze<\/strong> za zaposlenike koji rade izvan ureda.<br \/>\n\u2705 <strong>Poslovni na\u010din rada za naslije\u0111ene aplikacije<\/strong> \u2013 Osigurava <strong>kompatibilnost sa starijim poslovnim aplikacijama<\/strong>.<br \/>\n\u2705 <strong>Napredna kontrola ure\u0111aja i aplikacija<\/strong> \u2013 Provo\u0111enje sigurnosnih politika i <strong>kontrolirati pristup ure\u0111aju<\/strong> u cijeloj organizaciji.<br \/>\n\u2705 <strong>Windows Update za tvrtke<\/strong> \u2013 <strong>Kontrolirajte a\u017euriranja i pravila implementacije<\/strong> kako biste izbjegli zastoje.<\/p>\n<h3><strong>Minimalni sistemski zahtjevi<\/strong><\/h3>\n<ul>\n<li><strong>Procesor<\/strong>: 1 GHz ili br\u017ei s 2+ jezgre na kompatibilnom 64-bitnom procesoru ili sustavu na \u010dipu (SoC)<\/li>\n<li><strong>OVAN<\/strong>: 4 GB (minimalno)<\/li>\n<li><strong>Skladi\u0161tenje<\/strong>: 64 GB (minimalni slobodni prostor)<\/li>\n<li><strong>Grafika<\/strong>: DirectX 12 kompatibilan s WDDM 2.0 upravlja\u010dkim programom<\/li>\n<li><strong>Prikaz<\/strong>: 720p rezolucija, 9&quot; ili ve\u0107i zaslon<\/li>\n<li><strong>TPM<\/strong>: Potreban je Trusted Platform Module (TPM) verzija 2.0<\/li>\n<li><strong>Sigurno pokretanje i UEFI firmware<\/strong>: Potrebno za naprednu sigurnost<\/li>\n<li><strong>Internetska veza<\/strong>: Potrebno za aktivaciju, a\u017euriranja i Microsoftove usluge u oblaku<\/li>\n<\/ul>\n<h3><strong>Za\u0161to odabrati Windows 11 Enterprise?<\/strong><\/h3>\n<p>\ud83d\udd39 <strong>Dizajniran za velike tvrtke i IT profesionalce<\/strong> \u2013 Na razini poduze\u0107a <strong>sigurnost, upravljanje i skalabilnost<\/strong>.<br \/>\n\ud83d\udd39 <strong>Sigurnost najbolja u klasi<\/strong> \u2013 \u0160titi osjetljive poslovne podatke s <strong>BitLocker, sigurno pokretanje i napredna za\u0161tita od prijetnji<\/strong>.<br \/>\n\ud83d\udd39 <strong>Optimizacija rada u oblaku i hibridu<\/strong> \u2013 Potpuna integracija sa <strong>Microsoft 365, Azure i IT upravljanje temeljeno na oblaku<\/strong>.<br \/>\n\ud83d\udd39 <strong>Fleksibilna i skalabilna implementacija<\/strong> \u2013 Jednostavno postavljanje i <strong>upravljati s vi\u0161e ure\u0111aja<\/strong> s <strong>Autopilot i grupna pravila<\/strong>.<br \/>\n\ud83d\udd39 <strong>Izgra\u0111eno za budu\u0107nost<\/strong> \u2013 <strong>Mogu\u0107nosti sigurnosti, uskla\u0111enosti i rada na daljinu na nivou poduze\u0107a<\/strong>.<\/p>\n<p>Nadogradite na <strong>Windows 11 Enterprise<\/strong> za ve\u0107inu <strong>siguran, u\u010dinkovit i skalabilan<\/strong> poslovno ra\u010dunalno iskustvo! \ud83c\udfe2\ud83d\udd12\ud83d\ude80<\/p>","protected":false},"excerpt":{"rendered":"<p>Windows 11 Enterprise \u2013 The Ultimate Business-Grade Operating System Description Windows 11 Enterprise is a powerful, secure, and scalable operating system designed for businesses, corporations, and IT professionals who require advanced security, remote management, and enterprise-level performance. With features tailored for large-scale deployment, Windows 11 Enterprise provides robust security, streamlined management, and flexible cloud integration [&hellip;]<\/p>","protected":false},"featured_media":958,"comment_status":"open","ping_status":"closed","template":"","meta":{"_gspb_post_css":""},"product_brand":[],"product_cat":[56],"product_tag":[60],"class_list":{"0":"post-939","1":"product","2":"type-product","3":"status-publish","4":"has-post-thumbnail","6":"product_cat-operating-system","7":"product_tag-windows-11","9":"first","10":"instock","11":"shipping-taxable","12":"product-type-external"},"_links":{"self":[{"href":"https:\/\/keysdock.tajnaveza.net\/hr\/wp-json\/wp\/v2\/product\/939","targetHints":{"allow":["GET"]}}],"collection":[{"href":"https:\/\/keysdock.tajnaveza.net\/hr\/wp-json\/wp\/v2\/product"}],"about":[{"href":"https:\/\/keysdock.tajnaveza.net\/hr\/wp-json\/wp\/v2\/types\/product"}],"replies":[{"embeddable":true,"href":"https:\/\/keysdock.tajnaveza.net\/hr\/wp-json\/wp\/v2\/comments?post=939"}],"wp:featuredmedia":[{"embeddable":true,"href":"https:\/\/keysdock.tajnaveza.net\/hr\/wp-json\/wp\/v2\/media\/958"}],"wp:attachment":[{"href":"https:\/\/keysdock.tajnaveza.net\/hr\/wp-json\/wp\/v2\/media?parent=939"}],"wp:term":[{"taxonomy":"product_brand","embeddable":true,"href":"https:\/\/keysdock.tajnaveza.net\/hr\/wp-json\/wp\/v2\/product_brand?post=939"},{"taxonomy":"product_cat","embeddable":true,"href":"https:\/\/keysdock.tajnaveza.net\/hr\/wp-json\/wp\/v2\/product_cat?post=939"},{"taxonomy":"product_tag","embeddable":true,"href":"https:\/\/keysdock.tajnaveza.net\/hr\/wp-json\/wp\/v2\/product_tag?post=939"}],"curies":[{"name":"wp","href":"https:\/\/api.w.org\/{rel}","templated":true}]}}