{"id":941,"date":"2025-03-15T21:07:21","date_gmt":"2025-03-15T21:07:21","guid":{"rendered":"https:\/\/keysdock.com\/?post_type=product&#038;p=941"},"modified":"2025-10-19T07:30:36","modified_gmt":"2025-10-19T07:30:36","slug":"office-2016-professional-plus-key-licenca","status":"publish","type":"product","link":"https:\/\/keysdock.tajnaveza.net\/hr\/proizvod\/office-2016-professional-plus-key-licenca\/","title":{"rendered":"Office 2016 Professional Plus Product Key Licenca"},"content":{"rendered":"<p><strong>Microsoft Office 2016 Professional Plus \u2013 mo\u0107an paket za produktivnost za tvrtke i profesionalce<\/strong><\/p>\n<h3><strong>Opis<\/strong><\/h3>\n<p>Microsoft Office 2016 Professional Plus je a <strong>sveobuhvatan i u\u010dinkovit paket za produktivnost<\/strong> dizajniran za <strong>tvrtke, profesionalci i napredni korisnici<\/strong> koji trebaju <strong>robusno stvaranje dokumenata, upravljanje podacima i komunikacijski alati<\/strong>. S <strong>pobolj\u0161ane zna\u010dajke suradnje, integracija u oblak i pobolj\u0161ana sigurnost<\/strong>, Office 2016 Professional Plus poma\u017ee pojednostaviti tijekove rada i pove\u0107ati u\u010dinkovitost u timovima i organizacijama.<\/p>\n<h3><strong>Uklju\u010dene aplikacije<\/strong><\/h3>\n<ul>\n<li><strong>Word 2016<\/strong> \u2013 Napredna obrada teksta s novim alatima za suradnju.<\/li>\n<li><strong>Excel 2016<\/strong> \u2013 Pobolj\u0161ane mogu\u0107nosti prora\u010dunskih tablica s <strong>Power Query, Power Pivot i nove vrste grafikona<\/strong>.<\/li>\n<li><strong>PowerPoint 2016<\/strong> \u2013 Profesionalna izrada prezentacija sa <strong>Morph prijelaz i zna\u010dajka dizajnera<\/strong>.<\/li>\n<li><strong>Outlook 2016<\/strong> \u2013 Pobolj\u0161ano upravljanje e-po\u0161tom i kalendarom s <strong>fokusirani inbox i br\u017ee pretra\u017eivanje<\/strong>.<\/li>\n<li><strong>Pristup 2016<\/strong> \u2013 Upravljanje bazom podataka za pra\u0107enje, analizu i izvje\u0161\u0107ivanje podataka.<\/li>\n<li><strong>Izdava\u010d 2016<\/strong> \u2013 Dizajnirajte marketin\u0161ke materijale i publikacije profesionalne kvalitete.<\/li>\n<li><strong>OneNote 2016<\/strong> \u2013 Digitalno bilje\u017eenje sa <strong>sinkronizacija u oblaku na vi\u0161e ure\u0111aja<\/strong>.<\/li>\n<li><strong>Skype za posao<\/strong> \u2013 Integrirana komunikacija za video pozive, slanje poruka i online sastanke.<\/li>\n<\/ul>\n<h3><strong>Klju\u010dne zna\u010dajke<\/strong><\/h3>\n<p>\u2705 <strong>Pobolj\u0161ana suradnja<\/strong> \u2013 <strong>Koautorstvo u stvarnom vremenu<\/strong> u Wordu, PowerPointu i OneNoteu.<br \/>\n\u2705 <strong>Integracija u oblak<\/strong> \u2013 Besprijekorno povezivanje s <strong>Usluge OneDrive, SharePoint i Microsoft 365<\/strong>.<br \/>\n\u2705 <strong>Pobolj\u0161ana analiza podataka u Excelu<\/strong> \u2013 Nove funkcije, grafikoni i alati za vizualizaciju podataka.<br \/>\n\u2705 <strong>Bolje upravljanje e-po\u0161tom u programu Outlook<\/strong> \u2013 <strong>Fokusirana ulazna po\u0161ta, pametniji privici i pobolj\u0161ano filtriranje<\/strong>.<br \/>\n\u2705 <strong>Pametno tra\u017eenje<\/strong> \u2013 Integrirano <strong>Istra\u017eiva\u010dki alat koji pokre\u0107e Bing<\/strong> za brzo pronala\u017eenje informacija.<br \/>\n\u2705 <strong>Zna\u010dajka Reci mi<\/strong> \u2013 A <strong>ugra\u0111eni pomo\u0107nik za pomo\u0107<\/strong> za br\u017ee pronala\u017eenje zna\u010dajki.<br \/>\n\u2705 <strong>Pobolj\u0161ana sigurnost i uskla\u0111enost<\/strong> \u2013 <strong>Sprje\u010davanje gubitka podataka (DLP)<\/strong> i <strong>provjera autenti\u010dnosti s vi\u0161e faktora<\/strong> za pove\u0107anu sigurnost.<br \/>\n\u2705 <strong>Prilagodljiva vrpca i su\u010delje<\/strong> \u2013 Lako personalizirajte alatne trake i naredbe za bolju u\u010dinkovitost tijeka rada.<br \/>\n\u2705 <strong>Jednokratna kupnja<\/strong> \u2013 Nije potrebna pretplata, \u0161to ga \u010dini a <strong>isplativo rje\u0161enje<\/strong> za poduze\u0107a.<\/p>\n<h3><strong>Minimalni sistemski zahtjevi<\/strong><\/h3>\n<ul>\n<li><strong>Procesor<\/strong>: 1 GHz ili br\u017ei, x86 ili x64-bitni procesor sa SSE2 skupom instrukcija<\/li>\n<li><strong>OVAN<\/strong>: 2 GB (32-bit) \/ 4 GB (64-bit)<\/li>\n<li><strong>Skladi\u0161tenje<\/strong>: 3 GB dostupnog prostora na disku<\/li>\n<li><strong>Prikaz<\/strong>: rezolucija 1280\u00d7800 ili ve\u0107a<\/li>\n<li><strong>Operativni Sustavi<\/strong>: Windows 7, Windows 8, Windows 8.1, Windows 10, Windows Server 2008 R2, Windows Server 2012<\/li>\n<li><strong>Grafika<\/strong>: Preporu\u010duje se GPU kompatibilan s DirectX 10<\/li>\n<li><strong>Internetska veza<\/strong>: Potrebno za aktivaciju, a\u017euriranja i online usluge<\/li>\n<\/ul>\n<h3><strong>Za\u0161to odabrati Microsoft Office 2016 Professional Plus?<\/strong><\/h3>\n<p>\ud83d\udd39 <strong>Savr\u0161eno za tvrtke i profesionalce<\/strong> \u2013 Alati bogati zna\u010dajkama za izradu dokumenata, upravljanje podacima i komunikaciju.<br \/>\n\ud83d\udd39 <strong>Stabilan i pouzdan<\/strong> \u2013 Dokazana izvedba s dugotrajnom podr\u0161kom i sigurnosnim a\u017euriranjima.<br \/>\n\ud83d\udd39 <strong>Besprijekoran oblak i suradnja<\/strong> \u2013 Pove\u017eite se sa <strong>OneDrive, SharePoint i Skype za posao<\/strong>.<br \/>\n\ud83d\udd39 <strong>Napredno upravljanje podacima i e-po\u0161tom<\/strong> \u2013 <strong>Excelov Power Query, Power Pivot i pametnije filtriranje Outlooka<\/strong>.<br \/>\n\ud83d\udd39 <strong>Jednokratna kupnja<\/strong> \u2013 Nema ponavljaju\u0107ih naknada, nudi dugoro\u010dnu vrijednost za tvrtke.<\/p>\n<p>Nadogradite na <strong>Microsoft Office 2016 Professional Plus<\/strong> danas i <strong>pove\u0107ajte svoju produktivnost uz napredno upravljanje dokumentima, suradnju i sigurnosne zna\u010dajke<\/strong>! \ud83d\ude80\ud83d\udcca\ud83d\udce7<\/p>","protected":false},"excerpt":{"rendered":"<p>Microsoft Office 2016 Professional Plus \u2013 Powerful Productivity Suite for Businesses &amp; Professionals Description Microsoft Office 2016 Professional Plus is a comprehensive and efficient productivity suite designed for businesses, professionals, and power users who need robust document creation, data management, and communication tools. With enhanced collaboration features, cloud integration, and improved security, Office 2016 Professional [&hellip;]<\/p>","protected":false},"featured_media":1079,"comment_status":"open","ping_status":"closed","template":"","meta":{"_gspb_post_css":""},"product_brand":[],"product_cat":[62],"product_tag":[63],"class_list":{"0":"post-941","1":"product","2":"type-product","3":"status-publish","4":"has-post-thumbnail","6":"product_cat-office","7":"product_tag-office-pc","9":"first","10":"instock","11":"shipping-taxable","12":"product-type-external"},"_links":{"self":[{"href":"https:\/\/keysdock.tajnaveza.net\/hr\/wp-json\/wp\/v2\/product\/941","targetHints":{"allow":["GET"]}}],"collection":[{"href":"https:\/\/keysdock.tajnaveza.net\/hr\/wp-json\/wp\/v2\/product"}],"about":[{"href":"https:\/\/keysdock.tajnaveza.net\/hr\/wp-json\/wp\/v2\/types\/product"}],"replies":[{"embeddable":true,"href":"https:\/\/keysdock.tajnaveza.net\/hr\/wp-json\/wp\/v2\/comments?post=941"}],"wp:featuredmedia":[{"embeddable":true,"href":"https:\/\/keysdock.tajnaveza.net\/hr\/wp-json\/wp\/v2\/media\/1079"}],"wp:attachment":[{"href":"https:\/\/keysdock.tajnaveza.net\/hr\/wp-json\/wp\/v2\/media?parent=941"}],"wp:term":[{"taxonomy":"product_brand","embeddable":true,"href":"https:\/\/keysdock.tajnaveza.net\/hr\/wp-json\/wp\/v2\/product_brand?post=941"},{"taxonomy":"product_cat","embeddable":true,"href":"https:\/\/keysdock.tajnaveza.net\/hr\/wp-json\/wp\/v2\/product_cat?post=941"},{"taxonomy":"product_tag","embeddable":true,"href":"https:\/\/keysdock.tajnaveza.net\/hr\/wp-json\/wp\/v2\/product_tag?post=941"}],"curies":[{"name":"wp","href":"https:\/\/api.w.org\/{rel}","templated":true}]}}