{"id":944,"date":"2025-03-15T21:07:21","date_gmt":"2025-03-15T21:07:21","guid":{"rendered":"https:\/\/keysdock.com\/?post_type=product&#038;p=944"},"modified":"2025-10-19T07:30:19","modified_gmt":"2025-10-19T07:30:19","slug":"office-2016-home-business-mac-key-licenca","status":"publish","type":"product","link":"https:\/\/keysdock.tajnaveza.net\/hr\/proizvod\/office-2016-home-business-mac-key-licenca\/","title":{"rendered":"Office 2016 Home &#038; Business MAC Product Key Lifetime License"},"content":{"rendered":"<div class=\"woocommerce-tabs wc-tabs-wrapper\">\n<div id=\"tab-description\" class=\"woocommerce-Tabs-panel woocommerce-Tabs-panel--description panel entry-content wc-tab\" role=\"tabpanel\" aria-labelledby=\"tab-title-description\">\n<div class=\"vc_row wpb_row vc_row-fluid\">\n<div class=\"wpb_column vc_column_container vc_col-sm-12\">\n<div class=\"vc_column-inner\">\n<div class=\"wpb_wrapper\">\n<div class=\"wpb_text_column wpb_content_element\">\n<div class=\"wpb_wrapper\"><\/div>\n<\/div>\n<\/div>\n<\/div>\n<\/div>\n<\/div>\n<\/div>\n<\/div>\n<div id=\"judgeme_product_reviews\" class=\"jdgm-widget jdgm-review-widget jdgm--done-setup-widget\" data-product-title=\"Microsoft Office 2016 Home &amp; Business for MAC Bind\" data-id=\"2274\" data-widget-name=\"review_widget\" data-impressions-tracked=\"true\" data-views-tracked=\"true\">\n<div class=\"jdgm-rev-widg\" data-updated-at=\"2025-02-10T10:37:55Z\" data-average-rating=\"4.78\" data-number-of-reviews=\"36\" data-number-of-questions=\"0\">\n<div class=\"jdgm-rev-widg__header\">\n<p><strong>Microsoft Office 2016 Home &amp; Business za Mac \u2013 osnovni proizvodni paket za profesionalce<\/strong><\/p>\n<h3><strong>Opis<\/strong><\/h3>\n<p>Microsoft Office 2016 Home &amp; Business za Mac je a <strong>mo\u0107an i svestran paket za produktivnost<\/strong> dizajniran za <strong>profesionalci, mala poduze\u0107a i ku\u0107ni korisnici<\/strong> koji trebaju osnovne Officeove aplikacije za izradu dokumenata, komunikaciju i upravljanje podacima. Optimizirano za <strong>macOS<\/strong>, ovo izdanje nudi poznato, ali moderno su\u010delje, <strong>besprijekorna integracija s Appleovim ekosustavom<\/strong>, i pobolj\u0161ano <strong>povezivanje s oblakom<\/strong> za produktivniji tijek rada.<\/p>\n<h3><strong>Uklju\u010dene aplikacije<\/strong><\/h3>\n<ul>\n<li><strong>Word 2016 za Mac<\/strong> \u2013 Napredna obrada teksta s profesionalnim alatima za oblikovanje i ure\u0111ivanje.<\/li>\n<li><strong>Excel 2016 za Mac<\/strong> \u2013 Sna\u017eno upravljanje prora\u010dunskim tablicama s novim vrstama grafikona i formulama.<\/li>\n<li><strong>PowerPoint 2016 za Mac<\/strong> \u2013 Stvorite zapanjuju\u0107e prezentacije s prijelazima slajdova i alatima za dizajn.<\/li>\n<li><strong>Outlook 2016 za Mac<\/strong> \u2013 U\u010dinkovito upravljajte e-po\u0161tom, kalendarima i kontaktima.<\/li>\n<li><strong>OneNote 2016 za Mac<\/strong> \u2013 Digitalno bilje\u017eenje i organizacija uz sinkronizaciju u oblaku na svim ure\u0111ajima.<\/li>\n<\/ul>\n<h3><strong>Klju\u010dne zna\u010dajke<\/strong><\/h3>\n<p>\u2705 <strong>Optimizirano za macOS<\/strong> \u2013 Izvorna podr\u0161ka za <strong>Mac Retina zaslon<\/strong>, Prikaz preko cijelog zaslona i Multi-Touch geste.<br \/>\n\u2705 <strong>Besprijekorna integracija u oblak<\/strong> \u2013 Spremite dokumente i pristupite im u bilo koje vrijeme <strong>OneDrive i SharePoint<\/strong> podr\u0161ka.<br \/>\n\u2705 <strong>Pobolj\u0161ana suradnja<\/strong> \u2013 Koautorstvo u stvarnom vremenu <strong>Word, Excel i PowerPoint<\/strong> za timsku produktivnost.<br \/>\n\u2705 <strong>Pobolj\u0161ane Outlook zna\u010dajke<\/strong> \u2013 <strong>Bolje upravljanje e-po\u0161tom, zakazivanje i fokusirana pristigla po\u0161ta<\/strong>.<br \/>\n\u2705 <strong>Analiza podataka u Excelu<\/strong> \u2013 Novo <strong>Reza\u010di zaokretne tablice, grafikoni i alati za formule<\/strong> za bolje uvide.<br \/>\n\u2705 <strong>Alat za pametno tra\u017eenje i istra\u017eivanje<\/strong> \u2013 Brzo prona\u0111ite relevantne informacije izravno iz dokumenata.<br \/>\n\u2705 <strong>Novo su\u010delje trake<\/strong> \u2013 Pojednostavljen izgled alatne trake za bolju navigaciju i u\u010dinkovitost.<br \/>\n\u2705 <strong>Automatsko spremanje i povijest verzija<\/strong> \u2013 Automatsko spremanje i vra\u0107anje prethodnih verzija datoteka.<br \/>\n\u2705 <strong>Jednokratna kupnja<\/strong> \u2013 Trajna dozvola sa <strong>nema pretplate<\/strong>.<\/p>\n<h3><strong>Minimalni sistemski zahtjevi<\/strong><\/h3>\n<ul>\n<li><strong>Procesor<\/strong>: Mac procesor temeljen na Intelu<\/li>\n<li><strong>OVAN<\/strong>: 4 GB ili vi\u0161e<\/li>\n<li><strong>Skladi\u0161tenje<\/strong>: 6 GB dostupnog prostora na disku<\/li>\n<li><strong>Prikaz<\/strong>: rezolucija 1280\u00d7800 ili ve\u0107a<\/li>\n<li><strong>Operativni Sustavi<\/strong>: macOS 10.10 (Yosemite) ili noviji<\/li>\n<li><strong>Internetska veza<\/strong>: Potrebno za aktivaciju, a\u017euriranja i zna\u010dajke oblaka<\/li>\n<\/ul>\n<h3><strong>Za\u0161to odabrati Microsoft Office 2016 Home &amp; Business za Mac?<\/strong><\/h3>\n<p>\ud83d\udd39 <strong>Idealno za dom i mala poduze\u0107a<\/strong> \u2013 Profesionalni paket za <strong>stvaranje dokumenata, upravljanje podacima i komunikacija<\/strong>.<br \/>\n\ud83d\udd39 <strong>Besprijekorna Mac integracija<\/strong> \u2013 Dizajniran za rad <strong>besprijekorno s Appleovim ekosustavom<\/strong> i zna\u010dajke macOS-a.<br \/>\n\ud83d\udd39 <strong>Pobolj\u0161ana suradnja i pristup oblaku<\/strong> \u2013 Radite na vi\u0161e ure\u0111aja s <strong>Podr\u0161ka za OneDrive i SharePoint<\/strong>.<br \/>\n\ud83d\udd39 <strong>Jednokratna kupnja, bez pretplate<\/strong> \u2013 Vlastiti Office 2016 za Mac <strong>zauvijek bez ponavljaju\u0107ih tro\u0161kova<\/strong>.<br \/>\n\ud83d\udd39 <strong>Pouzdan i siguran<\/strong> \u2013 \u010cuvajte svoje datoteke i komunikaciju na sigurnom <strong>redovita sigurnosna a\u017euriranja<\/strong>.<\/p>\n<p>Nadogradite na <strong>Microsoft Office 2016 Home &amp; Business za Mac<\/strong> danas i <strong>pobolj\u0161ajte svoju produktivnost sa zna\u010dajkama bogatim, sigurnim i optimiziranim za macOS paketom Office<\/strong>! \ud83d\ude80\ud83d\udcbb\ud83d\udcca<\/p>\n<\/div>\n<\/div>\n<\/div>","protected":false},"excerpt":{"rendered":"<p>Microsoft Office 2016 Home &amp; Business for Mac \u2013 Essential Productivity Suite for Professionals Description Microsoft Office 2016 Home &amp; Business for Mac is a powerful and versatile productivity suite designed for professionals, small businesses, and home users who need essential Office applications for document creation, communication, and data management. Optimized for macOS, this edition [&hellip;]<\/p>","protected":false},"featured_media":962,"comment_status":"open","ping_status":"closed","template":"","meta":{"_gspb_post_css":""},"product_brand":[],"product_cat":[62],"product_tag":[64],"class_list":{"0":"post-944","1":"product","2":"type-product","3":"status-publish","4":"has-post-thumbnail","6":"product_cat-office","7":"product_tag-office-mac","9":"first","10":"instock","11":"shipping-taxable","12":"product-type-external"},"_links":{"self":[{"href":"https:\/\/keysdock.tajnaveza.net\/hr\/wp-json\/wp\/v2\/product\/944","targetHints":{"allow":["GET"]}}],"collection":[{"href":"https:\/\/keysdock.tajnaveza.net\/hr\/wp-json\/wp\/v2\/product"}],"about":[{"href":"https:\/\/keysdock.tajnaveza.net\/hr\/wp-json\/wp\/v2\/types\/product"}],"replies":[{"embeddable":true,"href":"https:\/\/keysdock.tajnaveza.net\/hr\/wp-json\/wp\/v2\/comments?post=944"}],"wp:featuredmedia":[{"embeddable":true,"href":"https:\/\/keysdock.tajnaveza.net\/hr\/wp-json\/wp\/v2\/media\/962"}],"wp:attachment":[{"href":"https:\/\/keysdock.tajnaveza.net\/hr\/wp-json\/wp\/v2\/media?parent=944"}],"wp:term":[{"taxonomy":"product_brand","embeddable":true,"href":"https:\/\/keysdock.tajnaveza.net\/hr\/wp-json\/wp\/v2\/product_brand?post=944"},{"taxonomy":"product_cat","embeddable":true,"href":"https:\/\/keysdock.tajnaveza.net\/hr\/wp-json\/wp\/v2\/product_cat?post=944"},{"taxonomy":"product_tag","embeddable":true,"href":"https:\/\/keysdock.tajnaveza.net\/hr\/wp-json\/wp\/v2\/product_tag?post=944"}],"curies":[{"name":"wp","href":"https:\/\/api.w.org\/{rel}","templated":true}]}}