{"id":946,"date":"2025-03-15T21:07:21","date_gmt":"2025-03-15T21:07:21","guid":{"rendered":"https:\/\/keysdock.com\/?post_type=product&#038;p=946"},"modified":"2025-10-19T07:29:58","modified_gmt":"2025-10-19T07:29:58","slug":"office-2021-home-business-mac-key-licenca","status":"publish","type":"product","link":"https:\/\/keysdock.tajnaveza.net\/hr\/proizvod\/office-2021-home-business-mac-key-licenca\/","title":{"rendered":"Office 2021 Home &#038; Business MAC Product Key Lifetime License"},"content":{"rendered":"<p><strong>Microsoft Office 2021 Home &amp; Business za Mac \u2013 ultimativni paket za produktivnost za profesionalce i mala poduze\u0107a<\/strong><\/p>\n<h3><strong>Opis<\/strong><\/h3>\n<p>Microsoft Office 2021 Home &amp; Business za Mac je a <strong>bogat zna\u010dajkama i optimiziran paket za produktivnost<\/strong> dizajniran za <strong>profesionalci, mala poduze\u0107a i ku\u0107ni korisnici<\/strong> kojima su potrebni pouzdani alati <strong>stvaranje dokumenata, upravljanje podacima, komunikacija i prezentacije<\/strong>. Izgra\u0111en za <strong>macOS<\/strong>, ovo izdanje nudi a <strong>osvje\u017eeno korisni\u010dko su\u010delje, pobolj\u0161ane performanse i bolje zna\u010dajke suradnje<\/strong>, osiguravaju\u0107i nesmetan i u\u010dinkovit tijek rada.<\/p>\n<p>S <strong>model jednokratne kupnje<\/strong>, Office 2021 Home &amp; Business za Mac pru\u017ea sve bitne Officeove aplikacije bez potrebe za pretplatom, \u0161to ga \u010dini isplativim i dugoro\u010dnim rje\u0161enjem.<\/p>\n<h3><strong>Uklju\u010dene aplikacije<\/strong><\/h3>\n<ul>\n<li><strong>Word 2021 za Mac<\/strong> \u2013 Profesionalna obrada teksta s pobolj\u0161anim alatima za oblikovanje i suradnju.<\/li>\n<li><strong>Excel 2021 za Mac<\/strong> \u2013 Napredne prora\u010dunske tablice sa <strong>nove funkcije kao \u0161to su XLOOKUP, LET i Dynamic Arrays<\/strong>.<\/li>\n<li><strong>PowerPoint 2021 za Mac<\/strong> \u2013 Stvorite zapanjuju\u0107e prezentacije s <strong>pobolj\u0161ani prijelazi, izvoz 4K videa i redizajnirano korisni\u010dko su\u010delje<\/strong>.<\/li>\n<li><strong>Outlook 2021 za Mac<\/strong> \u2013 Pobolj\u0161ano upravljanje e-po\u0161tom s <strong>fokusirana pristigla po\u0161ta, br\u017ee pretra\u017eivanje i @spominjanja<\/strong>.<\/li>\n<li><strong>OneNote za Mac<\/strong> \u2013 Digitalna bilje\u017enica za organiziranje bilje\u0161ki, zadataka i ideja.<\/li>\n<\/ul>\n<h3><strong>Klju\u010dne zna\u010dajke<\/strong><\/h3>\n<p>\u2705 <strong>Optimizirano za macOS<\/strong> \u2013 <strong>Izvorna podr\u0161ka za Apple Silicon (\u010dipovi M1 i M2)<\/strong> i <strong>macOS Monterey i noviji<\/strong>.<br \/>\n\u2705 <strong>Besprijekorna integracija u oblak<\/strong> \u2013 Spremajte i pristupajte dokumentima bilo gdje <strong>OneDrive i SharePoint<\/strong>.<br \/>\n\u2705 <strong>Suradnja u stvarnom vremenu<\/strong> \u2013 Zajedni\u010dki rad na dokumentima sa <strong>zna\u010dajke koautorstva i automatskog spremanja<\/strong>.<br \/>\n\u2705 <strong>Pobolj\u0161anja performansi i brzine<\/strong> \u2013 Br\u017ee <strong>vrijeme pokretanja, bolji odziv i glatki prijelazi korisni\u010dkog su\u010delja<\/strong>.<br \/>\n\u2705 <strong>Nove zna\u010dajke programa Excel<\/strong> \u2013 <strong>XLOOKUP, dinami\u010dki nizovi, funkcija LET i nove vrste podataka<\/strong> za bolju analizu.<br \/>\n\u2705 <strong>PowerPoint pobolj\u0161anja<\/strong> \u2013 <strong>Morph prijelazi, bolje snimke slajdova i pobolj\u0161ano rukovanje medijima<\/strong>.<br \/>\n\u2705 <strong>Outlook pobolj\u0161anja<\/strong> \u2013 <strong>Novi prevoditeljski alat, a\u017euriranja kalendara i pobolj\u0161ano pretra\u017eivanje za br\u017ee upravljanje e-po\u0161tom<\/strong>.<br \/>\n\u2705 <strong>Automatsko spremanje i povijest verzija<\/strong> \u2013 Automatsko spremanje promjena i vra\u0107anje prethodnih verzija datoteka.<br \/>\n\u2705 <strong>Jednokratna kupnja, bez pretplate<\/strong> \u2013 U\u017eivajte <strong>stalni pristup<\/strong> bez mjese\u010dnih ili godi\u0161njih naknada.<\/p>\n<h3><strong>Minimalni sistemski zahtjevi<\/strong><\/h3>\n<ul>\n<li><strong>Procesor<\/strong>: Mac temeljen na Intelu ili Apple Silicon (M1\/M2)<\/li>\n<li><strong>OVAN<\/strong>: najmanje 4 GB<\/li>\n<li><strong>Skladi\u0161tenje<\/strong>: 10 GB dostupnog prostora na disku<\/li>\n<li><strong>Prikaz<\/strong>: rezolucija 1280\u00d7800 ili ve\u0107a<\/li>\n<li><strong>Operativni Sustavi<\/strong>: macOS Monterey (12.0) ili noviji<\/li>\n<li class=\"translation-block\"><strong>Internetska veza<\/strong> : potrebna za aktivaciju, a\u017euriranja i usluge u oblaku<\/li>\n<\/ul>\n<h3><strong>Za\u0161to odabrati Microsoft Office 2021 Home &amp; Business za Mac?<\/strong><\/h3>\n<p>\ud83d\udd39 <strong>Savr\u0161eno za ku\u0107ne i poslovne korisnike<\/strong> \u2013 Nabavite kompletan paket za produktivnost za <strong>dokumenti, prora\u010dunske tablice, e-po\u0161ta i prezentacije<\/strong>.<br \/>\n\ud83d\udd39 <strong>Optimizirano za macOS i Apple Silicon<\/strong> \u2013 Tr\u010di <strong>glatko na MacBook, iMac, Mac Mini i Mac Studio<\/strong>.<br \/>\n\ud83d\udd39 <strong>Besprijekorna suradnja<\/strong> \u2013 Radite u\u010dinkovito s <strong>OneDrive, SharePoint i alati za koautorstvo<\/strong>.<br \/>\n\ud83d\udd39 <strong>Sna\u017ene zna\u010dajke produktivnosti<\/strong> \u2013 <strong>Pobolj\u0161ane Excel funkcije, PowerPoint animacije i pametnije upravljanje e-po\u0161tom<\/strong>.<br \/>\n\ud83d\udd39 <strong>Pretplata nije potrebna<\/strong> \u2013 <strong>Jednokratna kupnja<\/strong>, osiguravaju\u0107i dugoro\u010dnu vrijednost bez teku\u0107ih tro\u0161kova.<\/p>\n<p>Nadogradite na <strong>Microsoft Office 2021 Home &amp; Business za Mac<\/strong> danas i <strong>pobolj\u0161ajte svoju produktivnost uz najnoviji i najmo\u0107niji paket Office za macOS<\/strong>! \ud83d\ude80\ud83d\udcbb\ud83d\udcca<\/p>","protected":false},"excerpt":{"rendered":"<p>Microsoft Office 2021 Home &amp; Business for Mac \u2013 The Ultimate Productivity Suite for Professionals &amp; Small Businesses Description Microsoft Office 2021 Home &amp; Business for Mac is a feature-rich and optimized productivity suite designed for professionals, small businesses, and home users who need reliable tools for document creation, data management, communication, and presentations. Built [&hellip;]<\/p>","protected":false},"featured_media":984,"comment_status":"open","ping_status":"closed","template":"","meta":{"_gspb_post_css":""},"product_brand":[],"product_cat":[62],"product_tag":[64],"class_list":{"0":"post-946","1":"product","2":"type-product","3":"status-publish","4":"has-post-thumbnail","6":"product_cat-office","7":"product_tag-office-mac","9":"first","10":"instock","11":"shipping-taxable","12":"product-type-external"},"_links":{"self":[{"href":"https:\/\/keysdock.tajnaveza.net\/hr\/wp-json\/wp\/v2\/product\/946","targetHints":{"allow":["GET"]}}],"collection":[{"href":"https:\/\/keysdock.tajnaveza.net\/hr\/wp-json\/wp\/v2\/product"}],"about":[{"href":"https:\/\/keysdock.tajnaveza.net\/hr\/wp-json\/wp\/v2\/types\/product"}],"replies":[{"embeddable":true,"href":"https:\/\/keysdock.tajnaveza.net\/hr\/wp-json\/wp\/v2\/comments?post=946"}],"wp:featuredmedia":[{"embeddable":true,"href":"https:\/\/keysdock.tajnaveza.net\/hr\/wp-json\/wp\/v2\/media\/984"}],"wp:attachment":[{"href":"https:\/\/keysdock.tajnaveza.net\/hr\/wp-json\/wp\/v2\/media?parent=946"}],"wp:term":[{"taxonomy":"product_brand","embeddable":true,"href":"https:\/\/keysdock.tajnaveza.net\/hr\/wp-json\/wp\/v2\/product_brand?post=946"},{"taxonomy":"product_cat","embeddable":true,"href":"https:\/\/keysdock.tajnaveza.net\/hr\/wp-json\/wp\/v2\/product_cat?post=946"},{"taxonomy":"product_tag","embeddable":true,"href":"https:\/\/keysdock.tajnaveza.net\/hr\/wp-json\/wp\/v2\/product_tag?post=946"}],"curies":[{"name":"wp","href":"https:\/\/api.w.org\/{rel}","templated":true}]}}