{"id":949,"date":"2025-03-15T21:07:21","date_gmt":"2025-03-15T21:07:21","guid":{"rendered":"https:\/\/keysdock.com\/?post_type=product&#038;p=949"},"modified":"2025-10-19T07:29:23","modified_gmt":"2025-10-19T07:29:23","slug":"office-2019-professional-plus-key-licenca","status":"publish","type":"product","link":"https:\/\/keysdock.tajnaveza.net\/hr\/proizvod\/office-2019-professional-plus-key-licenca\/","title":{"rendered":"Office 2019 Professional Plus Product Key Licenca"},"content":{"rendered":"<p><strong>Microsoft Office 2019 Professional Plus \u2013 Vrhunski paket za produktivnost za tvrtke i profesionalce<\/strong><\/p>\n<h3><strong>Opis<\/strong><\/h3>\n<p>Microsoft Office 2019 Professional Plus je a <strong>mo\u0107an, zna\u010dajkama bogat paket produktivnosti na razini poduze\u0107a<\/strong> dizajniran za <strong>tvrtke, profesionalci i organizacije<\/strong> koji zahtijevaju <strong>napredno stvaranje dokumenata, upravljanje podacima i alati za suradnju<\/strong>. S poja\u010danim <strong>zna\u010dajke sigurnosti, povezivanja s oblakom i produktivnosti<\/strong>, Office 2019 Professional Plus pru\u017ea besprijekoran <strong>offline i online radno iskustvo<\/strong> bez potrebe za pretplatom.<\/p>\n<p>Ovaj <strong>jednokratna kupnja<\/strong> izdanje je savr\u0161eno za one kojima je potrebno <strong>dugoro\u010dna pouzdanost i mo\u0107ne Office aplikacije<\/strong> bez \u010destih a\u017euriranja ili ovisnosti o oblaku.<\/p>\n<h3><strong>Uklju\u010dene aplikacije<\/strong><\/h3>\n<ul>\n<li><strong>Rije\u010d 2019<\/strong> \u2013 Napredna obrada teksta s pobolj\u0161anim alatima za suradnju i oblikovanje.<\/li>\n<li><strong>Excel 2019<\/strong> \u2013 Pobolj\u0161ane prora\u010dunske tablice s <strong>nove funkcije analize podataka, Power Query, Power Pivot i grafikoni<\/strong>.<\/li>\n<li><strong>PowerPoint 2019<\/strong> \u2013 Izradite zanimljive prezentacije s <strong>Morph prijelaz, izvoz 4K videa i zna\u010dajka zumiranja<\/strong>.<\/li>\n<li><strong>Outlook 2019<\/strong> \u2013 U\u010dinkovito upravljanje e-po\u0161tom i kalendarom s <strong>fokusirana ulazna po\u0161ta i pobolj\u0161ano pretra\u017eivanje<\/strong>.<\/li>\n<li><strong>Access 2019<\/strong> \u2013 Sna\u017ean sustav za upravljanje bazom podataka za <strong>pra\u0107enje podataka, automatizacija i izvje\u0161\u0107ivanje<\/strong>.<\/li>\n<li><strong>Izdava\u010d 2019<\/strong> \u2013 Izrada marketin\u0161kih materijala i poslovnih publikacija profesionalne kvalitete.<\/li>\n<li><strong>OneNote<\/strong> \u2013 Digitalno bilje\u017eenje sa <strong>sinkronizacija u oblaku za organizaciju i pristupa\u010dnost<\/strong>.<\/li>\n<li><strong>Skype za posao<\/strong> \u2013 Integrirani komunikacijski alati za <strong>videokonferencija i razmjena poruka<\/strong>.<\/li>\n<\/ul>\n<h3><strong>Klju\u010dne zna\u010dajke<\/strong><\/h3>\n<p>\u2705 <strong>Jednokratna kupnja, bez pretplate<\/strong> \u2013 <strong>Trajno posjedujte Office 2019<\/strong> bez ponavljaju\u0107ih naknada.<br \/>\n\u2705 <strong>Alati za pobolj\u0161anu produktivnost<\/strong> \u2013 <strong>Zna\u010dajke koje pokre\u0107e AI<\/strong> u Wordu, Excelu i Outlooku za bolju u\u010dinkovitost.<br \/>\n\u2705 <strong>Opcije oblaka i lokalne pohrane<\/strong> \u2013 Spremite i pristupite dokumentima <strong>lokalno ili putem OneDrivea i SharePointa<\/strong>.<br \/>\n\u2705 <strong>Napredna analiza podataka u Excelu<\/strong> \u2013 Koristite <strong>XLOOKUP, novi grafikoni i Power Query<\/strong> za bolji uvid u podatke.<br \/>\n\u2705 <strong>Pametnije upravljanje e-po\u0161tom u programu Outlook<\/strong> \u2013 <strong>Fokusirana pristigla po\u0161ta, @spominjanja i pobolj\u0161ane zna\u010dajke kalendara<\/strong>.<br \/>\n\u2705 <strong>Pobolj\u0161ane zna\u010dajke suradnje<\/strong> \u2013 <strong>Koautorstvo u stvarnom vremenu<\/strong> u Wordu i PowerPointu za timski rad.<br \/>\n\u2705 <strong>Pobolj\u0161ana sigurnost i uskla\u0111enost<\/strong> \u2013 <strong>Ugra\u0111ena za\u0161tita od gubitka podataka (DLP), provjera autenti\u010dnosti s vi\u0161e faktora i enkripcija datoteka<\/strong>.<br \/>\n\u2705 <strong>Modernizirano korisni\u010dko su\u010delje<\/strong> \u2013 A <strong>\u010di\u0161\u0107i, intuitivniji dizajn<\/strong> za pove\u0107anu produktivnost.<br \/>\n\u2705 <strong>Bolja izvedba i stabilnost<\/strong> \u2013 Br\u017ei odgovor aplikacije, <strong>optimizirano vrijeme pokretanja i pobolj\u0161ana multitasking<\/strong>.<\/p>\n<h3><strong>Minimalni sistemski zahtjevi<\/strong><\/h3>\n<ul>\n<li class=\"translation-block\"><strong>Procesor<\/strong> : 1,6 GHz ili br\u017ei, dvojezgreni procesor<\/li>\n<li class=\"translation-block\"><strong>RAM<\/strong> : 4 GB (64-bit) \/ 2 GB (32-bit)<\/li>\n<li class=\"translation-block\"><strong>Pohrana<\/strong> : 4 GB dostupnog prostora na disku<\/li>\n<li class=\"translation-block\"><strong>Zaslon<\/strong> : rezolucija 1280\u00d7768 ili ve\u0107a<\/li>\n<li><strong>Operativni Sustavi<\/strong>: Windows 10, Windows 11, Windows Server 2019<\/li>\n<li class=\"translation-block\"><strong>Grafika<\/strong> : DirectX 9 ili noviji s WDDM 2.0+ upravlja\u010dkim programom<\/li>\n<li class=\"translation-block\"><strong>Internetska veza<\/strong> : potrebna za aktivaciju, a\u017euriranja i usluge u oblaku<\/li>\n<\/ul>\n<h3><strong>Za\u0161to odabrati Microsoft Office 2019 Professional Plus?<\/strong><\/h3>\n<p>\ud83d\udd39 <strong>Najbolje za tvrtke i napredne korisnike<\/strong> \u2013 Pun zna\u010dajki za <strong>stvaranje dokumenata, upravljanje podacima i profesionalna komunikacija<\/strong>.<br \/>\n\ud83d\udd39 <strong>Bez ponavljaju\u0107ih naknada<\/strong> \u2013 <strong>Jednokratna kupnja<\/strong> osigurava isplativost tijekom vremena.<br \/>\n\ud83d\udd39 <strong>Besprijekorna integracija<\/strong> \u2013 Radi sa <strong>OneDrive, SharePoint i Exchange<\/strong> za poslovnu produktivnost.<br \/>\n\ud83d\udd39 <strong>Sna\u017eni podatkovni alati<\/strong> \u2013 Napredno <strong>Excel funkcije, PowerPoint prijelazi i Outlook automatizacija<\/strong>.<br \/>\n\ud83d\udd39 <strong>Pouzdan i siguran<\/strong> \u2013 <strong>Sigurnost i uskla\u0111enost na nivou poduze\u0107a<\/strong> za za\u0161titu osjetljivih poslovnih podataka.<\/p>\n<p>Nadogradite na <strong>Microsoft Office 2019 Professional Plus<\/strong> danas i iskustvo <strong>sna\u017ean, siguran i u\u010dinkovit paket za produktivnost<\/strong> izgra\u0111en za moderne tvrtke! \ud83d\ude80\ud83d\udcbb\ud83d\udcca<\/p>","protected":false},"excerpt":{"rendered":"<p>Microsoft Office 2019 Professional Plus \u2013 The Ultimate Productivity Suite for Businesses &amp; Professionals Description Microsoft Office 2019 Professional Plus is a powerful, feature-rich, and enterprise-level productivity suite designed for businesses, professionals, and organizations that require advanced document creation, data management, and collaboration tools. With enhanced security, cloud connectivity, and productivity features, Office 2019 Professional [&hellip;]<\/p>","protected":false},"featured_media":1080,"comment_status":"open","ping_status":"closed","template":"","meta":{"_gspb_post_css":""},"product_brand":[],"product_cat":[62],"product_tag":[63],"class_list":{"0":"post-949","1":"product","2":"type-product","3":"status-publish","4":"has-post-thumbnail","6":"product_cat-office","7":"product_tag-office-pc","9":"first","10":"instock","11":"shipping-taxable","12":"product-type-external"},"_links":{"self":[{"href":"https:\/\/keysdock.tajnaveza.net\/hr\/wp-json\/wp\/v2\/product\/949","targetHints":{"allow":["GET"]}}],"collection":[{"href":"https:\/\/keysdock.tajnaveza.net\/hr\/wp-json\/wp\/v2\/product"}],"about":[{"href":"https:\/\/keysdock.tajnaveza.net\/hr\/wp-json\/wp\/v2\/types\/product"}],"replies":[{"embeddable":true,"href":"https:\/\/keysdock.tajnaveza.net\/hr\/wp-json\/wp\/v2\/comments?post=949"}],"wp:featuredmedia":[{"embeddable":true,"href":"https:\/\/keysdock.tajnaveza.net\/hr\/wp-json\/wp\/v2\/media\/1080"}],"wp:attachment":[{"href":"https:\/\/keysdock.tajnaveza.net\/hr\/wp-json\/wp\/v2\/media?parent=949"}],"wp:term":[{"taxonomy":"product_brand","embeddable":true,"href":"https:\/\/keysdock.tajnaveza.net\/hr\/wp-json\/wp\/v2\/product_brand?post=949"},{"taxonomy":"product_cat","embeddable":true,"href":"https:\/\/keysdock.tajnaveza.net\/hr\/wp-json\/wp\/v2\/product_cat?post=949"},{"taxonomy":"product_tag","embeddable":true,"href":"https:\/\/keysdock.tajnaveza.net\/hr\/wp-json\/wp\/v2\/product_tag?post=949"}],"curies":[{"name":"wp","href":"https:\/\/api.w.org\/{rel}","templated":true}]}}