{"id":966,"date":"2025-03-15T21:07:43","date_gmt":"2025-03-15T21:07:43","guid":{"rendered":"https:\/\/keysdock.com\/?post_type=product&#038;p=966"},"modified":"2025-10-19T07:32:55","modified_gmt":"2025-10-19T07:32:55","slug":"project-2021-professional-key-licenca","status":"publish","type":"product","link":"https:\/\/keysdock.tajnaveza.net\/hr\/proizvod\/project-2021-professional-key-licenca\/","title":{"rendered":"Project 2021 Professional Product Key Licenca"},"content":{"rendered":"<p><strong>Kupi Project 2021 Professional licencu  po najboljoj cijeni \u2013 trajna aktivacija zajam\u010dena.<\/strong><\/p>\n<h3><strong>Opis<\/strong><\/h3>\n<p>Microsoft Project 2021 Professional je <strong>napredni softver za upravljanje projektima<\/strong> dizajniran za <strong>tvrtke, poduze\u0107a i profesionalni voditelji projekata<\/strong> koji zahtijevaju <strong>u\u010dinkovito planiranje, pra\u0107enje i izvo\u0111enje projekata<\/strong>. S <strong>Zakazivanje pomo\u0107u umjetne inteligencije, integracija u oblak, suradnja u stvarnom vremenu i pobolj\u0161ana analitika<\/strong>, pru\u017ea <strong>mo\u0107ni alati za odr\u017eavanje projekata prema rasporedu i unutar prora\u010duna<\/strong>.<\/p>\n<p>Ovo izdanje je <strong>idealno za timove koji rade na slo\u017eenim ili velikim projektima<\/strong>, nude\u0107i besprijekornu integraciju s <strong>Microsoft Teams, SharePoint i Microsoft 365<\/strong> za pobolj\u0161anu suradnju.<\/p>\n<h3><strong>Klju\u010dne zna\u010dajke<\/strong><\/h3>\n<p>\u2705 <strong>Zakazivanje i automatizacija zadataka pobolj\u0161ano umjetnom inteligencijom<\/strong> \u2013 Automatski se postavlja <strong>ovisnosti o zadatku, trajanje i kriti\u010dni putovi<\/strong>.<br \/>\n\u2705 <strong>Interaktivni gantogrami i prikazi vremenske trake<\/strong> \u2013 Pru\u017ea <strong>vizualno pra\u0107enje napretka projekta, prekretnica i rokova<\/strong>.<br \/>\n\u2705 <strong>Napredno upravljanje resursima i tro\u0161kovima<\/strong> \u2013 Dodjeljivanje i pra\u0107enje <strong>prora\u010dune, radna optere\u0107enja i kori\u0161tenje resursa<\/strong>.<br \/>\n\u2705 <strong>Besprijekorna suradnja i integracija u oblak<\/strong> \u2013 Radi sa <strong>Microsoft Teams, SharePoint i OneDrive<\/strong> pobolj\u0161ati koordinaciju projekta.<br \/>\n\u2705 <strong>Ugra\u0111eni predlo\u0161ci projekta<\/strong> \u2013 Brzo zapo\u010dnite projekte s <strong>unaprijed izra\u0111ene predlo\u0161ke<\/strong> za razli\u010dite industrije.<br \/>\n\u2705 <strong>Mo\u0107ni alati za izvje\u0161\u0107ivanje i nadzornu plo\u010du<\/strong> \u2013 Generiraj <strong>sa\u017eetke napretka, financijske uvide i procjene rizika<\/strong>.<br \/>\n\u2705 <strong>Vi\u0161estruki prikazi projekta<\/strong> \u2013 Birajte izme\u0111u <strong>Mre\u017ea, Kanban plo\u010da, Gantt i vremenska crta<\/strong> pogledi za fleksibilnost.<br \/>\n\u2705 <strong>Koautorstvo i ure\u0111ivanje u stvarnom vremenu<\/strong> \u2013 Vi\u0161e \u010dlanova tima mo\u017ee <strong>ure\u0111ivati i a\u017eurirati projektne datoteke istovremeno<\/strong>.<br \/>\n\u2705 <strong>Napredna sigurnost i uskla\u0111enost<\/strong> \u2013 Osigurava <strong>za\u0161tita na poslovnoj razini za osjetljive projektne podatke<\/strong>.<br \/>\n\u2705 <strong>Integracija poslovne inteligencije<\/strong> \u2013 Kompatibilan s <strong>Power BI za duboke uvide u projekte i prilago\u0111ena izvje\u0161\u0107a<\/strong>.<\/p>\n<h3><strong>Dostupna izdanja<\/strong><\/h3>\n<p>\ud83d\udd39 <strong>Projekt Standard 2021<\/strong> \u2013 Najbolje za <strong>pojedinci koji upravljaju malim i srednjim projektima<\/strong>.<br \/>\n\ud83d\udd39 <strong>Projekt Professional 2021<\/strong> \u2013 Uklju\u010duje <strong>timska suradnja, napredno upravljanje resursima i podr\u0161ka u oblaku<\/strong>, \u0161to ga \u010dini idealnim za tvrtke i velike timove.<\/p>\n<h3><strong>Minimalni sistemski zahtjevi<\/strong><\/h3>\n<ul>\n<li class=\"translation-block\"><strong>Procesor<\/strong> : 1,6 GHz ili br\u017ei, dvojezgreni procesor<\/li>\n<li class=\"translation-block\"><strong>RAM<\/strong> : 4 GB (64-bit) \/ 2 GB (32-bit)<\/li>\n<li class=\"translation-block\"><strong>Pohrana<\/strong> : 4 GB dostupnog prostora na disku<\/li>\n<li class=\"translation-block\"><strong>Zaslon<\/strong> : rezolucija 1280\u00d7768 ili ve\u0107a<\/li>\n<li><strong>Operativni Sustavi<\/strong>: Windows 10, Windows 11<\/li>\n<li class=\"translation-block\"><strong>Grafika<\/strong> : DirectX 9 ili noviji s WDDM 2.0+ upravlja\u010dkim programom<\/li>\n<li><strong>Internetska veza<\/strong>: Potrebno za aktivaciju, a\u017euriranja i suradnju u oblaku<\/li>\n<\/ul>\n<h3><strong>Za\u0161to odabrati Microsoft Project 2021 Professional?<\/strong><\/h3>\n<p>\ud83d\udd39 <strong>Idealno za timove i poduze\u0107a<\/strong> \u2013 <strong>Upravlja slo\u017eenim projektima s vi\u0161e timova uz suradnju u stvarnom vremenu<\/strong>.<br \/>\n\ud83d\udd39 <strong>Inteligentna automatizacija zadataka<\/strong> \u2013 <strong>Zakazivanje vo\u0111eno umjetnom inteligencijom optimizira vremenske rokove i u\u010dinkovitost projekta<\/strong>.<br \/>\n\ud83d\udd39 <strong>Sveobuhvatno pra\u0107enje u\u010dinka<\/strong> \u2013 <strong>U\u010dinkovito nadzirite prora\u010dune, rokove i radna optere\u0107enja<\/strong>.<br \/>\n\ud83d\udd39 <strong>Besprijekorna Microsoft 365 integracija<\/strong> \u2013 Radi sa <strong>Excel, Outlook, Power BI i Microsoft Teams<\/strong>.<br \/>\n\ud83d\udd39 <strong>Jednokratna kupnja, bez pretplate<\/strong> \u2013 <strong>Do\u017eivotni pristup<\/strong> bez ponavljaju\u0107ih naknada.<\/p>\n<p>Nadogradite na <strong>Microsoft Project 2021 Professional<\/strong> danas i uzeti <strong>upravljanje projektom na vi\u0161u razinu<\/strong> sa sna\u017enim alatima za planiranje, pra\u0107enje i suradnju! \ud83d\ude80\ud83d\udcca\ud83d\udcc5<\/p>","protected":false},"excerpt":{"rendered":"<p>Microsoft Project 2021 Professional \u2013 The Ultimate Project Management Solution Description Microsoft Project 2021 Professional is an advanced project management software designed for businesses, enterprises, and professional project managers who require efficient planning, tracking, and execution of projects. With AI-powered scheduling, cloud integration, real-time collaboration, and enhanced analytics, it provides powerful tools to keep projects [&hellip;]<\/p>","protected":false},"featured_media":993,"comment_status":"open","ping_status":"closed","template":"","meta":{"_gspb_post_css":""},"product_brand":[],"product_cat":[65],"product_tag":[69],"class_list":{"0":"post-966","1":"product","2":"type-product","3":"status-publish","4":"has-post-thumbnail","6":"product_cat-misc","7":"product_tag-project","9":"first","10":"instock","11":"shipping-taxable","12":"product-type-external"},"_links":{"self":[{"href":"https:\/\/keysdock.tajnaveza.net\/hr\/wp-json\/wp\/v2\/product\/966","targetHints":{"allow":["GET"]}}],"collection":[{"href":"https:\/\/keysdock.tajnaveza.net\/hr\/wp-json\/wp\/v2\/product"}],"about":[{"href":"https:\/\/keysdock.tajnaveza.net\/hr\/wp-json\/wp\/v2\/types\/product"}],"replies":[{"embeddable":true,"href":"https:\/\/keysdock.tajnaveza.net\/hr\/wp-json\/wp\/v2\/comments?post=966"}],"wp:featuredmedia":[{"embeddable":true,"href":"https:\/\/keysdock.tajnaveza.net\/hr\/wp-json\/wp\/v2\/media\/993"}],"wp:attachment":[{"href":"https:\/\/keysdock.tajnaveza.net\/hr\/wp-json\/wp\/v2\/media?parent=966"}],"wp:term":[{"taxonomy":"product_brand","embeddable":true,"href":"https:\/\/keysdock.tajnaveza.net\/hr\/wp-json\/wp\/v2\/product_brand?post=966"},{"taxonomy":"product_cat","embeddable":true,"href":"https:\/\/keysdock.tajnaveza.net\/hr\/wp-json\/wp\/v2\/product_cat?post=966"},{"taxonomy":"product_tag","embeddable":true,"href":"https:\/\/keysdock.tajnaveza.net\/hr\/wp-json\/wp\/v2\/product_tag?post=966"}],"curies":[{"name":"wp","href":"https:\/\/api.w.org\/{rel}","templated":true}]}}