{"id":967,"date":"2025-03-15T21:07:43","date_gmt":"2025-03-15T21:07:43","guid":{"rendered":"https:\/\/keysdock.com\/?post_type=product&#038;p=967"},"modified":"2025-10-19T07:32:47","modified_gmt":"2025-10-19T07:32:47","slug":"visual-studio-professional-2019-key-licenca","status":"publish","type":"product","link":"https:\/\/keysdock.tajnaveza.net\/hr\/proizvod\/visual-studio-professional-2019-key-licenca\/","title":{"rendered":"Visual Studio Professional 2019 Product Key Licenca"},"content":{"rendered":"<p><strong>Kupi Visual Studio Professional 2019 licencu  po najboljoj cijeni \u2013 trajna aktivacija zajam\u010dena.<\/strong><\/p>\n<h3><strong>Opis<\/strong><\/h3>\n<p>Visual Studio Professional 2019 je <strong>sveobuhvatno integrirano razvojno okru\u017eenje (IDE)<\/strong> dizajniran za <strong>profesionalni programeri<\/strong> koji trebaju <strong>napredni alati za kodiranje, otklanjanje pogre\u0161aka i suradnju<\/strong>. Uz podr\u0161ku za vi\u0161e programskih jezika, integraciju u oblak i visoko produktivno su\u010delje, programerima omogu\u0107uje izgradnju <strong>moderne aplikacije za web, stolna ra\u010dunala, mobitele i oblak<\/strong> u\u010dinkovito\u0161\u0107u i precizno\u0161\u0107u.<\/p>\n<h3><strong>Klju\u010dne zna\u010dajke<\/strong><\/h3>\n<p>\u2705 <strong>Pobolj\u0161ani ure\u0111iva\u010d koda<\/strong> \u2013 <strong>IntelliSense pokretan AI<\/strong>, refaktoriranje koda i suradnja u stvarnom vremenu.<br \/>\n\u2705 <strong>Napredno otklanjanje pogre\u0161aka i dijagnostika<\/strong> \u2013 Postavite prijelomne to\u010dke, provjerite varijable i ispravite pogre\u0161ke s <strong>Live Share i IntelliTrace<\/strong>.<br \/>\n\u2705 <strong>Besprijekorna Git integracija<\/strong> \u2013 <strong>Ugra\u0111ena Git spremi\u0161ta<\/strong> za jednostavnu kontrolu verzija i suradnju.<br \/>\n\u2705 <strong>Razvoj na vi\u0161e platformi<\/strong> \u2013 Razviti aplikacije za <strong>Windows, macOS, Android, iOS, Linux i web<\/strong>.<br \/>\n\u2705 <strong>Razvoj oblaka s Azureom<\/strong> \u2013 <strong>Besprijekorna integracija s Microsoft Azure<\/strong> za aplikacije temeljene na oblaku.<br \/>\n\u2705 <strong>Visual Studio Live Share<\/strong> \u2013 Suradnja u stvarnom vremenu za <strong>programiranje u paru i razvoj tima<\/strong>.<br \/>\n\u2705 <strong>Mo\u0107ni alati za testiranje<\/strong> \u2013 Uklju\u010duje <strong>jedini\u010dno testiranje, pokrivenost koda i profiliranje performansi<\/strong>.<br \/>\n\u2705 <strong>Sveobuhvatna podr\u0161ka za baze podataka<\/strong> \u2013 Pove\u017eite se sa <strong>SQL Server, MySQL, PostgreSQL<\/strong>, i druge baze podataka.<br \/>\n\u2705 <strong>Zna\u010dajka CodeLens<\/strong> \u2013 Omogu\u0107uje uvid u <strong>promjene koda, reference i radne stavke<\/strong>.<br \/>\n\u2705 <strong>Opse\u017eno tr\u017ei\u0161te pro\u0161irenja<\/strong> \u2013 Prilagodite svoje razvojno okru\u017eenje pomo\u0107u <strong>tisu\u0107e ekstenzija<\/strong>.<\/p>\n<h3><strong>Minimalni sistemski zahtjevi<\/strong><\/h3>\n<ul>\n<li><strong>Procesor<\/strong>: 1,8 GHz ili br\u017ei, preporu\u010duje se 64-bitni<\/li>\n<li><strong>OVAN<\/strong>: 2 GB (preporu\u010deno 8 GB)<\/li>\n<li><strong>Skladi\u0161tenje<\/strong>: Minimalno <strong>20 GB<\/strong> raspolo\u017eivi prostor<\/li>\n<li><strong>Grafika<\/strong>: DirectX 9 kompatibilan s WDDM 1.0 upravlja\u010dkim programom<\/li>\n<li><strong>Prikaz<\/strong>: rezolucija 1366\u00d7768 ili ve\u0107a<\/li>\n<li><strong>Operativni Sustavi<\/strong>: Windows 10, Windows Server 2016\/2019<\/li>\n<li><strong>Internetska veza<\/strong>: Potrebno za a\u017euriranja, aktivaciju i online usluge<\/li>\n<\/ul>\n<h3><strong>Za\u0161to odabrati Visual Studio Professional 2019?<\/strong><\/h3>\n<p>\ud83d\udd39 <strong>Savr\u0161eno za profesionalne programere<\/strong> \u2013 Sna\u017ene zna\u010dajke za <strong>poduze\u0107a i komercijale<\/strong> razvoj softvera.<br \/>\n\ud83d\udd39 <strong>Pojednostavljena suradnja<\/strong> \u2013 <strong>Live Share, GitHub i Azure DevOps<\/strong> pove\u0107ati produktivnost tima.<br \/>\n\ud83d\udd39 <strong>Sveobuhvatno otklanjanje pogre\u0161aka i testiranje<\/strong> \u2013 Alati poput <strong>IntelliTrace, CodeLens i testiranje jedinica<\/strong> osigurati kvalitetan kod.<br \/>\n\ud83d\udd39 <strong>Spremno za oblak i skalabilno<\/strong> \u2013 Razviti <strong>izvorne aplikacije u oblaku<\/strong> s <strong>Podr\u0161ka za Microsoft Azure<\/strong>.<br \/>\n\ud83d\udd39 <strong>Fleksibilan i pro\u0161iriv<\/strong> \u2013 <strong>Podr\u017eava vi\u0161e programskih jezika<\/strong> uklju\u010duju\u0107i <strong>C#, C++, Python, JavaScript i vi\u0161e<\/strong>.<\/p>\n<p>Nadogradite na <strong>Visual Studio Professional 2019<\/strong> i <strong>pove\u0107ajte svoju produktivnost s naprednim, skalabilnim razvojnim okru\u017eenjem povezanim s oblakom<\/strong>! \ud83d\ude80\ud83d\udc68\u200d\ud83d\udcbb\ud83d\udca1<\/p>","protected":false},"excerpt":{"rendered":"<p>Visual Studio Professional 2019 \u2013 Powerful Development Environment for Professionals Description Visual Studio Professional 2019 is a comprehensive integrated development environment (IDE) designed for professional developers who need advanced tools for coding, debugging, and collaboration. With support for multiple programming languages, cloud integration, and a highly productive interface, it enables developers to build modern applications [&hellip;]<\/p>","protected":false},"featured_media":1003,"comment_status":"open","ping_status":"closed","template":"","meta":{"_gspb_post_css":""},"product_brand":[],"product_cat":[65],"product_tag":[70],"class_list":{"0":"post-967","1":"product","2":"type-product","3":"status-publish","4":"has-post-thumbnail","6":"product_cat-misc","7":"product_tag-visual-studio","9":"first","10":"instock","11":"shipping-taxable","12":"product-type-external"},"_links":{"self":[{"href":"https:\/\/keysdock.tajnaveza.net\/hr\/wp-json\/wp\/v2\/product\/967","targetHints":{"allow":["GET"]}}],"collection":[{"href":"https:\/\/keysdock.tajnaveza.net\/hr\/wp-json\/wp\/v2\/product"}],"about":[{"href":"https:\/\/keysdock.tajnaveza.net\/hr\/wp-json\/wp\/v2\/types\/product"}],"replies":[{"embeddable":true,"href":"https:\/\/keysdock.tajnaveza.net\/hr\/wp-json\/wp\/v2\/comments?post=967"}],"wp:featuredmedia":[{"embeddable":true,"href":"https:\/\/keysdock.tajnaveza.net\/hr\/wp-json\/wp\/v2\/media\/1003"}],"wp:attachment":[{"href":"https:\/\/keysdock.tajnaveza.net\/hr\/wp-json\/wp\/v2\/media?parent=967"}],"wp:term":[{"taxonomy":"product_brand","embeddable":true,"href":"https:\/\/keysdock.tajnaveza.net\/hr\/wp-json\/wp\/v2\/product_brand?post=967"},{"taxonomy":"product_cat","embeddable":true,"href":"https:\/\/keysdock.tajnaveza.net\/hr\/wp-json\/wp\/v2\/product_cat?post=967"},{"taxonomy":"product_tag","embeddable":true,"href":"https:\/\/keysdock.tajnaveza.net\/hr\/wp-json\/wp\/v2\/product_tag?post=967"}],"curies":[{"name":"wp","href":"https:\/\/api.w.org\/{rel}","templated":true}]}}