{"id":968,"date":"2025-03-15T21:07:43","date_gmt":"2025-03-15T21:07:43","guid":{"rendered":"https:\/\/keysdock.com\/?post_type=product&#038;p=968"},"modified":"2025-10-19T07:32:36","modified_gmt":"2025-10-19T07:32:36","slug":"visual-studio-professional-2022-key-licenca","status":"publish","type":"product","link":"https:\/\/keysdock.tajnaveza.net\/hr\/proizvod\/visual-studio-professional-2022-key-licenca\/","title":{"rendered":"Visual Studio Professional 2022 Product Key Licenca"},"content":{"rendered":"<p><strong>Kupi Visual Studio Professional 2022 licencu  po najboljoj cijeni \u2013 trajna aktivacija zajam\u010dena.<\/strong><\/p>\n<h3><strong>Opis<\/strong><\/h3>\n<p>Visual Studio Professional 2022 je <strong>sna\u017eno, skalabilno integrirano razvojno okru\u017eenje (IDE) potpomognuto umjetnom inteligencijom<\/strong> dizajniran za <strong>profesionalni programeri, timovi i poduze\u0107a<\/strong>. S <strong>pobolj\u0161ano otklanjanje pogre\u0161aka, suradnja u stvarnom vremenu, integracija u oblak i IntelliCode koji pokre\u0107e AI<\/strong>, pru\u017ea pojednostavljeno razvojno iskustvo za <strong>izrada modernih aplikacija za web, stolna ra\u010dunala, mobilne ure\u0111aje i oblak<\/strong>.<\/p>\n<p>Ova verzija je <strong>64-bitni<\/strong>, \u010dine\u0107i ga naju\u010dinkovitijim i <strong>visoke performanse<\/strong> Visual Studio jo\u0161, sposoban za rukovanje <strong>ve\u0107e projekte i kompleksna rje\u0161enja<\/strong> bez usporavanja.<\/p>\n<h3><strong>Klju\u010dne zna\u010dajke<\/strong><\/h3>\n<p>\u2705 <strong>64-bitna arhitektura<\/strong> \u2013 Ru\u010dke <strong>ve\u0107e projekte s pobolj\u0161anim performansama i stabilno\u0161\u0107u<\/strong>.<br \/>\n\u2705 <strong>IntelliCode pokretan umjetnom inteligencijom<\/strong> \u2013 Poma\u017ee kod <strong>prijedlozi kodova, refaktoriranje i sprje\u010davanje pogre\u0161aka<\/strong>.<br \/>\n\u2705 <strong>Napredno otklanjanje pogre\u0161aka i dijagnostika<\/strong> \u2013 Uklju\u010duje <strong>Otklanjanje pogre\u0161aka u\u017eivo, IntelliTrace i otklanjanje pogre\u0161aka putovanja kroz vrijeme<\/strong>.<br \/>\n\u2705 <strong>Besprijekorna integracija Git &amp; GitHub<\/strong> \u2013 Ugra\u0111eni <strong>kontrola verzija<\/strong> i <strong>alate za timsku suradnju<\/strong>.<br \/>\n\u2705 <strong>Razvoj na vi\u0161e platformi<\/strong> \u2013 Podr\u017eava <strong>Windows, macOS, Android, iOS, Linux i Web<\/strong> aplikacije.<br \/>\n\u2705 <strong>Razvoj oblaka s Azureom<\/strong> \u2013 Izgradite, implementirajte i skalirajte aplikacije s <strong>Microsoft Azure integracija<\/strong>.<br \/>\n\u2705 <strong>Live Share Collaboration<\/strong> \u2013 Uparite program i kod za pregled <strong>u stvarnom vremenu s \u010dlanovima tima<\/strong>.<br \/>\n\u2705 <strong>Mo\u0107ni alati za testiranje<\/strong> \u2013 Uklju\u010duje <strong>testiranje jedinica, testiranje optere\u0107enja i okviri za testiranje korisni\u010dkog su\u010delja<\/strong>.<br \/>\n\u2705 <strong>Podr\u0161ka za Blazor &amp; .NET 6+<\/strong> \u2013 Moderno <strong>razvoj weba i oblaka<\/strong> s <strong>ASP.NET Core, C# i Razor<\/strong>.<br \/>\n\u2705 <strong>Sveobuhvatna podr\u0161ka za baze podataka<\/strong> \u2013 Pove\u017eite se sa <strong>SQL Server, MySQL, PostgreSQL<\/strong>, i vi\u0161e.<br \/>\n\u2705 <strong>Opse\u017eno tr\u017ei\u0161te i pro\u0161irenja<\/strong> \u2013 Prilagodite IDE pomo\u0107u <strong>tisu\u0107e dodataka i alata<\/strong>.<\/p>\n<h3><strong>Minimalni sistemski zahtjevi<\/strong><\/h3>\n<ul>\n<li><strong>Procesor<\/strong>: 1,8 GHz ili br\u017ei, preporu\u010duje se 64-bitni<\/li>\n<li><strong>OVAN<\/strong>: najmanje 4 GB (preporu\u010duje se 16 GB)<\/li>\n<li><strong>Skladi\u0161tenje<\/strong>: 20 GB minimalno slobodnog prostora<\/li>\n<li><strong>Grafika<\/strong>: DirectX 9 kompatibilan s WDDM 1.0 upravlja\u010dkim programom<\/li>\n<li><strong>Prikaz<\/strong>: rezolucija 1366\u00d7768 ili ve\u0107a<\/li>\n<li><strong>Operativni Sustavi<\/strong>: Windows 10 (verzija 1909+) \/ Windows 11 \/ Windows Server 2016, 2019, 2022<\/li>\n<li><strong>Internetska veza<\/strong>: Potrebno za aktivaciju, a\u017euriranja i online usluge<\/li>\n<\/ul>\n<h3><strong>Za\u0161to odabrati Visual Studio Professional 2022?<\/strong><\/h3>\n<p>\ud83d\udd39 <strong>Optimizirano za velike projekte<\/strong> \u2013 64-bitna arhitektura osigurava <strong>bolje performanse i skalabilnost<\/strong>.<br \/>\n\ud83d\udd39 <strong>Produktivnost potpomognuta umjetnom inteligencijom<\/strong> \u2013 <strong>IntelliCode<\/strong> ubrzava razvoj sa <strong>inteligentne prijedloge kodova<\/strong>.<br \/>\n\ud83d\udd39 <strong>Pobolj\u0161ano otklanjanje pogre\u0161aka i testiranje<\/strong> \u2013 <strong>Sna\u017eno otklanjanje pogre\u0161aka, dijagnostika u\u017eivo i testiranje jedinice<\/strong> za visokokvalitetni softver.<br \/>\n\ud83d\udd39 <strong>Besprijekorna integracija u oblak<\/strong> \u2013 <strong>Izradite izvorne aplikacije u oblaku<\/strong> s <strong>Podr\u0161ka za Azure, Docker i Kubernetes<\/strong>.<br \/>\n\ud83d\udd39 <strong>Najbolje za timove i poduze\u0107a<\/strong> \u2013 <strong>Live Share, GitHub i DevOps<\/strong> alati pobolj\u0161avaju suradnju i u\u010dinkovitost.<br \/>\n\ud83d\udd39 <strong>Podr\u017eava najnovije tehnologije<\/strong> \u2013 <strong>.NET 6+, C#, Python, JavaScript, TypeScript i vi\u0161e<\/strong>.<\/p>\n<p>Nadogradite na <strong>Visual Studio Professional 2022<\/strong> danas i iskustvo <strong>br\u017ei, pametniji i u\u010dinkovitiji razvoj<\/strong>! \ud83d\ude80\ud83d\udcbb\u26a1<\/p>","protected":false},"excerpt":{"rendered":"<p>Visual Studio Professional 2022 \u2013 The Ultimate IDE for Professional Developers Description Visual Studio Professional 2022 is a powerful, scalable, and AI-assisted integrated development environment (IDE) designed for professional developers, teams, and enterprises. With enhanced debugging, real-time collaboration, cloud integration, and AI-powered IntelliCode, it provides a streamlined development experience for building modern applications for web, [&hellip;]<\/p>","protected":false},"featured_media":1004,"comment_status":"open","ping_status":"closed","template":"","meta":{"_gspb_post_css":""},"product_brand":[],"product_cat":[65],"product_tag":[70],"class_list":{"0":"post-968","1":"product","2":"type-product","3":"status-publish","4":"has-post-thumbnail","6":"product_cat-misc","7":"product_tag-visual-studio","9":"first","10":"instock","11":"shipping-taxable","12":"product-type-external"},"_links":{"self":[{"href":"https:\/\/keysdock.tajnaveza.net\/hr\/wp-json\/wp\/v2\/product\/968","targetHints":{"allow":["GET"]}}],"collection":[{"href":"https:\/\/keysdock.tajnaveza.net\/hr\/wp-json\/wp\/v2\/product"}],"about":[{"href":"https:\/\/keysdock.tajnaveza.net\/hr\/wp-json\/wp\/v2\/types\/product"}],"replies":[{"embeddable":true,"href":"https:\/\/keysdock.tajnaveza.net\/hr\/wp-json\/wp\/v2\/comments?post=968"}],"wp:featuredmedia":[{"embeddable":true,"href":"https:\/\/keysdock.tajnaveza.net\/hr\/wp-json\/wp\/v2\/media\/1004"}],"wp:attachment":[{"href":"https:\/\/keysdock.tajnaveza.net\/hr\/wp-json\/wp\/v2\/media?parent=968"}],"wp:term":[{"taxonomy":"product_brand","embeddable":true,"href":"https:\/\/keysdock.tajnaveza.net\/hr\/wp-json\/wp\/v2\/product_brand?post=968"},{"taxonomy":"product_cat","embeddable":true,"href":"https:\/\/keysdock.tajnaveza.net\/hr\/wp-json\/wp\/v2\/product_cat?post=968"},{"taxonomy":"product_tag","embeddable":true,"href":"https:\/\/keysdock.tajnaveza.net\/hr\/wp-json\/wp\/v2\/product_tag?post=968"}],"curies":[{"name":"wp","href":"https:\/\/api.w.org\/{rel}","templated":true}]}}