{"id":972,"date":"2025-03-15T21:07:43","date_gmt":"2025-03-15T21:07:43","guid":{"rendered":"https:\/\/keysdock.com\/?post_type=product&#038;p=972"},"modified":"2025-10-19T07:32:18","modified_gmt":"2025-10-19T07:32:18","slug":"outlook-2021-key-licenca","status":"publish","type":"product","link":"https:\/\/keysdock.tajnaveza.net\/hr\/proizvod\/outlook-2021-key-licenca\/","title":{"rendered":"Outlook 2021 Product Key Licenca"},"content":{"rendered":"<p><strong>Microsoft Outlook 2021 \u2013 Vrhunsko rje\u0161enje za upravljanje e-po\u0161tom i kalendarom<\/strong><\/p>\n<h3><strong>Opis<\/strong><\/h3>\n<p>Microsoft Outlook 2021 je a <strong>mo\u0107no i u\u010dinkovito upravljanje e-po\u0161tom, kalendarom i zadacima<\/strong> aplikacija dizajnirana za <strong>profesionalci, tvrtke i osobni korisnici<\/strong>. S <strong>pobolj\u0161ana sigurnost, pametnija organizacija e-po\u0161te i besprijekorna integracija s Microsoft 365 i uslugama u oblaku<\/strong>, Outlook 2021 nudi intuitivnije i produktivnije iskustvo. Bilo da upravljate s vi\u0161e ra\u010duna e-po\u0161te, zakazujete sastanke ili sura\u0111ujete s timovima, Outlook 2021 osigurava da ostanete organizirani i povezani.<\/p>\n<h3><strong>Klju\u010dne zna\u010dajke<\/strong><\/h3>\n<p>\u2705 <strong>Pojednostavljeno upravljanje e-po\u0161tom<\/strong> \u2013 <strong>Fokusirana pristigla po\u0161ta, pametni filtri i pobolj\u0161ano pretra\u017eivanje<\/strong> za jednostavnu organizaciju e-po\u0161te.<br \/>\n\u2705 <strong>Modernizirani kalendar i raspored<\/strong> \u2013 <strong>Postavite podsjetnike, rezervirajte sastanke i besprijekorno sinkronizirajte vi\u0161e kalendara<\/strong>.<br \/>\n\u2705 <strong>Napredna sigurnost i za\u0161tita od kra\u0111e identiteta<\/strong> \u2013 <strong>Ugra\u0111ene sigurnosne zna\u010dajke<\/strong> za\u0161tititi od ne\u017eeljene po\u0161te, kra\u0111e identiteta i zlonamjernog softvera.<br \/>\n\u2705 <strong>Izvanmre\u017eni pristup i sinkronizacija<\/strong> \u2013 \u010citajte, sastavljajte i \u010dak upravljajte e-po\u0161tom <strong>bez internetske veze<\/strong>.<br \/>\n\u2705 <strong>Besprijekorna integracija s Microsoft 365<\/strong> \u2013 Radi glatko s <strong>Exchange, OneDrive, SharePoint i Teams<\/strong>.<br \/>\n\u2705 <strong>Podr\u0161ka za vi\u0161e ra\u010duna e-po\u0161te<\/strong> \u2013 Upravljati <strong>Gmail, Yahoo, Outlook.com, IMAP\/POP ra\u010duni<\/strong> na jednom mjestu.<br \/>\n\u2705 <strong>Pobolj\u0161ana funkcionalnost pretra\u017eivanja<\/strong> \u2013 <strong>Br\u017ee, inteligentnije pretra\u017eivanje<\/strong> koriste\u0107i Microsoft AI za pronala\u017eenje e-po\u0161te, privitaka i doga\u0111aja.<br \/>\n\u2705 <strong>Integracija popisa zadataka i obveza<\/strong> \u2013 Pratite <strong>va\u017ene zadatke, ljepljive bilje\u0161ke i podsjetnike<\/strong>.<br \/>\n\u2705 <strong>Pravila automatskog odgovora i e-po\u0161te<\/strong> \u2013 <strong>Postavite poruke o odsutnosti iz ureda, pravila automatizacije i predlo\u0161ke e-po\u0161te<\/strong>.<br \/>\n\u2705 <strong>A\u017eurirano korisni\u010dko su\u010delje<\/strong> \u2013 A <strong>moderan, \u010distiji dizajn s prilagodljivim opcijama trake<\/strong> za pobolj\u0161ano korisni\u010dko iskustvo.<br \/>\n\u2705 <strong>Zna\u010dajke prevoditelja i diktiranja<\/strong> \u2013 Lako <strong>prevodite e-po\u0161tu u stvarnom vremenu<\/strong> i koristiti <strong>glasovno tipkanje<\/strong> za u\u010dinkovitost.<br \/>\n\u2705 <strong>Pobolj\u0161anja performansi i stabilnosti<\/strong> \u2013 Br\u017ee <strong>vrijeme pokretanja, bolji odziv i smanjeni padova<\/strong>.<\/p>\n<h3><strong>Minimalni sistemski zahtjevi<\/strong><\/h3>\n<ul>\n<li><strong>Procesor<\/strong>: 1,6 GHz ili br\u017ei, 2-jezgreni procesor<\/li>\n<li class=\"translation-block\"><strong>RAM<\/strong> : 4 GB (64-bit) \/ 2 GB (32-bit)<\/li>\n<li class=\"translation-block\"><strong>Pohrana<\/strong> : 4 GB dostupnog prostora na disku<\/li>\n<li class=\"translation-block\"><strong>Zaslon<\/strong> : rezolucija 1280\u00d7768 ili ve\u0107a<\/li>\n<li><strong>Operativni Sustavi<\/strong>: Windows 10 \/ Windows 11<\/li>\n<li class=\"translation-block\"><strong>Grafika<\/strong> : DirectX 9 ili noviji s WDDM 2.0+ upravlja\u010dkim programom<\/li>\n<li><strong>Internetska veza<\/strong>: Potrebno za aktivaciju, a\u017euriranja i Microsoft 365 usluge<\/li>\n<\/ul>\n<h3><strong>Za\u0161to odabrati Microsoft Outlook 2021?<\/strong><\/h3>\n<p>\ud83d\udd39 <strong>Najbolje za osobnu i poslovnu upotrebu<\/strong> \u2013 U\u010dinkovito upravljajte e-po\u0161tom, kalendarima i zadacima u jednoj aplikaciji.<br \/>\n\ud83d\udd39 <strong>Besprijekorna integracija u oblak<\/strong> \u2013 Sinkronizirajte e-po\u0161tu i datoteke na svim ure\u0111ajima s <strong>OneDrive i Microsoft 365<\/strong>.<br \/>\n\ud83d\udd39 <strong>Pametno i sigurno upravljanje e-po\u0161tom<\/strong> \u2013 <strong>Za\u0161tita od kra\u0111e identiteta, za\u0161tita od zlonamjernog softvera i pobolj\u0161ano filtriranje<\/strong> za sigurniji inbox.<br \/>\n\ud83d\udd39 <strong>Br\u017ee performanse i zna\u010dajke koje pokre\u0107e AI<\/strong> \u2013 Pobolj\u0161ano <strong>alati za pretra\u017eivanje, diktiranje i prevo\u0111enje<\/strong> pove\u0107ati produktivnost.<br \/>\n\ud83d\udd39 <strong>Izvanmre\u017eni na\u010din rada i podr\u0161ka za vi\u0161e ra\u010duna<\/strong> \u2013 <strong>Ostanite produktivni bilo gdje<\/strong>, \u010dak i bez internetske veze.<\/p>\n<p>Nadogradite na <strong>Microsoft Outlook 2021<\/strong> danas i u\u017eivajte u a <strong>br\u017ei, pametniji i sigurniji<\/strong> iskustvo e-po\u0161te i zakazivanja! \ud83d\udce7\ud83d\udcc5\ud83d\ude80<\/p>","protected":false},"excerpt":{"rendered":"<p>Microsoft Outlook 2021 \u2013 The Ultimate Email &amp; Calendar Management Solution Description Microsoft Outlook 2021 is a powerful and efficient email, calendar, and task management application designed for professionals, businesses, and personal users. With enhanced security, smarter email organization, and seamless integration with Microsoft 365 and cloud services, Outlook 2021 offers a more intuitive and [&hellip;]<\/p>","protected":false},"featured_media":1008,"comment_status":"open","ping_status":"closed","template":"","meta":{"_gspb_post_css":""},"product_brand":[],"product_cat":[62],"product_tag":[74],"class_list":{"0":"post-972","1":"product","2":"type-product","3":"status-publish","4":"has-post-thumbnail","6":"product_cat-office","7":"product_tag-outlook","9":"first","10":"instock","11":"shipping-taxable","12":"product-type-external"},"_links":{"self":[{"href":"https:\/\/keysdock.tajnaveza.net\/hr\/wp-json\/wp\/v2\/product\/972","targetHints":{"allow":["GET"]}}],"collection":[{"href":"https:\/\/keysdock.tajnaveza.net\/hr\/wp-json\/wp\/v2\/product"}],"about":[{"href":"https:\/\/keysdock.tajnaveza.net\/hr\/wp-json\/wp\/v2\/types\/product"}],"replies":[{"embeddable":true,"href":"https:\/\/keysdock.tajnaveza.net\/hr\/wp-json\/wp\/v2\/comments?post=972"}],"wp:featuredmedia":[{"embeddable":true,"href":"https:\/\/keysdock.tajnaveza.net\/hr\/wp-json\/wp\/v2\/media\/1008"}],"wp:attachment":[{"href":"https:\/\/keysdock.tajnaveza.net\/hr\/wp-json\/wp\/v2\/media?parent=972"}],"wp:term":[{"taxonomy":"product_brand","embeddable":true,"href":"https:\/\/keysdock.tajnaveza.net\/hr\/wp-json\/wp\/v2\/product_brand?post=972"},{"taxonomy":"product_cat","embeddable":true,"href":"https:\/\/keysdock.tajnaveza.net\/hr\/wp-json\/wp\/v2\/product_cat?post=972"},{"taxonomy":"product_tag","embeddable":true,"href":"https:\/\/keysdock.tajnaveza.net\/hr\/wp-json\/wp\/v2\/product_tag?post=972"}],"curies":[{"name":"wp","href":"https:\/\/api.w.org\/{rel}","templated":true}]}}