{"id":976,"date":"2025-03-15T21:07:43","date_gmt":"2025-03-15T21:07:43","guid":{"rendered":"https:\/\/keysdock.com\/?post_type=product&#038;p=976"},"modified":"2025-10-19T07:31:38","modified_gmt":"2025-10-19T07:31:38","slug":"kaspersky-plus-2025-1-uredjaj-1-godina-licenca","status":"publish","type":"product","link":"https:\/\/keysdock.tajnaveza.net\/hr\/proizvod\/kaspersky-plus-2025-1-uredjaj-1-godina-licenca\/","title":{"rendered":"Kaspersky plus 2025 |1 ure\u0111aj - 1 godina| Key Licenca"},"content":{"rendered":"<p><strong>Kaspersky Plus Antivirus \u2013 napredna sigurnost, privatnost i izvedba<\/strong><\/p>\n<h3><strong>Opis<\/strong><\/h3>\n<p>Kaspersky Plus Antivirus je a <strong>sigurnosni paket bogat zna\u010dajkama<\/strong> dizajniran za pru\u017eanje <strong>pobolj\u0161ana za\u0161tita, privatnost i optimizacija sustava<\/strong> za <strong>Windows, macOS, Android i iOS ure\u0111aji<\/strong>. Nudi se <strong>antivirusna za\u0161tita u stvarnom vremenu, napredni alati protiv kra\u0111e identiteta, ugra\u0111eni VPN i zna\u010dajke za pove\u0107anje performansi<\/strong>, osiguravaju\u0107i a <strong>sigurno, privatno i glatko digitalno iskustvo<\/strong>.<\/p>\n<p>S <strong>Detekcija zlonamjernog softvera vo\u0111ena umjetnom inteligencijom, sigurno pregledavanje i za\u0161tita identiteta<\/strong>, Kaspersky Plus je savr\u0161en za <strong>korisnicima koji trebaju kiberneti\u010dku sigurnost sljede\u0107e razine bez usporavanja svojih ure\u0111aja<\/strong>.<\/p>\n<h3><strong>Klju\u010dne zna\u010dajke<\/strong><\/h3>\n<p>\u2705 <strong>Za\u0161tita od prijetnji u stvarnom vremenu<\/strong> \u2013 <strong>Blokira viruse, malware, spyware i ransomware<\/strong> prije nego \u0161to mogu o\u0161tetiti va\u0161 ure\u0111aj.<br \/>\n\u2705 <strong>Vi\u0161eslojni Ransomware \u0161tit<\/strong> \u2013 Sprje\u010dava <strong>napada enkripcijom datoteka i \u0161titi va\u017ene podatke<\/strong>.<br \/>\n\u2705 <strong>Web za\u0161tita i za\u0161tita od kra\u0111e identiteta pokretana umjetnom inteligencijom<\/strong> \u2013 Otkriva i blokira <strong>la\u017ena web-mjesta, phishing e-po\u0161ta i la\u017ena bankovna mjesta<\/strong>.<br \/>\n\u2705 <strong>Neograni\u010deni VPN (sigurno pregledavanje)<\/strong> \u2013 \u0160ifrira <strong>internetski promet<\/strong> za anonimne i <strong>sigurno pregledavanje na javnoj Wi-Fi mre\u017ei<\/strong>.<br \/>\n\u2705 <strong>Vatrozid i nadzor mre\u017ee<\/strong> \u2013 Sprje\u010dava <strong>neovla\u0161teni pristup<\/strong> i <strong>dr\u017ei hakere podalje<\/strong> va\u0161eg sustava.<br \/>\n\u2705 <strong>Za\u0161tita web kamere i mikrofona<\/strong> \u2013 Zastaje <strong>\u0161pijunskog softvera od tajnog pristupa va\u0161oj web kameri i mikrofonu<\/strong>.<br \/>\n\u2705 <strong>Pametna optimizacija performansi<\/strong> \u2013 \u010cisti <strong>ne\u017eeljene datoteke, ubrzava vrijeme pokretanja i pobolj\u0161ava rad ure\u0111aja<\/strong>.<br \/>\n\u2705 <strong>Pra\u0107enje mra\u010dnog weba<\/strong> \u2013 Skenira <strong>mra\u010dni web za ukradene osobne podatke<\/strong> i upozorava vas na povrede sigurnosti.<br \/>\n\u2705 <strong>Sigurno internetsko bankarstvo i kupnja<\/strong> \u2013 <strong>\u0160ifrira financijske transakcije<\/strong> i sprje\u010dava prijevare.<br \/>\n\u2705 <strong>Password Manager<\/strong> \u2013 Sigurno <strong>pohranjuje, automatski popunjava i generira jake lozinke<\/strong>.<br \/>\n\u2705 <strong>Roditeljski nadzor i siguran na\u010din rada za djecu<\/strong> \u2013 Filteri <strong>\u0161tetan sadr\u017eaj i ograni\u010dava vrijeme provedeno pred ekranom za djecu<\/strong>.<br \/>\n\u2705 <strong>Za\u0161tita USB ure\u0111aja<\/strong> \u2013 Skenira <strong>vanjski ure\u0111aji za pohranu<\/strong> za zlonamjerni softver i sigurnosne rizike.<\/p>\n<h3><strong>Minimalni sistemski zahtjevi<\/strong><\/h3>\n<h4><strong>Windows<\/strong><\/h4>\n<ul>\n<li><strong>Procesor<\/strong>: 1 GHz ili br\u017ei<\/li>\n<li><strong>OVAN<\/strong>: najmanje 2 GB<\/li>\n<li><strong>Skladi\u0161tenje<\/strong>: 2 GB dostupnog prostora na disku<\/li>\n<li><strong>Operativni Sustavi<\/strong>: Windows 11, Windows 10, Windows 8.1, Windows 8, Windows 7 (SP1)<\/li>\n<li><strong>Internetska veza<\/strong>: Potrebno za aktivaciju, a\u017euriranja i sigurnost temeljenu na oblaku<\/li>\n<\/ul>\n<h4><strong>macOS<\/strong><\/h4>\n<ul>\n<li><strong>Procesor<\/strong>: Mac temeljen na Intelu ili Apple Silicon (M1\/M2)<\/li>\n<li><strong>OVAN<\/strong>: najmanje 2 GB<\/li>\n<li><strong>Skladi\u0161tenje<\/strong>: 1,5 GB dostupnog prostora na disku<\/li>\n<li><strong>Operativni Sustavi<\/strong>: macOS 10.12 (Sierra) ili noviji<\/li>\n<\/ul>\n<h4><strong>Android i iOS<\/strong><\/h4>\n<ul>\n<li><strong>Operativni Sustavi<\/strong>: Android 6.0 ili noviji \/ iOS 12.0 ili noviji<\/li>\n<li><strong>Dostupne zna\u010dajke<\/strong>: Antivirus, Anti-Theft, VPN i Za\u0161tita privatnosti<\/li>\n<\/ul>\n<h3><strong>Za\u0161to odabrati Kaspersky Plus Antivirus?<\/strong><\/h3>\n<p>\ud83d\udd39 <strong>Sveobuhvatni paket za sigurnost i performanse<\/strong> \u2013 <strong>Kombinira antivirusne, VPN i alate za optimizaciju<\/strong> u jednom paketu.<br \/>\n\ud83d\udd39 <strong>Sna\u017ena za\u0161tita koju pokre\u0107e AI<\/strong> \u2013 Otkriva i neutralizira <strong>cyber prijetnje u stvarnom vremenu<\/strong>.<br \/>\n\ud83d\udd39 <strong>Za\u0161tita privatnosti i identiteta<\/strong> \u2013 \u010cuva <strong>sigurni osobni podaci<\/strong> s <strong>VPN, za\u0161tita od pra\u0107enja i upravljanje lozinkama<\/strong>.<br \/>\n\ud83d\udd39 <strong>Pove\u0107ava performanse ra\u010dunala i mobitela<\/strong> \u2013 <strong>\u010cisti nered u sustavu<\/strong> i pobolj\u0161ava <strong>brzina i u\u010dinkovitost<\/strong>.<br \/>\n\ud83d\udd39 <strong>Sigurno pregledavanje i sigurne transakcije<\/strong> \u2013 <strong>\u0160titi va\u0161e financijske podatke i sprje\u010dava phishing napade<\/strong>.<\/p>\n<p>Nadogradite na <strong>Kaspersky Plus Antivirus<\/strong> danas za <strong>sigurnost, privatnost i optimizacija sustava sljede\u0107e razine<\/strong>! \ud83d\ude80\ud83d\udee1\ufe0f\ud83d\udd12<\/p>","protected":false},"excerpt":{"rendered":"<p>Kaspersky Plus Antivirus \u2013 Advanced Security, Privacy &amp; Performance Description Kaspersky Plus Antivirus is a feature-rich security suite designed to provide enhanced protection, privacy, and system optimization for Windows, macOS, Android, and iOS devices. It offers real-time antivirus protection, advanced anti-phishing tools, a built-in VPN, and performance-boosting features, ensuring a safe, private, and smooth digital [&hellip;]<\/p>","protected":false},"featured_media":1012,"comment_status":"open","ping_status":"closed","template":"","meta":{"_gspb_post_css":""},"product_brand":[],"product_cat":[76],"product_tag":[77],"class_list":{"0":"post-976","1":"product","2":"type-product","3":"status-publish","4":"has-post-thumbnail","6":"product_cat-antivirus","7":"product_tag-kaspersky","9":"first","10":"instock","11":"shipping-taxable","12":"product-type-external"},"_links":{"self":[{"href":"https:\/\/keysdock.tajnaveza.net\/hr\/wp-json\/wp\/v2\/product\/976","targetHints":{"allow":["GET"]}}],"collection":[{"href":"https:\/\/keysdock.tajnaveza.net\/hr\/wp-json\/wp\/v2\/product"}],"about":[{"href":"https:\/\/keysdock.tajnaveza.net\/hr\/wp-json\/wp\/v2\/types\/product"}],"replies":[{"embeddable":true,"href":"https:\/\/keysdock.tajnaveza.net\/hr\/wp-json\/wp\/v2\/comments?post=976"}],"wp:featuredmedia":[{"embeddable":true,"href":"https:\/\/keysdock.tajnaveza.net\/hr\/wp-json\/wp\/v2\/media\/1012"}],"wp:attachment":[{"href":"https:\/\/keysdock.tajnaveza.net\/hr\/wp-json\/wp\/v2\/media?parent=976"}],"wp:term":[{"taxonomy":"product_brand","embeddable":true,"href":"https:\/\/keysdock.tajnaveza.net\/hr\/wp-json\/wp\/v2\/product_brand?post=976"},{"taxonomy":"product_cat","embeddable":true,"href":"https:\/\/keysdock.tajnaveza.net\/hr\/wp-json\/wp\/v2\/product_cat?post=976"},{"taxonomy":"product_tag","embeddable":true,"href":"https:\/\/keysdock.tajnaveza.net\/hr\/wp-json\/wp\/v2\/product_tag?post=976"}],"curies":[{"name":"wp","href":"https:\/\/api.w.org\/{rel}","templated":true}]}}