{"id":977,"date":"2025-03-15T21:07:44","date_gmt":"2025-03-15T21:07:44","guid":{"rendered":"https:\/\/keysdock.com\/?post_type=product&#038;p=977"},"modified":"2025-10-19T07:35:10","modified_gmt":"2025-10-19T07:35:10","slug":"kaspersky-plus-2025-1-uredjaj-1-godina-licenca-2","status":"publish","type":"product","link":"https:\/\/keysdock.tajnaveza.net\/hr\/proizvod\/kaspersky-plus-2025-1-uredjaj-1-godina-licenca-2\/","title":{"rendered":"Kaspersky Standard 2025 |1 ure\u0111aj - 1 godina|Key Licenca"},"content":{"rendered":"<p><strong>Kupi Kaspersky plus 2025 licencu za 1 ure\u0111aj (1 godina) po najboljoj cijeni. plus antivirus za\u0161tita.<\/strong><\/p>\n<h3><strong>Opis<\/strong><\/h3>\n<p>Kaspersky Standard Antivirus je a <strong>lagano, ali sna\u017eno sigurnosno rje\u0161enje<\/strong> dizajniran za pru\u017eanje <strong>bitna za\u0161tita<\/strong> protiv <strong>virusi, malware, ransomware, phishing napadi i online prijetnje<\/strong>. S <strong>otkrivanje prijetnji u stvarnom vremenu, napredna web sigurnost i alati za optimizaciju performansi<\/strong>, osigurava va\u0161e <strong>Windows i macOS ure\u0111aji ostaju sigurni i brzi<\/strong> ne usporavaju\u0107i ih.<\/p>\n<p>Kaspersky Standard Antivirus pru\u017ea <strong>Sigurnost koju pokre\u0107e AI<\/strong>, <strong>za\u0161tita mre\u017ee<\/strong>, i <strong>alati za pobolj\u0161anje privatnosti<\/strong>, \u0161to ga \u010dini idealnim izborom za <strong>ku\u0107ni korisnici, profesionalci i igra\u010di<\/strong> koji \u017eele <strong>u\u010dinkovito sigurnosno rje\u0161enje bez problema<\/strong>.<\/p>\n<h3><strong>Klju\u010dne zna\u010dajke<\/strong><\/h3>\n<p>\u2705 <strong>Antivirusna za\u0161tita u stvarnom vremenu<\/strong> \u2013 Otkriva i uklanja <strong>virusi, malware, trojanci, ransomware i rootkitovi<\/strong>.<br \/>\n\u2705 <strong>Napredna obrana od ransomwarea<\/strong> \u2013 Sprje\u010dava <strong>neovla\u0161teno \u0161ifriranje datoteka i ransomware napadi<\/strong>.<br \/>\n\u2705 <strong>Web za\u0161tita i za\u0161tita od kra\u0111e identiteta<\/strong> \u2013 Blokovi <strong>la\u017ene web stranice, zlonamjerna preuzimanja i poku\u0161aji kra\u0111e identiteta<\/strong>.<br \/>\n\u2705 <strong>Mre\u017ena sigurnost i vatrozid<\/strong> \u2013 Monitori <strong>dolazni i odlazni promet<\/strong> za sprje\u010davanje cyber prijetnji.<br \/>\n\u2705 <strong>Optimizirana izvedba<\/strong> \u2013 Tr\u010di <strong>tiho u pozadini<\/strong>, osiguravaju\u0107i <strong>minimalan utjecaj na brzinu sustava<\/strong>.<br \/>\n\u2705 <strong>Na\u010din igranja i strujanja<\/strong> \u2013 Sprje\u010dava prekide <strong>tijekom igranja igrica ili gledanja videa<\/strong>.<br \/>\n\u2705 <strong>Pametno skeniranje i automatsko a\u017euriranje<\/strong> \u2013 <strong>Automatsko a\u017euriranje baze podataka o virusima i planirano skeniranje<\/strong> \u010duvajte svoj ure\u0111aj za\u0161ti\u0107enim.<br \/>\n\u2705 <strong>Sigurno pregledavanje weba<\/strong> \u2013 Blokovi <strong>zlonamjerne veze, traga\u010di i adware<\/strong> za sigurnije iskustvo pregledavanja.<br \/>\n\u2705 <strong>Za\u0161tita USB ure\u0111aja<\/strong> \u2013 Skenira <strong>vanjski diskovi i USB-ovi<\/strong> za sprje\u010davanje infekcija zlonamjernim softverom.<\/p>\n<h3><strong>Minimalni sistemski zahtjevi<\/strong><\/h3>\n<h4><strong>Windows<\/strong><\/h4>\n<ul>\n<li><strong>Procesor<\/strong>: 1 GHz ili br\u017ei<\/li>\n<li><strong>OVAN<\/strong>: najmanje 2 GB<\/li>\n<li><strong>Skladi\u0161tenje<\/strong>: 1,5 GB dostupnog prostora na disku<\/li>\n<li><strong>Operativni Sustavi<\/strong>: Windows 11, Windows 10, Windows 8.1, Windows 8, Windows 7 (SP1)<\/li>\n<li><strong>Internetska veza<\/strong>: Potrebno za aktivaciju, a\u017euriranja i sigurnost temeljenu na oblaku<\/li>\n<\/ul>\n<h4><strong>macOS<\/strong><\/h4>\n<ul>\n<li><strong>Procesor<\/strong>: Mac temeljen na Intelu ili Apple Silicon (M1\/M2)<\/li>\n<li><strong>OVAN<\/strong>: najmanje 2 GB<\/li>\n<li><strong>Skladi\u0161tenje<\/strong>: 1,5 GB dostupnog prostora na disku<\/li>\n<li><strong>Operativni Sustavi<\/strong>: macOS 10.12 (Sierra) ili noviji<\/li>\n<\/ul>\n<h3><strong>Za\u0161to odabrati Kaspersky Standard Antivirus?<\/strong><\/h3>\n<p>\ud83d\udd39 <strong>Lagana i brza sigurnost<\/strong> \u2013 <strong>Radi u\u010dinkovito<\/strong> bez usporavanja va\u0161eg PC-a ili Mac-a.<br \/>\n\ud83d\udd39 <strong>Napredna za\u0161tita od zlonamjernog softvera i ransomwarea<\/strong> \u2013 <strong>Blokira prijetnje od virusa, \u0161pijunskog softvera i ransomwarea<\/strong> u stvarnom vremenu.<br \/>\n\ud83d\udd39 <strong>Sigurno pregledavanje i za\u0161tita od kra\u0111e identiteta<\/strong> \u2013 \u0160titi od <strong>zlonamjerne poveznice i online prijevare<\/strong>.<br \/>\n\ud83d\udd39 <strong>Automatsko a\u017euriranje i pametno skeniranje<\/strong> \u2013 <strong>Odr\u017eava sigurnost a\u017euriranom<\/strong> s a\u017euriranjima u stvarnom vremenu.<br \/>\n\ud83d\udd39 <strong>Savr\u0161eno za ku\u0107nu i profesionalnu upotrebu<\/strong> \u2013 Idealno za <strong>svakodnevno pregledavanje, igranje i radni zadaci<\/strong>.<\/p>\n<p>Nadogradite na <strong>Kaspersky Standard Antivirus<\/strong> danas za <strong>brza, pouzdana i mo\u0107na za\u0161tita<\/strong>! \ud83d\ude80\ud83d\udee1\ufe0f\ud83d\udd12<\/p>","protected":false},"excerpt":{"rendered":"<p>Kaspersky Standard Antivirus \u2013 Essential Protection for Your Digital Life Description Kaspersky Standard Antivirus is a lightweight yet powerful security solution designed to provide essential protection against viruses, malware, ransomware, phishing attacks, and online threats. With real-time threat detection, advanced web security, and performance optimization tools, it ensures your Windows and macOS devices remain secure [&hellip;]<\/p>","protected":false},"featured_media":1013,"comment_status":"open","ping_status":"closed","template":"","meta":{"_gspb_post_css":""},"product_brand":[],"product_cat":[76],"product_tag":[77],"class_list":{"0":"post-977","1":"product","2":"type-product","3":"status-publish","4":"has-post-thumbnail","6":"product_cat-antivirus","7":"product_tag-kaspersky","9":"first","10":"instock","11":"shipping-taxable","12":"product-type-external"},"_links":{"self":[{"href":"https:\/\/keysdock.tajnaveza.net\/hr\/wp-json\/wp\/v2\/product\/977","targetHints":{"allow":["GET"]}}],"collection":[{"href":"https:\/\/keysdock.tajnaveza.net\/hr\/wp-json\/wp\/v2\/product"}],"about":[{"href":"https:\/\/keysdock.tajnaveza.net\/hr\/wp-json\/wp\/v2\/types\/product"}],"replies":[{"embeddable":true,"href":"https:\/\/keysdock.tajnaveza.net\/hr\/wp-json\/wp\/v2\/comments?post=977"}],"wp:featuredmedia":[{"embeddable":true,"href":"https:\/\/keysdock.tajnaveza.net\/hr\/wp-json\/wp\/v2\/media\/1013"}],"wp:attachment":[{"href":"https:\/\/keysdock.tajnaveza.net\/hr\/wp-json\/wp\/v2\/media?parent=977"}],"wp:term":[{"taxonomy":"product_brand","embeddable":true,"href":"https:\/\/keysdock.tajnaveza.net\/hr\/wp-json\/wp\/v2\/product_brand?post=977"},{"taxonomy":"product_cat","embeddable":true,"href":"https:\/\/keysdock.tajnaveza.net\/hr\/wp-json\/wp\/v2\/product_cat?post=977"},{"taxonomy":"product_tag","embeddable":true,"href":"https:\/\/keysdock.tajnaveza.net\/hr\/wp-json\/wp\/v2\/product_tag?post=977"}],"curies":[{"name":"wp","href":"https:\/\/api.w.org\/{rel}","templated":true}]}}