{"id":978,"date":"2025-03-15T21:07:44","date_gmt":"2025-03-15T21:07:44","guid":{"rendered":"https:\/\/keysdock.com\/?post_type=product&#038;p=978"},"modified":"2025-10-31T17:20:45","modified_gmt":"2025-10-31T17:20:45","slug":"kaspersky-total-security-antivirus-product-key-activation-1year-1pc","status":"publish","type":"product","link":"https:\/\/keysdock.tajnaveza.net\/hr\/proizvod\/kaspersky-total-security-antivirus-product-key-activation-1year-1pc\/","title":{"rendered":"Kaspersky Total Security 2025 |1 ure\u0111aj - 1 godina| Key Licenca"},"content":{"rendered":"<p><strong>Kupi Kaspersky Total Security 2025 licencu za 1 ure\u0111aj (1 godina) po najboljoj cijeni. Potpuna za\u0161tita.<\/strong><\/p>\n<h3><strong>Opis<\/strong><\/h3>\n<p>Kaspersky Total Security je <strong>sveobuhvatni paket za kiberneti\u010dku sigurnost<\/strong> dizajniran za pru\u017eanje <strong>maksimalnu za\u0161titu, privatnost i optimizaciju performansi<\/strong> za <strong>Windows, macOS, Android i iOS ure\u0111aji<\/strong>. Nudi se <strong>antivirusna obrana u stvarnom vremenu, za\u0161tita od ransomwarea, siguran VPN, upravljanje lozinkama, roditeljski nadzor i nadzor tamnog weba<\/strong>, osiguravaju\u0107i <strong>sigurno i glatko digitalno iskustvo<\/strong> za pojedince i obitelji.<\/p>\n<p>S <strong>vi\u0161eslojnu sigurnost, otkrivanje prijetnji koje pokre\u0107e AI i alate za pobolj\u0161anje privatnosti<\/strong>, Kaspersky Total Security savr\u0161en je za <strong>korisnicima koji trebaju vrhunsku za\u0161titu od cyber prijetnji bez ugro\u017eavanja performansi sustava<\/strong>.<\/p>\n<h3><strong>Klju\u010dne zna\u010dajke<\/strong><\/h3>\n<p>\u2705 <strong>Za\u0161tita od virusa i zlonamjernog softvera u stvarnom vremenu<\/strong> \u2013 Blokovi <strong>virusi, malware, spyware, ransomware i zero-day napadi<\/strong>.<br \/>\n\u2705 <strong>Napredni Ransomware Shield<\/strong> \u2013 Sprje\u010dava <strong>\u0161ifriranje datoteka napada i \u0161titi osjetljive podatke<\/strong>.<br \/>\n\u2705 <strong>Web za\u0161tita i za\u0161tita od kra\u0111e identiteta pokretana umjetnom inteligencijom<\/strong> \u2013 Otkriva i blokira <strong>la\u017ene web stranice, phishing e-mailove i la\u017ene bankovne stranice<\/strong>.<br \/>\n\u2705 <strong>Siguran VPN (neograni\u010deni podaci)<\/strong> \u2013 \u0160ifrira <strong>internetski promet<\/strong> za privatne i <strong>sigurno pregledavanje na javnoj Wi-Fi mre\u017ei<\/strong>.<br \/>\n\u2705 <strong>Vatrozid i nadzor mre\u017ee<\/strong> \u2013 Blokovi <strong>upada, poku\u0161aja hakiranja i neovla\u0161tenog pristupa<\/strong>.<br \/>\n\u2705 <strong>Za\u0161tita web kamere i mikrofona<\/strong> \u2013 Sprje\u010dava <strong>\u0161pijunskog softvera od otmice va\u0161e web kamere i mikrofona<\/strong>.<br \/>\n\u2705 <strong>Pra\u0107enje mra\u010dnog weba<\/strong> \u2013 Skenira <strong>mra\u010dni web za ukradene osobne podatke<\/strong> i obavje\u0161tava vas o kr\u0161enjima.<br \/>\n\u2705 <strong>Sigurno internetsko bankarstvo i kupnja<\/strong> \u2013 \u0160ifrira <strong>financijske transakcije<\/strong> i sprje\u010dava prijevare.<br \/>\n\u2705 <strong>Password Manager<\/strong> \u2013 Trgovine <strong>jake lozinke<\/strong> sigurno i automatski popunjava vjerodajnice.<br \/>\n\u2705 <strong>Roditeljski nadzor i siguran na\u010din rada za djecu<\/strong> \u2013 Filteri <strong>\u0161tetnog sadr\u017eaja, prati vrijeme pred ekranom i locira dje\u010dje ure\u0111aje<\/strong>.<br \/>\n\u2705 <strong>Pametno \u010di\u0161\u0107enje i optimizacija sustava<\/strong> \u2013 Uklanja <strong>ne\u017eeljene datoteke, ubrzava vrijeme pokretanja i pobolj\u0161ava performanse<\/strong>.<br \/>\n\u2705 <strong>Za\u0161tita USB-a i vanjskih ure\u0111aja<\/strong> \u2013 Skenira <strong>prijenosni ure\u0111aji za pohranu<\/strong> za sprje\u010davanje infekcija zlonamjernim softverom.<br \/>\n\u2705 <strong>Automatsko a\u017euriranje softvera<\/strong> \u2013 Osigurava <strong>instalirane aplikacije ostaju sigurne i a\u017eurne<\/strong>.<\/p>\n<h3><strong>Minimalni sistemski zahtjevi<\/strong><\/h3>\n<h4><strong>Windows<\/strong><\/h4>\n<ul>\n<li><strong>Procesor<\/strong>: 1 GHz ili br\u017ei<\/li>\n<li><strong>OVAN<\/strong>: najmanje 2 GB<\/li>\n<li><strong>Skladi\u0161tenje<\/strong>: 2 GB dostupnog prostora na disku<\/li>\n<li><strong>Operativni Sustavi<\/strong>: Windows 11, Windows 10, Windows 8.1, Windows 8, Windows 7 (SP1)<\/li>\n<li><strong>Internetska veza<\/strong>: Potrebno za aktivaciju, a\u017euriranja i sigurnost temeljenu na oblaku<\/li>\n<\/ul>\n<h4><strong>macOS<\/strong><\/h4>\n<ul>\n<li><strong>Procesor<\/strong>: Mac temeljen na Intelu ili Apple Silicon (M1\/M2)<\/li>\n<li><strong>OVAN<\/strong>: najmanje 2 GB<\/li>\n<li><strong>Skladi\u0161tenje<\/strong>: 1,5 GB dostupnog prostora na disku<\/li>\n<li><strong>Operativni Sustavi<\/strong>: macOS 10.12 (Sierra) ili noviji<\/li>\n<\/ul>\n<h4><strong>Android i iOS<\/strong><\/h4>\n<ul>\n<li><strong>Operativni Sustavi<\/strong>: Android 6.0 ili noviji \/ iOS 12.0 ili noviji<\/li>\n<li><strong>Dostupne zna\u010dajke<\/strong>: Antivirus, Anti-Theft, VPN i Za\u0161tita privatnosti<\/li>\n<\/ul>\n<h3><strong>Za\u0161to odabrati Kaspersky Total Security?<\/strong><\/h3>\n<p>\ud83d\udd39 <strong>Sigurnost sve u jednom za svaki ure\u0111aj<\/strong> \u2013 Navlake <strong>Windows, Mac, Android i iOS<\/strong> u a <strong>jedinstvena pretplata<\/strong>.<br \/>\n\ud83d\udd39 <strong>Maksimalna kibersigurnosna za\u0161tita<\/strong> \u2013 Blokovi <strong>virusi, ransomware, spyware i poku\u0161aji kra\u0111e identiteta<\/strong> u stvarnom vremenu.<br \/>\n\ud83d\udd39 <strong>Pobolj\u0161ana privatnost i sigurnost identiteta<\/strong> \u2013 Uklju\u010duje <strong>VPN, za\u0161tita od pra\u0107enja i pra\u0107enje mra\u010dnog weba<\/strong>.<br \/>\n\ud83d\udd39 <strong>Pametna optimizacija performansi<\/strong> \u2013 Pobolj\u0161ava <strong>brzinu i u\u010dinkovitost sustava<\/strong> dok osiguravate svoje ure\u0111aje.<br \/>\n\ud83d\udd39 <strong>Sigurna djeca i roditeljski nadzor<\/strong> \u2013 Pru\u017ea <strong>pra\u0107enje vremena pred ekranom i web filtriranje<\/strong> za sigurnost djece.<\/p>\n<p>Nadogradite na <strong>Kaspersky Total Security<\/strong> danas za <strong>najvi\u0161u razinu sigurnosti, privatnosti i optimizacije performansi<\/strong>! \ud83d\ude80\ud83d\udee1\ufe0f\ud83d\udd12<\/p>","protected":false},"excerpt":{"rendered":"<p>Kaspersky Total Security \u2013 Ultimate Protection for Your Digital Life Description Kaspersky Total Security is an all-in-one cybersecurity suite designed to provide maximum protection, privacy, and performance optimization for Windows, macOS, Android, and iOS devices. It offers real-time antivirus defense, ransomware protection, secure VPN, password management, parental controls, and dark web monitoring, ensuring a safe [&hellip;]<\/p>","protected":false},"featured_media":1014,"comment_status":"open","ping_status":"closed","template":"","meta":{"_gspb_post_css":""},"product_brand":[],"product_cat":[76],"product_tag":[77],"class_list":{"0":"post-978","1":"product","2":"type-product","3":"status-publish","4":"has-post-thumbnail","6":"product_cat-antivirus","7":"product_tag-kaspersky","9":"first","10":"instock","11":"shipping-taxable","12":"product-type-external"},"_links":{"self":[{"href":"https:\/\/keysdock.tajnaveza.net\/hr\/wp-json\/wp\/v2\/product\/978","targetHints":{"allow":["GET"]}}],"collection":[{"href":"https:\/\/keysdock.tajnaveza.net\/hr\/wp-json\/wp\/v2\/product"}],"about":[{"href":"https:\/\/keysdock.tajnaveza.net\/hr\/wp-json\/wp\/v2\/types\/product"}],"replies":[{"embeddable":true,"href":"https:\/\/keysdock.tajnaveza.net\/hr\/wp-json\/wp\/v2\/comments?post=978"}],"wp:featuredmedia":[{"embeddable":true,"href":"https:\/\/keysdock.tajnaveza.net\/hr\/wp-json\/wp\/v2\/media\/1014"}],"wp:attachment":[{"href":"https:\/\/keysdock.tajnaveza.net\/hr\/wp-json\/wp\/v2\/media?parent=978"}],"wp:term":[{"taxonomy":"product_brand","embeddable":true,"href":"https:\/\/keysdock.tajnaveza.net\/hr\/wp-json\/wp\/v2\/product_brand?post=978"},{"taxonomy":"product_cat","embeddable":true,"href":"https:\/\/keysdock.tajnaveza.net\/hr\/wp-json\/wp\/v2\/product_cat?post=978"},{"taxonomy":"product_tag","embeddable":true,"href":"https:\/\/keysdock.tajnaveza.net\/hr\/wp-json\/wp\/v2\/product_tag?post=978"}],"curies":[{"name":"wp","href":"https:\/\/api.w.org\/{rel}","templated":true}]}}