{"id":980,"date":"2025-03-15T21:07:44","date_gmt":"2025-03-15T21:07:44","guid":{"rendered":"https:\/\/keysdock.com\/?post_type=product&#038;p=980"},"modified":"2025-10-19T07:34:36","modified_gmt":"2025-10-19T07:34:36","slug":"eset-internet-security-2025-1-uredjaj-1-godina-licenca","status":"publish","type":"product","link":"https:\/\/keysdock.tajnaveza.net\/hr\/proizvod\/eset-internet-security-2025-1-uredjaj-1-godina-licenca\/","title":{"rendered":"Eset Internet Security 2025 |1 ure\u0111aj - 1 godina| Key Licenca"},"content":{"rendered":"<p><strong>ESET Internet Security \u2013 napredna za\u0161tita za online sigurnost i privatnost<\/strong><\/p>\n<h3><strong>Opis<\/strong><\/h3>\n<p>ESET Internet Security je a <strong>sveobuhvatan sigurnosni paket<\/strong> dizajniran za <strong>Windows, macOS i Android korisnici<\/strong> koji trebaju <strong>pobolj\u0161ana za\u0161tita od virusa, ransomwarea, kra\u0111e identiteta i internetskih prijetnji<\/strong>. Pru\u017ea <strong>za\u0161tita u stvarnom vremenu, sigurnost vatrozida, alati protiv kra\u0111e identiteta i za\u0161tita web kamerom<\/strong>, osiguravaju\u0107i a <strong>sigurno, privatno i optimizirano digitalno iskustvo<\/strong>.<\/p>\n<p>S <strong>Otkrivanje prijetnji vo\u0111eno umjetnom inteligencijom, mre\u017ena za\u0161tita i bankarska sigurnost<\/strong>, ESET Internet Security savr\u0161en je za <strong>ku\u0107ni korisnici, profesionalci i igra\u010di<\/strong> koji \u017eele naprednu sigurnost bez usporavanja performansi.<\/p>\n<h3><strong>Klju\u010dne zna\u010dajke<\/strong><\/h3>\n<p>\u2705 <strong>Za\u0161tita od zlonamjernog softvera i antivirusna za\u0161tita u stvarnom vremenu<\/strong> \u2013 Otkriva i blokira <strong>virusi, ransomware, spyware, rootkitovi i trojanci<\/strong> prije nego \u0161to zaraze va\u0161 ure\u0111aj.<br \/>\n\u2705 <strong>Napredni Ransomware Shield<\/strong> \u2013 Sprje\u010dava <strong>neovla\u0161teno \u0161ifriranje datoteka<\/strong> i zaustavlja napade ransomwarea.<br \/>\n\u2705 <strong>Vatrozid i mre\u017ena za\u0161tita<\/strong> \u2013 Blokovi <strong>upada, poku\u0161aja hakiranja i neovla\u0161tenog pristupa<\/strong> na svoje ra\u010dunalo i ku\u0107nu Wi-Fi mre\u017eu.<br \/>\n\u2705 <strong>Za\u0161tita web kamere i mikrofona<\/strong> \u2013 Sprje\u010dava <strong>neovla\u0161ten pristup va\u0161oj kameri i mikrofonu<\/strong> za za\u0161titu privatnosti.<br \/>\n\u2705 <strong>Sigurno internetsko bankarstvo i za\u0161tita pla\u0107anja<\/strong> \u2013 \u0160ifrira <strong>financijske transakcije i \u0161titi bankarske web stranice<\/strong> od keyloggera i prevaranata.<br \/>\n\u2705 <strong>Web za\u0161tita i za\u0161tita od kra\u0111e identiteta pokretana umjetnom inteligencijom<\/strong> \u2013 Zastaje <strong>la\u017ene web stranice, phishing e-poruke i la\u017ene transakcije<\/strong>.<br \/>\n\u2705 <strong>Wi-Fi sigurnosni skener<\/strong> \u2013 Otkriva <strong>slabe lozinke i sigurnosne ranjivosti<\/strong> u va\u0161oj ku\u0107noj mre\u017ei.<br \/>\n\u2705 <strong>Roditeljski nadzor<\/strong> \u2013 Omogu\u0107uje vam da <strong>ograni\u010diti neprikladni sadr\u017eaj, postaviti ograni\u010denja kori\u0161tenja i nadzirati mre\u017ene aktivnosti<\/strong>.<br \/>\n\u2705 <strong>Igra\u010dki na\u010din rada<\/strong> \u2013 <strong>Minimizira utjecaj na sustav i obavijesti<\/strong> tijekom igranja ili aktivnosti na cijelom zaslonu.<br \/>\n\u2705 <strong>Blokator iskori\u0161tavanja<\/strong> \u2013 \u0160titi od <strong>ranjivosti preglednika i softvera koje koriste kiberneti\u010dki kriminalci<\/strong>.<br \/>\n\u2705 <strong>Za\u0161tita USB-a i vanjskog pogona<\/strong> \u2013 Skenira <strong>USB ure\u0111aji i prijenosna pohrana<\/strong> za prijetnje zlonamjernim softverom.<br \/>\n\u2705 <strong>Minimalni utjecaj na sustav i brze performanse<\/strong> \u2013 Tr\u010di <strong>tiho u pozadini<\/strong> bez usporavanja va\u0161eg sustava.<\/p>\n<h3><strong>Minimalni sistemski zahtjevi<\/strong><\/h3>\n<h4><strong>Windows<\/strong><\/h4>\n<ul>\n<li><strong>Procesor<\/strong>: 1 GHz ili br\u017ei<\/li>\n<li><strong>OVAN<\/strong>: najmanje 2 GB<\/li>\n<li><strong>Skladi\u0161tenje<\/strong>: 1 GB dostupnog prostora na disku<\/li>\n<li><strong>Operativni Sustavi<\/strong>: Windows 11, Windows 10, Windows 8.1, Windows 8, Windows 7 (SP1)<\/li>\n<li><strong>Internetska veza<\/strong>: Potrebno za aktivaciju, a\u017euriranja i otkrivanje prijetnji temeljeno na oblaku<\/li>\n<\/ul>\n<h4><strong>macOS<\/strong><\/h4>\n<ul>\n<li><strong>Procesor<\/strong>: Mac temeljen na Intelu ili Apple Silicon (M1\/M2)<\/li>\n<li><strong>OVAN<\/strong>: najmanje 2 GB<\/li>\n<li><strong>Skladi\u0161tenje<\/strong>: 1,5 GB dostupnog prostora na disku<\/li>\n<li><strong>Operativni Sustavi<\/strong>: macOS 10.12 (Sierra) ili noviji<\/li>\n<\/ul>\n<h4><strong>Android<\/strong><\/h4>\n<ul>\n<li><strong>Operativni Sustavi<\/strong>: Android 6.0 ili noviji<\/li>\n<li><strong>Dostupne zna\u010dajke<\/strong>: <strong>Antivirusna za\u0161tita, za\u0161tita od kra\u0111e, zaklju\u010davanje aplikacija i web za\u0161tita<\/strong><\/li>\n<\/ul>\n<h3><strong>Za\u0161to odabrati ESET Internet Security?<\/strong><\/h3>\n<p>\ud83d\udd39 <strong>Potpuna online za\u0161tita<\/strong> \u2013 <strong>Za\u0161titne mjere protiv zlonamjernog softvera, kra\u0111e identiteta i financijskih prijevara<\/strong> u stvarnom vremenu.<br \/>\n\ud83d\udd39 <strong>Napredna za\u0161tita privatnosti i identiteta<\/strong> \u2013 Blokovi <strong>poku\u0161aji hakiranja, \u0161pijuni web kamera i keyloggeri<\/strong>.<br \/>\n\ud83d\udd39 <strong>Optimizirano za brzinu i izvedbu<\/strong> \u2013 <strong>Radi tiho uz minimalan utjecaj na sustav<\/strong>.<br \/>\n\ud83d\udd39 <strong>Idealno za ku\u0107ne i poslovne korisnike<\/strong> \u2013 Osigurava <strong>sigurne transakcije, sigurno pregledavanje i roditeljski nadzor<\/strong>.<br \/>\n\ud83d\udd39 <strong>Sigurnost na vi\u0161e platformi<\/strong> \u2013 <strong>\u0160titi Windows, Mac i Android ure\u0111aje<\/strong> u jednoj pretplati.<\/p>\n<p>Nadogradite na <strong>ESET Internet Security<\/strong> danas za <strong>napredna kiberneti\u010dka sigurnost, za\u0161tita privatnosti i optimizirana izvedba<\/strong>! \ud83d\ude80\ud83d\udee1\ufe0f\ud83d\udd12<\/p>","protected":false},"excerpt":{"rendered":"<p>ESET Internet Security \u2013 Advanced Protection for Online Safety &amp; Privacy Description ESET Internet Security is a comprehensive security suite designed for Windows, macOS, and Android users who need enhanced protection against viruses, ransomware, phishing, and online threats. It provides real-time protection, firewall security, anti-phishing tools, and webcam protection, ensuring a safe, private, and optimized [&hellip;]<\/p>","protected":false},"featured_media":1016,"comment_status":"open","ping_status":"closed","template":"","meta":{"_gspb_post_css":""},"product_brand":[],"product_cat":[76],"product_tag":[78],"class_list":{"0":"post-980","1":"product","2":"type-product","3":"status-publish","4":"has-post-thumbnail","6":"product_cat-antivirus","7":"product_tag-eset","9":"first","10":"instock","11":"shipping-taxable","12":"product-type-external"},"_links":{"self":[{"href":"https:\/\/keysdock.tajnaveza.net\/hr\/wp-json\/wp\/v2\/product\/980","targetHints":{"allow":["GET"]}}],"collection":[{"href":"https:\/\/keysdock.tajnaveza.net\/hr\/wp-json\/wp\/v2\/product"}],"about":[{"href":"https:\/\/keysdock.tajnaveza.net\/hr\/wp-json\/wp\/v2\/types\/product"}],"replies":[{"embeddable":true,"href":"https:\/\/keysdock.tajnaveza.net\/hr\/wp-json\/wp\/v2\/comments?post=980"}],"wp:featuredmedia":[{"embeddable":true,"href":"https:\/\/keysdock.tajnaveza.net\/hr\/wp-json\/wp\/v2\/media\/1016"}],"wp:attachment":[{"href":"https:\/\/keysdock.tajnaveza.net\/hr\/wp-json\/wp\/v2\/media?parent=980"}],"wp:term":[{"taxonomy":"product_brand","embeddable":true,"href":"https:\/\/keysdock.tajnaveza.net\/hr\/wp-json\/wp\/v2\/product_brand?post=980"},{"taxonomy":"product_cat","embeddable":true,"href":"https:\/\/keysdock.tajnaveza.net\/hr\/wp-json\/wp\/v2\/product_cat?post=980"},{"taxonomy":"product_tag","embeddable":true,"href":"https:\/\/keysdock.tajnaveza.net\/hr\/wp-json\/wp\/v2\/product_tag?post=980"}],"curies":[{"name":"wp","href":"https:\/\/api.w.org\/{rel}","templated":true}]}}