{"id":981,"date":"2025-03-15T21:07:44","date_gmt":"2025-03-15T21:07:44","guid":{"rendered":"https:\/\/keysdock.com\/?post_type=product&#038;p=981"},"modified":"2025-10-19T07:34:27","modified_gmt":"2025-10-19T07:34:27","slug":"eset-smart-security-premium-2025-1-uredjaj-1-godina-licenca","status":"publish","type":"product","link":"https:\/\/keysdock.tajnaveza.net\/hr\/proizvod\/eset-smart-security-premium-2025-1-uredjaj-1-godina-licenca\/","title":{"rendered":"Eset Smart Security Premium 2025 |1 ure\u0111aj - 1 godina| Key Licenca"},"content":{"rendered":"<p><strong>Kupi ESET Smart Security Premium 2025 licencu za 1 ure\u0111aj (1 godina) po najboljoj cijeni. Napredna sveobuhvatna za\u0161tita.<\/strong><\/p>\n<h3><strong>Opis<\/strong><\/h3>\n<p>ESET Smart Security Premium je <strong>napredni, vi\u0161eslojni sigurnosni paket<\/strong> dizajniran za ponudu <strong>potpuna za\u0161tita, privatnost i optimizacija performansi<\/strong> za <strong>Windows, macOS i Android ure\u0111aji<\/strong>. Kombinira se <strong>antivirusna obrana u stvarnom vremenu, napredni vatrozid, zna\u010dajke protiv kra\u0111e i upravljanje lozinkama<\/strong>, osiguravaju\u0107i va\u0161e <strong>podaci, identitet i online aktivnosti ostaju sigurni od cyber prijetnji<\/strong>.<\/p>\n<p>S <strong>Otkrivanje prijetnji koje pokre\u0107e AI, bankarska sigurnost i za\u0161tita od ransomwarea<\/strong>, ESET Smart Security Premium savr\u0161en je za <strong>ku\u0107ni korisnici, profesionalci i tvrtke<\/strong> tra\u017ee\u0107i <strong>najbolju kiberneti\u010dku sigurnost bez ugro\u017eavanja performansi sustava<\/strong>.<\/p>\n<h3><strong>Klju\u010dne zna\u010dajke<\/strong><\/h3>\n<p>\u2705 <strong>Za\u0161tita od virusa i zlonamjernog softvera u stvarnom vremenu<\/strong> \u2013 Otkriva i uklanja <strong>viruse, spyware, ransomware i rootkite<\/strong> prije nego \u0161to mogu zaraziti va\u0161 sustav.<br \/>\n\u2705 <strong>Napredni Ransomware Shield<\/strong> \u2013 Sprje\u010dava <strong>neovla\u0161teno \u0161ifriranje osobnih datoteka<\/strong> i zaustavlja napade ransomwarea.<br \/>\n\u2705 <strong>Vatrozid i mre\u017ena za\u0161tita<\/strong> \u2013 Blokovi <strong>upada, poku\u0161aja hakiranja i neovla\u0161tenog pristupa<\/strong> na va\u0161 ure\u0111aj i ku\u0107nu mre\u017eu.<br \/>\n\u2705 <strong>Za\u0161tita web kamere i mikrofona<\/strong> \u2013 Sprje\u010dava <strong>poku\u0161aji \u0161pijuniranja va\u0161e kamere i mikrofona<\/strong> za za\u0161titu privatnosti.<br \/>\n\u2705 <strong>Sigurno internetsko bankarstvo i za\u0161tita pla\u0107anja<\/strong> \u2013 \u0160ifrira <strong>financijske transakcije<\/strong> i osigurava <strong>sigurno online bankarstvo<\/strong>.<br \/>\n\u2705 <strong>AI-powered Anti-Phishing &amp; Web za\u0161tita<\/strong> \u2013 Otkriva i blokira <strong>la\u017ene web stranice, phishing prijevare i la\u017ene veze<\/strong>.<br \/>\n\u2705 <strong>Wi-Fi sigurnosni skener<\/strong> \u2013 Skenira <strong>ku\u0107ne i javne Wi-Fi mre\u017ee<\/strong> za sigurnosne propuste.<br \/>\n\u2705 <strong>Password Manager<\/strong> \u2013 Sigurno <strong>pohranjuje i automatski ispunjava lozinke<\/strong> za pove\u0107anu sigurnost i udobnost.<br \/>\n\u2705 <strong>Roditeljski nadzor<\/strong> \u2013 Omogu\u0107uje vam da <strong>blokirati neprikladan sadr\u017eaj i postaviti vremenska ograni\u010denja za djecu<\/strong>.<br \/>\n\u2705 <strong>Igra\u010dki na\u010din rada i tiho tr\u010danje<\/strong> \u2013 Smanjuje obavijesti i skeniranje u pozadini za <strong>neometano igranje ili strujanje<\/strong>.<br \/>\n\u2705 <strong>Blokator iskori\u0161tavanja<\/strong> \u2013 \u0160titi od <strong>ranjivosti preglednika i softvera<\/strong> koje hakeri iskori\u0161tavaju.<br \/>\n\u2705 <strong>Za\u0161tita USB-a i vanjskog pogona<\/strong> \u2013 Skenira <strong>USB ure\u0111aji i vanjska pohrana<\/strong> za sprje\u010davanje infekcija zlonamjernim softverom.<br \/>\n\u2705 <strong>Zna\u010dajke protiv kra\u0111e<\/strong> \u2013 Tragovi <strong>izgubljene ili ukradene ure\u0111aje<\/strong>, omogu\u0107uju\u0107i vam da <strong>daljinski zaklju\u010dati, locirati ili obrisati<\/strong> va\u0161 ure\u0111aj.<br \/>\n\u2705 <strong>Minimalni utjecaj na sustav i brze performanse<\/strong> \u2013 <strong>Optimizirano za brzinu<\/strong> s <strong>niska potro\u0161nja resursa<\/strong>.<\/p>\n<h3><strong>Minimalni sistemski zahtjevi<\/strong><\/h3>\n<h4><strong>Windows<\/strong><\/h4>\n<ul>\n<li><strong>Procesor<\/strong>: 1 GHz ili br\u017ei<\/li>\n<li><strong>OVAN<\/strong>: najmanje 2 GB<\/li>\n<li><strong>Skladi\u0161tenje<\/strong>: 1 GB dostupnog prostora na disku<\/li>\n<li><strong>Operativni Sustavi<\/strong>: Windows 11, Windows 10, Windows 8.1, Windows 8, Windows 7 (SP1)<\/li>\n<li><strong>Internetska veza<\/strong>: Potrebno za aktivaciju, a\u017euriranja i sigurnost temeljenu na oblaku<\/li>\n<\/ul>\n<h4><strong>macOS<\/strong><\/h4>\n<ul>\n<li><strong>Procesor<\/strong>: Mac temeljen na Intelu ili Apple Silicon (M1\/M2)<\/li>\n<li><strong>OVAN<\/strong>: najmanje 2 GB<\/li>\n<li><strong>Skladi\u0161tenje<\/strong>: 1,5 GB dostupnog prostora na disku<\/li>\n<li><strong>Operativni Sustavi<\/strong>: macOS 10.12 (Sierra) ili noviji<\/li>\n<\/ul>\n<h4><strong>Android<\/strong><\/h4>\n<ul>\n<li><strong>Operativni Sustavi<\/strong>: Android 6.0 ili noviji<\/li>\n<li><strong>Dostupne zna\u010dajke<\/strong>: <strong>Antivirusna za\u0161tita, za\u0161tita od kra\u0111e, zaklju\u010davanje aplikacija i web za\u0161tita<\/strong><\/li>\n<\/ul>\n<h3><strong>Za\u0161to odabrati ESET Smart Security Premium?<\/strong><\/h3>\n<p>\ud83d\udd39 <strong>Sveobuhvatna za\u0161tita od kiberneti\u010dkih prijetnji<\/strong> \u2013 Brani od <strong>virusi, ransomware, phishing i hakeri<\/strong>.<br \/>\n\ud83d\udd39 <strong>Za\u0161tita privatnosti i identiteta<\/strong> \u2013 \u010cuva <strong>va\u0161e lozinke, web kamera, mikrofon i online transakcije sigurni<\/strong>.<br \/>\n\ud83d\udd39 <strong>Optimizirano za performanse<\/strong> \u2013 <strong>Radi tiho u pozadini s minimalnim utjecajem na sustav<\/strong>.<br \/>\n\ud83d\udd39 <strong>Idealno za ku\u0107nu i profesionalnu upotrebu<\/strong> \u2013 Pru\u017ea <strong>sigurne transakcije, sigurno pregledavanje i napredni alati protiv kra\u0111e<\/strong>.<br \/>\n\ud83d\udd39 <strong>Sigurnost na vi\u0161e platformi<\/strong> \u2013 \u0160titi <strong>Windows, Mac i Android ure\u0111aji<\/strong> u jednoj pretplati.<\/p>\n<p>Nadogradite na <strong>ESET Smart Security Premium<\/strong> danas za <strong>najbolja kombinacija kiberneti\u010dke sigurnosti, privatnosti i optimizacije sustava<\/strong>! \ud83d\ude80\ud83d\udee1\ufe0f\ud83d\udd12<\/p>","protected":false},"excerpt":{"rendered":"<p>ESET Smart Security Premium \u2013 Ultimate Protection for Your Digital Life Description ESET Smart Security Premium is an advanced, multi-layered security suite designed to offer complete protection, privacy, and performance optimization for Windows, macOS, and Android devices. It combines real-time antivirus defense, advanced firewall, anti-theft features, and password management, ensuring your data, identity, and online [&hellip;]<\/p>","protected":false},"featured_media":1017,"comment_status":"open","ping_status":"closed","template":"","meta":{"_gspb_post_css":""},"product_brand":[],"product_cat":[76],"product_tag":[78],"class_list":{"0":"post-981","1":"product","2":"type-product","3":"status-publish","4":"has-post-thumbnail","6":"product_cat-antivirus","7":"product_tag-eset","9":"first","10":"instock","11":"shipping-taxable","12":"product-type-external"},"_links":{"self":[{"href":"https:\/\/keysdock.tajnaveza.net\/hr\/wp-json\/wp\/v2\/product\/981","targetHints":{"allow":["GET"]}}],"collection":[{"href":"https:\/\/keysdock.tajnaveza.net\/hr\/wp-json\/wp\/v2\/product"}],"about":[{"href":"https:\/\/keysdock.tajnaveza.net\/hr\/wp-json\/wp\/v2\/types\/product"}],"replies":[{"embeddable":true,"href":"https:\/\/keysdock.tajnaveza.net\/hr\/wp-json\/wp\/v2\/comments?post=981"}],"wp:featuredmedia":[{"embeddable":true,"href":"https:\/\/keysdock.tajnaveza.net\/hr\/wp-json\/wp\/v2\/media\/1017"}],"wp:attachment":[{"href":"https:\/\/keysdock.tajnaveza.net\/hr\/wp-json\/wp\/v2\/media?parent=981"}],"wp:term":[{"taxonomy":"product_brand","embeddable":true,"href":"https:\/\/keysdock.tajnaveza.net\/hr\/wp-json\/wp\/v2\/product_brand?post=981"},{"taxonomy":"product_cat","embeddable":true,"href":"https:\/\/keysdock.tajnaveza.net\/hr\/wp-json\/wp\/v2\/product_cat?post=981"},{"taxonomy":"product_tag","embeddable":true,"href":"https:\/\/keysdock.tajnaveza.net\/hr\/wp-json\/wp\/v2\/product_tag?post=981"}],"curies":[{"name":"wp","href":"https:\/\/api.w.org\/{rel}","templated":true}]}}